{"id":32765,"date":"2025-03-29T04:41:37","date_gmt":"2025-03-29T04:41:37","guid":{"rendered":"https:\/\/xinshengmanufacture.com\/product\/do-noi-that-thuong-mai-cho-tiem-cat-toc-do-noi-that-spa-giuong-goi-dau-co-bon-goi-dau-spa-mau-sac-tuy-chinh-cham-soc-toc-lam-dep-giuong\/"},"modified":"2025-08-26T08:04:54","modified_gmt":"2025-08-26T08:04:54","slug":"do-noi-that-thuong-mai-cho-tiem-cat-toc-do-noi-that-spa-giuong-goi-dau-co-bon-goi-dau-spa-mau-sac-tuy-chinh-cham-soc-toc-lam-dep-giuong","status":"publish","type":"product","link":"https:\/\/xinshengmanufacture.com\/vi\/product\/do-noi-that-thuong-mai-cho-tiem-cat-toc-do-noi-that-spa-giuong-goi-dau-co-bon-goi-dau-spa-mau-sac-tuy-chinh-cham-soc-toc-lam-dep-giuong\/","title":{"rendered":"\u0110\u1ed3 n\u1ed9i th\u1ea5t th\u01b0\u01a1ng m\u1ea1i cho ti\u1ec7m c\u1eaft t\u00f3c \u0111\u1ed3 n\u1ed9i th\u1ea5t spa gi\u01b0\u1eddng g\u1ed9i \u0111\u1ea7u c\u00f3 b\u1ed3n g\u1ed9i \u0111\u1ea7u spa m\u00e0u s\u1eafc t\u00f9y ch\u1ec9nh ch\u0103m s\u00f3c t\u00f3c l\u00e0m \u0111\u1eb9p gi\u01b0\u1eddng"},"content":{"rendered":"<div class=\"wp-playlist wp-video-playlist wp-playlist-light\">\n\t\t<video controls=\"controls\" preload=\"none\" width=\"1408\"\n\t\t height=\"2503\"\t><\/video>\n\t<div class=\"wp-playlist-next\"><\/div>\n\t<div class=\"wp-playlist-prev\"><\/div>\n\t<noscript>\n\t<ol>\n\t\t<li><a href='https:\/\/xinshengmanufacture.com\/wp-content\/uploads\/2025\/03\/WeChat_20250411152048.mp4'>WeChat_20250411152048<\/a><\/li>\t<\/ol>\n\t<\/noscript>\n\t<script type=\"application\/json\" class=\"wp-playlist-script\">{\"type\":\"video\",\"tracklist\":false,\"tracknumbers\":true,\"images\":true,\"artists\":true,\"tracks\":[{\"src\":\"https:\/\/xinshengmanufacture.com\/wp-content\/uploads\/2025\/03\/WeChat_20250411152048.mp4\",\"type\":\"video\/mp4\",\"title\":\"WeChat_20250411152048\",\"caption\":\"\",\"description\":\"\",\"meta\":{\"length_formatted\":\"0:46\"},\"dimensions\":{\"original\":{\"width\":1080,\"height\":1920},\"resized\":{\"width\":1408,\"height\":2503}},\"image\":{\"src\":\"https:\/\/xinshengmanufacture.com\/wp-includes\/images\/media\/video.svg\",\"width\":48,\"height\":64},\"thumb\":{\"src\":\"https:\/\/xinshengmanufacture.com\/wp-includes\/images\/media\/video.svg\",\"width\":48,\"height\":64}}]}<\/script>\n<\/div>\n\t\n<p><img fetchpriority=\"high\" decoding=\"async\" class=\"size-full wp-image-3119 aligncenter\" src=\"https:\/\/xinshengmanufacture.com\/wp-content\/uploads\/2025\/03\/%E8%B6%85%E5%B7%A5%E5%AE%9A%E5%88%B6%E8%8B%B1%E6%96%87_01.jpg\" alt=\"\" width=\"790\" height=\"1223\"><img decoding=\"async\" class=\"alignnone size-full wp-image-3120 aligncenter\" src=\"https:\/\/xinshengmanufacture.com\/wp-content\/uploads\/2025\/03\/%E8%B6%85%E5%B7%A5%E5%AE%9A%E5%88%B6%E8%8B%B1%E6%96%87_02.jpg\" alt=\"\" width=\"790\" height=\"694\"><img decoding=\"async\" class=\"size-full wp-image-3608 aligncenter\" src=\"https:\/\/xinshengmanufacture.com\/wp-content\/uploads\/2025\/04\/%E5%BE%AE%E4%BF%A1%E5%9B%BE%E7%89%87_20250409105148.jpg\" alt=\"\" width=\"790\" height=\"1029\"><img loading=\"lazy\" decoding=\"async\" class=\"size-full wp-image-3721 aligncenter\" src=\"https:\/\/xinshengmanufacture.com\/wp-content\/uploads\/2025\/03\/%E8%B6%85%E5%B7%A5%E5%AE%9A%E5%88%B6%E8%8B%B1%E6%96%87_04-1.jpg\" alt=\"\" width=\"790\" height=\"1156\"><img loading=\"lazy\" decoding=\"async\" class=\"size-full wp-image-3723 aligncenter\" src=\"https:\/\/xinshengmanufacture.com\/wp-content\/uploads\/2025\/03\/%E8%B6%85%E5%B7%A5%E5%AE%9A%E5%88%B6%E8%8B%B1%E6%96%87_05-2.jpg\" alt=\"\" width=\"790\" height=\"1486\"><br \/>\n<img loading=\"lazy\" decoding=\"async\" class=\"size-full wp-image-3709 aligncenter\" src=\"https:\/\/xinshengmanufacture.com\/wp-content\/uploads\/2025\/03\/%E5%A4%96_01-1.jpg\" alt=\"\" width=\"790\" height=\"1301\"> <img loading=\"lazy\" decoding=\"async\" class=\"size-full wp-image-3710 aligncenter\" src=\"https:\/\/xinshengmanufacture.com\/wp-content\/uploads\/2025\/03\/%E5%A4%96_02-1.jpg\" alt=\"\" width=\"790\" height=\"1849\"> <img loading=\"lazy\" decoding=\"async\" class=\"size-full wp-image-3711 aligncenter\" src=\"https:\/\/xinshengmanufacture.com\/wp-content\/uploads\/2025\/03\/%E5%A4%96_03-1.jpg\" alt=\"\" width=\"790\" height=\"1524\"> <img loading=\"lazy\" decoding=\"async\" class=\"size-full wp-image-3712 aligncenter\" src=\"https:\/\/xinshengmanufacture.com\/wp-content\/uploads\/2025\/03\/%E5%A4%96_04-1.jpg\" alt=\"\" width=\"790\" height=\"1086\"> <img loading=\"lazy\" decoding=\"async\" class=\"size-full wp-image-3713 aligncenter\" src=\"https:\/\/xinshengmanufacture.com\/wp-content\/uploads\/2025\/03\/%E5%A4%96_05-1.jpg\" alt=\"\" width=\"790\" height=\"1031\"> <img loading=\"lazy\" decoding=\"async\" class=\"size-full wp-image-3714 aligncenter\" src=\"https:\/\/xinshengmanufacture.com\/wp-content\/uploads\/2025\/03\/%E5%A4%96_06-1.jpg\" alt=\"\" width=\"790\" height=\"1049\"> <img loading=\"lazy\" decoding=\"async\" class=\"size-full wp-image-3715 aligncenter\" src=\"https:\/\/xinshengmanufacture.com\/wp-content\/uploads\/2025\/03\/%E5%A4%96_07-1.jpg\" alt=\"\" width=\"790\" height=\"1246\"> <img loading=\"lazy\" decoding=\"async\" class=\"size-full wp-image-3716 aligncenter\" src=\"https:\/\/xinshengmanufacture.com\/wp-content\/uploads\/2025\/03\/%E5%A4%96_08-1.jpg\" alt=\"\" width=\"790\" height=\"1734\"> <img loading=\"lazy\" decoding=\"async\" class=\"size-full wp-image-3717 aligncenter\" src=\"https:\/\/xinshengmanufacture.com\/wp-content\/uploads\/2025\/03\/%E5%A4%96_09-1.jpg\" alt=\"\" width=\"790\" height=\"1622\"><\/p>\n<p>&nbsp;<\/p>\n<div id=\"gtx-trans\" style=\"position: absolute; left: 736px; top: 35px;\">\n<div class=\"gtx-trans-icon\"><\/div>\n<\/div>\n","protected":false},"excerpt":{"rendered":"<p>C\u00f3 th\u1ec3 s\u1eed d\u1ee5ng t\u1ea1i c\u00e1c trung t\u00e2m m\u00e1t-xa, th\u1ea9m m\u1ef9 vi\u1ec7n, ti\u1ec7m c\u1eaft t\u00f3c, ti\u1ec7m l\u00e0m t\u00f3c, spa, b\u1ed3n ng\u00e2m ch\u00e2n, v.v.<\/p>\n","protected":false},"featured_media":8171,"template":"","meta":{"_bst_post_transparent":"","_bst_post_title":"","_bst_post_layout":"","_bst_post_sidebar_id":"","_bst_post_content_style":"","_bst_post_vertical_padding":"","_bst_post_feature":"","_bst_post_feature_position":"","_bst_post_header":false,"_bst_post_footer":false},"product_brand":[1087],"product_cat":[904],"product_tag":[],"class_list":{"0":"post-32765","1":"product","2":"type-product","3":"status-publish","4":"has-post-thumbnail","6":"product_brand-xinsheng-vi","7":"product_cat-giuong-goi-dau-kieu-thai","8":"pa_color-hong","9":"pa_color-mau-sac-tuy-chinh","10":"pa_size-200cm66cm67cm-vi","12":"first","13":"instock","14":"sale","15":"featured","16":"shipping-taxable","17":"purchasable","18":"product-type-variable","19":"entry","20":"content-bg","21":"loop-entry"},"_links":{"self":[{"href":"https:\/\/xinshengmanufacture.com\/vi\/wp-json\/wp\/v2\/product\/32765","targetHints":{"allow":["GET"]}}],"collection":[{"href":"https:\/\/xinshengmanufacture.com\/vi\/wp-json\/wp\/v2\/product"}],"about":[{"href":"https:\/\/xinshengmanufacture.com\/vi\/wp-json\/wp\/v2\/types\/product"}],"version-history":[{"count":2,"href":"https:\/\/xinshengmanufacture.com\/vi\/wp-json\/wp\/v2\/product\/32765\/revisions"}],"predecessor-version":[{"id":75066,"href":"https:\/\/xinshengmanufacture.com\/vi\/wp-json\/wp\/v2\/product\/32765\/revisions\/75066"}],"wp:featuredmedia":[{"embeddable":true,"href":"https:\/\/xinshengmanufacture.com\/vi\/wp-json\/wp\/v2\/media\/8171"}],"wp:attachment":[{"href":"https:\/\/xinshengmanufacture.com\/vi\/wp-json\/wp\/v2\/media?parent=32765"}],"wp:term":[{"taxonomy":"product_brand","embeddable":true,"href":"https:\/\/xinshengmanufacture.com\/vi\/wp-json\/wp\/v2\/product_brand?post=32765"},{"taxonomy":"product_cat","embeddable":true,"href":"https:\/\/xinshengmanufacture.com\/vi\/wp-json\/wp\/v2\/product_cat?post=32765"},{"taxonomy":"product_tag","embeddable":true,"href":"https:\/\/xinshengmanufacture.com\/vi\/wp-json\/wp\/v2\/product_tag?post=32765"}],"curies":[{"name":"wp","href":"https:\/\/api.w.org\/{rel}","templated":true}]}}