{"id":33356,"date":"2025-04-17T03:58:52","date_gmt":"2025-04-17T03:58:52","guid":{"rendered":"https:\/\/xinshengmanufacture.com\/product\/giuong-goi-dau-massage-thong-minh-thiet-ke-hien-dai-do-noi-that-salon-toc-co-chuc-nang-tuan-hoan-nuoc-khu-trung-giuong-tri-lieu-spa-giuong-massage-tham-my-vien-thiet-bi-noi-that-thuong-mai\/"},"modified":"2025-08-26T08:06:39","modified_gmt":"2025-08-26T08:06:39","slug":"giuong-goi-dau-massage-thong-minh-thiet-ke-hien-dai-do-noi-that-salon-toc-co-chuc-nang-tuan-hoan-nuoc-khu-trung-giuong-tri-lieu-spa-giuong-massage-tham-my-vien-thiet-bi-noi-that-thuong-mai","status":"publish","type":"product","link":"https:\/\/xinshengmanufacture.com\/vi\/product\/giuong-goi-dau-massage-thong-minh-thiet-ke-hien-dai-do-noi-that-salon-toc-co-chuc-nang-tuan-hoan-nuoc-khu-trung-giuong-tri-lieu-spa-giuong-massage-tham-my-vien-thiet-bi-noi-that-thuong-mai\/","title":{"rendered":"Gi\u01b0\u1eddng g\u1ed9i \u0111\u1ea7u massage th\u00f4ng minh thi\u1ebft k\u1ebf hi\u1ec7n \u0111\u1ea1i, \u0111\u1ed3 n\u1ed9i th\u1ea5t salon t\u00f3c c\u00f3 ch\u1ee9c n\u0103ng tu\u1ea7n ho\u00e0n n\u01b0\u1edbc kh\u1eed tr\u00f9ng, gi\u01b0\u1eddng tr\u1ecb li\u1ec7u spa, gi\u01b0\u1eddng massage th\u1ea9m m\u1ef9 vi\u1ec7n, thi\u1ebft b\u1ecb n\u1ed9i th\u1ea5t th\u01b0\u01a1ng m\u1ea1i"},"content":{"rendered":"<div class=\"wp-playlist wp-video-playlist wp-playlist-light\">\n\t\t<video controls=\"controls\" preload=\"none\" width=\"1408\"\n\t\t height=\"2503\"\t><\/video>\n\t<div class=\"wp-playlist-next\"><\/div>\n\t<div class=\"wp-playlist-prev\"><\/div>\n\t<noscript>\n\t<ol>\n\t\t<li><a href='https:\/\/xinshengmanufacture.com\/wp-content\/uploads\/2025\/04\/WeChat_20250417115712.mp4'>WeChat_20250417115712<\/a><\/li>\t<\/ol>\n\t<\/noscript>\n\t<script type=\"application\/json\" class=\"wp-playlist-script\">{\"type\":\"video\",\"tracklist\":false,\"tracknumbers\":true,\"images\":true,\"artists\":true,\"tracks\":[{\"src\":\"https:\/\/xinshengmanufacture.com\/wp-content\/uploads\/2025\/04\/WeChat_20250417115712.mp4\",\"type\":\"video\/mp4\",\"title\":\"WeChat_20250417115712\",\"caption\":\"\",\"description\":\"\",\"meta\":{\"length_formatted\":\"0:44\"},\"dimensions\":{\"original\":{\"width\":1080,\"height\":1920},\"resized\":{\"width\":1408,\"height\":2503}},\"image\":{\"src\":\"https:\/\/xinshengmanufacture.com\/wp-includes\/images\/media\/video.svg\",\"width\":48,\"height\":64},\"thumb\":{\"src\":\"https:\/\/xinshengmanufacture.com\/wp-includes\/images\/media\/video.svg\",\"width\":48,\"height\":64}}]}<\/script>\n<\/div>\n\t\n<p style=\"text-align: center;\"><img fetchpriority=\"high\" decoding=\"async\" class=\"size-full wp-image-4292 aligncenter\" src=\"https:\/\/xinshengmanufacture.com\/wp-content\/uploads\/2025\/04\/%E8%B6%85%E5%B7%A5%E5%AE%9A%E5%88%B6%E8%8B%B1%E6%96%87_01-4.jpg\" alt=\"\" width=\"790\" height=\"1223\"><img decoding=\"async\" class=\"size-full wp-image-4293 aligncenter\" src=\"https:\/\/xinshengmanufacture.com\/wp-content\/uploads\/2025\/04\/%E8%B6%85%E5%B7%A5%E5%AE%9A%E5%88%B6%E8%8B%B1%E6%96%87_02-4.jpg\" alt=\"\" width=\"790\" height=\"694\"><img decoding=\"async\" class=\"size-full wp-image-4294 aligncenter\" src=\"https:\/\/xinshengmanufacture.com\/wp-content\/uploads\/2025\/04\/%E8%B6%85%E5%B7%A5%E5%AE%9A%E5%88%B6%E8%8B%B1%E6%96%87_03-4.jpg\" alt=\"\" width=\"790\" height=\"1029\"><img loading=\"lazy\" decoding=\"async\" class=\"size-full wp-image-4295 aligncenter\" src=\"https:\/\/xinshengmanufacture.com\/wp-content\/uploads\/2025\/04\/%E8%B6%85%E5%B7%A5%E5%AE%9A%E5%88%B6%E8%8B%B1%E6%96%87_04-4.jpg\" alt=\"\" width=\"790\" height=\"1156\"><img loading=\"lazy\" decoding=\"async\" class=\"size-full wp-image-4296 aligncenter\" src=\"https:\/\/xinshengmanufacture.com\/wp-content\/uploads\/2025\/04\/%E8%B6%85%E5%B7%A5%E5%AE%9A%E5%88%B6%E8%8B%B1%E6%96%87_05-4.jpg\" alt=\"\" width=\"790\" height=\"1486\"><img loading=\"lazy\" decoding=\"async\" class=\"size-full wp-image-4306 aligncenter\" src=\"https:\/\/xinshengmanufacture.com\/wp-content\/uploads\/2025\/04\/2-4_01.jpg\" alt=\"\" width=\"790\" height=\"1127\" srcset=\"https:\/\/xinshengmanufacture.com\/wp-content\/uploads\/2025\/04\/2-4_01.jpg 790w, https:\/\/xinshengmanufacture.com\/wp-content\/uploads\/2025\/04\/2-4_01-600x856.jpg 600w, https:\/\/xinshengmanufacture.com\/wp-content\/uploads\/2025\/04\/2-4_01-210x300.jpg 210w, https:\/\/xinshengmanufacture.com\/wp-content\/uploads\/2025\/04\/2-4_01-718x1024.jpg 718w, https:\/\/xinshengmanufacture.com\/wp-content\/uploads\/2025\/04\/2-4_01-768x1096.jpg 768w\" sizes=\"(max-width: 790px) 100vw, 790px\" \/> <img loading=\"lazy\" decoding=\"async\" class=\"size-full wp-image-4307 aligncenter\" src=\"https:\/\/xinshengmanufacture.com\/wp-content\/uploads\/2025\/04\/2-4_02.jpg\" alt=\"\" width=\"790\" height=\"1027\" srcset=\"https:\/\/xinshengmanufacture.com\/wp-content\/uploads\/2025\/04\/2-4_02.jpg 790w, https:\/\/xinshengmanufacture.com\/wp-content\/uploads\/2025\/04\/2-4_02-600x780.jpg 600w, https:\/\/xinshengmanufacture.com\/wp-content\/uploads\/2025\/04\/2-4_02-231x300.jpg 231w, https:\/\/xinshengmanufacture.com\/wp-content\/uploads\/2025\/04\/2-4_02-788x1024.jpg 788w, https:\/\/xinshengmanufacture.com\/wp-content\/uploads\/2025\/04\/2-4_02-768x998.jpg 768w\" sizes=\"(max-width: 790px) 100vw, 790px\" \/> <img loading=\"lazy\" decoding=\"async\" class=\"size-full wp-image-4308 aligncenter\" src=\"https:\/\/xinshengmanufacture.com\/wp-content\/uploads\/2025\/04\/2-4_03.jpg\" alt=\"\" width=\"790\" height=\"1194\" srcset=\"https:\/\/xinshengmanufacture.com\/wp-content\/uploads\/2025\/04\/2-4_03.jpg 790w, https:\/\/xinshengmanufacture.com\/wp-content\/uploads\/2025\/04\/2-4_03-600x907.jpg 600w, https:\/\/xinshengmanufacture.com\/wp-content\/uploads\/2025\/04\/2-4_03-198x300.jpg 198w, https:\/\/xinshengmanufacture.com\/wp-content\/uploads\/2025\/04\/2-4_03-678x1024.jpg 678w, https:\/\/xinshengmanufacture.com\/wp-content\/uploads\/2025\/04\/2-4_03-768x1161.jpg 768w\" sizes=\"(max-width: 790px) 100vw, 790px\" \/> <img loading=\"lazy\" decoding=\"async\" class=\"size-full wp-image-4309 aligncenter\" src=\"https:\/\/xinshengmanufacture.com\/wp-content\/uploads\/2025\/04\/2-4_04.jpg\" alt=\"\" width=\"790\" height=\"1255\" srcset=\"https:\/\/xinshengmanufacture.com\/wp-content\/uploads\/2025\/04\/2-4_04.jpg 790w, https:\/\/xinshengmanufacture.com\/wp-content\/uploads\/2025\/04\/2-4_04-600x953.jpg 600w, https:\/\/xinshengmanufacture.com\/wp-content\/uploads\/2025\/04\/2-4_04-189x300.jpg 189w, https:\/\/xinshengmanufacture.com\/wp-content\/uploads\/2025\/04\/2-4_04-645x1024.jpg 645w, https:\/\/xinshengmanufacture.com\/wp-content\/uploads\/2025\/04\/2-4_04-768x1220.jpg 768w\" sizes=\"(max-width: 790px) 100vw, 790px\" \/> <img loading=\"lazy\" decoding=\"async\" class=\"size-full wp-image-4310 aligncenter\" src=\"https:\/\/xinshengmanufacture.com\/wp-content\/uploads\/2025\/04\/2-4_05.jpg\" alt=\"\" width=\"790\" height=\"1357\" srcset=\"https:\/\/xinshengmanufacture.com\/wp-content\/uploads\/2025\/04\/2-4_05.jpg 790w, https:\/\/xinshengmanufacture.com\/wp-content\/uploads\/2025\/04\/2-4_05-600x1031.jpg 600w, https:\/\/xinshengmanufacture.com\/wp-content\/uploads\/2025\/04\/2-4_05-175x300.jpg 175w, https:\/\/xinshengmanufacture.com\/wp-content\/uploads\/2025\/04\/2-4_05-596x1024.jpg 596w, https:\/\/xinshengmanufacture.com\/wp-content\/uploads\/2025\/04\/2-4_05-768x1319.jpg 768w\" sizes=\"(max-width: 790px) 100vw, 790px\" \/> <img loading=\"lazy\" decoding=\"async\" class=\"size-full wp-image-4311 aligncenter\" src=\"https:\/\/xinshengmanufacture.com\/wp-content\/uploads\/2025\/04\/2-4_06.jpg\" alt=\"\" width=\"790\" height=\"1242\" srcset=\"https:\/\/xinshengmanufacture.com\/wp-content\/uploads\/2025\/04\/2-4_06.jpg 790w, https:\/\/xinshengmanufacture.com\/wp-content\/uploads\/2025\/04\/2-4_06-600x943.jpg 600w, https:\/\/xinshengmanufacture.com\/wp-content\/uploads\/2025\/04\/2-4_06-191x300.jpg 191w, https:\/\/xinshengmanufacture.com\/wp-content\/uploads\/2025\/04\/2-4_06-651x1024.jpg 651w, https:\/\/xinshengmanufacture.com\/wp-content\/uploads\/2025\/04\/2-4_06-768x1207.jpg 768w\" sizes=\"(max-width: 790px) 100vw, 790px\" \/> <img loading=\"lazy\" decoding=\"async\" class=\"size-full wp-image-4312 aligncenter\" src=\"https:\/\/xinshengmanufacture.com\/wp-content\/uploads\/2025\/04\/2-4_07.jpg\" alt=\"\" width=\"790\" height=\"798\" srcset=\"https:\/\/xinshengmanufacture.com\/wp-content\/uploads\/2025\/04\/2-4_07.jpg 790w, https:\/\/xinshengmanufacture.com\/wp-content\/uploads\/2025\/04\/2-4_07-100x100.jpg 100w, https:\/\/xinshengmanufacture.com\/wp-content\/uploads\/2025\/04\/2-4_07-600x606.jpg 600w, https:\/\/xinshengmanufacture.com\/wp-content\/uploads\/2025\/04\/2-4_07-297x300.jpg 297w, https:\/\/xinshengmanufacture.com\/wp-content\/uploads\/2025\/04\/2-4_07-768x776.jpg 768w\" sizes=\"(max-width: 790px) 100vw, 790px\" \/> <img loading=\"lazy\" decoding=\"async\" class=\"size-full wp-image-4313 aligncenter\" src=\"https:\/\/xinshengmanufacture.com\/wp-content\/uploads\/2025\/04\/2-4_08.jpg\" alt=\"\" width=\"790\" height=\"1256\" srcset=\"https:\/\/xinshengmanufacture.com\/wp-content\/uploads\/2025\/04\/2-4_08.jpg 790w, https:\/\/xinshengmanufacture.com\/wp-content\/uploads\/2025\/04\/2-4_08-600x954.jpg 600w, https:\/\/xinshengmanufacture.com\/wp-content\/uploads\/2025\/04\/2-4_08-189x300.jpg 189w, https:\/\/xinshengmanufacture.com\/wp-content\/uploads\/2025\/04\/2-4_08-644x1024.jpg 644w, https:\/\/xinshengmanufacture.com\/wp-content\/uploads\/2025\/04\/2-4_08-768x1221.jpg 768w\" sizes=\"(max-width: 790px) 100vw, 790px\" \/> <img loading=\"lazy\" decoding=\"async\" class=\"size-full wp-image-4314 aligncenter\" src=\"https:\/\/xinshengmanufacture.com\/wp-content\/uploads\/2025\/04\/2-4_09.jpg\" alt=\"\" width=\"790\" height=\"1163\" srcset=\"https:\/\/xinshengmanufacture.com\/wp-content\/uploads\/2025\/04\/2-4_09.jpg 790w, https:\/\/xinshengmanufacture.com\/wp-content\/uploads\/2025\/04\/2-4_09-600x883.jpg 600w, https:\/\/xinshengmanufacture.com\/wp-content\/uploads\/2025\/04\/2-4_09-204x300.jpg 204w, https:\/\/xinshengmanufacture.com\/wp-content\/uploads\/2025\/04\/2-4_09-696x1024.jpg 696w, https:\/\/xinshengmanufacture.com\/wp-content\/uploads\/2025\/04\/2-4_09-768x1131.jpg 768w\" sizes=\"(max-width: 790px) 100vw, 790px\" \/> <img loading=\"lazy\" decoding=\"async\" class=\"size-full wp-image-4315 aligncenter\" src=\"https:\/\/xinshengmanufacture.com\/wp-content\/uploads\/2025\/04\/2-4_10.jpg\" alt=\"\" width=\"790\" height=\"1890\" srcset=\"https:\/\/xinshengmanufacture.com\/wp-content\/uploads\/2025\/04\/2-4_10.jpg 790w, https:\/\/xinshengmanufacture.com\/wp-content\/uploads\/2025\/04\/2-4_10-600x1435.jpg 600w, https:\/\/xinshengmanufacture.com\/wp-content\/uploads\/2025\/04\/2-4_10-125x300.jpg 125w, https:\/\/xinshengmanufacture.com\/wp-content\/uploads\/2025\/04\/2-4_10-428x1024.jpg 428w, https:\/\/xinshengmanufacture.com\/wp-content\/uploads\/2025\/04\/2-4_10-768x1837.jpg 768w, https:\/\/xinshengmanufacture.com\/wp-content\/uploads\/2025\/04\/2-4_10-642x1536.jpg 642w\" sizes=\"(max-width: 790px) 100vw, 790px\" \/> <img loading=\"lazy\" decoding=\"async\" class=\"size-full wp-image-4316 aligncenter\" src=\"https:\/\/xinshengmanufacture.com\/wp-content\/uploads\/2025\/04\/2-4_11.jpg\" alt=\"\" width=\"790\" height=\"1607\" srcset=\"https:\/\/xinshengmanufacture.com\/wp-content\/uploads\/2025\/04\/2-4_11.jpg 790w, https:\/\/xinshengmanufacture.com\/wp-content\/uploads\/2025\/04\/2-4_11-600x1221.jpg 600w, https:\/\/xinshengmanufacture.com\/wp-content\/uploads\/2025\/04\/2-4_11-147x300.jpg 147w, https:\/\/xinshengmanufacture.com\/wp-content\/uploads\/2025\/04\/2-4_11-503x1024.jpg 503w, https:\/\/xinshengmanufacture.com\/wp-content\/uploads\/2025\/04\/2-4_11-768x1562.jpg 768w, https:\/\/xinshengmanufacture.com\/wp-content\/uploads\/2025\/04\/2-4_11-755x1536.jpg 755w\" sizes=\"(max-width: 790px) 100vw, 790px\" \/><\/p>\n","protected":false},"excerpt":{"rendered":"<p>Gi\u01b0\u1eddng g\u1ed9i \u0111\u1ea7u massage th\u00f4ng minh ch\u1ea1y \u0111i\u1ec7n thi\u1ebft k\u1ebf hi\u1ec7n \u0111\u1ea1i c\u00f3 th\u1ec3 s\u1eed d\u1ee5ng trong ti\u1ec7m l\u00e0m t\u00f3c, trung t\u00e2m massage, trung t\u00e2m l\u00e0m \u0111\u1eb9p, trung t\u00e2m g\u1ed9i \u0111\u1ea7u, trung t\u00e2m spa tr\u1ecb li\u1ec7u \u0111\u1ea7u, v.v.<\/p>\n","protected":false},"featured_media":33358,"template":"","meta":{"_bst_post_transparent":"","_bst_post_title":"","_bst_post_layout":"","_bst_post_sidebar_id":"","_bst_post_content_style":"","_bst_post_vertical_padding":"","_bst_post_feature":"","_bst_post_feature_position":"","_bst_post_header":false,"_bst_post_footer":false},"product_brand":[1087],"product_cat":[879],"product_tag":[],"class_list":{"0":"post-33356","1":"product","2":"type-product","3":"status-publish","4":"has-post-thumbnail","6":"product_brand-xinsheng-vi","7":"product_cat-giuong-massage-dien","8":"pa_color-mau-sac-tuy-chinh","9":"pa_color-trang","10":"pa_size-190cm52cm78cm-vi","12":"first","13":"instock","14":"sale","15":"shipping-taxable","16":"purchasable","17":"product-type-variable","18":"entry","19":"content-bg","20":"loop-entry"},"_links":{"self":[{"href":"https:\/\/xinshengmanufacture.com\/vi\/wp-json\/wp\/v2\/product\/33356","targetHints":{"allow":["GET"]}}],"collection":[{"href":"https:\/\/xinshengmanufacture.com\/vi\/wp-json\/wp\/v2\/product"}],"about":[{"href":"https:\/\/xinshengmanufacture.com\/vi\/wp-json\/wp\/v2\/types\/product"}],"version-history":[{"count":2,"href":"https:\/\/xinshengmanufacture.com\/vi\/wp-json\/wp\/v2\/product\/33356\/revisions"}],"predecessor-version":[{"id":75153,"href":"https:\/\/xinshengmanufacture.com\/vi\/wp-json\/wp\/v2\/product\/33356\/revisions\/75153"}],"wp:featuredmedia":[{"embeddable":true,"href":"https:\/\/xinshengmanufacture.com\/vi\/wp-json\/wp\/v2\/media\/33358"}],"wp:attachment":[{"href":"https:\/\/xinshengmanufacture.com\/vi\/wp-json\/wp\/v2\/media?parent=33356"}],"wp:term":[{"taxonomy":"product_brand","embeddable":true,"href":"https:\/\/xinshengmanufacture.com\/vi\/wp-json\/wp\/v2\/product_brand?post=33356"},{"taxonomy":"product_cat","embeddable":true,"href":"https:\/\/xinshengmanufacture.com\/vi\/wp-json\/wp\/v2\/product_cat?post=33356"},{"taxonomy":"product_tag","embeddable":true,"href":"https:\/\/xinshengmanufacture.com\/vi\/wp-json\/wp\/v2\/product_tag?post=33356"}],"curies":[{"name":"wp","href":"https:\/\/api.w.org\/{rel}","templated":true}]}}