{"id":34974,"date":"2025-04-16T07:41:22","date_gmt":"2025-04-16T07:41:22","guid":{"rendered":"https:\/\/xinshengmanufacture.com\/product\/ho-tro-tuy-chinh-salon-lam-toc-thiet-bi-thuong-mai-da-chuc-nang-dien-thong-minh-giuong-massage-salon-toc-giuong-goi-dau-tham-my-vien-giuong-goi-dau-thiet-bi\/"},"modified":"2025-08-26T08:05:03","modified_gmt":"2025-08-26T08:05:03","slug":"ho-tro-tuy-chinh-salon-lam-toc-thiet-bi-thuong-mai-da-chuc-nang-dien-thong-minh-giuong-massage-salon-toc-giuong-goi-dau-tham-my-vien-giuong-goi-dau-thiet-bi","status":"publish","type":"product","link":"https:\/\/xinshengmanufacture.com\/vi\/product\/ho-tro-tuy-chinh-salon-lam-toc-thiet-bi-thuong-mai-da-chuc-nang-dien-thong-minh-giuong-massage-salon-toc-giuong-goi-dau-tham-my-vien-giuong-goi-dau-thiet-bi\/","title":{"rendered":"H\u1ed7 tr\u1ee3 t\u00f9y ch\u1ec9nh salon l\u00e0m t\u00f3c thi\u1ebft b\u1ecb th\u01b0\u01a1ng m\u1ea1i \u0111a ch\u1ee9c n\u0103ng \u0111i\u1ec7n th\u00f4ng minh gi\u01b0\u1eddng massage salon t\u00f3c gi\u01b0\u1eddng g\u1ed9i \u0111\u1ea7u th\u1ea9m m\u1ef9 vi\u1ec7n gi\u01b0\u1eddng g\u1ed9i \u0111\u1ea7u thi\u1ebft b\u1ecb"},"content":{"rendered":"<div class=\"wp-playlist wp-video-playlist wp-playlist-light\">\n\t\t<video controls=\"controls\" preload=\"none\" width=\"1408\"\n\t\t height=\"2503\"\t><\/video>\n\t<div class=\"wp-playlist-next\"><\/div>\n\t<div class=\"wp-playlist-prev\"><\/div>\n\t<noscript>\n\t<ol>\n\t\t<li><a href='https:\/\/xinshengmanufacture.com\/wp-content\/uploads\/2025\/04\/WeChat_20250416155143.mp4'>WeChat_20250416155143<\/a><\/li>\t<\/ol>\n\t<\/noscript>\n\t<script type=\"application\/json\" class=\"wp-playlist-script\">{\"type\":\"video\",\"tracklist\":false,\"tracknumbers\":true,\"images\":true,\"artists\":true,\"tracks\":[{\"src\":\"https:\/\/xinshengmanufacture.com\/wp-content\/uploads\/2025\/04\/WeChat_20250416155143.mp4\",\"type\":\"video\/mp4\",\"title\":\"WeChat_20250416155143\",\"caption\":\"\",\"description\":\"\",\"meta\":{\"length_formatted\":\"0:45\"},\"dimensions\":{\"original\":{\"width\":1080,\"height\":1920},\"resized\":{\"width\":1408,\"height\":2503}},\"image\":{\"src\":\"https:\/\/xinshengmanufacture.com\/wp-includes\/images\/media\/video.svg\",\"width\":48,\"height\":64},\"thumb\":{\"src\":\"https:\/\/xinshengmanufacture.com\/wp-includes\/images\/media\/video.svg\",\"width\":48,\"height\":64}}]}<\/script>\n<\/div>\n\t\n<p style=\"text-align: center;\"><img fetchpriority=\"high\" decoding=\"async\" class=\"size-full wp-image-4058 aligncenter\" src=\"https:\/\/xinshengmanufacture.com\/wp-content\/uploads\/2025\/04\/%E8%B6%85%E5%B7%A5%E5%AE%9A%E5%88%B6%E8%8B%B1%E6%96%87_01-3.jpg\" alt=\"\" width=\"790\" height=\"1223\"><img decoding=\"async\" class=\"size-full wp-image-4059 aligncenter\" src=\"https:\/\/xinshengmanufacture.com\/wp-content\/uploads\/2025\/04\/%E8%B6%85%E5%B7%A5%E5%AE%9A%E5%88%B6%E8%8B%B1%E6%96%87_02-3.jpg\" alt=\"\" width=\"790\" height=\"694\"><img decoding=\"async\" class=\"size-full wp-image-4060 aligncenter\" src=\"https:\/\/xinshengmanufacture.com\/wp-content\/uploads\/2025\/04\/%E8%B6%85%E5%B7%A5%E5%AE%9A%E5%88%B6%E8%8B%B1%E6%96%87_03-3.jpg\" alt=\"\" width=\"790\" height=\"1029\"><img loading=\"lazy\" decoding=\"async\" class=\"size-full wp-image-4061 aligncenter\" src=\"https:\/\/xinshengmanufacture.com\/wp-content\/uploads\/2025\/04\/%E8%B6%85%E5%B7%A5%E5%AE%9A%E5%88%B6%E8%8B%B1%E6%96%87_04-3.jpg\" alt=\"\" width=\"790\" height=\"1156\"><img loading=\"lazy\" decoding=\"async\" class=\"size-full wp-image-4062 aligncenter\" src=\"https:\/\/xinshengmanufacture.com\/wp-content\/uploads\/2025\/04\/%E8%B6%85%E5%B7%A5%E5%AE%9A%E5%88%B6%E8%8B%B1%E6%96%87_05-3.jpg\" alt=\"\" width=\"790\" height=\"1486\"><img loading=\"lazy\" decoding=\"async\" class=\"size-full wp-image-4199 aligncenter\" src=\"https:\/\/xinshengmanufacture.com\/wp-content\/uploads\/2025\/04\/1_01.jpg\" alt=\"\" width=\"790\" height=\"1197\" srcset=\"https:\/\/xinshengmanufacture.com\/wp-content\/uploads\/2025\/04\/1_01.jpg 790w, https:\/\/xinshengmanufacture.com\/wp-content\/uploads\/2025\/04\/1_01-600x909.jpg 600w, https:\/\/xinshengmanufacture.com\/wp-content\/uploads\/2025\/04\/1_01-198x300.jpg 198w, https:\/\/xinshengmanufacture.com\/wp-content\/uploads\/2025\/04\/1_01-676x1024.jpg 676w, https:\/\/xinshengmanufacture.com\/wp-content\/uploads\/2025\/04\/1_01-768x1164.jpg 768w\" sizes=\"(max-width: 790px) 100vw, 790px\" \/> <img loading=\"lazy\" decoding=\"async\" class=\"size-full wp-image-4200 aligncenter\" src=\"https:\/\/xinshengmanufacture.com\/wp-content\/uploads\/2025\/04\/1_02.jpg\" alt=\"\" width=\"790\" height=\"1194\" srcset=\"https:\/\/xinshengmanufacture.com\/wp-content\/uploads\/2025\/04\/1_02.jpg 790w, https:\/\/xinshengmanufacture.com\/wp-content\/uploads\/2025\/04\/1_02-600x907.jpg 600w, https:\/\/xinshengmanufacture.com\/wp-content\/uploads\/2025\/04\/1_02-198x300.jpg 198w, https:\/\/xinshengmanufacture.com\/wp-content\/uploads\/2025\/04\/1_02-678x1024.jpg 678w, https:\/\/xinshengmanufacture.com\/wp-content\/uploads\/2025\/04\/1_02-768x1161.jpg 768w\" sizes=\"(max-width: 790px) 100vw, 790px\" \/> <img loading=\"lazy\" decoding=\"async\" class=\"size-full wp-image-4201 aligncenter\" src=\"https:\/\/xinshengmanufacture.com\/wp-content\/uploads\/2025\/04\/1_03.jpg\" alt=\"\" width=\"790\" height=\"1176\" srcset=\"https:\/\/xinshengmanufacture.com\/wp-content\/uploads\/2025\/04\/1_03.jpg 790w, https:\/\/xinshengmanufacture.com\/wp-content\/uploads\/2025\/04\/1_03-600x893.jpg 600w, https:\/\/xinshengmanufacture.com\/wp-content\/uploads\/2025\/04\/1_03-202x300.jpg 202w, https:\/\/xinshengmanufacture.com\/wp-content\/uploads\/2025\/04\/1_03-688x1024.jpg 688w, https:\/\/xinshengmanufacture.com\/wp-content\/uploads\/2025\/04\/1_03-768x1143.jpg 768w\" sizes=\"(max-width: 790px) 100vw, 790px\" \/> <img loading=\"lazy\" decoding=\"async\" class=\"size-full wp-image-4202 aligncenter\" src=\"https:\/\/xinshengmanufacture.com\/wp-content\/uploads\/2025\/04\/1_04.jpg\" alt=\"\" width=\"790\" height=\"1185\" srcset=\"https:\/\/xinshengmanufacture.com\/wp-content\/uploads\/2025\/04\/1_04.jpg 790w, https:\/\/xinshengmanufacture.com\/wp-content\/uploads\/2025\/04\/1_04-600x900.jpg 600w, https:\/\/xinshengmanufacture.com\/wp-content\/uploads\/2025\/04\/1_04-200x300.jpg 200w, https:\/\/xinshengmanufacture.com\/wp-content\/uploads\/2025\/04\/1_04-683x1024.jpg 683w, https:\/\/xinshengmanufacture.com\/wp-content\/uploads\/2025\/04\/1_04-768x1152.jpg 768w\" sizes=\"(max-width: 790px) 100vw, 790px\" \/> <img loading=\"lazy\" decoding=\"async\" class=\"size-full wp-image-4203 aligncenter\" src=\"https:\/\/xinshengmanufacture.com\/wp-content\/uploads\/2025\/04\/1_05.jpg\" alt=\"\" width=\"790\" height=\"1874\" srcset=\"https:\/\/xinshengmanufacture.com\/wp-content\/uploads\/2025\/04\/1_05.jpg 790w, https:\/\/xinshengmanufacture.com\/wp-content\/uploads\/2025\/04\/1_05-600x1423.jpg 600w, https:\/\/xinshengmanufacture.com\/wp-content\/uploads\/2025\/04\/1_05-126x300.jpg 126w, https:\/\/xinshengmanufacture.com\/wp-content\/uploads\/2025\/04\/1_05-432x1024.jpg 432w, https:\/\/xinshengmanufacture.com\/wp-content\/uploads\/2025\/04\/1_05-768x1822.jpg 768w, https:\/\/xinshengmanufacture.com\/wp-content\/uploads\/2025\/04\/1_05-648x1536.jpg 648w\" sizes=\"(max-width: 790px) 100vw, 790px\" \/> <img loading=\"lazy\" decoding=\"async\" class=\"size-full wp-image-4204 aligncenter\" src=\"https:\/\/xinshengmanufacture.com\/wp-content\/uploads\/2025\/04\/1_06.jpg\" alt=\"\" width=\"790\" height=\"1096\" srcset=\"https:\/\/xinshengmanufacture.com\/wp-content\/uploads\/2025\/04\/1_06.jpg 790w, https:\/\/xinshengmanufacture.com\/wp-content\/uploads\/2025\/04\/1_06-600x832.jpg 600w, https:\/\/xinshengmanufacture.com\/wp-content\/uploads\/2025\/04\/1_06-216x300.jpg 216w, https:\/\/xinshengmanufacture.com\/wp-content\/uploads\/2025\/04\/1_06-738x1024.jpg 738w, https:\/\/xinshengmanufacture.com\/wp-content\/uploads\/2025\/04\/1_06-768x1065.jpg 768w\" sizes=\"(max-width: 790px) 100vw, 790px\" \/> <img loading=\"lazy\" decoding=\"async\" class=\"size-full wp-image-4205 aligncenter\" src=\"https:\/\/xinshengmanufacture.com\/wp-content\/uploads\/2025\/04\/1_07.jpg\" alt=\"\" width=\"790\" height=\"648\" srcset=\"https:\/\/xinshengmanufacture.com\/wp-content\/uploads\/2025\/04\/1_07.jpg 790w, https:\/\/xinshengmanufacture.com\/wp-content\/uploads\/2025\/04\/1_07-600x492.jpg 600w, https:\/\/xinshengmanufacture.com\/wp-content\/uploads\/2025\/04\/1_07-300x246.jpg 300w, https:\/\/xinshengmanufacture.com\/wp-content\/uploads\/2025\/04\/1_07-768x630.jpg 768w\" sizes=\"(max-width: 790px) 100vw, 790px\" \/> <img loading=\"lazy\" decoding=\"async\" class=\"size-full wp-image-4206 aligncenter\" src=\"https:\/\/xinshengmanufacture.com\/wp-content\/uploads\/2025\/04\/1_08.jpg\" alt=\"\" width=\"790\" height=\"1044\" srcset=\"https:\/\/xinshengmanufacture.com\/wp-content\/uploads\/2025\/04\/1_08.jpg 790w, https:\/\/xinshengmanufacture.com\/wp-content\/uploads\/2025\/04\/1_08-600x793.jpg 600w, https:\/\/xinshengmanufacture.com\/wp-content\/uploads\/2025\/04\/1_08-227x300.jpg 227w, https:\/\/xinshengmanufacture.com\/wp-content\/uploads\/2025\/04\/1_08-775x1024.jpg 775w, https:\/\/xinshengmanufacture.com\/wp-content\/uploads\/2025\/04\/1_08-768x1015.jpg 768w\" sizes=\"(max-width: 790px) 100vw, 790px\" \/> <img loading=\"lazy\" decoding=\"async\" class=\"size-full wp-image-4207 aligncenter\" src=\"https:\/\/xinshengmanufacture.com\/wp-content\/uploads\/2025\/04\/1_09.jpg\" alt=\"\" width=\"790\" height=\"1781\" srcset=\"https:\/\/xinshengmanufacture.com\/wp-content\/uploads\/2025\/04\/1_09.jpg 790w, https:\/\/xinshengmanufacture.com\/wp-content\/uploads\/2025\/04\/1_09-600x1353.jpg 600w, https:\/\/xinshengmanufacture.com\/wp-content\/uploads\/2025\/04\/1_09-133x300.jpg 133w, https:\/\/xinshengmanufacture.com\/wp-content\/uploads\/2025\/04\/1_09-454x1024.jpg 454w, https:\/\/xinshengmanufacture.com\/wp-content\/uploads\/2025\/04\/1_09-768x1731.jpg 768w, https:\/\/xinshengmanufacture.com\/wp-content\/uploads\/2025\/04\/1_09-681x1536.jpg 681w\" sizes=\"(max-width: 790px) 100vw, 790px\" \/> <img loading=\"lazy\" decoding=\"async\" class=\"size-full wp-image-4208 aligncenter\" src=\"https:\/\/xinshengmanufacture.com\/wp-content\/uploads\/2025\/04\/1_10.jpg\" alt=\"\" width=\"790\" height=\"1631\" srcset=\"https:\/\/xinshengmanufacture.com\/wp-content\/uploads\/2025\/04\/1_10.jpg 790w, https:\/\/xinshengmanufacture.com\/wp-content\/uploads\/2025\/04\/1_10-600x1239.jpg 600w, https:\/\/xinshengmanufacture.com\/wp-content\/uploads\/2025\/04\/1_10-145x300.jpg 145w, https:\/\/xinshengmanufacture.com\/wp-content\/uploads\/2025\/04\/1_10-496x1024.jpg 496w, https:\/\/xinshengmanufacture.com\/wp-content\/uploads\/2025\/04\/1_10-768x1586.jpg 768w, https:\/\/xinshengmanufacture.com\/wp-content\/uploads\/2025\/04\/1_10-744x1536.jpg 744w\" sizes=\"(max-width: 790px) 100vw, 790px\" \/><\/p>\n","protected":false},"excerpt":{"rendered":"<p>Gi\u01b0\u1eddng g\u1ed9i \u0111\u1ea7u massage th\u00f4ng minh \u0111a ch\u1ee9c n\u0103ng ch\u1ea1y \u0111i\u1ec7n c\u00f3 th\u1ec3 s\u1eed d\u1ee5ng trong ti\u1ec7m l\u00e0m t\u00f3c, trung t\u00e2m massage, trung t\u00e2m l\u00e0m \u0111\u1eb9p, trung t\u00e2m g\u1ed9i \u0111\u1ea7u, trung t\u00e2m ch\u0103m s\u00f3c da \u0111\u1ea7u t\u1ea1i spa, v.v.<\/p>\n","protected":false},"featured_media":34979,"template":"","meta":{"_bst_post_transparent":"","_bst_post_title":"","_bst_post_layout":"","_bst_post_sidebar_id":"","_bst_post_content_style":"","_bst_post_vertical_padding":"","_bst_post_feature":"","_bst_post_feature_position":"","_bst_post_header":false,"_bst_post_footer":false},"product_brand":[1087],"product_cat":[879],"product_tag":[],"class_list":{"0":"post-34974","1":"product","2":"type-product","3":"status-publish","4":"has-post-thumbnail","6":"product_brand-xinsheng-vi","7":"product_cat-giuong-massage-dien","8":"pa_color-mau-sac-tuy-chinh","9":"pa_color-mau-xanh-dam","10":"pa_color-qua-cam","11":"pa_size-200cm78cm80cm-vi","13":"first","14":"instock","15":"sale","16":"shipping-taxable","17":"purchasable","18":"product-type-variable","19":"entry","20":"content-bg","21":"loop-entry"},"_links":{"self":[{"href":"https:\/\/xinshengmanufacture.com\/vi\/wp-json\/wp\/v2\/product\/34974","targetHints":{"allow":["GET"]}}],"collection":[{"href":"https:\/\/xinshengmanufacture.com\/vi\/wp-json\/wp\/v2\/product"}],"about":[{"href":"https:\/\/xinshengmanufacture.com\/vi\/wp-json\/wp\/v2\/types\/product"}],"version-history":[{"count":2,"href":"https:\/\/xinshengmanufacture.com\/vi\/wp-json\/wp\/v2\/product\/34974\/revisions"}],"predecessor-version":[{"id":75082,"href":"https:\/\/xinshengmanufacture.com\/vi\/wp-json\/wp\/v2\/product\/34974\/revisions\/75082"}],"wp:featuredmedia":[{"embeddable":true,"href":"https:\/\/xinshengmanufacture.com\/vi\/wp-json\/wp\/v2\/media\/34979"}],"wp:attachment":[{"href":"https:\/\/xinshengmanufacture.com\/vi\/wp-json\/wp\/v2\/media?parent=34974"}],"wp:term":[{"taxonomy":"product_brand","embeddable":true,"href":"https:\/\/xinshengmanufacture.com\/vi\/wp-json\/wp\/v2\/product_brand?post=34974"},{"taxonomy":"product_cat","embeddable":true,"href":"https:\/\/xinshengmanufacture.com\/vi\/wp-json\/wp\/v2\/product_cat?post=34974"},{"taxonomy":"product_tag","embeddable":true,"href":"https:\/\/xinshengmanufacture.com\/vi\/wp-json\/wp\/v2\/product_tag?post=34974"}],"curies":[{"name":"wp","href":"https:\/\/api.w.org\/{rel}","templated":true}]}}