{"id":35503,"date":"2025-04-16T06:06:31","date_gmt":"2025-04-16T06:06:31","guid":{"rendered":"https:\/\/xinshengmanufacture.com\/product\/giuong-massage-dien-thong-minh-sang-trong-da-chuc-nang-co-chuc-nang-tuan-hoan-nuoc-xong-hoi-thiet-bi-noi-that-lam-toc-giuong-goi-dau-spa-thiet-bi-goi-dau\/"},"modified":"2025-08-26T08:05:02","modified_gmt":"2025-08-26T08:05:02","slug":"giuong-massage-dien-thong-minh-sang-trong-da-chuc-nang-co-chuc-nang-tuan-hoan-nuoc-xong-hoi-thiet-bi-noi-that-lam-toc-giuong-goi-dau-spa-thiet-bi-goi-dau","status":"publish","type":"product","link":"https:\/\/xinshengmanufacture.com\/vi\/product\/giuong-massage-dien-thong-minh-sang-trong-da-chuc-nang-co-chuc-nang-tuan-hoan-nuoc-xong-hoi-thiet-bi-noi-that-lam-toc-giuong-goi-dau-spa-thiet-bi-goi-dau\/","title":{"rendered":"Gi\u01b0\u1eddng massage \u0111i\u1ec7n th\u00f4ng minh sang tr\u1ecdng \u0111a ch\u1ee9c n\u0103ng c\u00f3 ch\u1ee9c n\u0103ng tu\u1ea7n ho\u00e0n n\u01b0\u1edbc x\u00f4ng h\u01a1i, thi\u1ebft b\u1ecb n\u1ed9i th\u1ea5t l\u00e0m t\u00f3c, gi\u01b0\u1eddng g\u1ed9i \u0111\u1ea7u, spa, thi\u1ebft b\u1ecb g\u1ed9i \u0111\u1ea7u"},"content":{"rendered":"<div class=\"wp-playlist wp-video-playlist wp-playlist-light\">\n\t\t<video controls=\"controls\" preload=\"none\" width=\"1408\"\n\t\t height=\"792\"\t><\/video>\n\t<div class=\"wp-playlist-next\"><\/div>\n\t<div class=\"wp-playlist-prev\"><\/div>\n\t<noscript>\n\t<ol>\n\t\t<li><a href='https:\/\/xinshengmanufacture.com\/wp-content\/uploads\/2025\/04\/WeChat_20250416140435.mp4'>WeChat_20250416140435<\/a><\/li>\t<\/ol>\n\t<\/noscript>\n\t<script type=\"application\/json\" class=\"wp-playlist-script\">{\"type\":\"video\",\"tracklist\":false,\"tracknumbers\":true,\"images\":true,\"artists\":true,\"tracks\":[{\"src\":\"https:\/\/xinshengmanufacture.com\/wp-content\/uploads\/2025\/04\/WeChat_20250416140435.mp4\",\"type\":\"video\/mp4\",\"title\":\"WeChat_20250416140435\",\"caption\":\"\",\"description\":\"\",\"meta\":{\"length_formatted\":\"0:45\"},\"dimensions\":{\"original\":{\"width\":1280,\"height\":720},\"resized\":{\"width\":1408,\"height\":792}},\"image\":{\"src\":\"https:\/\/xinshengmanufacture.com\/wp-includes\/images\/media\/video.svg\",\"width\":48,\"height\":64},\"thumb\":{\"src\":\"https:\/\/xinshengmanufacture.com\/wp-includes\/images\/media\/video.svg\",\"width\":48,\"height\":64}}]}<\/script>\n<\/div>\n\t\n<p style=\"text-align: center;\"><img fetchpriority=\"high\" decoding=\"async\" class=\"size-full wp-image-4058 aligncenter\" src=\"https:\/\/xinshengmanufacture.com\/wp-content\/uploads\/2025\/04\/%E8%B6%85%E5%B7%A5%E5%AE%9A%E5%88%B6%E8%8B%B1%E6%96%87_01-3.jpg\" alt=\"\" width=\"790\" height=\"1223\"><img decoding=\"async\" class=\"size-full wp-image-4059 aligncenter\" src=\"https:\/\/xinshengmanufacture.com\/wp-content\/uploads\/2025\/04\/%E8%B6%85%E5%B7%A5%E5%AE%9A%E5%88%B6%E8%8B%B1%E6%96%87_02-3.jpg\" alt=\"\" width=\"790\" height=\"694\"><img decoding=\"async\" class=\"size-full wp-image-4060 aligncenter\" src=\"https:\/\/xinshengmanufacture.com\/wp-content\/uploads\/2025\/04\/%E8%B6%85%E5%B7%A5%E5%AE%9A%E5%88%B6%E8%8B%B1%E6%96%87_03-3.jpg\" alt=\"\" width=\"790\" height=\"1029\"><img loading=\"lazy\" decoding=\"async\" class=\"size-full wp-image-4061 aligncenter\" src=\"https:\/\/xinshengmanufacture.com\/wp-content\/uploads\/2025\/04\/%E8%B6%85%E5%B7%A5%E5%AE%9A%E5%88%B6%E8%8B%B1%E6%96%87_04-3.jpg\" alt=\"\" width=\"790\" height=\"1156\"><img loading=\"lazy\" decoding=\"async\" class=\"size-full wp-image-4062 aligncenter\" src=\"https:\/\/xinshengmanufacture.com\/wp-content\/uploads\/2025\/04\/%E8%B6%85%E5%B7%A5%E5%AE%9A%E5%88%B6%E8%8B%B1%E6%96%87_05-3.jpg\" alt=\"\" width=\"790\" height=\"1486\"><img loading=\"lazy\" decoding=\"async\" class=\"size-full wp-image-4162 aligncenter\" src=\"https:\/\/xinshengmanufacture.com\/wp-content\/uploads\/2025\/04\/1%E5%A4%96_01.jpg\" alt=\"\" width=\"786\" height=\"1176\"> <img loading=\"lazy\" decoding=\"async\" class=\"size-full wp-image-4163 aligncenter\" src=\"https:\/\/xinshengmanufacture.com\/wp-content\/uploads\/2025\/04\/1%E5%A4%96_02.jpg\" alt=\"\" width=\"786\" height=\"1136\"> <img loading=\"lazy\" decoding=\"async\" class=\"size-full wp-image-4164 aligncenter\" src=\"https:\/\/xinshengmanufacture.com\/wp-content\/uploads\/2025\/04\/1%E5%A4%96_03.jpg\" alt=\"\" width=\"786\" height=\"1254\"> <img loading=\"lazy\" decoding=\"async\" class=\"size-full wp-image-4165 aligncenter\" src=\"https:\/\/xinshengmanufacture.com\/wp-content\/uploads\/2025\/04\/1%E5%A4%96_04.jpg\" alt=\"\" width=\"786\" height=\"1463\"> <img loading=\"lazy\" decoding=\"async\" class=\"size-full wp-image-4166 aligncenter\" src=\"https:\/\/xinshengmanufacture.com\/wp-content\/uploads\/2025\/04\/1%E5%A4%96_05.jpg\" alt=\"\" width=\"786\" height=\"1330\"> <img loading=\"lazy\" decoding=\"async\" class=\"size-full wp-image-4167 aligncenter\" src=\"https:\/\/xinshengmanufacture.com\/wp-content\/uploads\/2025\/04\/1%E5%A4%96_06.jpg\" alt=\"\" width=\"786\" height=\"1930\"> <img loading=\"lazy\" decoding=\"async\" class=\"size-full wp-image-4168 aligncenter\" src=\"https:\/\/xinshengmanufacture.com\/wp-content\/uploads\/2025\/04\/1%E5%A4%96_07.jpg\" alt=\"\" width=\"786\" height=\"1269\"> <img loading=\"lazy\" decoding=\"async\" class=\"size-full wp-image-4169 aligncenter\" src=\"https:\/\/xinshengmanufacture.com\/wp-content\/uploads\/2025\/04\/1%E5%A4%96_08.jpg\" alt=\"\" width=\"786\" height=\"1003\"> <img loading=\"lazy\" decoding=\"async\" class=\"size-full wp-image-4170 aligncenter\" src=\"https:\/\/xinshengmanufacture.com\/wp-content\/uploads\/2025\/04\/1%E5%A4%96_09.jpg\" alt=\"\" width=\"786\" height=\"1724\"> <img loading=\"lazy\" decoding=\"async\" class=\"size-full wp-image-4171 aligncenter\" src=\"https:\/\/xinshengmanufacture.com\/wp-content\/uploads\/2025\/04\/1%E5%A4%96_10.jpg\" alt=\"\" width=\"786\" height=\"1590\"><\/p>\n","protected":false},"excerpt":{"rendered":"<p>Gi\u01b0\u1eddng massage \u0111i\u1ec7n th\u00f4ng minh sang tr\u1ecdng \u0111a ch\u1ee9c n\u0103ng c\u00f3 th\u1ec3 s\u1eed d\u1ee5ng \u1edf c\u00e1c trung t\u00e2m massage, ti\u1ec7m l\u00e0m t\u00f3c, trung t\u00e2m spa, v.v.<\/p>\n","protected":false},"featured_media":35506,"template":"","meta":{"_bst_post_transparent":"","_bst_post_title":"","_bst_post_layout":"","_bst_post_sidebar_id":"","_bst_post_content_style":"","_bst_post_vertical_padding":"","_bst_post_feature":"","_bst_post_feature_position":"","_bst_post_header":false,"_bst_post_footer":false},"product_brand":[1087],"product_cat":[879],"product_tag":[],"class_list":{"0":"post-35503","1":"product","2":"type-product","3":"status-publish","4":"has-post-thumbnail","6":"product_brand-xinsheng-vi","7":"product_cat-giuong-massage-dien","8":"pa_color-mau-sac-tuy-chinh","9":"pa_color-trang","10":"pa_size-190cm80cm80cm-vi","12":"first","13":"instock","14":"sale","15":"shipping-taxable","16":"purchasable","17":"product-type-variable","18":"entry","19":"content-bg","20":"loop-entry"},"_links":{"self":[{"href":"https:\/\/xinshengmanufacture.com\/vi\/wp-json\/wp\/v2\/product\/35503","targetHints":{"allow":["GET"]}}],"collection":[{"href":"https:\/\/xinshengmanufacture.com\/vi\/wp-json\/wp\/v2\/product"}],"about":[{"href":"https:\/\/xinshengmanufacture.com\/vi\/wp-json\/wp\/v2\/types\/product"}],"version-history":[{"count":2,"href":"https:\/\/xinshengmanufacture.com\/vi\/wp-json\/wp\/v2\/product\/35503\/revisions"}],"predecessor-version":[{"id":75079,"href":"https:\/\/xinshengmanufacture.com\/vi\/wp-json\/wp\/v2\/product\/35503\/revisions\/75079"}],"wp:featuredmedia":[{"embeddable":true,"href":"https:\/\/xinshengmanufacture.com\/vi\/wp-json\/wp\/v2\/media\/35506"}],"wp:attachment":[{"href":"https:\/\/xinshengmanufacture.com\/vi\/wp-json\/wp\/v2\/media?parent=35503"}],"wp:term":[{"taxonomy":"product_brand","embeddable":true,"href":"https:\/\/xinshengmanufacture.com\/vi\/wp-json\/wp\/v2\/product_brand?post=35503"},{"taxonomy":"product_cat","embeddable":true,"href":"https:\/\/xinshengmanufacture.com\/vi\/wp-json\/wp\/v2\/product_cat?post=35503"},{"taxonomy":"product_tag","embeddable":true,"href":"https:\/\/xinshengmanufacture.com\/vi\/wp-json\/wp\/v2\/product_tag?post=35503"}],"curies":[{"name":"wp","href":"https:\/\/api.w.org\/{rel}","templated":true}]}}