{"id":35855,"date":"2025-04-16T03:32:16","date_gmt":"2025-04-16T03:32:16","guid":{"rendered":"https:\/\/xinshengmanufacture.com\/product\/giuong-tham-my-thong-minh-dien-da-nang-3-dong-co-dieu-khien-trung-tam-lam-dep-massage-mat-tri-lieu-dau-giuong-ban-spa-thiet-bi-tham-my-vien\/"},"modified":"2025-08-26T08:05:01","modified_gmt":"2025-08-26T08:05:01","slug":"giuong-tham-my-thong-minh-dien-da-nang-3-dong-co-dieu-khien-trung-tam-lam-dep-massage-mat-tri-lieu-dau-giuong-ban-spa-thiet-bi-tham-my-vien","status":"publish","type":"product","link":"https:\/\/xinshengmanufacture.com\/vi\/product\/giuong-tham-my-thong-minh-dien-da-nang-3-dong-co-dieu-khien-trung-tam-lam-dep-massage-mat-tri-lieu-dau-giuong-ban-spa-thiet-bi-tham-my-vien\/","title":{"rendered":"Gi\u01b0\u1eddng th\u1ea9m m\u1ef9 th\u00f4ng minh \u0111i\u1ec7n \u0111a n\u0103ng 3 \u0111\u1ed9ng c\u01a1 \u0111i\u1ec1u khi\u1ec3n trung t\u00e2m l\u00e0m \u0111\u1eb9p massage m\u1eb7t tr\u1ecb li\u1ec7u \u0111\u1ea7u gi\u01b0\u1eddng b\u00e0n spa thi\u1ebft b\u1ecb th\u1ea9m m\u1ef9 vi\u1ec7n"},"content":{"rendered":"<div class=\"wp-playlist wp-video-playlist wp-playlist-light\">\n\t\t<video controls=\"controls\" preload=\"none\" width=\"1408\"\n\t\t height=\"2503\"\t><\/video>\n\t<div class=\"wp-playlist-next\"><\/div>\n\t<div class=\"wp-playlist-prev\"><\/div>\n\t<noscript>\n\t<ol>\n\t\t<li><a href='https:\/\/xinshengmanufacture.com\/wp-content\/uploads\/2025\/04\/WeChat_20250416113004.mp4'>WeChat_20250416113004<\/a><\/li>\t<\/ol>\n\t<\/noscript>\n\t<script type=\"application\/json\" class=\"wp-playlist-script\">{\"type\":\"video\",\"tracklist\":false,\"tracknumbers\":true,\"images\":true,\"artists\":true,\"tracks\":[{\"src\":\"https:\/\/xinshengmanufacture.com\/wp-content\/uploads\/2025\/04\/WeChat_20250416113004.mp4\",\"type\":\"video\/mp4\",\"title\":\"WeChat_20250416113004\",\"caption\":\"\",\"description\":\"\",\"meta\":{\"length_formatted\":\"0:45\"},\"dimensions\":{\"original\":{\"width\":1080,\"height\":1920},\"resized\":{\"width\":1408,\"height\":2503}},\"image\":{\"src\":\"https:\/\/xinshengmanufacture.com\/wp-includes\/images\/media\/video.svg\",\"width\":48,\"height\":64},\"thumb\":{\"src\":\"https:\/\/xinshengmanufacture.com\/wp-includes\/images\/media\/video.svg\",\"width\":48,\"height\":64}}]}<\/script>\n<\/div>\n\t\n<p style=\"text-align: center;\"><img fetchpriority=\"high\" decoding=\"async\" class=\"size-full wp-image-4058 aligncenter\" src=\"https:\/\/xinshengmanufacture.com\/wp-content\/uploads\/2025\/04\/%E8%B6%85%E5%B7%A5%E5%AE%9A%E5%88%B6%E8%8B%B1%E6%96%87_01-3.jpg\" alt=\"\" width=\"790\" height=\"1223\"><img decoding=\"async\" class=\"size-full wp-image-4059 aligncenter\" src=\"https:\/\/xinshengmanufacture.com\/wp-content\/uploads\/2025\/04\/%E8%B6%85%E5%B7%A5%E5%AE%9A%E5%88%B6%E8%8B%B1%E6%96%87_02-3.jpg\" alt=\"\" width=\"790\" height=\"694\"><img decoding=\"async\" class=\"size-full wp-image-4060 aligncenter\" src=\"https:\/\/xinshengmanufacture.com\/wp-content\/uploads\/2025\/04\/%E8%B6%85%E5%B7%A5%E5%AE%9A%E5%88%B6%E8%8B%B1%E6%96%87_03-3.jpg\" alt=\"\" width=\"790\" height=\"1029\"><img loading=\"lazy\" decoding=\"async\" class=\"size-full wp-image-4061 aligncenter\" src=\"https:\/\/xinshengmanufacture.com\/wp-content\/uploads\/2025\/04\/%E8%B6%85%E5%B7%A5%E5%AE%9A%E5%88%B6%E8%8B%B1%E6%96%87_04-3.jpg\" alt=\"\" width=\"790\" height=\"1156\"><img loading=\"lazy\" decoding=\"async\" class=\"size-full wp-image-4062 aligncenter\" src=\"https:\/\/xinshengmanufacture.com\/wp-content\/uploads\/2025\/04\/%E8%B6%85%E5%B7%A5%E5%AE%9A%E5%88%B6%E8%8B%B1%E6%96%87_05-3.jpg\" alt=\"\" width=\"790\" height=\"1486\"><img loading=\"lazy\" decoding=\"async\" class=\"size-full wp-image-4143 aligncenter\" src=\"https:\/\/xinshengmanufacture.com\/wp-content\/uploads\/2025\/04\/%E7%BE%8E%E5%AE%B9%E6%A4%85_01.jpg\" alt=\"\" width=\"790\" height=\"1134\"> <img loading=\"lazy\" decoding=\"async\" class=\"size-full wp-image-4144 aligncenter\" src=\"https:\/\/xinshengmanufacture.com\/wp-content\/uploads\/2025\/04\/%E7%BE%8E%E5%AE%B9%E6%A4%85_02.jpg\" alt=\"\" width=\"790\" height=\"1206\"> <img loading=\"lazy\" decoding=\"async\" class=\"size-full wp-image-4145 aligncenter\" src=\"https:\/\/xinshengmanufacture.com\/wp-content\/uploads\/2025\/04\/%E7%BE%8E%E5%AE%B9%E6%A4%85_03.jpg\" alt=\"\" width=\"790\" height=\"963\"> <img loading=\"lazy\" decoding=\"async\" class=\"size-full wp-image-4146 aligncenter\" src=\"https:\/\/xinshengmanufacture.com\/wp-content\/uploads\/2025\/04\/%E7%BE%8E%E5%AE%B9%E6%A4%85_04.jpg\" alt=\"\" width=\"790\" height=\"984\"> <img loading=\"lazy\" decoding=\"async\" class=\"size-full wp-image-4147 aligncenter\" src=\"https:\/\/xinshengmanufacture.com\/wp-content\/uploads\/2025\/04\/%E7%BE%8E%E5%AE%B9%E6%A4%85_05.jpg\" alt=\"\" width=\"790\" height=\"1087\"> <img loading=\"lazy\" decoding=\"async\" class=\"size-full wp-image-4148 aligncenter\" src=\"https:\/\/xinshengmanufacture.com\/wp-content\/uploads\/2025\/04\/%E7%BE%8E%E5%AE%B9%E6%A4%85_06.jpg\" alt=\"\" width=\"790\" height=\"1852\"> <img loading=\"lazy\" decoding=\"async\" class=\"size-full wp-image-4149 aligncenter\" src=\"https:\/\/xinshengmanufacture.com\/wp-content\/uploads\/2025\/04\/%E7%BE%8E%E5%AE%B9%E6%A4%85_07.jpg\" alt=\"\" width=\"790\" height=\"1664\"> <img loading=\"lazy\" decoding=\"async\" class=\"size-full wp-image-4150 aligncenter\" src=\"https:\/\/xinshengmanufacture.com\/wp-content\/uploads\/2025\/04\/%E7%BE%8E%E5%AE%B9%E6%A4%85_08.jpg\" alt=\"\" width=\"790\" height=\"2054\"> <img loading=\"lazy\" decoding=\"async\" class=\"size-full wp-image-4151 aligncenter\" src=\"https:\/\/xinshengmanufacture.com\/wp-content\/uploads\/2025\/04\/%E7%BE%8E%E5%AE%B9%E6%A4%85_09.jpg\" alt=\"\" width=\"790\" height=\"1952\"> <img loading=\"lazy\" decoding=\"async\" class=\"size-full wp-image-4152 aligncenter\" src=\"https:\/\/xinshengmanufacture.com\/wp-content\/uploads\/2025\/04\/%E7%BE%8E%E5%AE%B9%E6%A4%85_10.jpg\" alt=\"\" width=\"790\" height=\"1600\"> <img loading=\"lazy\" decoding=\"async\" class=\"size-full wp-image-4153 aligncenter\" src=\"https:\/\/xinshengmanufacture.com\/wp-content\/uploads\/2025\/04\/%E7%BE%8E%E5%AE%B9%E6%A4%85_11.jpg\" alt=\"\" width=\"790\" height=\"1600\"><\/p>\n","protected":false},"excerpt":{"rendered":"<p>Gi\u01b0\u1eddng th\u1ea9m m\u1ef9 th\u00f4ng minh \u0111i\u1ec7n \u0111a ch\u1ee9c n\u0103ng c\u00f3 th\u1ec3 \u0111\u01b0\u1ee3c s\u1eed d\u1ee5ng t\u1ea1i c\u00e1c trung t\u00e2m th\u1ea9m m\u1ef9, trung t\u00e2m massage, trung t\u00e2m \u0111i\u1ec1u d\u01b0\u1ee1ng, trung t\u00e2m spa tr\u1ecb li\u1ec7u \u0111\u1ea7u, v.v.<\/p>\n","protected":false},"featured_media":35860,"template":"","meta":{"_bst_post_transparent":"","_bst_post_title":"","_bst_post_layout":"","_bst_post_sidebar_id":"","_bst_post_content_style":"","_bst_post_vertical_padding":"","_bst_post_feature":"","_bst_post_feature_position":"","_bst_post_header":false,"_bst_post_footer":false},"product_brand":[1087],"product_cat":[819],"product_tag":[],"class_list":{"0":"post-35855","1":"product","2":"type-product","3":"status-publish","4":"has-post-thumbnail","6":"product_brand-xinsheng-vi","7":"product_cat-giuong-lam-dep","8":"pa_color-mau-sac-tuy-chinh","9":"pa_color-trang","10":"pa_size-190cm77cm88cm-vi","12":"first","13":"instock","14":"sale","15":"shipping-taxable","16":"purchasable","17":"product-type-variable","18":"entry","19":"content-bg","20":"loop-entry"},"_links":{"self":[{"href":"https:\/\/xinshengmanufacture.com\/vi\/wp-json\/wp\/v2\/product\/35855","targetHints":{"allow":["GET"]}}],"collection":[{"href":"https:\/\/xinshengmanufacture.com\/vi\/wp-json\/wp\/v2\/product"}],"about":[{"href":"https:\/\/xinshengmanufacture.com\/vi\/wp-json\/wp\/v2\/types\/product"}],"version-history":[{"count":2,"href":"https:\/\/xinshengmanufacture.com\/vi\/wp-json\/wp\/v2\/product\/35855\/revisions"}],"predecessor-version":[{"id":75077,"href":"https:\/\/xinshengmanufacture.com\/vi\/wp-json\/wp\/v2\/product\/35855\/revisions\/75077"}],"wp:featuredmedia":[{"embeddable":true,"href":"https:\/\/xinshengmanufacture.com\/vi\/wp-json\/wp\/v2\/media\/35860"}],"wp:attachment":[{"href":"https:\/\/xinshengmanufacture.com\/vi\/wp-json\/wp\/v2\/media?parent=35855"}],"wp:term":[{"taxonomy":"product_brand","embeddable":true,"href":"https:\/\/xinshengmanufacture.com\/vi\/wp-json\/wp\/v2\/product_brand?post=35855"},{"taxonomy":"product_cat","embeddable":true,"href":"https:\/\/xinshengmanufacture.com\/vi\/wp-json\/wp\/v2\/product_cat?post=35855"},{"taxonomy":"product_tag","embeddable":true,"href":"https:\/\/xinshengmanufacture.com\/vi\/wp-json\/wp\/v2\/product_tag?post=35855"}],"curies":[{"name":"wp","href":"https:\/\/api.w.org\/{rel}","templated":true}]}}