{"id":37477,"date":"2025-04-15T07:13:47","date_gmt":"2025-04-15T07:13:47","guid":{"rendered":"https:\/\/xinshengmanufacture.com\/product\/noi-that-salon-toc-sang-trong-voi-anh-sang-bau-khong-khi-da-chuc-nang-giuong-massage-thong-minh-dien-giuong-goi-dau-salon-thiet-bi-noi-that-salon\/"},"modified":"2025-08-26T08:05:00","modified_gmt":"2025-08-26T08:05:00","slug":"noi-that-salon-toc-sang-trong-voi-anh-sang-bau-khong-khi-da-chuc-nang-giuong-massage-thong-minh-dien-giuong-goi-dau-salon-thiet-bi-noi-that-salon","status":"publish","type":"product","link":"https:\/\/xinshengmanufacture.com\/vi\/product\/noi-that-salon-toc-sang-trong-voi-anh-sang-bau-khong-khi-da-chuc-nang-giuong-massage-thong-minh-dien-giuong-goi-dau-salon-thiet-bi-noi-that-salon\/","title":{"rendered":"N\u1ed9i th\u1ea5t salon t\u00f3c sang tr\u1ecdng v\u1edbi \u00e1nh s\u00e1ng b\u1ea7u kh\u00f4ng kh\u00ed \u0111a ch\u1ee9c n\u0103ng gi\u01b0\u1eddng massage th\u00f4ng minh \u0111i\u1ec7n gi\u01b0\u1eddng g\u1ed9i \u0111\u1ea7u salon thi\u1ebft b\u1ecb n\u1ed9i th\u1ea5t salon"},"content":{"rendered":"<div class=\"wp-playlist wp-video-playlist wp-playlist-light\">\n\t\t<video controls=\"controls\" preload=\"none\" width=\"1408\"\n\t\t height=\"2503\"\t><\/video>\n\t<div class=\"wp-playlist-next\"><\/div>\n\t<div class=\"wp-playlist-prev\"><\/div>\n\t<noscript>\n\t<ol>\n\t\t<li><a href='https:\/\/xinshengmanufacture.com\/wp-content\/uploads\/2025\/04\/WeChat_20250415151114.mp4'>WeChat_20250415151114<\/a><\/li>\t<\/ol>\n\t<\/noscript>\n\t<script type=\"application\/json\" class=\"wp-playlist-script\">{\"type\":\"video\",\"tracklist\":false,\"tracknumbers\":true,\"images\":true,\"artists\":true,\"tracks\":[{\"src\":\"https:\/\/xinshengmanufacture.com\/wp-content\/uploads\/2025\/04\/WeChat_20250415151114.mp4\",\"type\":\"video\/mp4\",\"title\":\"WeChat_20250415151114\",\"caption\":\"\",\"description\":\"\",\"meta\":{\"length_formatted\":\"0:45\"},\"dimensions\":{\"original\":{\"width\":1080,\"height\":1920},\"resized\":{\"width\":1408,\"height\":2503}},\"image\":{\"src\":\"https:\/\/xinshengmanufacture.com\/wp-includes\/images\/media\/video.svg\",\"width\":48,\"height\":64},\"thumb\":{\"src\":\"https:\/\/xinshengmanufacture.com\/wp-includes\/images\/media\/video.svg\",\"width\":48,\"height\":64}}]}<\/script>\n<\/div>\n\t\n<p style=\"text-align: center;\"><img fetchpriority=\"high\" decoding=\"async\" class=\"size-full wp-image-4033 aligncenter\" src=\"https:\/\/xinshengmanufacture.com\/wp-content\/uploads\/2025\/04\/%E8%B6%85%E5%B7%A5%E5%AE%9A%E5%88%B6%E8%8B%B1%E6%96%87_01-2.jpg\" alt=\"\" width=\"790\" height=\"1223\"><img decoding=\"async\" class=\"size-full wp-image-4034 aligncenter\" src=\"https:\/\/xinshengmanufacture.com\/wp-content\/uploads\/2025\/04\/%E8%B6%85%E5%B7%A5%E5%AE%9A%E5%88%B6%E8%8B%B1%E6%96%87_02-2.jpg\" alt=\"\" width=\"790\" height=\"694\"><img decoding=\"async\" class=\"size-full wp-image-4035 aligncenter\" src=\"https:\/\/xinshengmanufacture.com\/wp-content\/uploads\/2025\/04\/%E8%B6%85%E5%B7%A5%E5%AE%9A%E5%88%B6%E8%8B%B1%E6%96%87_03-2.jpg\" alt=\"\" width=\"790\" height=\"1029\"><img loading=\"lazy\" decoding=\"async\" class=\"size-full wp-image-4036 aligncenter\" src=\"https:\/\/xinshengmanufacture.com\/wp-content\/uploads\/2025\/04\/%E8%B6%85%E5%B7%A5%E5%AE%9A%E5%88%B6%E8%8B%B1%E6%96%87_04-2.jpg\" alt=\"\" width=\"790\" height=\"1156\"><img loading=\"lazy\" decoding=\"async\" class=\"size-full wp-image-4037 aligncenter\" src=\"https:\/\/xinshengmanufacture.com\/wp-content\/uploads\/2025\/04\/%E8%B6%85%E5%B7%A5%E5%AE%9A%E5%88%B6%E8%8B%B1%E6%96%87_05-2.jpg\" alt=\"\" width=\"790\" height=\"1486\"><img loading=\"lazy\" decoding=\"async\" class=\"size-full wp-image-4022 aligncenter\" src=\"https:\/\/xinshengmanufacture.com\/wp-content\/uploads\/2025\/04\/%E8%AF%A6%E6%83%85%E9%A1%B5-1-3.jpg\" alt=\"\" width=\"790\" height=\"1188\"> <img loading=\"lazy\" decoding=\"async\" class=\"size-full wp-image-4023 aligncenter\" src=\"https:\/\/xinshengmanufacture.com\/wp-content\/uploads\/2025\/04\/%E8%AF%A6%E6%83%85%E9%A1%B5-10-3.jpg\" alt=\"\" width=\"790\" height=\"1867\"> <img loading=\"lazy\" decoding=\"async\" class=\"size-full wp-image-4024 aligncenter\" src=\"https:\/\/xinshengmanufacture.com\/wp-content\/uploads\/2025\/04\/%E8%AF%A6%E6%83%85%E9%A1%B5-11-3.jpg\" alt=\"\" width=\"790\" height=\"1604\"> <img loading=\"lazy\" decoding=\"async\" class=\"size-full wp-image-4025 aligncenter\" src=\"https:\/\/xinshengmanufacture.com\/wp-content\/uploads\/2025\/04\/%E8%AF%A6%E6%83%85%E9%A1%B5-2-3.jpg\" alt=\"\" width=\"790\" height=\"1064\"> <img loading=\"lazy\" decoding=\"async\" class=\"size-full wp-image-4026 aligncenter\" src=\"https:\/\/xinshengmanufacture.com\/wp-content\/uploads\/2025\/04\/%E8%AF%A6%E6%83%85%E9%A1%B5-3-3.jpg\" alt=\"\" width=\"790\" height=\"1533\"> <img loading=\"lazy\" decoding=\"async\" class=\"size-full wp-image-4027 aligncenter\" src=\"https:\/\/xinshengmanufacture.com\/wp-content\/uploads\/2025\/04\/%E8%AF%A6%E6%83%85%E9%A1%B5-4-3.jpg\" alt=\"\" width=\"790\" height=\"1177\"> <img loading=\"lazy\" decoding=\"async\" class=\"size-full wp-image-4028 aligncenter\" src=\"https:\/\/xinshengmanufacture.com\/wp-content\/uploads\/2025\/04\/%E8%AF%A6%E6%83%85%E9%A1%B5-5-3.jpg\" alt=\"\" width=\"790\" height=\"1258\"> <img loading=\"lazy\" decoding=\"async\" class=\"size-full wp-image-4029 aligncenter\" src=\"https:\/\/xinshengmanufacture.com\/wp-content\/uploads\/2025\/04\/%E8%AF%A6%E6%83%85%E9%A1%B5-6-3.jpg\" alt=\"\" width=\"790\" height=\"1245\"> <img loading=\"lazy\" decoding=\"async\" class=\"size-full wp-image-4030 aligncenter\" src=\"https:\/\/xinshengmanufacture.com\/wp-content\/uploads\/2025\/04\/%E8%AF%A6%E6%83%85%E9%A1%B5-7-3.jpg\" alt=\"\" width=\"790\" height=\"1371\"> <img loading=\"lazy\" decoding=\"async\" class=\"size-full wp-image-4031 aligncenter\" src=\"https:\/\/xinshengmanufacture.com\/wp-content\/uploads\/2025\/04\/%E8%AF%A6%E6%83%85%E9%A1%B5-8-3.jpg\" alt=\"\" width=\"790\" height=\"2032\"> <img loading=\"lazy\" decoding=\"async\" class=\"size-full wp-image-4032 aligncenter\" src=\"https:\/\/xinshengmanufacture.com\/wp-content\/uploads\/2025\/04\/%E8%AF%A6%E6%83%85%E9%A1%B5-9-3.jpg\" alt=\"\" width=\"790\" height=\"1241\"><\/p>\n","protected":false},"excerpt":{"rendered":"<p>Thi\u1ebft b\u1ecb gi\u01b0\u1eddng massage th\u00f4ng minh \u0111i\u1ec7n \u0111a ch\u1ee9c n\u0103ng c\u00f3 th\u1ec3 \u0111\u01b0\u1ee3c \u00e1p d\u1ee5ng cho c\u00e1c trung t\u00e2m l\u00e0m t\u00f3c, trung t\u00e2m l\u00e0m \u0111\u1eb9p, trung t\u00e2m massage, trung t\u00e2m spa, v.v.<\/p>\n","protected":false},"featured_media":37483,"template":"","meta":{"_bst_post_transparent":"","_bst_post_title":"","_bst_post_layout":"","_bst_post_sidebar_id":"","_bst_post_content_style":"","_bst_post_vertical_padding":"","_bst_post_feature":"","_bst_post_feature_position":"","_bst_post_header":false,"_bst_post_footer":false},"product_brand":[1087],"product_cat":[879],"product_tag":[],"class_list":{"0":"post-37477","1":"product","2":"type-product","3":"status-publish","4":"has-post-thumbnail","6":"product_brand-xinsheng-vi","7":"product_cat-giuong-massage-dien","8":"pa_color-mau-sac-tuy-chinh","9":"pa_color-trang","10":"pa_size-190cm80cm80cm-vi","12":"first","13":"instock","14":"sale","15":"shipping-taxable","16":"purchasable","17":"product-type-variable","18":"entry","19":"content-bg","20":"loop-entry"},"_links":{"self":[{"href":"https:\/\/xinshengmanufacture.com\/vi\/wp-json\/wp\/v2\/product\/37477","targetHints":{"allow":["GET"]}}],"collection":[{"href":"https:\/\/xinshengmanufacture.com\/vi\/wp-json\/wp\/v2\/product"}],"about":[{"href":"https:\/\/xinshengmanufacture.com\/vi\/wp-json\/wp\/v2\/types\/product"}],"version-history":[{"count":2,"href":"https:\/\/xinshengmanufacture.com\/vi\/wp-json\/wp\/v2\/product\/37477\/revisions"}],"predecessor-version":[{"id":75074,"href":"https:\/\/xinshengmanufacture.com\/vi\/wp-json\/wp\/v2\/product\/37477\/revisions\/75074"}],"wp:featuredmedia":[{"embeddable":true,"href":"https:\/\/xinshengmanufacture.com\/vi\/wp-json\/wp\/v2\/media\/37483"}],"wp:attachment":[{"href":"https:\/\/xinshengmanufacture.com\/vi\/wp-json\/wp\/v2\/media?parent=37477"}],"wp:term":[{"taxonomy":"product_brand","embeddable":true,"href":"https:\/\/xinshengmanufacture.com\/vi\/wp-json\/wp\/v2\/product_brand?post=37477"},{"taxonomy":"product_cat","embeddable":true,"href":"https:\/\/xinshengmanufacture.com\/vi\/wp-json\/wp\/v2\/product_cat?post=37477"},{"taxonomy":"product_tag","embeddable":true,"href":"https:\/\/xinshengmanufacture.com\/vi\/wp-json\/wp\/v2\/product_tag?post=37477"}],"curies":[{"name":"wp","href":"https:\/\/api.w.org\/{rel}","templated":true}]}}