{"id":37678,"date":"2025-04-15T06:10:17","date_gmt":"2025-04-15T06:10:17","guid":{"rendered":"https:\/\/xinshengmanufacture.com\/product\/giuong-massage-dien-da-chuc-nang-sang-trong-giuong-goi-dau-thiet-bi-spa-do-noi-that-thuong-mai-cho-tiem-lam-toc\/"},"modified":"2025-08-26T08:05:00","modified_gmt":"2025-08-26T08:05:00","slug":"giuong-massage-dien-da-chuc-nang-sang-trong-giuong-goi-dau-thiet-bi-spa-do-noi-that-thuong-mai-cho-tiem-lam-toc","status":"publish","type":"product","link":"https:\/\/xinshengmanufacture.com\/vi\/product\/giuong-massage-dien-da-chuc-nang-sang-trong-giuong-goi-dau-thiet-bi-spa-do-noi-that-thuong-mai-cho-tiem-lam-toc\/","title":{"rendered":"Gi\u01b0\u1eddng massage \u0111i\u1ec7n \u0111a ch\u1ee9c n\u0103ng sang tr\u1ecdng, gi\u01b0\u1eddng g\u1ed9i \u0111\u1ea7u, thi\u1ebft b\u1ecb spa, \u0111\u1ed3 n\u1ed9i th\u1ea5t th\u01b0\u01a1ng m\u1ea1i cho ti\u1ec7m l\u00e0m t\u00f3c"},"content":{"rendered":"<div class=\"wp-playlist wp-video-playlist wp-playlist-light\">\n\t\t<video controls=\"controls\" preload=\"none\" width=\"1408\"\n\t\t height=\"792\"\t><\/video>\n\t<div class=\"wp-playlist-next\"><\/div>\n\t<div class=\"wp-playlist-prev\"><\/div>\n\t<noscript>\n\t<ol>\n\t\t<li><a href='https:\/\/xinshengmanufacture.com\/wp-content\/uploads\/2025\/04\/WeChat_20250415115023.mp4'>WeChat_20250415115023<\/a><\/li>\t<\/ol>\n\t<\/noscript>\n\t<script type=\"application\/json\" class=\"wp-playlist-script\">{\"type\":\"video\",\"tracklist\":false,\"tracknumbers\":true,\"images\":true,\"artists\":true,\"tracks\":[{\"src\":\"https:\/\/xinshengmanufacture.com\/wp-content\/uploads\/2025\/04\/WeChat_20250415115023.mp4\",\"type\":\"video\/mp4\",\"title\":\"WeChat_20250415115023\",\"caption\":\"\",\"description\":\"\",\"meta\":{\"length_formatted\":\"0:41\"},\"dimensions\":{\"original\":{\"width\":1920,\"height\":1080},\"resized\":{\"width\":1408,\"height\":792}},\"image\":{\"src\":\"https:\/\/xinshengmanufacture.com\/wp-includes\/images\/media\/video.svg\",\"width\":48,\"height\":64},\"thumb\":{\"src\":\"https:\/\/xinshengmanufacture.com\/wp-includes\/images\/media\/video.svg\",\"width\":48,\"height\":64}}]}<\/script>\n<\/div>\n\t\n<p style=\"text-align: center;\"><img fetchpriority=\"high\" decoding=\"async\" class=\"size-full wp-image-4006 aligncenter\" src=\"https:\/\/xinshengmanufacture.com\/wp-content\/uploads\/2025\/04\/%E8%B6%85%E5%B7%A5%E5%AE%9A%E5%88%B6%E8%8B%B1%E6%96%87_01-1.jpg\" alt=\"\" width=\"790\" height=\"1223\"><img decoding=\"async\" class=\"size-full wp-image-4007 aligncenter\" src=\"https:\/\/xinshengmanufacture.com\/wp-content\/uploads\/2025\/04\/%E8%B6%85%E5%B7%A5%E5%AE%9A%E5%88%B6%E8%8B%B1%E6%96%87_02-1.jpg\" alt=\"\" width=\"790\" height=\"694\"><img decoding=\"async\" class=\"size-full wp-image-4008 aligncenter\" src=\"https:\/\/xinshengmanufacture.com\/wp-content\/uploads\/2025\/04\/%E8%B6%85%E5%B7%A5%E5%AE%9A%E5%88%B6%E8%8B%B1%E6%96%87_03-1.jpg\" alt=\"\" width=\"790\" height=\"1029\"><img loading=\"lazy\" decoding=\"async\" class=\"size-full wp-image-4009 aligncenter\" src=\"https:\/\/xinshengmanufacture.com\/wp-content\/uploads\/2025\/04\/%E8%B6%85%E5%B7%A5%E5%AE%9A%E5%88%B6%E8%8B%B1%E6%96%87_04-1.jpg\" alt=\"\" width=\"790\" height=\"1156\"><img loading=\"lazy\" decoding=\"async\" class=\"size-full wp-image-4010 aligncenter\" src=\"https:\/\/xinshengmanufacture.com\/wp-content\/uploads\/2025\/04\/%E8%B6%85%E5%B7%A5%E5%AE%9A%E5%88%B6%E8%8B%B1%E6%96%87_05-1.jpg\" alt=\"\" width=\"790\" height=\"1486\"><img loading=\"lazy\" decoding=\"async\" class=\"size-full wp-image-3994 aligncenter\" src=\"https:\/\/xinshengmanufacture.com\/wp-content\/uploads\/2025\/04\/%E8%AF%A6%E6%83%85%E9%A1%B5-1-2.jpg\" alt=\"\" width=\"790\" height=\"1127\"> <img loading=\"lazy\" decoding=\"async\" class=\"size-full wp-image-3995 aligncenter\" src=\"https:\/\/xinshengmanufacture.com\/wp-content\/uploads\/2025\/04\/%E8%AF%A6%E6%83%85%E9%A1%B5-10-2.jpg\" alt=\"\" width=\"790\" height=\"1163\"> <img loading=\"lazy\" decoding=\"async\" class=\"size-full wp-image-3996 aligncenter\" src=\"https:\/\/xinshengmanufacture.com\/wp-content\/uploads\/2025\/04\/%E8%AF%A6%E6%83%85%E9%A1%B5-11-2.jpg\" alt=\"\" width=\"790\" height=\"1861\"> <img loading=\"lazy\" decoding=\"async\" class=\"size-full wp-image-3997 aligncenter\" src=\"https:\/\/xinshengmanufacture.com\/wp-content\/uploads\/2025\/04\/%E8%AF%A6%E6%83%85%E9%A1%B5-12-2.jpg\" alt=\"\" width=\"790\" height=\"1638\"> <img loading=\"lazy\" decoding=\"async\" class=\"size-full wp-image-3998 aligncenter\" src=\"https:\/\/xinshengmanufacture.com\/wp-content\/uploads\/2025\/04\/%E8%AF%A6%E6%83%85%E9%A1%B5-2-2.jpg\" alt=\"\" width=\"790\" height=\"1086\"> <img loading=\"lazy\" decoding=\"async\" class=\"size-full wp-image-3999 aligncenter\" src=\"https:\/\/xinshengmanufacture.com\/wp-content\/uploads\/2025\/04\/%E8%AF%A6%E6%83%85%E9%A1%B5-3-2.jpg\" alt=\"\" width=\"790\" height=\"1144\"> <img loading=\"lazy\" decoding=\"async\" class=\"size-full wp-image-4000 aligncenter\" src=\"https:\/\/xinshengmanufacture.com\/wp-content\/uploads\/2025\/04\/%E8%AF%A6%E6%83%85%E9%A1%B5-4-2.jpg\" alt=\"\" width=\"790\" height=\"1167\"> <img loading=\"lazy\" decoding=\"async\" class=\"size-full wp-image-4001 aligncenter\" src=\"https:\/\/xinshengmanufacture.com\/wp-content\/uploads\/2025\/04\/%E8%AF%A6%E6%83%85%E9%A1%B5-5-2.jpg\" alt=\"\" width=\"790\" height=\"1255\"> <img loading=\"lazy\" decoding=\"async\" class=\"size-full wp-image-4002 aligncenter\" src=\"https:\/\/xinshengmanufacture.com\/wp-content\/uploads\/2025\/04\/%E8%AF%A6%E6%83%85%E9%A1%B5-6-2.jpg\" alt=\"\" width=\"790\" height=\"1362\"> <img loading=\"lazy\" decoding=\"async\" class=\"size-full wp-image-4003 aligncenter\" src=\"https:\/\/xinshengmanufacture.com\/wp-content\/uploads\/2025\/04\/%E8%AF%A6%E6%83%85%E9%A1%B5-7-2.jpg\" alt=\"\" width=\"790\" height=\"1237\"> <img loading=\"lazy\" decoding=\"async\" class=\"size-full wp-image-4004 aligncenter\" src=\"https:\/\/xinshengmanufacture.com\/wp-content\/uploads\/2025\/04\/%E8%AF%A6%E6%83%85%E9%A1%B5-8-2.jpg\" alt=\"\" width=\"790\" height=\"795\"> <img loading=\"lazy\" decoding=\"async\" class=\"size-full wp-image-4005 aligncenter\" src=\"https:\/\/xinshengmanufacture.com\/wp-content\/uploads\/2025\/04\/%E8%AF%A6%E6%83%85%E9%A1%B5-9-2.jpg\" alt=\"\" width=\"790\" height=\"1259\"><\/p>\n","protected":false},"excerpt":{"rendered":"<p>Gi\u01b0\u1eddng g\u1ed9i \u0111\u1ea7u massage \u0111i\u1ec7n \u0111a n\u0103ng c\u00f3 th\u1ec3 s\u1eed d\u1ee5ng \u1edf c\u00e1c trung t\u00e2m massage, ph\u00f2ng t\u1eafm, th\u1ea9m m\u1ef9 vi\u1ec7n, trung t\u00e2m l\u00e0m \u0111\u1eb9p, v.v.<\/p>\n","protected":false},"featured_media":37680,"template":"","meta":{"_bst_post_transparent":"","_bst_post_title":"","_bst_post_layout":"","_bst_post_sidebar_id":"","_bst_post_content_style":"","_bst_post_vertical_padding":"","_bst_post_feature":"","_bst_post_feature_position":"","_bst_post_header":false,"_bst_post_footer":false},"product_brand":[1087],"product_cat":[879],"product_tag":[],"class_list":{"0":"post-37678","1":"product","2":"type-product","3":"status-publish","4":"has-post-thumbnail","6":"product_brand-xinsheng-vi","7":"product_cat-giuong-massage-dien","8":"pa_color-den","9":"pa_color-mau-sac-tuy-chinh","10":"pa_size-190cm74cm60cm-vi","12":"first","13":"instock","14":"sale","15":"shipping-taxable","16":"purchasable","17":"product-type-variable","18":"entry","19":"content-bg","20":"loop-entry"},"_links":{"self":[{"href":"https:\/\/xinshengmanufacture.com\/vi\/wp-json\/wp\/v2\/product\/37678","targetHints":{"allow":["GET"]}}],"collection":[{"href":"https:\/\/xinshengmanufacture.com\/vi\/wp-json\/wp\/v2\/product"}],"about":[{"href":"https:\/\/xinshengmanufacture.com\/vi\/wp-json\/wp\/v2\/types\/product"}],"version-history":[{"count":2,"href":"https:\/\/xinshengmanufacture.com\/vi\/wp-json\/wp\/v2\/product\/37678\/revisions"}],"predecessor-version":[{"id":75073,"href":"https:\/\/xinshengmanufacture.com\/vi\/wp-json\/wp\/v2\/product\/37678\/revisions\/75073"}],"wp:featuredmedia":[{"embeddable":true,"href":"https:\/\/xinshengmanufacture.com\/vi\/wp-json\/wp\/v2\/media\/37680"}],"wp:attachment":[{"href":"https:\/\/xinshengmanufacture.com\/vi\/wp-json\/wp\/v2\/media?parent=37678"}],"wp:term":[{"taxonomy":"product_brand","embeddable":true,"href":"https:\/\/xinshengmanufacture.com\/vi\/wp-json\/wp\/v2\/product_brand?post=37678"},{"taxonomy":"product_cat","embeddable":true,"href":"https:\/\/xinshengmanufacture.com\/vi\/wp-json\/wp\/v2\/product_cat?post=37678"},{"taxonomy":"product_tag","embeddable":true,"href":"https:\/\/xinshengmanufacture.com\/vi\/wp-json\/wp\/v2\/product_tag?post=37678"}],"curies":[{"name":"wp","href":"https:\/\/api.w.org\/{rel}","templated":true}]}}