{"id":37961,"date":"2025-04-15T03:09:13","date_gmt":"2025-04-15T03:09:13","guid":{"rendered":"https:\/\/xinshengmanufacture.com\/product\/giuong-massage-tham-my-vien-ma-vang-sang-trong-3-dong-co-dieu-chinh-dau-thong-minh-giuong-massage-spa-thiet-bi-noi-that-tham-my-vien\/"},"modified":"2025-08-26T08:04:57","modified_gmt":"2025-08-26T08:04:57","slug":"giuong-massage-tham-my-vien-ma-vang-sang-trong-3-dong-co-dieu-chinh-dau-thong-minh-giuong-massage-spa-thiet-bi-noi-that-tham-my-vien","status":"publish","type":"product","link":"https:\/\/xinshengmanufacture.com\/vi\/product\/giuong-massage-tham-my-vien-ma-vang-sang-trong-3-dong-co-dieu-chinh-dau-thong-minh-giuong-massage-spa-thiet-bi-noi-that-tham-my-vien\/","title":{"rendered":"Gi\u01b0\u1eddng massage th\u1ea9m m\u1ef9 vi\u1ec7n m\u1ea1 v\u00e0ng sang tr\u1ecdng 3 \u0111\u1ed9ng c\u01a1 \u0111i\u1ec1u ch\u1ec9nh \u0111\u1ea7u th\u00f4ng minh gi\u01b0\u1eddng massage spa thi\u1ebft b\u1ecb n\u1ed9i th\u1ea5t th\u1ea9m m\u1ef9 vi\u1ec7n"},"content":{"rendered":"<div class=\"wp-playlist wp-video-playlist wp-playlist-light\">\n\t\t<video controls=\"controls\" preload=\"none\" width=\"1408\"\n\t\t height=\"2503\"\t><\/video>\n\t<div class=\"wp-playlist-next\"><\/div>\n\t<div class=\"wp-playlist-prev\"><\/div>\n\t<noscript>\n\t<ol>\n\t\t<li><a href='https:\/\/xinshengmanufacture.com\/wp-content\/uploads\/2025\/04\/WeChat_20250415112023.mp4'>WeChat_20250415112023<\/a><\/li>\t<\/ol>\n\t<\/noscript>\n\t<script type=\"application\/json\" class=\"wp-playlist-script\">{\"type\":\"video\",\"tracklist\":false,\"tracknumbers\":true,\"images\":true,\"artists\":true,\"tracks\":[{\"src\":\"https:\/\/xinshengmanufacture.com\/wp-content\/uploads\/2025\/04\/WeChat_20250415112023.mp4\",\"type\":\"video\/mp4\",\"title\":\"WeChat_20250415112023\",\"caption\":\"\",\"description\":\"\",\"meta\":{\"length_formatted\":\"0:45\"},\"dimensions\":{\"original\":{\"width\":1080,\"height\":1920},\"resized\":{\"width\":1408,\"height\":2503}},\"image\":{\"src\":\"https:\/\/xinshengmanufacture.com\/wp-includes\/images\/media\/video.svg\",\"width\":48,\"height\":64},\"thumb\":{\"src\":\"https:\/\/xinshengmanufacture.com\/wp-includes\/images\/media\/video.svg\",\"width\":48,\"height\":64}}]}<\/script>\n<\/div>\n\t\n<p style=\"text-align: center;\"><img fetchpriority=\"high\" decoding=\"async\" class=\"size-full wp-image-3863 aligncenter\" src=\"https:\/\/xinshengmanufacture.com\/wp-content\/uploads\/2025\/04\/%E8%B6%85%E5%B7%A5%E5%AE%9A%E5%88%B6%E8%8B%B1%E6%96%87_01.jpg\" alt=\"\" width=\"790\" height=\"1223\"><img decoding=\"async\" class=\"size-full wp-image-3864 aligncenter\" src=\"https:\/\/xinshengmanufacture.com\/wp-content\/uploads\/2025\/04\/%E8%B6%85%E5%B7%A5%E5%AE%9A%E5%88%B6%E8%8B%B1%E6%96%87_02.jpg\" alt=\"\" width=\"790\" height=\"694\"><img decoding=\"async\" class=\"size-full wp-image-3865 aligncenter\" src=\"https:\/\/xinshengmanufacture.com\/wp-content\/uploads\/2025\/04\/%E8%B6%85%E5%B7%A5%E5%AE%9A%E5%88%B6%E8%8B%B1%E6%96%87_03.jpg\" alt=\"\" width=\"790\" height=\"1029\"><img loading=\"lazy\" decoding=\"async\" class=\"size-full wp-image-3866 aligncenter\" src=\"https:\/\/xinshengmanufacture.com\/wp-content\/uploads\/2025\/04\/%E8%B6%85%E5%B7%A5%E5%AE%9A%E5%88%B6%E8%8B%B1%E6%96%87_04.jpg\" alt=\"\" width=\"790\" height=\"1156\"><img loading=\"lazy\" decoding=\"async\" class=\"size-full wp-image-3867 aligncenter\" src=\"https:\/\/xinshengmanufacture.com\/wp-content\/uploads\/2025\/04\/%E8%B6%85%E5%B7%A5%E5%AE%9A%E5%88%B6%E8%8B%B1%E6%96%87_05.jpg\" alt=\"\" width=\"790\" height=\"1486\"><img loading=\"lazy\" decoding=\"async\" class=\"size-full wp-image-3972 aligncenter\" src=\"https:\/\/xinshengmanufacture.com\/wp-content\/uploads\/2025\/04\/%E6%9C%AA%E6%A0%87%E9%A2%98-2-%E6%81%A2%E5%A4%8D%E7%9A%84_01-2.jpg\" alt=\"\" width=\"790\" height=\"1342\"> <img loading=\"lazy\" decoding=\"async\" class=\"size-full wp-image-3973 aligncenter\" src=\"https:\/\/xinshengmanufacture.com\/wp-content\/uploads\/2025\/04\/%E6%9C%AA%E6%A0%87%E9%A2%98-2-%E6%81%A2%E5%A4%8D%E7%9A%84_02-2.jpg\" alt=\"\" width=\"790\" height=\"1518\"> <img loading=\"lazy\" decoding=\"async\" class=\"size-full wp-image-3974 aligncenter\" src=\"https:\/\/xinshengmanufacture.com\/wp-content\/uploads\/2025\/04\/%E6%9C%AA%E6%A0%87%E9%A2%98-2-%E6%81%A2%E5%A4%8D%E7%9A%84_03-2.jpg\" alt=\"\" width=\"790\" height=\"1298\"> <img loading=\"lazy\" decoding=\"async\" class=\"size-full wp-image-3975 aligncenter\" src=\"https:\/\/xinshengmanufacture.com\/wp-content\/uploads\/2025\/04\/%E6%9C%AA%E6%A0%87%E9%A2%98-2-%E6%81%A2%E5%A4%8D%E7%9A%84_04-2.jpg\" alt=\"\" width=\"790\" height=\"1172\"> <img loading=\"lazy\" decoding=\"async\" class=\"size-full wp-image-3976 aligncenter\" src=\"https:\/\/xinshengmanufacture.com\/wp-content\/uploads\/2025\/04\/%E6%9C%AA%E6%A0%87%E9%A2%98-2-%E6%81%A2%E5%A4%8D%E7%9A%84_05-2.jpg\" alt=\"\" width=\"790\" height=\"819\"> <img loading=\"lazy\" decoding=\"async\" class=\"size-full wp-image-3977 aligncenter\" src=\"https:\/\/xinshengmanufacture.com\/wp-content\/uploads\/2025\/04\/%E6%9C%AA%E6%A0%87%E9%A2%98-2-%E6%81%A2%E5%A4%8D%E7%9A%84_06-2.jpg\" alt=\"\" width=\"790\" height=\"1323\"> <img loading=\"lazy\" decoding=\"async\" class=\"size-full wp-image-3978 aligncenter\" src=\"https:\/\/xinshengmanufacture.com\/wp-content\/uploads\/2025\/04\/%E6%9C%AA%E6%A0%87%E9%A2%98-2-%E6%81%A2%E5%A4%8D%E7%9A%84_07-2.jpg\" alt=\"\" width=\"790\" height=\"1312\"> <img loading=\"lazy\" decoding=\"async\" class=\"size-full wp-image-3979 aligncenter\" src=\"https:\/\/xinshengmanufacture.com\/wp-content\/uploads\/2025\/04\/%E6%9C%AA%E6%A0%87%E9%A2%98-2-%E6%81%A2%E5%A4%8D%E7%9A%84_08-2.jpg\" alt=\"\" width=\"790\" height=\"1262\"> <img loading=\"lazy\" decoding=\"async\" class=\"size-full wp-image-3980 aligncenter\" src=\"https:\/\/xinshengmanufacture.com\/wp-content\/uploads\/2025\/04\/%E6%9C%AA%E6%A0%87%E9%A2%98-2-%E6%81%A2%E5%A4%8D%E7%9A%84_09-2.jpg\" alt=\"\" width=\"790\" height=\"1208\"> <img loading=\"lazy\" decoding=\"async\" class=\"size-full wp-image-3981 aligncenter\" src=\"https:\/\/xinshengmanufacture.com\/wp-content\/uploads\/2025\/04\/%E6%9C%AA%E6%A0%87%E9%A2%98-2-%E6%81%A2%E5%A4%8D%E7%9A%84_10-2.jpg\" alt=\"\" width=\"790\" height=\"1995\"> <img loading=\"lazy\" decoding=\"async\" class=\"size-full wp-image-3982 aligncenter\" src=\"https:\/\/xinshengmanufacture.com\/wp-content\/uploads\/2025\/04\/%E6%9C%AA%E6%A0%87%E9%A2%98-2-%E6%81%A2%E5%A4%8D%E7%9A%84_11-2.jpg\" alt=\"\" width=\"790\" height=\"1612\"><\/p>\n","protected":false},"excerpt":{"rendered":"<p>C\u00f3 th\u1ec3 s\u1eed d\u1ee5ng t\u1ea1i c\u00e1c trung t\u00e2m l\u00e0m \u0111\u1eb9p, th\u1ea9m m\u1ef9 vi\u1ec7n, trung t\u00e2m massage, trung t\u00e2m spa tr\u1ecb li\u1ec7u, v.v.<\/p>\n","protected":false},"featured_media":37969,"template":"","meta":{"_bst_post_transparent":"","_bst_post_title":"","_bst_post_layout":"","_bst_post_sidebar_id":"","_bst_post_content_style":"","_bst_post_vertical_padding":"","_bst_post_feature":"","_bst_post_feature_position":"","_bst_post_header":false,"_bst_post_footer":false},"product_brand":[1087],"product_cat":[819],"product_tag":[],"class_list":{"0":"post-37961","1":"product","2":"type-product","3":"status-publish","4":"has-post-thumbnail","6":"product_brand-xinsheng-vi","7":"product_cat-giuong-lam-dep","8":"pa_color-mau-sac-tuy-chinh","9":"pa_color-trang","10":"pa_size-185cm72cm82cm-vi","12":"first","13":"instock","14":"sale","15":"shipping-taxable","16":"purchasable","17":"product-type-variable","18":"entry","19":"content-bg","20":"loop-entry"},"_links":{"self":[{"href":"https:\/\/xinshengmanufacture.com\/vi\/wp-json\/wp\/v2\/product\/37961","targetHints":{"allow":["GET"]}}],"collection":[{"href":"https:\/\/xinshengmanufacture.com\/vi\/wp-json\/wp\/v2\/product"}],"about":[{"href":"https:\/\/xinshengmanufacture.com\/vi\/wp-json\/wp\/v2\/types\/product"}],"version-history":[{"count":2,"href":"https:\/\/xinshengmanufacture.com\/vi\/wp-json\/wp\/v2\/product\/37961\/revisions"}],"predecessor-version":[{"id":75072,"href":"https:\/\/xinshengmanufacture.com\/vi\/wp-json\/wp\/v2\/product\/37961\/revisions\/75072"}],"wp:featuredmedia":[{"embeddable":true,"href":"https:\/\/xinshengmanufacture.com\/vi\/wp-json\/wp\/v2\/media\/37969"}],"wp:attachment":[{"href":"https:\/\/xinshengmanufacture.com\/vi\/wp-json\/wp\/v2\/media?parent=37961"}],"wp:term":[{"taxonomy":"product_brand","embeddable":true,"href":"https:\/\/xinshengmanufacture.com\/vi\/wp-json\/wp\/v2\/product_brand?post=37961"},{"taxonomy":"product_cat","embeddable":true,"href":"https:\/\/xinshengmanufacture.com\/vi\/wp-json\/wp\/v2\/product_cat?post=37961"},{"taxonomy":"product_tag","embeddable":true,"href":"https:\/\/xinshengmanufacture.com\/vi\/wp-json\/wp\/v2\/product_tag?post=37961"}],"curies":[{"name":"wp","href":"https:\/\/api.w.org\/{rel}","templated":true}]}}