{"id":38042,"date":"2025-04-15T02:19:50","date_gmt":"2025-04-15T02:19:50","guid":{"rendered":"https:\/\/xinshengmanufacture.com\/product\/noi-that-salon-sang-trong-4-dong-co-giuong-massage-dien-thong-minh-tham-my-vien-giuong-tri-lieu-dau-thiet-bi-trung-tam-spa\/"},"modified":"2025-08-26T08:04:56","modified_gmt":"2025-08-26T08:04:56","slug":"noi-that-salon-sang-trong-4-dong-co-giuong-massage-dien-thong-minh-tham-my-vien-giuong-tri-lieu-dau-thiet-bi-trung-tam-spa","status":"publish","type":"product","link":"https:\/\/xinshengmanufacture.com\/vi\/product\/noi-that-salon-sang-trong-4-dong-co-giuong-massage-dien-thong-minh-tham-my-vien-giuong-tri-lieu-dau-thiet-bi-trung-tam-spa\/","title":{"rendered":"N\u1ed9i th\u1ea5t salon sang tr\u1ecdng 4 \u0111\u1ed9ng c\u01a1 gi\u01b0\u1eddng massage \u0111i\u1ec7n th\u00f4ng minh th\u1ea9m m\u1ef9 vi\u1ec7n gi\u01b0\u1eddng tr\u1ecb li\u1ec7u \u0111\u1ea7u thi\u1ebft b\u1ecb trung t\u00e2m spa"},"content":{"rendered":"<div class=\"wp-playlist wp-video-playlist wp-playlist-light\">\n\t\t<video controls=\"controls\" preload=\"none\" width=\"1408\"\n\t\t height=\"2503\"\t><\/video>\n\t<div class=\"wp-playlist-next\"><\/div>\n\t<div class=\"wp-playlist-prev\"><\/div>\n\t<noscript>\n\t<ol>\n\t\t<li><a href='https:\/\/xinshengmanufacture.com\/wp-content\/uploads\/2025\/04\/WeChat_20250415102422.mp4'>WeChat_20250415102422<\/a><\/li>\t<\/ol>\n\t<\/noscript>\n\t<script type=\"application\/json\" class=\"wp-playlist-script\">{\"type\":\"video\",\"tracklist\":false,\"tracknumbers\":true,\"images\":true,\"artists\":true,\"tracks\":[{\"src\":\"https:\/\/xinshengmanufacture.com\/wp-content\/uploads\/2025\/04\/WeChat_20250415102422.mp4\",\"type\":\"video\/mp4\",\"title\":\"WeChat_20250415102422\",\"caption\":\"\",\"description\":\"\",\"meta\":{\"length_formatted\":\"0:45\"},\"dimensions\":{\"original\":{\"width\":1080,\"height\":1920},\"resized\":{\"width\":1408,\"height\":2503}},\"image\":{\"src\":\"https:\/\/xinshengmanufacture.com\/wp-includes\/images\/media\/video.svg\",\"width\":48,\"height\":64},\"thumb\":{\"src\":\"https:\/\/xinshengmanufacture.com\/wp-includes\/images\/media\/video.svg\",\"width\":48,\"height\":64}}]}<\/script>\n<\/div>\n\t\n<p style=\"text-align: center;\"><img fetchpriority=\"high\" decoding=\"async\" class=\"size-full wp-image-3863 aligncenter\" src=\"https:\/\/xinshengmanufacture.com\/wp-content\/uploads\/2025\/04\/%E8%B6%85%E5%B7%A5%E5%AE%9A%E5%88%B6%E8%8B%B1%E6%96%87_01.jpg\" alt=\"\" width=\"790\" height=\"1223\"><img decoding=\"async\" class=\"size-full wp-image-3864 aligncenter\" src=\"https:\/\/xinshengmanufacture.com\/wp-content\/uploads\/2025\/04\/%E8%B6%85%E5%B7%A5%E5%AE%9A%E5%88%B6%E8%8B%B1%E6%96%87_02.jpg\" alt=\"\" width=\"790\" height=\"694\"><img decoding=\"async\" class=\"size-full wp-image-3865 aligncenter\" src=\"https:\/\/xinshengmanufacture.com\/wp-content\/uploads\/2025\/04\/%E8%B6%85%E5%B7%A5%E5%AE%9A%E5%88%B6%E8%8B%B1%E6%96%87_03.jpg\" alt=\"\" width=\"790\" height=\"1029\"><img loading=\"lazy\" decoding=\"async\" class=\"size-full wp-image-3866 aligncenter\" src=\"https:\/\/xinshengmanufacture.com\/wp-content\/uploads\/2025\/04\/%E8%B6%85%E5%B7%A5%E5%AE%9A%E5%88%B6%E8%8B%B1%E6%96%87_04.jpg\" alt=\"\" width=\"790\" height=\"1156\"><img loading=\"lazy\" decoding=\"async\" class=\"size-full wp-image-3867 aligncenter\" src=\"https:\/\/xinshengmanufacture.com\/wp-content\/uploads\/2025\/04\/%E8%B6%85%E5%B7%A5%E5%AE%9A%E5%88%B6%E8%8B%B1%E6%96%87_05.jpg\" alt=\"\" width=\"790\" height=\"1486\"><img loading=\"lazy\" decoding=\"async\" class=\"size-full wp-image-3950 aligncenter\" src=\"https:\/\/xinshengmanufacture.com\/wp-content\/uploads\/2025\/04\/%E8%AF%A6%E6%83%85%E9%A1%B5-1-1.jpg\" alt=\"\" width=\"790\" height=\"1220\"> <img loading=\"lazy\" decoding=\"async\" class=\"size-full wp-image-3951 aligncenter\" src=\"https:\/\/xinshengmanufacture.com\/wp-content\/uploads\/2025\/04\/%E8%AF%A6%E6%83%85%E9%A1%B5-10-1.jpg\" alt=\"\" width=\"790\" height=\"1766\"> <img loading=\"lazy\" decoding=\"async\" class=\"size-full wp-image-3952 aligncenter\" src=\"https:\/\/xinshengmanufacture.com\/wp-content\/uploads\/2025\/04\/%E8%AF%A6%E6%83%85%E9%A1%B5-11-1.jpg\" alt=\"\" width=\"790\" height=\"1801\"> <img loading=\"lazy\" decoding=\"async\" class=\"size-full wp-image-3953 aligncenter\" src=\"https:\/\/xinshengmanufacture.com\/wp-content\/uploads\/2025\/04\/%E8%AF%A6%E6%83%85%E9%A1%B5-12-1.jpg\" alt=\"\" width=\"790\" height=\"1600\"> <img loading=\"lazy\" decoding=\"async\" class=\"size-full wp-image-3954 aligncenter\" src=\"https:\/\/xinshengmanufacture.com\/wp-content\/uploads\/2025\/04\/%E8%AF%A6%E6%83%85%E9%A1%B5-2-1.jpg\" alt=\"\" width=\"790\" height=\"1035\"> <img loading=\"lazy\" decoding=\"async\" class=\"size-full wp-image-3955 aligncenter\" src=\"https:\/\/xinshengmanufacture.com\/wp-content\/uploads\/2025\/04\/%E8%AF%A6%E6%83%85%E9%A1%B5-3-1.jpg\" alt=\"\" width=\"790\" height=\"1193\"> <img loading=\"lazy\" decoding=\"async\" class=\"size-full wp-image-3956 aligncenter\" src=\"https:\/\/xinshengmanufacture.com\/wp-content\/uploads\/2025\/04\/%E8%AF%A6%E6%83%85%E9%A1%B5-4-1.jpg\" alt=\"\" width=\"790\" height=\"1176\"> <img loading=\"lazy\" decoding=\"async\" class=\"size-full wp-image-3957 aligncenter\" src=\"https:\/\/xinshengmanufacture.com\/wp-content\/uploads\/2025\/04\/%E8%AF%A6%E6%83%85%E9%A1%B5-5-1.jpg\" alt=\"\" width=\"790\" height=\"872\"> <img loading=\"lazy\" decoding=\"async\" class=\"size-full wp-image-3958 aligncenter\" src=\"https:\/\/xinshengmanufacture.com\/wp-content\/uploads\/2025\/04\/%E8%AF%A6%E6%83%85%E9%A1%B5-6-1.jpg\" alt=\"\" width=\"790\" height=\"1014\"> <img loading=\"lazy\" decoding=\"async\" class=\"size-full wp-image-3959 aligncenter\" src=\"https:\/\/xinshengmanufacture.com\/wp-content\/uploads\/2025\/04\/%E8%AF%A6%E6%83%85%E9%A1%B5-7-1.jpg\" alt=\"\" width=\"790\" height=\"1039\"> <img loading=\"lazy\" decoding=\"async\" class=\"size-full wp-image-3960 aligncenter\" src=\"https:\/\/xinshengmanufacture.com\/wp-content\/uploads\/2025\/04\/%E8%AF%A6%E6%83%85%E9%A1%B5-8-1.jpg\" alt=\"\" width=\"790\" height=\"1086\"> <img loading=\"lazy\" decoding=\"async\" class=\"size-full wp-image-3961 aligncenter\" src=\"https:\/\/xinshengmanufacture.com\/wp-content\/uploads\/2025\/04\/%E8%AF%A6%E6%83%85%E9%A1%B5-9-1.jpg\" alt=\"\" width=\"790\" height=\"1231\"><\/p>\n","protected":false},"excerpt":{"rendered":"<p>C\u00f3 th\u1ec3 s\u1eed d\u1ee5ng t\u1ea1i c\u00e1c trung t\u00e2m l\u00e0m \u0111\u1eb9p, trung t\u00e2m massage, trung t\u00e2m spa, v.v.<\/p>\n","protected":false},"featured_media":38044,"template":"","meta":{"_bst_post_transparent":"","_bst_post_title":"","_bst_post_layout":"","_bst_post_sidebar_id":"","_bst_post_content_style":"","_bst_post_vertical_padding":"","_bst_post_feature":"","_bst_post_feature_position":"","_bst_post_header":false,"_bst_post_footer":false},"product_brand":[1087],"product_cat":[819],"product_tag":[],"class_list":{"0":"post-38042","1":"product","2":"type-product","3":"status-publish","4":"has-post-thumbnail","6":"product_brand-xinsheng-vi","7":"product_cat-giuong-lam-dep","8":"pa_color-mau-sac-tuy-chinh","9":"pa_color-qua-mo","10":"pa_size-190cm76cm91cm-vi","12":"first","13":"instock","14":"sale","15":"shipping-taxable","16":"purchasable","17":"product-type-variable","18":"entry","19":"content-bg","20":"loop-entry"},"_links":{"self":[{"href":"https:\/\/xinshengmanufacture.com\/vi\/wp-json\/wp\/v2\/product\/38042","targetHints":{"allow":["GET"]}}],"collection":[{"href":"https:\/\/xinshengmanufacture.com\/vi\/wp-json\/wp\/v2\/product"}],"about":[{"href":"https:\/\/xinshengmanufacture.com\/vi\/wp-json\/wp\/v2\/types\/product"}],"version-history":[{"count":2,"href":"https:\/\/xinshengmanufacture.com\/vi\/wp-json\/wp\/v2\/product\/38042\/revisions"}],"predecessor-version":[{"id":75069,"href":"https:\/\/xinshengmanufacture.com\/vi\/wp-json\/wp\/v2\/product\/38042\/revisions\/75069"}],"wp:featuredmedia":[{"embeddable":true,"href":"https:\/\/xinshengmanufacture.com\/vi\/wp-json\/wp\/v2\/media\/38044"}],"wp:attachment":[{"href":"https:\/\/xinshengmanufacture.com\/vi\/wp-json\/wp\/v2\/media?parent=38042"}],"wp:term":[{"taxonomy":"product_brand","embeddable":true,"href":"https:\/\/xinshengmanufacture.com\/vi\/wp-json\/wp\/v2\/product_brand?post=38042"},{"taxonomy":"product_cat","embeddable":true,"href":"https:\/\/xinshengmanufacture.com\/vi\/wp-json\/wp\/v2\/product_cat?post=38042"},{"taxonomy":"product_tag","embeddable":true,"href":"https:\/\/xinshengmanufacture.com\/vi\/wp-json\/wp\/v2\/product_tag?post=38042"}],"curies":[{"name":"wp","href":"https:\/\/api.w.org\/{rel}","templated":true}]}}