{"id":38854,"date":"2025-05-15T06:51:55","date_gmt":"2025-05-15T06:51:55","guid":{"rendered":"https:\/\/xinshengmanufacture.com\/product\/do-noi-that-lam-toc-giuong-goi-dau-massage-dien-chat-luong-cao-khong-co-tay-vin-ben-canh-thiet-ke-giuong-goi-dau-trung-tam-massage-giuong-goi-dau-tham-my-vien-giuong-goi-dau-trung-tam-spa-thiet-bi-goi\/"},"modified":"2025-08-26T08:06:40","modified_gmt":"2025-08-26T08:06:40","slug":"do-noi-that-lam-toc-giuong-goi-dau-massage-dien-chat-luong-cao-khong-co-tay-vin-ben-canh-thiet-ke-giuong-goi-dau-trung-tam-massage-giuong-goi-dau-tham-my-vien-giuong-goi-dau-trung-tam-spa-thiet-bi-goi","status":"publish","type":"product","link":"https:\/\/xinshengmanufacture.com\/vi\/product\/do-noi-that-lam-toc-giuong-goi-dau-massage-dien-chat-luong-cao-khong-co-tay-vin-ben-canh-thiet-ke-giuong-goi-dau-trung-tam-massage-giuong-goi-dau-tham-my-vien-giuong-goi-dau-trung-tam-spa-thiet-bi-goi\/","title":{"rendered":"\u0110\u1ed3 n\u1ed9i th\u1ea5t l\u00e0m t\u00f3c Gi\u01b0\u1eddng g\u1ed9i \u0111\u1ea7u massage \u0111i\u1ec7n ch\u1ea5t l\u01b0\u1ee3ng cao kh\u00f4ng c\u00f3 tay v\u1ecbn b\u00ean c\u1ea1nh Thi\u1ebft k\u1ebf gi\u01b0\u1eddng g\u1ed9i \u0111\u1ea7u Trung t\u00e2m massage Gi\u01b0\u1eddng g\u1ed9i \u0111\u1ea7u Th\u1ea9m m\u1ef9 vi\u1ec7n Gi\u01b0\u1eddng g\u1ed9i \u0111\u1ea7u Trung t\u00e2m spa Thi\u1ebft b\u1ecb g\u1ed9i \u0111\u1ea7u"},"content":{"rendered":"<div class=\"wp-playlist wp-video-playlist wp-playlist-light\">\n\t\t<video controls=\"controls\" preload=\"none\" width=\"1408\"\n\t\t height=\"2503\"\t><\/video>\n\t<div class=\"wp-playlist-next\"><\/div>\n\t<div class=\"wp-playlist-prev\"><\/div>\n\t<noscript>\n\t<ol>\n\t\t<li><a href='https:\/\/xinshengmanufacture.com\/wp-content\/uploads\/2025\/05\/7.mp4'>7<\/a><\/li>\t<\/ol>\n\t<\/noscript>\n\t<script type=\"application\/json\" class=\"wp-playlist-script\">{\"type\":\"video\",\"tracklist\":false,\"tracknumbers\":true,\"images\":false,\"artists\":true,\"tracks\":[{\"src\":\"https:\/\/xinshengmanufacture.com\/wp-content\/uploads\/2025\/05\/7.mp4\",\"type\":\"video\/mp4\",\"title\":\"7\",\"caption\":\"\",\"description\":\"\",\"meta\":{\"length_formatted\":\"0:46\"},\"dimensions\":{\"original\":{\"width\":1080,\"height\":1920},\"resized\":{\"width\":1408,\"height\":2503}},\"image\":{\"src\":\"https:\/\/xinshengmanufacture.com\/wp-includes\/images\/media\/video.svg\",\"width\":48,\"height\":64},\"thumb\":{\"src\":\"https:\/\/xinshengmanufacture.com\/wp-includes\/images\/media\/video.svg\",\"width\":48,\"height\":64}}]}<\/script>\n<\/div>\n\t\n<p style=\"text-align: center;\"><img fetchpriority=\"high\" decoding=\"async\" class=\"alignnone size-full wp-image-4697 aligncenter\" src=\"https:\/\/xinshengmanufacture.com\/wp-content\/uploads\/2025\/05\/%E8%B6%85%E5%B7%A5%E5%AE%9A%E5%88%B6%E8%8B%B1%E6%96%87_011-1.jpg\" alt=\"\" width=\"1200\" height=\"1857\"><img decoding=\"async\" class=\"size-full wp-image-4698 aligncenter\" src=\"https:\/\/xinshengmanufacture.com\/wp-content\/uploads\/2025\/05\/%E8%B6%85%E5%B7%A5%E5%AE%9A%E5%88%B6%E8%8B%B1%E6%96%87_021-1.jpg\" alt=\"\" width=\"1200\" height=\"1054\"><img decoding=\"async\" class=\"size-full wp-image-4699 aligncenter\" src=\"https:\/\/xinshengmanufacture.com\/wp-content\/uploads\/2025\/05\/%E8%B6%85%E5%B7%A5%E5%AE%9A%E5%88%B6%E8%8B%B1%E6%96%87_031-1.jpg\" alt=\"\" width=\"1200\" height=\"1563\"><img loading=\"lazy\" decoding=\"async\" class=\"size-full wp-image-4700 aligncenter\" src=\"https:\/\/xinshengmanufacture.com\/wp-content\/uploads\/2025\/05\/%E8%B6%85%E5%B7%A5%E5%AE%9A%E5%88%B6%E8%8B%B1%E6%96%87_041-1.jpg\" alt=\"\" width=\"1200\" height=\"1755\"><img loading=\"lazy\" decoding=\"async\" class=\"size-full wp-image-4701 aligncenter\" src=\"https:\/\/xinshengmanufacture.com\/wp-content\/uploads\/2025\/05\/%E8%B6%85%E5%B7%A5%E5%AE%9A%E5%88%B6%E8%8B%B1%E6%96%87_051-1.jpg\" alt=\"\" width=\"1200\" height=\"2257\"><img loading=\"lazy\" decoding=\"async\" class=\"alignnone size-full wp-image-4957\" src=\"https:\/\/xinshengmanufacture.com\/wp-content\/uploads\/2025\/05\/%E6%9C%AA%E6%A0%87%E9%A2%98-1wai_01-1.jpg\" alt=\"\" width=\"1200\" height=\"1804\"> <img loading=\"lazy\" decoding=\"async\" class=\"alignnone size-full wp-image-4958\" src=\"https:\/\/xinshengmanufacture.com\/wp-content\/uploads\/2025\/05\/%E6%9C%AA%E6%A0%87%E9%A2%98-1wai_02-1.jpg\" alt=\"\" width=\"1200\" height=\"1617\"> <img loading=\"lazy\" decoding=\"async\" class=\"alignnone size-full wp-image-4959\" src=\"https:\/\/xinshengmanufacture.com\/wp-content\/uploads\/2025\/05\/%E6%9C%AA%E6%A0%87%E9%A2%98-1wai_03-1.jpg\" alt=\"\" width=\"1200\" height=\"2328\"> <img loading=\"lazy\" decoding=\"async\" class=\"alignnone size-full wp-image-4960\" src=\"https:\/\/xinshengmanufacture.com\/wp-content\/uploads\/2025\/05\/%E6%9C%AA%E6%A0%87%E9%A2%98-1wai_04-1.jpg\" alt=\"\" width=\"1200\" height=\"1789\"> <img loading=\"lazy\" decoding=\"async\" class=\"alignnone size-full wp-image-4961\" src=\"https:\/\/xinshengmanufacture.com\/wp-content\/uploads\/2025\/05\/%E6%9C%AA%E6%A0%87%E9%A2%98-1wai_05-1.jpg\" alt=\"\" width=\"1200\" height=\"1891\"> <img loading=\"lazy\" decoding=\"async\" class=\"alignnone size-full wp-image-4962\" src=\"https:\/\/xinshengmanufacture.com\/wp-content\/uploads\/2025\/05\/%E6%9C%AA%E6%A0%87%E9%A2%98-1wai_06-1.jpg\" alt=\"\" width=\"1200\" height=\"2088\"> <img loading=\"lazy\" decoding=\"async\" class=\"alignnone wp-image-4963\" src=\"https:\/\/xinshengmanufacture.com\/wp-content\/uploads\/2025\/05\/%E6%9C%AA%E6%A0%87%E9%A2%98-1wai_07-1-scaled.jpg\" alt=\"\" width=\"1200\" height=\"3075\"> <img loading=\"lazy\" decoding=\"async\" class=\"alignnone size-full wp-image-4964\" src=\"https:\/\/xinshengmanufacture.com\/wp-content\/uploads\/2025\/05\/%E6%9C%AA%E6%A0%87%E9%A2%98-1wai_08-1.jpg\" alt=\"\" width=\"1200\" height=\"1910\"> <img loading=\"lazy\" decoding=\"async\" class=\"alignundefined wp-image-4965\" src=\"https:\/\/xinshengmanufacture.com\/wp-content\/uploads\/2025\/05\/%E6%9C%AA%E6%A0%87%E9%A2%98-1wai_09-1-scaled.jpg\" alt=\"\" width=\"1200\" height=\"2750\"> <img loading=\"lazy\" decoding=\"async\" class=\"alignnone size-full wp-image-4966\" src=\"https:\/\/xinshengmanufacture.com\/wp-content\/uploads\/2025\/05\/%E6%9C%AA%E6%A0%87%E9%A2%98-1wai_10-1.jpg\" alt=\"\" width=\"1200\" height=\"2407\"><\/p>\n<div id=\"gtx-trans\" style=\"position: absolute; left: 694px; top: 33px;\">\n<div class=\"gtx-trans-icon\"><\/div>\n<\/div>\n","protected":false},"excerpt":{"rendered":"<p>Gi\u01b0\u1eddng g\u1ed9i \u0111\u1ea7u massage \u0111i\u1ec7n kh\u00f4ng c\u00f3 tay v\u1ecbn b\u00ean h\u00f4ng ph\u00f9 h\u1ee3p v\u1edbi nh\u1eefng ng\u01b0\u1eddi c\u00f3 th\u00e2n h\u00ecnh to l\u1edbn v\u00e0 c\u00f3 th\u1ec3 s\u1eed d\u1ee5ng trong c\u00e1c ti\u1ec7m l\u00e0m \u0111\u1eb9p, trung t\u00e2m massage, th\u1ea9m m\u1ef9 vi\u1ec7n, spa, v.v.<\/p>\n","protected":false},"featured_media":38855,"template":"","meta":{"_bst_post_transparent":"","_bst_post_title":"","_bst_post_layout":"","_bst_post_sidebar_id":"","_bst_post_content_style":"","_bst_post_vertical_padding":"","_bst_post_feature":"","_bst_post_feature_position":"","_bst_post_header":false,"_bst_post_footer":false},"product_brand":[1087],"product_cat":[879],"product_tag":[],"class_list":{"0":"post-38854","1":"product","2":"type-product","3":"status-publish","4":"has-post-thumbnail","6":"product_brand-xinsheng-vi","7":"product_cat-giuong-massage-dien","8":"pa_color-mau-sac-tuy-chinh","9":"pa_color-trang","10":"pa_size-1908066cm-vi","12":"first","13":"instock","14":"sale","15":"shipping-taxable","16":"purchasable","17":"product-type-variable","18":"entry","19":"content-bg","20":"loop-entry"},"_links":{"self":[{"href":"https:\/\/xinshengmanufacture.com\/vi\/wp-json\/wp\/v2\/product\/38854","targetHints":{"allow":["GET"]}}],"collection":[{"href":"https:\/\/xinshengmanufacture.com\/vi\/wp-json\/wp\/v2\/product"}],"about":[{"href":"https:\/\/xinshengmanufacture.com\/vi\/wp-json\/wp\/v2\/types\/product"}],"version-history":[{"count":1,"href":"https:\/\/xinshengmanufacture.com\/vi\/wp-json\/wp\/v2\/product\/38854\/revisions"}],"predecessor-version":[{"id":38896,"href":"https:\/\/xinshengmanufacture.com\/vi\/wp-json\/wp\/v2\/product\/38854\/revisions\/38896"}],"wp:featuredmedia":[{"embeddable":true,"href":"https:\/\/xinshengmanufacture.com\/vi\/wp-json\/wp\/v2\/media\/38855"}],"wp:attachment":[{"href":"https:\/\/xinshengmanufacture.com\/vi\/wp-json\/wp\/v2\/media?parent=38854"}],"wp:term":[{"taxonomy":"product_brand","embeddable":true,"href":"https:\/\/xinshengmanufacture.com\/vi\/wp-json\/wp\/v2\/product_brand?post=38854"},{"taxonomy":"product_cat","embeddable":true,"href":"https:\/\/xinshengmanufacture.com\/vi\/wp-json\/wp\/v2\/product_cat?post=38854"},{"taxonomy":"product_tag","embeddable":true,"href":"https:\/\/xinshengmanufacture.com\/vi\/wp-json\/wp\/v2\/product_tag?post=38854"}],"curies":[{"name":"wp","href":"https:\/\/api.w.org\/{rel}","templated":true}]}}