{"id":40119,"date":"2025-05-13T07:33:20","date_gmt":"2025-05-13T07:33:20","guid":{"rendered":"https:\/\/xinshengmanufacture.com\/product\/thiet-ke-thoi-trang-hien-dai-giuong-goi-dau-massage-dien-trung-tam-massage-thiet-bi-rua-dung-cu-salon-lam-toc-do-noi-that-thuong-mai-trung-tam-lam-dep-giuong-massage\/"},"modified":"2025-08-26T08:05:14","modified_gmt":"2025-08-26T08:05:14","slug":"thiet-ke-thoi-trang-hien-dai-giuong-goi-dau-massage-dien-trung-tam-massage-thiet-bi-rua-dung-cu-salon-lam-toc-do-noi-that-thuong-mai-trung-tam-lam-dep-giuong-massage","status":"publish","type":"product","link":"https:\/\/xinshengmanufacture.com\/vi\/product\/thiet-ke-thoi-trang-hien-dai-giuong-goi-dau-massage-dien-trung-tam-massage-thiet-bi-rua-dung-cu-salon-lam-toc-do-noi-that-thuong-mai-trung-tam-lam-dep-giuong-massage\/","title":{"rendered":"Thi\u1ebft k\u1ebf th\u1eddi trang hi\u1ec7n \u0111\u1ea1i gi\u01b0\u1eddng g\u1ed9i \u0111\u1ea7u massage \u0111i\u1ec7n trung t\u00e2m massage thi\u1ebft b\u1ecb r\u1eeda d\u1ee5ng c\u1ee5 salon l\u00e0m t\u00f3c \u0111\u1ed3 n\u1ed9i th\u1ea5t th\u01b0\u01a1ng m\u1ea1i trung t\u00e2m l\u00e0m \u0111\u1eb9p gi\u01b0\u1eddng massage"},"content":{"rendered":"<div class=\"wp-playlist wp-video-playlist wp-playlist-light\">\n\t\t<video controls=\"controls\" preload=\"none\" width=\"1408\"\n\t\t height=\"792\"\t><\/video>\n\t<div class=\"wp-playlist-next\"><\/div>\n\t<div class=\"wp-playlist-prev\"><\/div>\n\t<noscript>\n\t<ol>\n\t\t<li><a href='https:\/\/xinshengmanufacture.com\/wp-content\/uploads\/2025\/05\/WeChat_20250513160924.mp4'>WeChat_20250513160924<\/a><\/li>\t<\/ol>\n\t<\/noscript>\n\t<script type=\"application\/json\" class=\"wp-playlist-script\">{\"type\":\"video\",\"tracklist\":false,\"tracknumbers\":true,\"images\":false,\"artists\":true,\"tracks\":[{\"src\":\"https:\/\/xinshengmanufacture.com\/wp-content\/uploads\/2025\/05\/WeChat_20250513160924.mp4\",\"type\":\"video\/mp4\",\"title\":\"WeChat_20250513160924\",\"caption\":\"\",\"description\":\"\",\"meta\":{\"length_formatted\":\"0:41\"},\"dimensions\":{\"original\":{\"width\":1280,\"height\":720},\"resized\":{\"width\":1408,\"height\":792}},\"image\":{\"src\":\"https:\/\/xinshengmanufacture.com\/wp-includes\/images\/media\/video.svg\",\"width\":48,\"height\":64},\"thumb\":{\"src\":\"https:\/\/xinshengmanufacture.com\/wp-includes\/images\/media\/video.svg\",\"width\":48,\"height\":64}}]}<\/script>\n<\/div>\n\t\n<p style=\"text-align: center;\"><img fetchpriority=\"high\" decoding=\"async\" class=\"size-full wp-image-4699 aligncenter\" style=\"letter-spacing: 0.3px;\" src=\"https:\/\/xinshengmanufacture.com\/wp-content\/uploads\/2025\/05\/%E8%B6%85%E5%B7%A5%E5%AE%9A%E5%88%B6%E8%8B%B1%E6%96%87_031-1.jpg\" alt=\"\" width=\"1200\" height=\"1563\"><img decoding=\"async\" class=\"size-full wp-image-4698 aligncenter\" src=\"https:\/\/xinshengmanufacture.com\/wp-content\/uploads\/2025\/05\/%E8%B6%85%E5%B7%A5%E5%AE%9A%E5%88%B6%E8%8B%B1%E6%96%87_021-1.jpg\" alt=\"\" width=\"1200\" height=\"1054\"><img decoding=\"async\" class=\"alignnone size-full wp-image-4697 aligncenter\" style=\"letter-spacing: 0.3px;\" src=\"https:\/\/xinshengmanufacture.com\/wp-content\/uploads\/2025\/05\/%E8%B6%85%E5%B7%A5%E5%AE%9A%E5%88%B6%E8%8B%B1%E6%96%87_011-1.jpg\" alt=\"\" width=\"1200\" height=\"1857\"><img loading=\"lazy\" decoding=\"async\" class=\"size-full wp-image-4700 aligncenter\" src=\"https:\/\/xinshengmanufacture.com\/wp-content\/uploads\/2025\/05\/%E8%B6%85%E5%B7%A5%E5%AE%9A%E5%88%B6%E8%8B%B1%E6%96%87_041-1.jpg\" alt=\"\" width=\"1200\" height=\"1755\"><img loading=\"lazy\" decoding=\"async\" class=\"size-full wp-image-4701 aligncenter\" src=\"https:\/\/xinshengmanufacture.com\/wp-content\/uploads\/2025\/05\/%E8%B6%85%E5%B7%A5%E5%AE%9A%E5%88%B6%E8%8B%B1%E6%96%87_051-1.jpg\" alt=\"\" width=\"1200\" height=\"2257\"><img loading=\"lazy\" decoding=\"async\" class=\"size-full wp-image-4866 aligncenter\" src=\"https:\/\/xinshengmanufacture.com\/wp-content\/uploads\/2025\/05\/1_01-1.jpg\" alt=\"\" width=\"1200\" height=\"1796\" srcset=\"https:\/\/xinshengmanufacture.com\/wp-content\/uploads\/2025\/05\/1_01-1.jpg 1200w, https:\/\/xinshengmanufacture.com\/wp-content\/uploads\/2025\/05\/1_01-1-600x898.jpg 600w, https:\/\/xinshengmanufacture.com\/wp-content\/uploads\/2025\/05\/1_01-1-200x300.jpg 200w, https:\/\/xinshengmanufacture.com\/wp-content\/uploads\/2025\/05\/1_01-1-684x1024.jpg 684w, https:\/\/xinshengmanufacture.com\/wp-content\/uploads\/2025\/05\/1_01-1-768x1149.jpg 768w, https:\/\/xinshengmanufacture.com\/wp-content\/uploads\/2025\/05\/1_01-1-1026x1536.jpg 1026w\" sizes=\"(max-width: 1200px) 100vw, 1200px\" \/> <img loading=\"lazy\" decoding=\"async\" class=\"size-full wp-image-4867 aligncenter\" src=\"https:\/\/xinshengmanufacture.com\/wp-content\/uploads\/2025\/05\/1_02-1.jpg\" alt=\"\" width=\"1200\" height=\"1629\" srcset=\"https:\/\/xinshengmanufacture.com\/wp-content\/uploads\/2025\/05\/1_02-1.jpg 1200w, https:\/\/xinshengmanufacture.com\/wp-content\/uploads\/2025\/05\/1_02-1-600x815.jpg 600w, https:\/\/xinshengmanufacture.com\/wp-content\/uploads\/2025\/05\/1_02-1-221x300.jpg 221w, https:\/\/xinshengmanufacture.com\/wp-content\/uploads\/2025\/05\/1_02-1-754x1024.jpg 754w, https:\/\/xinshengmanufacture.com\/wp-content\/uploads\/2025\/05\/1_02-1-768x1043.jpg 768w, https:\/\/xinshengmanufacture.com\/wp-content\/uploads\/2025\/05\/1_02-1-1131x1536.jpg 1131w\" sizes=\"(max-width: 1200px) 100vw, 1200px\" \/> <img loading=\"lazy\" decoding=\"async\" class=\"size-full wp-image-4868 aligncenter\" src=\"https:\/\/xinshengmanufacture.com\/wp-content\/uploads\/2025\/05\/1_03-1.jpg\" alt=\"\" width=\"1200\" height=\"1177\" srcset=\"https:\/\/xinshengmanufacture.com\/wp-content\/uploads\/2025\/05\/1_03-1.jpg 1200w, https:\/\/xinshengmanufacture.com\/wp-content\/uploads\/2025\/05\/1_03-1-600x589.jpg 600w, https:\/\/xinshengmanufacture.com\/wp-content\/uploads\/2025\/05\/1_03-1-300x294.jpg 300w, https:\/\/xinshengmanufacture.com\/wp-content\/uploads\/2025\/05\/1_03-1-1024x1004.jpg 1024w, https:\/\/xinshengmanufacture.com\/wp-content\/uploads\/2025\/05\/1_03-1-768x753.jpg 768w\" sizes=\"(max-width: 1200px) 100vw, 1200px\" \/> <img loading=\"lazy\" decoding=\"async\" class=\"size-full wp-image-4869 aligncenter\" src=\"https:\/\/xinshengmanufacture.com\/wp-content\/uploads\/2025\/05\/1_04-1.jpg\" alt=\"\" width=\"1200\" height=\"1706\" srcset=\"https:\/\/xinshengmanufacture.com\/wp-content\/uploads\/2025\/05\/1_04-1.jpg 1200w, https:\/\/xinshengmanufacture.com\/wp-content\/uploads\/2025\/05\/1_04-1-600x853.jpg 600w, https:\/\/xinshengmanufacture.com\/wp-content\/uploads\/2025\/05\/1_04-1-211x300.jpg 211w, https:\/\/xinshengmanufacture.com\/wp-content\/uploads\/2025\/05\/1_04-1-720x1024.jpg 720w, https:\/\/xinshengmanufacture.com\/wp-content\/uploads\/2025\/05\/1_04-1-768x1092.jpg 768w, https:\/\/xinshengmanufacture.com\/wp-content\/uploads\/2025\/05\/1_04-1-1080x1536.jpg 1080w\" sizes=\"(max-width: 1200px) 100vw, 1200px\" \/> <img loading=\"lazy\" decoding=\"async\" class=\"size-full wp-image-4870 aligncenter\" src=\"https:\/\/xinshengmanufacture.com\/wp-content\/uploads\/2025\/05\/1_05-1.jpg\" alt=\"\" width=\"1200\" height=\"1322\" srcset=\"https:\/\/xinshengmanufacture.com\/wp-content\/uploads\/2025\/05\/1_05-1.jpg 1200w, https:\/\/xinshengmanufacture.com\/wp-content\/uploads\/2025\/05\/1_05-1-600x661.jpg 600w, https:\/\/xinshengmanufacture.com\/wp-content\/uploads\/2025\/05\/1_05-1-272x300.jpg 272w, https:\/\/xinshengmanufacture.com\/wp-content\/uploads\/2025\/05\/1_05-1-930x1024.jpg 930w, https:\/\/xinshengmanufacture.com\/wp-content\/uploads\/2025\/05\/1_05-1-768x846.jpg 768w\" sizes=\"(max-width: 1200px) 100vw, 1200px\" \/> <img loading=\"lazy\" decoding=\"async\" class=\"size-full wp-image-4871 aligncenter\" src=\"https:\/\/xinshengmanufacture.com\/wp-content\/uploads\/2025\/05\/1_06-1.jpg\" alt=\"\" width=\"1200\" height=\"1899\" srcset=\"https:\/\/xinshengmanufacture.com\/wp-content\/uploads\/2025\/05\/1_06-1.jpg 1200w, https:\/\/xinshengmanufacture.com\/wp-content\/uploads\/2025\/05\/1_06-1-600x950.jpg 600w, https:\/\/xinshengmanufacture.com\/wp-content\/uploads\/2025\/05\/1_06-1-190x300.jpg 190w, https:\/\/xinshengmanufacture.com\/wp-content\/uploads\/2025\/05\/1_06-1-647x1024.jpg 647w, https:\/\/xinshengmanufacture.com\/wp-content\/uploads\/2025\/05\/1_06-1-768x1215.jpg 768w, https:\/\/xinshengmanufacture.com\/wp-content\/uploads\/2025\/05\/1_06-1-971x1536.jpg 971w\" sizes=\"(max-width: 1200px) 100vw, 1200px\" \/> <img loading=\"lazy\" decoding=\"async\" class=\"size-full wp-image-4872 aligncenter\" src=\"https:\/\/xinshengmanufacture.com\/wp-content\/uploads\/2025\/05\/1_07-1.jpg\" alt=\"\" width=\"1200\" height=\"2344\" srcset=\"https:\/\/xinshengmanufacture.com\/wp-content\/uploads\/2025\/05\/1_07-1.jpg 1200w, https:\/\/xinshengmanufacture.com\/wp-content\/uploads\/2025\/05\/1_07-1-600x1172.jpg 600w, https:\/\/xinshengmanufacture.com\/wp-content\/uploads\/2025\/05\/1_07-1-154x300.jpg 154w, https:\/\/xinshengmanufacture.com\/wp-content\/uploads\/2025\/05\/1_07-1-524x1024.jpg 524w, https:\/\/xinshengmanufacture.com\/wp-content\/uploads\/2025\/05\/1_07-1-768x1500.jpg 768w, https:\/\/xinshengmanufacture.com\/wp-content\/uploads\/2025\/05\/1_07-1-786x1536.jpg 786w, https:\/\/xinshengmanufacture.com\/wp-content\/uploads\/2025\/05\/1_07-1-1048x2048.jpg 1048w\" sizes=\"(max-width: 1200px) 100vw, 1200px\" \/> <img loading=\"lazy\" decoding=\"async\" class=\"size-full wp-image-4873 aligncenter\" src=\"https:\/\/xinshengmanufacture.com\/wp-content\/uploads\/2025\/05\/1_08-1.jpg\" alt=\"\" width=\"1200\" height=\"1691\" srcset=\"https:\/\/xinshengmanufacture.com\/wp-content\/uploads\/2025\/05\/1_08-1.jpg 1200w, https:\/\/xinshengmanufacture.com\/wp-content\/uploads\/2025\/05\/1_08-1-600x846.jpg 600w, https:\/\/xinshengmanufacture.com\/wp-content\/uploads\/2025\/05\/1_08-1-213x300.jpg 213w, https:\/\/xinshengmanufacture.com\/wp-content\/uploads\/2025\/05\/1_08-1-727x1024.jpg 727w, https:\/\/xinshengmanufacture.com\/wp-content\/uploads\/2025\/05\/1_08-1-768x1082.jpg 768w, https:\/\/xinshengmanufacture.com\/wp-content\/uploads\/2025\/05\/1_08-1-1090x1536.jpg 1090w\" sizes=\"(max-width: 1200px) 100vw, 1200px\" \/> <img loading=\"lazy\" decoding=\"async\" class=\"size-full wp-image-4874 aligncenter\" src=\"https:\/\/xinshengmanufacture.com\/wp-content\/uploads\/2025\/05\/1_09-1.jpg\" alt=\"\" width=\"1200\" height=\"1440\" srcset=\"https:\/\/xinshengmanufacture.com\/wp-content\/uploads\/2025\/05\/1_09-1.jpg 1200w, https:\/\/xinshengmanufacture.com\/wp-content\/uploads\/2025\/05\/1_09-1-600x720.jpg 600w, https:\/\/xinshengmanufacture.com\/wp-content\/uploads\/2025\/05\/1_09-1-250x300.jpg 250w, https:\/\/xinshengmanufacture.com\/wp-content\/uploads\/2025\/05\/1_09-1-853x1024.jpg 853w, https:\/\/xinshengmanufacture.com\/wp-content\/uploads\/2025\/05\/1_09-1-768x922.jpg 768w\" sizes=\"(max-width: 1200px) 100vw, 1200px\" \/> <img loading=\"lazy\" decoding=\"async\" class=\"size-full wp-image-4875 aligncenter\" src=\"https:\/\/xinshengmanufacture.com\/wp-content\/uploads\/2025\/05\/1_10-1.jpg\" alt=\"\" width=\"1200\" height=\"1932\" srcset=\"https:\/\/xinshengmanufacture.com\/wp-content\/uploads\/2025\/05\/1_10-1.jpg 1200w, https:\/\/xinshengmanufacture.com\/wp-content\/uploads\/2025\/05\/1_10-1-600x966.jpg 600w, https:\/\/xinshengmanufacture.com\/wp-content\/uploads\/2025\/05\/1_10-1-186x300.jpg 186w, https:\/\/xinshengmanufacture.com\/wp-content\/uploads\/2025\/05\/1_10-1-636x1024.jpg 636w, https:\/\/xinshengmanufacture.com\/wp-content\/uploads\/2025\/05\/1_10-1-768x1236.jpg 768w, https:\/\/xinshengmanufacture.com\/wp-content\/uploads\/2025\/05\/1_10-1-954x1536.jpg 954w\" sizes=\"(max-width: 1200px) 100vw, 1200px\" \/> <img loading=\"lazy\" decoding=\"async\" class=\"alignundefined wp-image-4876 aligncenter\" src=\"https:\/\/xinshengmanufacture.com\/wp-content\/uploads\/2025\/05\/1_11-1-scaled.jpg\" alt=\"\" width=\"1200\" height=\"2866\" srcset=\"https:\/\/xinshengmanufacture.com\/wp-content\/uploads\/2025\/05\/1_11-1-scaled.jpg 1072w, https:\/\/xinshengmanufacture.com\/wp-content\/uploads\/2025\/05\/1_11-1-scaled-600x1433.jpg 600w, https:\/\/xinshengmanufacture.com\/wp-content\/uploads\/2025\/05\/1_11-1-126x300.jpg 126w, https:\/\/xinshengmanufacture.com\/wp-content\/uploads\/2025\/05\/1_11-1-429x1024.jpg 429w, https:\/\/xinshengmanufacture.com\/wp-content\/uploads\/2025\/05\/1_11-1-768x1834.jpg 768w, https:\/\/xinshengmanufacture.com\/wp-content\/uploads\/2025\/05\/1_11-1-643x1536.jpg 643w, https:\/\/xinshengmanufacture.com\/wp-content\/uploads\/2025\/05\/1_11-1-858x2048.jpg 858w\" sizes=\"(max-width: 1200px) 100vw, 1200px\" \/> <img loading=\"lazy\" decoding=\"async\" class=\"size-full wp-image-4877 aligncenter\" src=\"https:\/\/xinshengmanufacture.com\/wp-content\/uploads\/2025\/05\/1_12-1.jpg\" alt=\"\" width=\"1200\" height=\"2495\" srcset=\"https:\/\/xinshengmanufacture.com\/wp-content\/uploads\/2025\/05\/1_12-1.jpg 1200w, https:\/\/xinshengmanufacture.com\/wp-content\/uploads\/2025\/05\/1_12-1-600x1248.jpg 600w, https:\/\/xinshengmanufacture.com\/wp-content\/uploads\/2025\/05\/1_12-1-144x300.jpg 144w, https:\/\/xinshengmanufacture.com\/wp-content\/uploads\/2025\/05\/1_12-1-493x1024.jpg 493w, https:\/\/xinshengmanufacture.com\/wp-content\/uploads\/2025\/05\/1_12-1-768x1597.jpg 768w, https:\/\/xinshengmanufacture.com\/wp-content\/uploads\/2025\/05\/1_12-1-739x1536.jpg 739w, https:\/\/xinshengmanufacture.com\/wp-content\/uploads\/2025\/05\/1_12-1-985x2048.jpg 985w\" sizes=\"(max-width: 1200px) 100vw, 1200px\" \/> <img loading=\"lazy\" decoding=\"async\" class=\"size-full wp-image-4878 aligncenter\" src=\"https:\/\/xinshengmanufacture.com\/wp-content\/uploads\/2025\/05\/1_13.jpg\" alt=\"\" width=\"1200\" height=\"1200\" srcset=\"https:\/\/xinshengmanufacture.com\/wp-content\/uploads\/2025\/05\/1_13.jpg 1200w, https:\/\/xinshengmanufacture.com\/wp-content\/uploads\/2025\/05\/1_13-300x300.jpg 300w, https:\/\/xinshengmanufacture.com\/wp-content\/uploads\/2025\/05\/1_13-100x100.jpg 100w, https:\/\/xinshengmanufacture.com\/wp-content\/uploads\/2025\/05\/1_13-600x600.jpg 600w, https:\/\/xinshengmanufacture.com\/wp-content\/uploads\/2025\/05\/1_13-1024x1024.jpg 1024w, https:\/\/xinshengmanufacture.com\/wp-content\/uploads\/2025\/05\/1_13-150x150.jpg 150w, https:\/\/xinshengmanufacture.com\/wp-content\/uploads\/2025\/05\/1_13-768x768.jpg 768w\" sizes=\"(max-width: 1200px) 100vw, 1200px\" \/><\/p>\n","protected":false},"excerpt":{"rendered":"<p>Gi\u01b0\u1eddng g\u1ed9i \u0111\u1ea7u massage \u0111i\u1ec7n thi\u1ebft k\u1ebf hi\u1ec7n \u0111\u1ea1i v\u00e0 phong c\u00e1ch c\u00f3 th\u1ec3 \u0111\u01b0\u1ee3c s\u1eed d\u1ee5ng trong c\u00e1c trung t\u00e2m massage, ti\u1ec7m l\u00e0m t\u00f3c, trung t\u00e2m l\u00e0m \u0111\u1eb9p, trung t\u00e2m spa \u0111\u1ea7u, v.v.<\/p>\n","protected":false},"featured_media":40122,"template":"","meta":{"_bst_post_transparent":"","_bst_post_title":"","_bst_post_layout":"","_bst_post_sidebar_id":"","_bst_post_content_style":"","_bst_post_vertical_padding":"","_bst_post_feature":"","_bst_post_feature_position":"","_bst_post_header":false,"_bst_post_footer":false},"product_brand":[1087],"product_cat":[879],"product_tag":[],"class_list":{"0":"post-40119","1":"product","2":"type-product","3":"status-publish","4":"has-post-thumbnail","6":"product_brand-xinsheng-vi","7":"product_cat-giuong-massage-dien","8":"pa_color-mau-sac-tuy-chinh","9":"pa_color-xam","10":"pa_size-190cm78cm80cm-vi","12":"first","13":"instock","14":"sale","15":"shipping-taxable","16":"purchasable","17":"product-type-variable","18":"entry","19":"content-bg","20":"loop-entry"},"_links":{"self":[{"href":"https:\/\/xinshengmanufacture.com\/vi\/wp-json\/wp\/v2\/product\/40119","targetHints":{"allow":["GET"]}}],"collection":[{"href":"https:\/\/xinshengmanufacture.com\/vi\/wp-json\/wp\/v2\/product"}],"about":[{"href":"https:\/\/xinshengmanufacture.com\/vi\/wp-json\/wp\/v2\/types\/product"}],"version-history":[{"count":2,"href":"https:\/\/xinshengmanufacture.com\/vi\/wp-json\/wp\/v2\/product\/40119\/revisions"}],"predecessor-version":[{"id":75091,"href":"https:\/\/xinshengmanufacture.com\/vi\/wp-json\/wp\/v2\/product\/40119\/revisions\/75091"}],"wp:featuredmedia":[{"embeddable":true,"href":"https:\/\/xinshengmanufacture.com\/vi\/wp-json\/wp\/v2\/media\/40122"}],"wp:attachment":[{"href":"https:\/\/xinshengmanufacture.com\/vi\/wp-json\/wp\/v2\/media?parent=40119"}],"wp:term":[{"taxonomy":"product_brand","embeddable":true,"href":"https:\/\/xinshengmanufacture.com\/vi\/wp-json\/wp\/v2\/product_brand?post=40119"},{"taxonomy":"product_cat","embeddable":true,"href":"https:\/\/xinshengmanufacture.com\/vi\/wp-json\/wp\/v2\/product_cat?post=40119"},{"taxonomy":"product_tag","embeddable":true,"href":"https:\/\/xinshengmanufacture.com\/vi\/wp-json\/wp\/v2\/product_tag?post=40119"}],"curies":[{"name":"wp","href":"https:\/\/api.w.org\/{rel}","templated":true}]}}