{"id":40320,"date":"2025-05-13T07:12:57","date_gmt":"2025-05-13T07:12:57","guid":{"rendered":"https:\/\/xinshengmanufacture.com\/product\/thiet-ke-hien-dai-da-chuc-nang-voi-chuc-nang-tuan-hoan-nuoc-xong-hoi-massage-dien-goi-dau-giuong-salon-lam-toc-do-noi-that-thuong-mai-giuong-tri-lieu-dau-giuong-spa-thiet-bi-dieu-duong\/"},"modified":"2025-08-26T08:05:16","modified_gmt":"2025-08-26T08:05:16","slug":"thiet-ke-hien-dai-da-chuc-nang-voi-chuc-nang-tuan-hoan-nuoc-xong-hoi-massage-dien-goi-dau-giuong-salon-lam-toc-do-noi-that-thuong-mai-giuong-tri-lieu-dau-giuong-spa-thiet-bi-dieu-duong","status":"publish","type":"product","link":"https:\/\/xinshengmanufacture.com\/vi\/product\/thiet-ke-hien-dai-da-chuc-nang-voi-chuc-nang-tuan-hoan-nuoc-xong-hoi-massage-dien-goi-dau-giuong-salon-lam-toc-do-noi-that-thuong-mai-giuong-tri-lieu-dau-giuong-spa-thiet-bi-dieu-duong\/","title":{"rendered":"Thi\u1ebft k\u1ebf hi\u1ec7n \u0111\u1ea1i \u0111a ch\u1ee9c n\u0103ng v\u1edbi ch\u1ee9c n\u0103ng tu\u1ea7n ho\u00e0n n\u01b0\u1edbc x\u00f4ng h\u01a1i massage \u0111i\u1ec7n g\u1ed9i \u0111\u1ea7u gi\u01b0\u1eddng salon l\u00e0m t\u00f3c \u0111\u1ed3 n\u1ed9i th\u1ea5t th\u01b0\u01a1ng m\u1ea1i gi\u01b0\u1eddng tr\u1ecb li\u1ec7u \u0111\u1ea7u gi\u01b0\u1eddng spa thi\u1ebft b\u1ecb \u0111i\u1ec1u d\u01b0\u1ee1ng"},"content":{"rendered":"<div class=\"wp-playlist wp-video-playlist wp-playlist-light\">\n\t\t<video controls=\"controls\" preload=\"none\" width=\"1408\"\n\t\t height=\"2503\"\t><\/video>\n\t<div class=\"wp-playlist-next\"><\/div>\n\t<div class=\"wp-playlist-prev\"><\/div>\n\t<noscript>\n\t<ol>\n\t\t<li><a href='https:\/\/xinshengmanufacture.com\/wp-content\/uploads\/2025\/05\/10.mp4'>10<\/a><\/li>\t<\/ol>\n\t<\/noscript>\n\t<script type=\"application\/json\" class=\"wp-playlist-script\">{\"type\":\"video\",\"tracklist\":false,\"tracknumbers\":true,\"images\":false,\"artists\":true,\"tracks\":[{\"src\":\"https:\/\/xinshengmanufacture.com\/wp-content\/uploads\/2025\/05\/10.mp4\",\"type\":\"video\/mp4\",\"title\":\"10\",\"caption\":\"\",\"description\":\"\",\"meta\":{\"length_formatted\":\"0:43\"},\"dimensions\":{\"original\":{\"width\":1080,\"height\":1920},\"resized\":{\"width\":1408,\"height\":2503}},\"image\":{\"src\":\"https:\/\/xinshengmanufacture.com\/wp-includes\/images\/media\/video.svg\",\"width\":48,\"height\":64},\"thumb\":{\"src\":\"https:\/\/xinshengmanufacture.com\/wp-includes\/images\/media\/video.svg\",\"width\":48,\"height\":64}}]}<\/script>\n<\/div>\n\t\n<p style=\"text-align: center;\"><img fetchpriority=\"high\" decoding=\"async\" class=\"alignnone size-full wp-image-4697 aligncenter\" src=\"https:\/\/xinshengmanufacture.com\/wp-content\/uploads\/2025\/05\/%E8%B6%85%E5%B7%A5%E5%AE%9A%E5%88%B6%E8%8B%B1%E6%96%87_011-1.jpg\" alt=\"\" width=\"1200\" height=\"1857\"><img decoding=\"async\" class=\"size-full wp-image-4698 aligncenter\" src=\"https:\/\/xinshengmanufacture.com\/wp-content\/uploads\/2025\/05\/%E8%B6%85%E5%B7%A5%E5%AE%9A%E5%88%B6%E8%8B%B1%E6%96%87_021-1.jpg\" alt=\"\" width=\"1200\" height=\"1054\"><img decoding=\"async\" class=\"size-full wp-image-4699 aligncenter\" src=\"https:\/\/xinshengmanufacture.com\/wp-content\/uploads\/2025\/05\/%E8%B6%85%E5%B7%A5%E5%AE%9A%E5%88%B6%E8%8B%B1%E6%96%87_031-1.jpg\" alt=\"\" width=\"1200\" height=\"1563\"><img loading=\"lazy\" decoding=\"async\" class=\"size-full wp-image-4700 aligncenter\" src=\"https:\/\/xinshengmanufacture.com\/wp-content\/uploads\/2025\/05\/%E8%B6%85%E5%B7%A5%E5%AE%9A%E5%88%B6%E8%8B%B1%E6%96%87_041-1.jpg\" alt=\"\" width=\"1200\" height=\"1755\"><img loading=\"lazy\" decoding=\"async\" class=\"size-full wp-image-4701 aligncenter\" src=\"https:\/\/xinshengmanufacture.com\/wp-content\/uploads\/2025\/05\/%E8%B6%85%E5%B7%A5%E5%AE%9A%E5%88%B6%E8%8B%B1%E6%96%87_051-1.jpg\" alt=\"\" width=\"1200\" height=\"2257\"><img loading=\"lazy\" decoding=\"async\" class=\"size-full wp-image-4847 aligncenter\" src=\"https:\/\/xinshengmanufacture.com\/wp-content\/uploads\/2025\/05\/wai_01.jpg\" alt=\"\" width=\"1200\" height=\"1818\" srcset=\"https:\/\/xinshengmanufacture.com\/wp-content\/uploads\/2025\/05\/wai_01.jpg 1200w, https:\/\/xinshengmanufacture.com\/wp-content\/uploads\/2025\/05\/wai_01-600x909.jpg 600w, https:\/\/xinshengmanufacture.com\/wp-content\/uploads\/2025\/05\/wai_01-198x300.jpg 198w, https:\/\/xinshengmanufacture.com\/wp-content\/uploads\/2025\/05\/wai_01-676x1024.jpg 676w, https:\/\/xinshengmanufacture.com\/wp-content\/uploads\/2025\/05\/wai_01-768x1164.jpg 768w, https:\/\/xinshengmanufacture.com\/wp-content\/uploads\/2025\/05\/wai_01-1014x1536.jpg 1014w\" sizes=\"(max-width: 1200px) 100vw, 1200px\" \/> <img loading=\"lazy\" decoding=\"async\" class=\"size-full wp-image-4848 aligncenter\" src=\"https:\/\/xinshengmanufacture.com\/wp-content\/uploads\/2025\/05\/wai_02.jpg\" alt=\"\" width=\"1200\" height=\"1813\" srcset=\"https:\/\/xinshengmanufacture.com\/wp-content\/uploads\/2025\/05\/wai_02.jpg 1200w, https:\/\/xinshengmanufacture.com\/wp-content\/uploads\/2025\/05\/wai_02-600x907.jpg 600w, https:\/\/xinshengmanufacture.com\/wp-content\/uploads\/2025\/05\/wai_02-199x300.jpg 199w, https:\/\/xinshengmanufacture.com\/wp-content\/uploads\/2025\/05\/wai_02-678x1024.jpg 678w, https:\/\/xinshengmanufacture.com\/wp-content\/uploads\/2025\/05\/wai_02-768x1160.jpg 768w, https:\/\/xinshengmanufacture.com\/wp-content\/uploads\/2025\/05\/wai_02-1017x1536.jpg 1017w\" sizes=\"(max-width: 1200px) 100vw, 1200px\" \/> <img loading=\"lazy\" decoding=\"async\" class=\"size-full wp-image-4849 aligncenter\" src=\"https:\/\/xinshengmanufacture.com\/wp-content\/uploads\/2025\/05\/wai_03.jpg\" alt=\"\" width=\"1200\" height=\"1786\" srcset=\"https:\/\/xinshengmanufacture.com\/wp-content\/uploads\/2025\/05\/wai_03.jpg 1200w, https:\/\/xinshengmanufacture.com\/wp-content\/uploads\/2025\/05\/wai_03-600x893.jpg 600w, https:\/\/xinshengmanufacture.com\/wp-content\/uploads\/2025\/05\/wai_03-202x300.jpg 202w, https:\/\/xinshengmanufacture.com\/wp-content\/uploads\/2025\/05\/wai_03-688x1024.jpg 688w, https:\/\/xinshengmanufacture.com\/wp-content\/uploads\/2025\/05\/wai_03-768x1143.jpg 768w, https:\/\/xinshengmanufacture.com\/wp-content\/uploads\/2025\/05\/wai_03-1032x1536.jpg 1032w\" sizes=\"(max-width: 1200px) 100vw, 1200px\" \/> <img loading=\"lazy\" decoding=\"async\" class=\"size-full wp-image-4850 aligncenter\" src=\"https:\/\/xinshengmanufacture.com\/wp-content\/uploads\/2025\/05\/wai_04.jpg\" alt=\"\" width=\"1200\" height=\"1800\" srcset=\"https:\/\/xinshengmanufacture.com\/wp-content\/uploads\/2025\/05\/wai_04.jpg 1200w, https:\/\/xinshengmanufacture.com\/wp-content\/uploads\/2025\/05\/wai_04-600x900.jpg 600w, https:\/\/xinshengmanufacture.com\/wp-content\/uploads\/2025\/05\/wai_04-200x300.jpg 200w, https:\/\/xinshengmanufacture.com\/wp-content\/uploads\/2025\/05\/wai_04-683x1024.jpg 683w, https:\/\/xinshengmanufacture.com\/wp-content\/uploads\/2025\/05\/wai_04-768x1152.jpg 768w, https:\/\/xinshengmanufacture.com\/wp-content\/uploads\/2025\/05\/wai_04-1024x1536.jpg 1024w\" sizes=\"(max-width: 1200px) 100vw, 1200px\" \/> <img loading=\"lazy\" decoding=\"async\" class=\"alignundefined wp-image-4851 aligncenter\" src=\"https:\/\/xinshengmanufacture.com\/wp-content\/uploads\/2025\/05\/wai_05-scaled.jpg\" alt=\"\" width=\"1200\" height=\"2847\" srcset=\"https:\/\/xinshengmanufacture.com\/wp-content\/uploads\/2025\/05\/wai_05-scaled.jpg 1079w, https:\/\/xinshengmanufacture.com\/wp-content\/uploads\/2025\/05\/wai_05-scaled-600x1424.jpg 600w, https:\/\/xinshengmanufacture.com\/wp-content\/uploads\/2025\/05\/wai_05-126x300.jpg 126w, https:\/\/xinshengmanufacture.com\/wp-content\/uploads\/2025\/05\/wai_05-432x1024.jpg 432w, https:\/\/xinshengmanufacture.com\/wp-content\/uploads\/2025\/05\/wai_05-768x1821.jpg 768w, https:\/\/xinshengmanufacture.com\/wp-content\/uploads\/2025\/05\/wai_05-648x1536.jpg 648w\" sizes=\"(max-width: 1200px) 100vw, 1200px\" \/> <img loading=\"lazy\" decoding=\"async\" class=\"size-full wp-image-4852 aligncenter\" src=\"https:\/\/xinshengmanufacture.com\/wp-content\/uploads\/2025\/05\/wai_06.jpg\" alt=\"\" width=\"1200\" height=\"1664\" srcset=\"https:\/\/xinshengmanufacture.com\/wp-content\/uploads\/2025\/05\/wai_06.jpg 1200w, https:\/\/xinshengmanufacture.com\/wp-content\/uploads\/2025\/05\/wai_06-600x832.jpg 600w, https:\/\/xinshengmanufacture.com\/wp-content\/uploads\/2025\/05\/wai_06-216x300.jpg 216w, https:\/\/xinshengmanufacture.com\/wp-content\/uploads\/2025\/05\/wai_06-738x1024.jpg 738w, https:\/\/xinshengmanufacture.com\/wp-content\/uploads\/2025\/05\/wai_06-768x1065.jpg 768w, https:\/\/xinshengmanufacture.com\/wp-content\/uploads\/2025\/05\/wai_06-1108x1536.jpg 1108w\" sizes=\"(max-width: 1200px) 100vw, 1200px\" \/> <img loading=\"lazy\" decoding=\"async\" class=\"size-full wp-image-4853 aligncenter\" src=\"https:\/\/xinshengmanufacture.com\/wp-content\/uploads\/2025\/05\/wai_07.jpg\" alt=\"\" width=\"1200\" height=\"984\" srcset=\"https:\/\/xinshengmanufacture.com\/wp-content\/uploads\/2025\/05\/wai_07.jpg 1200w, https:\/\/xinshengmanufacture.com\/wp-content\/uploads\/2025\/05\/wai_07-600x492.jpg 600w, https:\/\/xinshengmanufacture.com\/wp-content\/uploads\/2025\/05\/wai_07-300x246.jpg 300w, https:\/\/xinshengmanufacture.com\/wp-content\/uploads\/2025\/05\/wai_07-1024x840.jpg 1024w, https:\/\/xinshengmanufacture.com\/wp-content\/uploads\/2025\/05\/wai_07-768x630.jpg 768w\" sizes=\"(max-width: 1200px) 100vw, 1200px\" \/> <img loading=\"lazy\" decoding=\"async\" class=\"size-full wp-image-4854 aligncenter\" src=\"https:\/\/xinshengmanufacture.com\/wp-content\/uploads\/2025\/05\/wai_08.jpg\" alt=\"\" width=\"1200\" height=\"1585\" srcset=\"https:\/\/xinshengmanufacture.com\/wp-content\/uploads\/2025\/05\/wai_08.jpg 1200w, https:\/\/xinshengmanufacture.com\/wp-content\/uploads\/2025\/05\/wai_08-600x793.jpg 600w, https:\/\/xinshengmanufacture.com\/wp-content\/uploads\/2025\/05\/wai_08-227x300.jpg 227w, https:\/\/xinshengmanufacture.com\/wp-content\/uploads\/2025\/05\/wai_08-775x1024.jpg 775w, https:\/\/xinshengmanufacture.com\/wp-content\/uploads\/2025\/05\/wai_08-768x1014.jpg 768w, https:\/\/xinshengmanufacture.com\/wp-content\/uploads\/2025\/05\/wai_08-1163x1536.jpg 1163w\" sizes=\"(max-width: 1200px) 100vw, 1200px\" \/> <img loading=\"lazy\" decoding=\"async\" class=\"alignundefined wp-image-4855 aligncenter\" src=\"https:\/\/xinshengmanufacture.com\/wp-content\/uploads\/2025\/05\/wai_09-scaled.jpg\" alt=\"\" width=\"1200\" height=\"2704\" srcset=\"https:\/\/xinshengmanufacture.com\/wp-content\/uploads\/2025\/05\/wai_09-scaled.jpg 1136w, https:\/\/xinshengmanufacture.com\/wp-content\/uploads\/2025\/05\/wai_09-scaled-600x1352.jpg 600w, https:\/\/xinshengmanufacture.com\/wp-content\/uploads\/2025\/05\/wai_09-133x300.jpg 133w, https:\/\/xinshengmanufacture.com\/wp-content\/uploads\/2025\/05\/wai_09-454x1024.jpg 454w, https:\/\/xinshengmanufacture.com\/wp-content\/uploads\/2025\/05\/wai_09-768x1731.jpg 768w, https:\/\/xinshengmanufacture.com\/wp-content\/uploads\/2025\/05\/wai_09-681x1536.jpg 681w, https:\/\/xinshengmanufacture.com\/wp-content\/uploads\/2025\/05\/wai_09-909x2048.jpg 909w\" sizes=\"(max-width: 1200px) 100vw, 1200px\" \/> <img loading=\"lazy\" decoding=\"async\" class=\"size-full wp-image-4856 aligncenter\" src=\"https:\/\/xinshengmanufacture.com\/wp-content\/uploads\/2025\/05\/wai_10.jpg\" alt=\"\" width=\"1200\" height=\"2477\" srcset=\"https:\/\/xinshengmanufacture.com\/wp-content\/uploads\/2025\/05\/wai_10.jpg 1200w, https:\/\/xinshengmanufacture.com\/wp-content\/uploads\/2025\/05\/wai_10-600x1239.jpg 600w, https:\/\/xinshengmanufacture.com\/wp-content\/uploads\/2025\/05\/wai_10-145x300.jpg 145w, https:\/\/xinshengmanufacture.com\/wp-content\/uploads\/2025\/05\/wai_10-496x1024.jpg 496w, https:\/\/xinshengmanufacture.com\/wp-content\/uploads\/2025\/05\/wai_10-768x1585.jpg 768w, https:\/\/xinshengmanufacture.com\/wp-content\/uploads\/2025\/05\/wai_10-744x1536.jpg 744w, https:\/\/xinshengmanufacture.com\/wp-content\/uploads\/2025\/05\/wai_10-992x2048.jpg 992w\" sizes=\"(max-width: 1200px) 100vw, 1200px\" \/><\/p>\n","protected":false},"excerpt":{"rendered":"<p>Gi\u01b0\u1eddng g\u1ed9i \u0111\u1ea7u massage \u0111i\u1ec7n \u0111a n\u0103ng thi\u1ebft k\u1ebf hi\u1ec7n \u0111\u1ea1i c\u00f3 th\u1ec3 s\u1eed d\u1ee5ng trong ti\u1ec7m l\u00e0m t\u00f3c, trung t\u00e2m massage, trung t\u00e2m l\u00e0m \u0111\u1eb9p, trung t\u00e2m spa, v.v.<\/p>\n","protected":false},"featured_media":40321,"template":"","meta":{"_bst_post_transparent":"","_bst_post_title":"","_bst_post_layout":"","_bst_post_sidebar_id":"","_bst_post_content_style":"","_bst_post_vertical_padding":"","_bst_post_feature":"","_bst_post_feature_position":"","_bst_post_header":false,"_bst_post_footer":false},"product_brand":[1087],"product_cat":[879],"product_tag":[],"class_list":{"0":"post-40320","1":"product","2":"type-product","3":"status-publish","4":"has-post-thumbnail","6":"product_brand-xinsheng-vi","7":"product_cat-giuong-massage-dien","8":"pa_color-mau-kaki","9":"pa_color-mau-xanh-dam","10":"pa_size-180cm78cm80cm-vi","12":"first","13":"instock","14":"sale","15":"shipping-taxable","16":"purchasable","17":"product-type-variable","18":"entry","19":"content-bg","20":"loop-entry"},"_links":{"self":[{"href":"https:\/\/xinshengmanufacture.com\/vi\/wp-json\/wp\/v2\/product\/40320","targetHints":{"allow":["GET"]}}],"collection":[{"href":"https:\/\/xinshengmanufacture.com\/vi\/wp-json\/wp\/v2\/product"}],"about":[{"href":"https:\/\/xinshengmanufacture.com\/vi\/wp-json\/wp\/v2\/types\/product"}],"version-history":[{"count":2,"href":"https:\/\/xinshengmanufacture.com\/vi\/wp-json\/wp\/v2\/product\/40320\/revisions"}],"predecessor-version":[{"id":75097,"href":"https:\/\/xinshengmanufacture.com\/vi\/wp-json\/wp\/v2\/product\/40320\/revisions\/75097"}],"wp:featuredmedia":[{"embeddable":true,"href":"https:\/\/xinshengmanufacture.com\/vi\/wp-json\/wp\/v2\/media\/40321"}],"wp:attachment":[{"href":"https:\/\/xinshengmanufacture.com\/vi\/wp-json\/wp\/v2\/media?parent=40320"}],"wp:term":[{"taxonomy":"product_brand","embeddable":true,"href":"https:\/\/xinshengmanufacture.com\/vi\/wp-json\/wp\/v2\/product_brand?post=40320"},{"taxonomy":"product_cat","embeddable":true,"href":"https:\/\/xinshengmanufacture.com\/vi\/wp-json\/wp\/v2\/product_cat?post=40320"},{"taxonomy":"product_tag","embeddable":true,"href":"https:\/\/xinshengmanufacture.com\/vi\/wp-json\/wp\/v2\/product_tag?post=40320"}],"curies":[{"name":"wp","href":"https:\/\/api.w.org\/{rel}","templated":true}]}}