{"id":41644,"date":"2025-05-12T08:16:31","date_gmt":"2025-05-12T08:16:31","guid":{"rendered":"https:\/\/xinshengmanufacture.com\/product\/noi-that-thuong-mai-cho-tiem-lam-toc-giuong-goi-dau-thong-minh-da-chuc-nang-thiet-ke-thoi-trang-giuong-massage-thiet-bi-trung-tam-massage-tri-lieu-dau-thiet-bi-spa-thiet-bi-cham-soc-sac-dep\/"},"modified":"2025-08-26T08:05:10","modified_gmt":"2025-08-26T08:05:10","slug":"noi-that-thuong-mai-cho-tiem-lam-toc-giuong-goi-dau-thong-minh-da-chuc-nang-thiet-ke-thoi-trang-giuong-massage-thiet-bi-trung-tam-massage-tri-lieu-dau-thiet-bi-spa-thiet-bi-cham-soc-sac-dep","status":"publish","type":"product","link":"https:\/\/xinshengmanufacture.com\/vi\/product\/noi-that-thuong-mai-cho-tiem-lam-toc-giuong-goi-dau-thong-minh-da-chuc-nang-thiet-ke-thoi-trang-giuong-massage-thiet-bi-trung-tam-massage-tri-lieu-dau-thiet-bi-spa-thiet-bi-cham-soc-sac-dep\/","title":{"rendered":"N\u1ed9i th\u1ea5t th\u01b0\u01a1ng m\u1ea1i cho ti\u1ec7m l\u00e0m t\u00f3c, gi\u01b0\u1eddng g\u1ed9i \u0111\u1ea7u th\u00f4ng minh \u0111a ch\u1ee9c n\u0103ng, thi\u1ebft k\u1ebf th\u1eddi trang, gi\u01b0\u1eddng massage, thi\u1ebft b\u1ecb trung t\u00e2m massage, tr\u1ecb li\u1ec7u \u0111\u1ea7u, thi\u1ebft b\u1ecb spa, thi\u1ebft b\u1ecb ch\u0103m s\u00f3c s\u1eafc \u0111\u1eb9p"},"content":{"rendered":"<div class=\"wp-playlist wp-video-playlist wp-playlist-light\">\n\t\t<video controls=\"controls\" preload=\"none\" width=\"1408\"\n\t\t height=\"2503\"\t><\/video>\n\t<div class=\"wp-playlist-next\"><\/div>\n\t<div class=\"wp-playlist-prev\"><\/div>\n\t<noscript>\n\t<ol>\n\t\t<li><a href='https:\/\/xinshengmanufacture.com\/wp-content\/uploads\/2025\/05\/12.mp4'>12<\/a><\/li>\t<\/ol>\n\t<\/noscript>\n\t<script type=\"application\/json\" class=\"wp-playlist-script\">{\"type\":\"video\",\"tracklist\":false,\"tracknumbers\":true,\"images\":false,\"artists\":true,\"tracks\":[{\"src\":\"https:\/\/xinshengmanufacture.com\/wp-content\/uploads\/2025\/05\/12.mp4\",\"type\":\"video\/mp4\",\"title\":\"12\",\"caption\":\"\",\"description\":\"\",\"meta\":{\"length_formatted\":\"0:46\"},\"dimensions\":{\"original\":{\"width\":1080,\"height\":1920},\"resized\":{\"width\":1408,\"height\":2503}},\"image\":{\"src\":\"https:\/\/xinshengmanufacture.com\/wp-includes\/images\/media\/video.svg\",\"width\":48,\"height\":64},\"thumb\":{\"src\":\"https:\/\/xinshengmanufacture.com\/wp-includes\/images\/media\/video.svg\",\"width\":48,\"height\":64}}]}<\/script>\n<\/div>\n\t\n<p style=\"text-align: center;\"><img fetchpriority=\"high\" decoding=\"async\" class=\"size-full wp-image-4698 aligncenter\" src=\"https:\/\/xinshengmanufacture.com\/wp-content\/uploads\/2025\/05\/%E8%B6%85%E5%B7%A5%E5%AE%9A%E5%88%B6%E8%8B%B1%E6%96%87_021-1.jpg\" alt=\"\" width=\"1200\" height=\"1054\"><img decoding=\"async\" class=\"size-full wp-image-4699 aligncenter\" src=\"https:\/\/xinshengmanufacture.com\/wp-content\/uploads\/2025\/05\/%E8%B6%85%E5%B7%A5%E5%AE%9A%E5%88%B6%E8%8B%B1%E6%96%87_031-1.jpg\" alt=\"\" width=\"1200\" height=\"1563\"><img decoding=\"async\" class=\"size-full wp-image-4700 aligncenter\" src=\"https:\/\/xinshengmanufacture.com\/wp-content\/uploads\/2025\/05\/%E8%B6%85%E5%B7%A5%E5%AE%9A%E5%88%B6%E8%8B%B1%E6%96%87_041-1.jpg\" alt=\"\" width=\"1200\" height=\"1755\"><img loading=\"lazy\" decoding=\"async\" class=\"alignnone size-full wp-image-4701 aligncenter\" src=\"https:\/\/xinshengmanufacture.com\/wp-content\/uploads\/2025\/05\/%E8%B6%85%E5%B7%A5%E5%AE%9A%E5%88%B6%E8%8B%B1%E6%96%87_051-1.jpg\" alt=\"\" width=\"1200\" height=\"2257\"><img loading=\"lazy\" decoding=\"async\" class=\"alignnone size-full wp-image-4748\" src=\"https:\/\/xinshengmanufacture.com\/wp-content\/uploads\/2025\/05\/%E6%9C%AA%E6%A0%87%E9%A2%98-1wai_01.jpg\" alt=\"\" width=\"1200\" height=\"1836\"> <img loading=\"lazy\" decoding=\"async\" class=\"alignnone size-full wp-image-4749\" src=\"https:\/\/xinshengmanufacture.com\/wp-content\/uploads\/2025\/05\/%E6%9C%AA%E6%A0%87%E9%A2%98-1wai_02.jpg\" alt=\"\" width=\"1200\" height=\"1585\"> <img loading=\"lazy\" decoding=\"async\" class=\"alignnone size-full wp-image-4750\" src=\"https:\/\/xinshengmanufacture.com\/wp-content\/uploads\/2025\/05\/%E6%9C%AA%E6%A0%87%E9%A2%98-1wai_03.jpg\" alt=\"\" width=\"1200\" height=\"2328\"> <img loading=\"lazy\" decoding=\"async\" class=\"alignnone size-full wp-image-4751\" src=\"https:\/\/xinshengmanufacture.com\/wp-content\/uploads\/2025\/05\/%E6%9C%AA%E6%A0%87%E9%A2%98-1wai_04.jpg\" alt=\"\" width=\"1200\" height=\"1789\"> <img loading=\"lazy\" decoding=\"async\" class=\"alignnone size-full wp-image-4752\" src=\"https:\/\/xinshengmanufacture.com\/wp-content\/uploads\/2025\/05\/%E6%9C%AA%E6%A0%87%E9%A2%98-1wai_05.jpg\" alt=\"\" width=\"1200\" height=\"1891\"> <img loading=\"lazy\" decoding=\"async\" class=\"alignnone size-full wp-image-4753\" src=\"https:\/\/xinshengmanufacture.com\/wp-content\/uploads\/2025\/05\/%E6%9C%AA%E6%A0%87%E9%A2%98-1wai_06.jpg\" alt=\"\" width=\"1200\" height=\"2088\"> <img loading=\"lazy\" decoding=\"async\" class=\"alignnone size-full wp-image-4754\" src=\"https:\/\/xinshengmanufacture.com\/wp-content\/uploads\/2025\/05\/%E6%9C%AA%E6%A0%87%E9%A2%98-1wai_07-scaled.jpg\" alt=\"\" width=\"999\" height=\"2560\"> <img loading=\"lazy\" decoding=\"async\" class=\"alignnone size-full wp-image-4755\" src=\"https:\/\/xinshengmanufacture.com\/wp-content\/uploads\/2025\/05\/%E6%9C%AA%E6%A0%87%E9%A2%98-1wai_08.jpg\" alt=\"\" width=\"1200\" height=\"1910\"> <img loading=\"lazy\" decoding=\"async\" class=\"alignnone size-full wp-image-4756\" src=\"https:\/\/xinshengmanufacture.com\/wp-content\/uploads\/2025\/05\/%E6%9C%AA%E6%A0%87%E9%A2%98-1wai_09-scaled.jpg\" alt=\"\" width=\"1117\" height=\"2560\"> <img loading=\"lazy\" decoding=\"async\" class=\"alignnone size-full wp-image-4757\" src=\"https:\/\/xinshengmanufacture.com\/wp-content\/uploads\/2025\/05\/%E6%9C%AA%E6%A0%87%E9%A2%98-1wai_10.jpg\" alt=\"\" width=\"1200\" height=\"2407\"><\/p>\n<div id=\"gtx-trans\" style=\"position: absolute; left: 688px; top: 33px;\">\n<div class=\"gtx-trans-icon\"><\/div>\n<\/div>\n","protected":false},"excerpt":{"rendered":"<p>Gi\u01b0\u1eddng g\u1ed9i \u0111\u1ea7u massage \u0111i\u1ec7n th\u00f4ng minh c\u00f3 th\u1ec3 s\u1eed d\u1ee5ng t\u1ea1i c\u00e1c trung t\u00e2m massage, ti\u1ec7m l\u00e0m t\u00f3c, spa ch\u0103m s\u00f3c da \u0111\u1ea7u, th\u1ea9m m\u1ef9 vi\u1ec7n, v.v.<\/p>\n","protected":false},"featured_media":41646,"template":"","meta":{"_bst_post_transparent":"","_bst_post_title":"","_bst_post_layout":"","_bst_post_sidebar_id":"","_bst_post_content_style":"","_bst_post_vertical_padding":"","_bst_post_feature":"","_bst_post_feature_position":"","_bst_post_header":false,"_bst_post_footer":false},"product_brand":[1087],"product_cat":[879],"product_tag":[],"class_list":{"0":"post-41644","1":"product","2":"type-product","3":"status-publish","4":"has-post-thumbnail","6":"product_brand-xinsheng-vi","7":"product_cat-giuong-massage-dien","8":"pa_color-den","9":"pa_color-mau-sac-tuy-chinh","10":"pa_color-trang","11":"pa_size-1908080cm-vi","13":"first","14":"instock","15":"sale","16":"shipping-taxable","17":"purchasable","18":"product-type-variable","19":"entry","20":"content-bg","21":"loop-entry"},"_links":{"self":[{"href":"https:\/\/xinshengmanufacture.com\/vi\/wp-json\/wp\/v2\/product\/41644","targetHints":{"allow":["GET"]}}],"collection":[{"href":"https:\/\/xinshengmanufacture.com\/vi\/wp-json\/wp\/v2\/product"}],"about":[{"href":"https:\/\/xinshengmanufacture.com\/vi\/wp-json\/wp\/v2\/types\/product"}],"version-history":[{"count":1,"href":"https:\/\/xinshengmanufacture.com\/vi\/wp-json\/wp\/v2\/product\/41644\/revisions"}],"predecessor-version":[{"id":41687,"href":"https:\/\/xinshengmanufacture.com\/vi\/wp-json\/wp\/v2\/product\/41644\/revisions\/41687"}],"wp:featuredmedia":[{"embeddable":true,"href":"https:\/\/xinshengmanufacture.com\/vi\/wp-json\/wp\/v2\/media\/41646"}],"wp:attachment":[{"href":"https:\/\/xinshengmanufacture.com\/vi\/wp-json\/wp\/v2\/media?parent=41644"}],"wp:term":[{"taxonomy":"product_brand","embeddable":true,"href":"https:\/\/xinshengmanufacture.com\/vi\/wp-json\/wp\/v2\/product_brand?post=41644"},{"taxonomy":"product_cat","embeddable":true,"href":"https:\/\/xinshengmanufacture.com\/vi\/wp-json\/wp\/v2\/product_cat?post=41644"},{"taxonomy":"product_tag","embeddable":true,"href":"https:\/\/xinshengmanufacture.com\/vi\/wp-json\/wp\/v2\/product_tag?post=41644"}],"curies":[{"name":"wp","href":"https:\/\/api.w.org\/{rel}","templated":true}]}}