{"id":43406,"date":"2025-05-10T06:35:54","date_gmt":"2025-05-10T06:35:54","guid":{"rendered":"https:\/\/xinshengmanufacture.com\/product\/giuong-goi-dau-massage-kieu-thai-noi-that-salon-voi-cau-hinh-tuan-hoan-nuoc-xong-hoi-tri-lieu-dau-spa-trung-tam-thiet-bi-rua-salon-lam-toc-thiet-bi-thuong-mai\/"},"modified":"2025-08-26T08:06:37","modified_gmt":"2025-08-26T08:06:37","slug":"giuong-goi-dau-massage-kieu-thai-noi-that-salon-voi-cau-hinh-tuan-hoan-nuoc-xong-hoi-tri-lieu-dau-spa-trung-tam-thiet-bi-rua-salon-lam-toc-thiet-bi-thuong-mai","status":"publish","type":"product","link":"https:\/\/xinshengmanufacture.com\/vi\/product\/giuong-goi-dau-massage-kieu-thai-noi-that-salon-voi-cau-hinh-tuan-hoan-nuoc-xong-hoi-tri-lieu-dau-spa-trung-tam-thiet-bi-rua-salon-lam-toc-thiet-bi-thuong-mai\/","title":{"rendered":"Gi\u01b0\u1eddng g\u1ed9i \u0111\u1ea7u massage ki\u1ec3u Th\u00e1i n\u1ed9i th\u1ea5t salon v\u1edbi c\u1ea5u h\u00ecnh tu\u1ea7n ho\u00e0n n\u01b0\u1edbc x\u00f4ng h\u01a1i tr\u1ecb li\u1ec7u \u0111\u1ea7u spa trung t\u00e2m thi\u1ebft b\u1ecb r\u1eeda salon l\u00e0m t\u00f3c thi\u1ebft b\u1ecb th\u01b0\u01a1ng m\u1ea1i"},"content":{"rendered":"<div class=\"wp-playlist wp-video-playlist wp-playlist-light\">\n\t\t<video controls=\"controls\" preload=\"none\" width=\"1408\"\n\t\t height=\"2503\"\t><\/video>\n\t<div class=\"wp-playlist-next\"><\/div>\n\t<div class=\"wp-playlist-prev\"><\/div>\n\t<noscript>\n\t<ol>\n\t\t<li><a href='https:\/\/xinshengmanufacture.com\/wp-content\/uploads\/2025\/05\/WeChat_20250510165300.mp4'>WeChat_20250510165300<\/a><\/li>\t<\/ol>\n\t<\/noscript>\n\t<script type=\"application\/json\" class=\"wp-playlist-script\">{\"type\":\"video\",\"tracklist\":false,\"tracknumbers\":true,\"images\":false,\"artists\":true,\"tracks\":[{\"src\":\"https:\/\/xinshengmanufacture.com\/wp-content\/uploads\/2025\/05\/WeChat_20250510165300.mp4\",\"type\":\"video\/mp4\",\"title\":\"WeChat_20250510165300\",\"caption\":\"\",\"description\":\"\",\"meta\":{\"length_formatted\":\"0:45\"},\"dimensions\":{\"original\":{\"width\":1080,\"height\":1920},\"resized\":{\"width\":1408,\"height\":2503}},\"image\":{\"src\":\"https:\/\/xinshengmanufacture.com\/wp-includes\/images\/media\/video.svg\",\"width\":48,\"height\":64},\"thumb\":{\"src\":\"https:\/\/xinshengmanufacture.com\/wp-includes\/images\/media\/video.svg\",\"width\":48,\"height\":64}}]}<\/script>\n<\/div>\n\t\n<p style=\"text-align: center;\"><img fetchpriority=\"high\" decoding=\"async\" class=\"alignnone size-full wp-image-4600\" src=\"https:\/\/xinshengmanufacture.com\/wp-content\/uploads\/2025\/05\/%E8%B6%85%E5%B7%A5%E5%AE%9A%E5%88%B6%E8%8B%B1%E6%96%87_011.jpg\" alt=\"\" width=\"1200\" height=\"1857\"> <img decoding=\"async\" class=\"alignnone size-full wp-image-4601\" src=\"https:\/\/xinshengmanufacture.com\/wp-content\/uploads\/2025\/05\/%E8%B6%85%E5%B7%A5%E5%AE%9A%E5%88%B6%E8%8B%B1%E6%96%87_021.jpg\" alt=\"\" width=\"1200\" height=\"1054\"> <img decoding=\"async\" class=\"alignnone size-full wp-image-4602\" src=\"https:\/\/xinshengmanufacture.com\/wp-content\/uploads\/2025\/05\/%E8%B6%85%E5%B7%A5%E5%AE%9A%E5%88%B6%E8%8B%B1%E6%96%87_031.jpg\" alt=\"\" width=\"1200\" height=\"1563\"> <img loading=\"lazy\" decoding=\"async\" class=\"alignnone size-full wp-image-4603\" src=\"https:\/\/xinshengmanufacture.com\/wp-content\/uploads\/2025\/05\/%E8%B6%85%E5%B7%A5%E5%AE%9A%E5%88%B6%E8%8B%B1%E6%96%87_041.jpg\" alt=\"\" width=\"1200\" height=\"1755\"> <img loading=\"lazy\" decoding=\"async\" class=\"alignnone size-full wp-image-4604\" src=\"https:\/\/xinshengmanufacture.com\/wp-content\/uploads\/2025\/05\/%E8%B6%85%E5%B7%A5%E5%AE%9A%E5%88%B6%E8%8B%B1%E6%96%87_051.jpg\" alt=\"\" width=\"1200\" height=\"2257\"><img loading=\"lazy\" decoding=\"async\" class=\"alignnone size-full wp-image-4605\" src=\"https:\/\/xinshengmanufacture.com\/wp-content\/uploads\/2025\/05\/%E8%AF%A6%E6%83%85%E9%A1%B5%E5%A4%96_01.jpg\" alt=\"\" width=\"1200\" height=\"1839\"> <img loading=\"lazy\" decoding=\"async\" class=\"alignnone size-full wp-image-4606\" src=\"https:\/\/xinshengmanufacture.com\/wp-content\/uploads\/2025\/05\/%E8%AF%A6%E6%83%85%E9%A1%B5%E5%A4%96_02.jpg\" alt=\"\" width=\"1200\" height=\"1405\"> <img loading=\"lazy\" decoding=\"async\" class=\"alignnone size-full wp-image-4607\" src=\"https:\/\/xinshengmanufacture.com\/wp-content\/uploads\/2025\/05\/%E8%AF%A6%E6%83%85%E9%A1%B5%E5%A4%96_03.jpg\" alt=\"\" width=\"1200\" height=\"1195\"> <img loading=\"lazy\" decoding=\"async\" class=\"alignnone size-full wp-image-4608\" src=\"https:\/\/xinshengmanufacture.com\/wp-content\/uploads\/2025\/05\/%E8%AF%A6%E6%83%85%E9%A1%B5%E5%A4%96_04.jpg\" alt=\"\" width=\"1200\" height=\"1409\"> <img loading=\"lazy\" decoding=\"async\" class=\"alignnone size-full wp-image-4609\" src=\"https:\/\/xinshengmanufacture.com\/wp-content\/uploads\/2025\/05\/%E8%AF%A6%E6%83%85%E9%A1%B5%E5%A4%96_05.jpg\" alt=\"\" width=\"1200\" height=\"2232\"> <img loading=\"lazy\" decoding=\"async\" class=\"alignnone size-full wp-image-4610\" src=\"https:\/\/xinshengmanufacture.com\/wp-content\/uploads\/2025\/05\/%E8%AF%A6%E6%83%85%E9%A1%B5%E5%A4%96_06.jpg\" alt=\"\" width=\"1200\" height=\"1796\"> <img loading=\"lazy\" decoding=\"async\" class=\"alignnone size-full wp-image-4611\" src=\"https:\/\/xinshengmanufacture.com\/wp-content\/uploads\/2025\/05\/%E8%AF%A6%E6%83%85%E9%A1%B5%E5%A4%96_07.jpg\" alt=\"\" width=\"1200\" height=\"1827\"> <img loading=\"lazy\" decoding=\"async\" class=\"alignnone size-full wp-image-4612\" src=\"https:\/\/xinshengmanufacture.com\/wp-content\/uploads\/2025\/05\/%E8%AF%A6%E6%83%85%E9%A1%B5%E5%A4%96_08-scaled.jpg\" alt=\"\" width=\"1177\" height=\"2560\"> <img loading=\"lazy\" decoding=\"async\" class=\"alignnone size-full wp-image-4613\" src=\"https:\/\/xinshengmanufacture.com\/wp-content\/uploads\/2025\/05\/%E8%AF%A6%E6%83%85%E9%A1%B5%E5%A4%96_09.jpg\" alt=\"\" width=\"1200\" height=\"1878\"> <img loading=\"lazy\" decoding=\"async\" class=\"alignnone size-full wp-image-4614\" src=\"https:\/\/xinshengmanufacture.com\/wp-content\/uploads\/2025\/05\/%E8%AF%A6%E6%83%85%E9%A1%B5%E5%A4%96_10.jpg\" alt=\"\" width=\"1200\" height=\"1405\"> <img loading=\"lazy\" decoding=\"async\" class=\"alignnone size-full wp-image-4615\" src=\"https:\/\/xinshengmanufacture.com\/wp-content\/uploads\/2025\/05\/%E8%AF%A6%E6%83%85%E9%A1%B5%E5%A4%96_11.jpg\" alt=\"\" width=\"1200\" height=\"1101\"> <img loading=\"lazy\" decoding=\"async\" class=\"alignnone size-full wp-image-4616\" src=\"https:\/\/xinshengmanufacture.com\/wp-content\/uploads\/2025\/05\/%E8%AF%A6%E6%83%85%E9%A1%B5%E5%A4%96_12.jpg\" alt=\"\" width=\"1200\" height=\"1506\"> <img loading=\"lazy\" decoding=\"async\" class=\"alignnone size-full wp-image-4617\" src=\"https:\/\/xinshengmanufacture.com\/wp-content\/uploads\/2025\/05\/%E8%AF%A6%E6%83%85%E9%A1%B5%E5%A4%96_14.jpg\" alt=\"\" width=\"1200\" height=\"1313\"> <img loading=\"lazy\" decoding=\"async\" class=\"alignnone size-full wp-image-4618\" src=\"https:\/\/xinshengmanufacture.com\/wp-content\/uploads\/2025\/05\/%E8%AF%A6%E6%83%85%E9%A1%B5%E5%A4%96_15.jpg\" alt=\"\" width=\"1200\" height=\"1309\"> <img loading=\"lazy\" decoding=\"async\" class=\"alignnone size-full wp-image-4619\" src=\"https:\/\/xinshengmanufacture.com\/wp-content\/uploads\/2025\/05\/%E8%AF%A6%E6%83%85%E9%A1%B5%E5%A4%96_16.jpg\" alt=\"\" width=\"1200\" height=\"1321\"><\/p>\n<div id=\"gtx-trans\" style=\"position: absolute; left: 703px; top: 35px;\">\n<div class=\"gtx-trans-icon\"><\/div>\n<\/div>\n","protected":false},"excerpt":{"rendered":"<p>Gi\u01b0\u1eddng g\u1ed9i \u0111\u1ea7u massage Th\u00e1i c\u00f3 th\u1ec3 s\u1eed d\u1ee5ng t\u1ea1i c\u00e1c trung t\u00e2m massage, ti\u1ec7m l\u00e0m t\u00f3c, trung t\u00e2m g\u1ed9i \u0111\u1ea7u, trung t\u00e2m spa \u0111\u1ea7u, v.v.<\/p>\n","protected":false},"featured_media":43412,"template":"","meta":{"_bst_post_transparent":"","_bst_post_title":"","_bst_post_layout":"","_bst_post_sidebar_id":"","_bst_post_content_style":"","_bst_post_vertical_padding":"","_bst_post_feature":"","_bst_post_feature_position":"","_bst_post_header":false,"_bst_post_footer":false},"product_brand":[1087],"product_cat":[904],"product_tag":[],"class_list":{"0":"post-43406","1":"product","2":"type-product","3":"status-publish","4":"has-post-thumbnail","6":"product_brand-xinsheng-vi","7":"product_cat-giuong-goi-dau-kieu-thai","8":"pa_color-mau-sac-tuy-chinh","9":"pa_color-trang","10":"pa_size-200cm65cm63cm-vi","12":"first","13":"instock","14":"sale","15":"shipping-taxable","16":"purchasable","17":"product-type-variable","18":"entry","19":"content-bg","20":"loop-entry"},"_links":{"self":[{"href":"https:\/\/xinshengmanufacture.com\/vi\/wp-json\/wp\/v2\/product\/43406","targetHints":{"allow":["GET"]}}],"collection":[{"href":"https:\/\/xinshengmanufacture.com\/vi\/wp-json\/wp\/v2\/product"}],"about":[{"href":"https:\/\/xinshengmanufacture.com\/vi\/wp-json\/wp\/v2\/types\/product"}],"version-history":[{"count":2,"href":"https:\/\/xinshengmanufacture.com\/vi\/wp-json\/wp\/v2\/product\/43406\/revisions"}],"predecessor-version":[{"id":75150,"href":"https:\/\/xinshengmanufacture.com\/vi\/wp-json\/wp\/v2\/product\/43406\/revisions\/75150"}],"wp:featuredmedia":[{"embeddable":true,"href":"https:\/\/xinshengmanufacture.com\/vi\/wp-json\/wp\/v2\/media\/43412"}],"wp:attachment":[{"href":"https:\/\/xinshengmanufacture.com\/vi\/wp-json\/wp\/v2\/media?parent=43406"}],"wp:term":[{"taxonomy":"product_brand","embeddable":true,"href":"https:\/\/xinshengmanufacture.com\/vi\/wp-json\/wp\/v2\/product_brand?post=43406"},{"taxonomy":"product_cat","embeddable":true,"href":"https:\/\/xinshengmanufacture.com\/vi\/wp-json\/wp\/v2\/product_cat?post=43406"},{"taxonomy":"product_tag","embeddable":true,"href":"https:\/\/xinshengmanufacture.com\/vi\/wp-json\/wp\/v2\/product_tag?post=43406"}],"curies":[{"name":"wp","href":"https:\/\/api.w.org\/{rel}","templated":true}]}}