{"id":45041,"date":"2025-05-26T06:26:49","date_gmt":"2025-05-26T06:26:49","guid":{"rendered":"https:\/\/xinshengmanufacture.com\/product\/bon-goi-dau-di-dong-do-noi-that-lam-toc-bon-goi-dau-di-dong-co-chuc-nang-tuan-hoan-nuoc-bon-goi-dau-xong-hoi-cho-tiem-lam-toc-co-the-su-dung-voi-giuong-massage\/"},"modified":"2025-08-26T08:05:23","modified_gmt":"2025-08-26T08:05:23","slug":"bon-goi-dau-di-dong-do-noi-that-lam-toc-bon-goi-dau-di-dong-co-chuc-nang-tuan-hoan-nuoc-bon-goi-dau-xong-hoi-cho-tiem-lam-toc-co-the-su-dung-voi-giuong-massage","status":"publish","type":"product","link":"https:\/\/xinshengmanufacture.com\/vi\/product\/bon-goi-dau-di-dong-do-noi-that-lam-toc-bon-goi-dau-di-dong-co-chuc-nang-tuan-hoan-nuoc-bon-goi-dau-xong-hoi-cho-tiem-lam-toc-co-the-su-dung-voi-giuong-massage\/","title":{"rendered":"B\u1ed3n g\u1ed9i \u0111\u1ea7u di \u0111\u1ed9ng \u0111\u1ed3 n\u1ed9i th\u1ea5t l\u00e0m t\u00f3c b\u1ed3n g\u1ed9i \u0111\u1ea7u di \u0111\u1ed9ng c\u00f3 ch\u1ee9c n\u0103ng tu\u1ea7n ho\u00e0n n\u01b0\u1edbc b\u1ed3n g\u1ed9i \u0111\u1ea7u x\u00f4ng h\u01a1i cho ti\u1ec7m l\u00e0m t\u00f3c c\u00f3 th\u1ec3 s\u1eed d\u1ee5ng v\u1edbi gi\u01b0\u1eddng massage"},"content":{"rendered":"<div class=\"wp-playlist wp-video-playlist wp-playlist-light\">\n\t\t<video controls=\"controls\" preload=\"none\" width=\"1408\"\n\t\t height=\"2503\"\t><\/video>\n\t<div class=\"wp-playlist-next\"><\/div>\n\t<div class=\"wp-playlist-prev\"><\/div>\n\t<noscript>\n\t<ol>\n\t\t<li><a href='https:\/\/xinshengmanufacture.com\/wp-content\/uploads\/2025\/05\/18\uff083\uff09.mp4'>18\uff083\uff09<\/a><\/li>\t<\/ol>\n\t<\/noscript>\n\t<script type=\"application\/json\" class=\"wp-playlist-script\">{\"type\":\"video\",\"tracklist\":false,\"tracknumbers\":true,\"images\":true,\"artists\":true,\"tracks\":[{\"src\":\"https:\/\/xinshengmanufacture.com\/wp-content\/uploads\/2025\/05\/18\\uff083\\uff09.mp4\",\"type\":\"video\/mp4\",\"title\":\"18\\uff083\\uff09\",\"caption\":\"\",\"description\":\"\",\"meta\":{\"length_formatted\":\"0:43\"},\"dimensions\":{\"original\":{\"width\":1080,\"height\":1920},\"resized\":{\"width\":1408,\"height\":2503}},\"image\":{\"src\":\"https:\/\/xinshengmanufacture.com\/wp-includes\/images\/media\/video.svg\",\"width\":48,\"height\":64},\"thumb\":{\"src\":\"https:\/\/xinshengmanufacture.com\/wp-includes\/images\/media\/video.svg\",\"width\":48,\"height\":64}}]}<\/script>\n<\/div>\n\t\n<p style=\"text-align: center;\"><img fetchpriority=\"high\" decoding=\"async\" class=\"alignnone size-full wp-image-5189 aligncenter\" src=\"https:\/\/xinshengmanufacture.com\/wp-content\/uploads\/2025\/05\/%E8%B6%85%E5%B7%A5%E5%AE%9A%E5%88%B6%E8%8B%B1%E6%96%87_011-3.jpg\" alt=\"\" width=\"1200\" height=\"1857\"><img decoding=\"async\" class=\"size-full wp-image-5190 aligncenter\" src=\"https:\/\/xinshengmanufacture.com\/wp-content\/uploads\/2025\/05\/%E8%B6%85%E5%B7%A5%E5%AE%9A%E5%88%B6%E8%8B%B1%E6%96%87_021-3.jpg\" alt=\"\" width=\"1200\" height=\"1054\"><img decoding=\"async\" class=\"size-full wp-image-5191 aligncenter\" src=\"https:\/\/xinshengmanufacture.com\/wp-content\/uploads\/2025\/05\/%E8%B6%85%E5%B7%A5%E5%AE%9A%E5%88%B6%E8%8B%B1%E6%96%87_031-3.jpg\" alt=\"\" width=\"1200\" height=\"1563\"><img loading=\"lazy\" decoding=\"async\" class=\"size-full wp-image-5192 aligncenter\" src=\"https:\/\/xinshengmanufacture.com\/wp-content\/uploads\/2025\/05\/%E8%B6%85%E5%B7%A5%E5%AE%9A%E5%88%B6%E8%8B%B1%E6%96%87_041-3.jpg\" alt=\"\" width=\"1200\" height=\"1755\"><img loading=\"lazy\" decoding=\"async\" class=\"size-full wp-image-5193 aligncenter\" src=\"https:\/\/xinshengmanufacture.com\/wp-content\/uploads\/2025\/05\/%E8%B6%85%E5%B7%A5%E5%AE%9A%E5%88%B6%E8%8B%B1%E6%96%87_051-3.jpg\" alt=\"\" width=\"1200\" height=\"2257\"><img loading=\"lazy\" decoding=\"async\" class=\"alignnone size-full wp-image-5350\" src=\"https:\/\/xinshengmanufacture.com\/wp-content\/uploads\/2025\/05\/gw2-%E6%81%A2%E5%A4%8D%E7%9A%84-%E6%8B%B7%E8%B4%9D_01.jpg\" alt=\"\" width=\"1200\" height=\"1951\"> <img loading=\"lazy\" decoding=\"async\" class=\"alignnone size-full wp-image-5351\" src=\"https:\/\/xinshengmanufacture.com\/wp-content\/uploads\/2025\/05\/gw2-%E6%81%A2%E5%A4%8D%E7%9A%84-%E6%8B%B7%E8%B4%9D_02.jpg\" alt=\"\" width=\"1200\" height=\"1572\"> <img loading=\"lazy\" decoding=\"async\" class=\"alignnone size-full wp-image-5352\" src=\"https:\/\/xinshengmanufacture.com\/wp-content\/uploads\/2025\/05\/gw2-%E6%81%A2%E5%A4%8D%E7%9A%84-%E6%8B%B7%E8%B4%9D_03.jpg\" alt=\"\" width=\"1200\" height=\"1636\"> <img loading=\"lazy\" decoding=\"async\" class=\"alignnone size-full wp-image-5353\" src=\"https:\/\/xinshengmanufacture.com\/wp-content\/uploads\/2025\/05\/gw2-%E6%81%A2%E5%A4%8D%E7%9A%84-%E6%8B%B7%E8%B4%9D_04.jpg\" alt=\"\" width=\"1200\" height=\"2298\"> <img loading=\"lazy\" decoding=\"async\" class=\"alignnone size-full wp-image-5354\" src=\"https:\/\/xinshengmanufacture.com\/wp-content\/uploads\/2025\/05\/gw2-%E6%81%A2%E5%A4%8D%E7%9A%84-%E6%8B%B7%E8%B4%9D_05.jpg\" alt=\"\" width=\"1200\" height=\"1913\"> <img loading=\"lazy\" decoding=\"async\" class=\"alignnone size-full wp-image-5355\" src=\"https:\/\/xinshengmanufacture.com\/wp-content\/uploads\/2025\/05\/gw2-%E6%81%A2%E5%A4%8D%E7%9A%84-%E6%8B%B7%E8%B4%9D_06.jpg\" alt=\"\" width=\"1200\" height=\"1634\"> <img loading=\"lazy\" decoding=\"async\" class=\"alignnone size-full wp-image-5356\" src=\"https:\/\/xinshengmanufacture.com\/wp-content\/uploads\/2025\/05\/gw2-%E6%81%A2%E5%A4%8D%E7%9A%84-%E6%8B%B7%E8%B4%9D_07.jpg\" alt=\"\" width=\"1200\" height=\"1733\"> <img loading=\"lazy\" decoding=\"async\" class=\"alignnone wp-image-5357\" src=\"https:\/\/xinshengmanufacture.com\/wp-content\/uploads\/2025\/05\/gw2-%E6%81%A2%E5%A4%8D%E7%9A%84-%E6%8B%B7%E8%B4%9D_08-scaled.jpg\" alt=\"\" width=\"1200\" height=\"2667\"> <img loading=\"lazy\" decoding=\"async\" class=\"alignnone size-full wp-image-5358\" src=\"https:\/\/xinshengmanufacture.com\/wp-content\/uploads\/2025\/05\/gw2-%E6%81%A2%E5%A4%8D%E7%9A%84-%E6%8B%B7%E8%B4%9D_09.jpg\" alt=\"\" width=\"1200\" height=\"2408\"><\/p>\n","protected":false},"excerpt":{"rendered":"<p>Ch\u1eadu g\u1ed9i \u0111\u1ea7u di \u0111\u1ed9ng c\u00f3 th\u1ec3 s\u1eed d\u1ee5ng t\u1ea1i c\u00e1c ti\u1ec7m l\u00e0m \u0111\u1eb9p, trung t\u00e2m l\u00e0m \u0111\u1eb9p, spa, v.v. C\u00f3 th\u1ec3 s\u1eed d\u1ee5ng v\u1edbi gi\u01b0\u1eddng massage ho\u1eb7c gi\u01b0\u1eddng l\u00e0m \u0111\u1eb9p. <\/p>\n","protected":false},"featured_media":45044,"template":"..\/public\/views\/revslider-page-template.php","meta":{"_bst_post_transparent":"","_bst_post_title":"","_bst_post_layout":"","_bst_post_sidebar_id":"","_bst_post_content_style":"","_bst_post_vertical_padding":"","_bst_post_feature":"","_bst_post_feature_position":"","_bst_post_header":false,"_bst_post_footer":false},"product_brand":[1087],"product_cat":[910],"product_tag":[998],"class_list":{"0":"post-45041","1":"product","2":"type-product","3":"status-publish","4":"has-post-thumbnail","6":"product_brand-xinsheng-vi","7":"product_cat-bon-rua-dau-goi-di-dong","8":"product_tag-chau-goi-dau","9":"pa_color-den","10":"pa_color-mau-sac-tuy-chinh","11":"pa_color-trang","12":"pa_size-65cm54cm67cm-vi","14":"first","15":"instock","16":"sale","17":"shipping-taxable","18":"purchasable","19":"product-type-variable","20":"entry","21":"content-bg","22":"loop-entry"},"_links":{"self":[{"href":"https:\/\/xinshengmanufacture.com\/vi\/wp-json\/wp\/v2\/product\/45041","targetHints":{"allow":["GET"]}}],"collection":[{"href":"https:\/\/xinshengmanufacture.com\/vi\/wp-json\/wp\/v2\/product"}],"about":[{"href":"https:\/\/xinshengmanufacture.com\/vi\/wp-json\/wp\/v2\/types\/product"}],"version-history":[{"count":1,"href":"https:\/\/xinshengmanufacture.com\/vi\/wp-json\/wp\/v2\/product\/45041\/revisions"}],"predecessor-version":[{"id":45085,"href":"https:\/\/xinshengmanufacture.com\/vi\/wp-json\/wp\/v2\/product\/45041\/revisions\/45085"}],"wp:featuredmedia":[{"embeddable":true,"href":"https:\/\/xinshengmanufacture.com\/vi\/wp-json\/wp\/v2\/media\/45044"}],"wp:attachment":[{"href":"https:\/\/xinshengmanufacture.com\/vi\/wp-json\/wp\/v2\/media?parent=45041"}],"wp:term":[{"taxonomy":"product_brand","embeddable":true,"href":"https:\/\/xinshengmanufacture.com\/vi\/wp-json\/wp\/v2\/product_brand?post=45041"},{"taxonomy":"product_cat","embeddable":true,"href":"https:\/\/xinshengmanufacture.com\/vi\/wp-json\/wp\/v2\/product_cat?post=45041"},{"taxonomy":"product_tag","embeddable":true,"href":"https:\/\/xinshengmanufacture.com\/vi\/wp-json\/wp\/v2\/product_tag?post=45041"}],"curies":[{"name":"wp","href":"https:\/\/api.w.org\/{rel}","templated":true}]}}