{"id":48407,"date":"2025-05-17T06:17:01","date_gmt":"2025-05-17T06:17:01","guid":{"rendered":"https:\/\/xinshengmanufacture.com\/product\/thoi-trang-chat-luong-cao-giuong-goi-dau-massage-dien-salon-do-noi-that-thuong-mai-tham-my-vien-giuong-tri-lieu-dau-trung-tam-spa-giuong-goi-dau-thiet-bi-giuong-goi-dau-massage-da-chuc-nang\/"},"modified":"2025-08-26T08:06:46","modified_gmt":"2025-08-26T08:06:46","slug":"thoi-trang-chat-luong-cao-giuong-goi-dau-massage-dien-salon-do-noi-that-thuong-mai-tham-my-vien-giuong-tri-lieu-dau-trung-tam-spa-giuong-goi-dau-thiet-bi-giuong-goi-dau-massage-da-chuc-nang","status":"publish","type":"product","link":"https:\/\/xinshengmanufacture.com\/vi\/product\/thoi-trang-chat-luong-cao-giuong-goi-dau-massage-dien-salon-do-noi-that-thuong-mai-tham-my-vien-giuong-tri-lieu-dau-trung-tam-spa-giuong-goi-dau-thiet-bi-giuong-goi-dau-massage-da-chuc-nang\/","title":{"rendered":"Th\u1eddi trang ch\u1ea5t l\u01b0\u1ee3ng cao gi\u01b0\u1eddng g\u1ed9i \u0111\u1ea7u massage \u0111i\u1ec7n salon \u0111\u1ed3 n\u1ed9i th\u1ea5t th\u01b0\u01a1ng m\u1ea1i th\u1ea9m m\u1ef9 vi\u1ec7n gi\u01b0\u1eddng tr\u1ecb li\u1ec7u \u0111\u1ea7u trung t\u00e2m spa gi\u01b0\u1eddng g\u1ed9i \u0111\u1ea7u thi\u1ebft b\u1ecb gi\u01b0\u1eddng g\u1ed9i \u0111\u1ea7u massage \u0111a ch\u1ee9c n\u0103ng"},"content":{"rendered":"<div class=\"wp-playlist wp-video-playlist wp-playlist-light\">\n\t\t<video controls=\"controls\" preload=\"none\" width=\"1408\"\n\t\t height=\"2503\"\t><\/video>\n\t<div class=\"wp-playlist-next\"><\/div>\n\t<div class=\"wp-playlist-prev\"><\/div>\n\t<noscript>\n\t<ol>\n\t\t<li><a href='https:\/\/xinshengmanufacture.com\/wp-content\/uploads\/2025\/05\/33.mp4'>33<\/a><\/li>\t<\/ol>\n\t<\/noscript>\n\t<script type=\"application\/json\" class=\"wp-playlist-script\">{\"type\":\"video\",\"tracklist\":false,\"tracknumbers\":true,\"images\":false,\"artists\":true,\"tracks\":[{\"src\":\"https:\/\/xinshengmanufacture.com\/wp-content\/uploads\/2025\/05\/33.mp4\",\"type\":\"video\/mp4\",\"title\":\"33\",\"caption\":\"\",\"description\":\"\",\"meta\":{\"length_formatted\":\"0:29\"},\"dimensions\":{\"original\":{\"width\":1080,\"height\":1920},\"resized\":{\"width\":1408,\"height\":2503}},\"image\":{\"src\":\"https:\/\/xinshengmanufacture.com\/wp-includes\/images\/media\/video.svg\",\"width\":48,\"height\":64},\"thumb\":{\"src\":\"https:\/\/xinshengmanufacture.com\/wp-includes\/images\/media\/video.svg\",\"width\":48,\"height\":64}}]}<\/script>\n<\/div>\n\t\n<p style=\"text-align: center;\"><img fetchpriority=\"high\" decoding=\"async\" class=\"aligncenter wp-image-4976\" src=\"https:\/\/xinshengmanufacture.com\/wp-content\/uploads\/2025\/05\/%E8%B6%85%E5%B7%A5%E5%AE%9A%E5%88%B6%E8%8B%B1%E6%96%87_011-2.jpg\" alt=\"\" width=\"788\" height=\"1219\"><img decoding=\"async\" class=\"aligncenter wp-image-4977\" src=\"https:\/\/xinshengmanufacture.com\/wp-content\/uploads\/2025\/05\/%E8%B6%85%E5%B7%A5%E5%AE%9A%E5%88%B6%E8%8B%B1%E6%96%87_021-2.jpg\" alt=\"\" width=\"788\" height=\"692\"><img decoding=\"async\" class=\"aligncenter wp-image-4978\" src=\"https:\/\/xinshengmanufacture.com\/wp-content\/uploads\/2025\/05\/%E8%B6%85%E5%B7%A5%E5%AE%9A%E5%88%B6%E8%8B%B1%E6%96%87_031-2.jpg\" alt=\"\" width=\"788\" height=\"1026\"><img loading=\"lazy\" decoding=\"async\" class=\"aligncenter wp-image-4979\" src=\"https:\/\/xinshengmanufacture.com\/wp-content\/uploads\/2025\/05\/%E8%B6%85%E5%B7%A5%E5%AE%9A%E5%88%B6%E8%8B%B1%E6%96%87_041-2.jpg\" alt=\"\" width=\"788\" height=\"1152\"><img loading=\"lazy\" decoding=\"async\" class=\"aligncenter wp-image-4980\" src=\"https:\/\/xinshengmanufacture.com\/wp-content\/uploads\/2025\/05\/%E8%B6%85%E5%B7%A5%E5%AE%9A%E5%88%B6%E8%8B%B1%E6%96%87_051-2.jpg\" alt=\"\" width=\"788\" height=\"1482\"><img loading=\"lazy\" decoding=\"async\" class=\"alignnone size-full wp-image-5083\" src=\"https:\/\/xinshengmanufacture.com\/wp-content\/uploads\/2025\/05\/%E6%9C%AA%E6%A0%87%E9%A2%98%E5%A4%96_01.jpg\" alt=\"\" width=\"788\" height=\"1192\"> <img loading=\"lazy\" decoding=\"async\" class=\"alignnone size-full wp-image-5085\" src=\"https:\/\/xinshengmanufacture.com\/wp-content\/uploads\/2025\/05\/%E6%9C%AA%E6%A0%87%E9%A2%98%E5%A4%96_03.jpg\" alt=\"\" width=\"788\" height=\"1721\"> <img loading=\"lazy\" decoding=\"async\" class=\"alignnone size-full wp-image-5086\" src=\"https:\/\/xinshengmanufacture.com\/wp-content\/uploads\/2025\/05\/%E6%9C%AA%E6%A0%87%E9%A2%98%E5%A4%96_04.jpg\" alt=\"\" width=\"788\" height=\"1144\"> <img loading=\"lazy\" decoding=\"async\" class=\"alignnone size-full wp-image-5087\" src=\"https:\/\/xinshengmanufacture.com\/wp-content\/uploads\/2025\/05\/%E6%9C%AA%E6%A0%87%E9%A2%98%E5%A4%96_05.jpg\" alt=\"\" width=\"788\" height=\"947\"> <img loading=\"lazy\" decoding=\"async\" class=\"alignnone size-full wp-image-5088\" src=\"https:\/\/xinshengmanufacture.com\/wp-content\/uploads\/2025\/05\/%E6%9C%AA%E6%A0%87%E9%A2%98%E5%A4%96_06.jpg\" alt=\"\" width=\"788\" height=\"1034\"> <img loading=\"lazy\" decoding=\"async\" class=\"alignnone size-full wp-image-5089\" src=\"https:\/\/xinshengmanufacture.com\/wp-content\/uploads\/2025\/05\/%E6%9C%AA%E6%A0%87%E9%A2%98%E5%A4%96_07.jpg\" alt=\"\" width=\"788\" height=\"1044\"> <img loading=\"lazy\" decoding=\"async\" class=\"alignnone size-full wp-image-5090\" src=\"https:\/\/xinshengmanufacture.com\/wp-content\/uploads\/2025\/05\/%E6%9C%AA%E6%A0%87%E9%A2%98%E5%A4%96_08.jpg\" alt=\"\" width=\"788\" height=\"1146\"> <img loading=\"lazy\" decoding=\"async\" class=\"alignnone size-full wp-image-5091\" src=\"https:\/\/xinshengmanufacture.com\/wp-content\/uploads\/2025\/05\/%E6%9C%AA%E6%A0%87%E9%A2%98%E5%A4%96_09.jpg\" alt=\"\" width=\"788\" height=\"1343\"> <img loading=\"lazy\" decoding=\"async\" class=\"alignnone size-full wp-image-5092\" src=\"https:\/\/xinshengmanufacture.com\/wp-content\/uploads\/2025\/05\/%E6%9C%AA%E6%A0%87%E9%A2%98%E5%A4%96_10.jpg\" alt=\"\" width=\"788\" height=\"1650\"> <img loading=\"lazy\" decoding=\"async\" class=\"alignnone size-full wp-image-5093\" src=\"https:\/\/xinshengmanufacture.com\/wp-content\/uploads\/2025\/05\/%E6%9C%AA%E6%A0%87%E9%A2%98%E5%A4%96_11.jpg\" alt=\"\" width=\"788\" height=\"1827\"> <img loading=\"lazy\" decoding=\"async\" class=\"alignnone size-full wp-image-5094\" src=\"https:\/\/xinshengmanufacture.com\/wp-content\/uploads\/2025\/05\/%E6%9C%AA%E6%A0%87%E9%A2%98%E5%A4%96_12.jpg\" alt=\"\" width=\"788\" height=\"1586\"><\/p>\n","protected":false},"excerpt":{"rendered":"<p>Gi\u01b0\u1eddng g\u1ed9i \u0111\u1ea7u massage \u0111i\u1ec7n th\u1eddi trang v\u00e0 ch\u1ea5t l\u01b0\u1ee3ng cao c\u00f3 th\u1ec3 s\u1eed d\u1ee5ng trong c\u00e1c ti\u1ec7m l\u00e0m \u0111\u1eb9p, trung t\u00e2m massage, trung t\u00e2m l\u00e0m \u0111\u1eb9p, trung t\u00e2m spa, v.v.<\/p>\n","protected":false},"featured_media":48427,"template":"","meta":{"_bst_post_transparent":"","_bst_post_title":"","_bst_post_layout":"","_bst_post_sidebar_id":"","_bst_post_content_style":"","_bst_post_vertical_padding":"","_bst_post_feature":"","_bst_post_feature_position":"","_bst_post_header":false,"_bst_post_footer":false},"product_brand":[1087],"product_cat":[879],"product_tag":[],"class_list":{"0":"post-48407","1":"product","2":"type-product","3":"status-publish","4":"has-post-thumbnail","6":"product_brand-xinsheng-vi","7":"product_cat-giuong-massage-dien","8":"pa_color-den","9":"pa_color-mau-sac-tuy-chinh","10":"pa_color-trang","11":"pa_size-1908085cm-vi","13":"first","14":"instock","15":"sale","16":"shipping-taxable","17":"purchasable","18":"product-type-variable","19":"entry","20":"content-bg","21":"loop-entry"},"_links":{"self":[{"href":"https:\/\/xinshengmanufacture.com\/vi\/wp-json\/wp\/v2\/product\/48407","targetHints":{"allow":["GET"]}}],"collection":[{"href":"https:\/\/xinshengmanufacture.com\/vi\/wp-json\/wp\/v2\/product"}],"about":[{"href":"https:\/\/xinshengmanufacture.com\/vi\/wp-json\/wp\/v2\/types\/product"}],"version-history":[{"count":1,"href":"https:\/\/xinshengmanufacture.com\/vi\/wp-json\/wp\/v2\/product\/48407\/revisions"}],"predecessor-version":[{"id":48448,"href":"https:\/\/xinshengmanufacture.com\/vi\/wp-json\/wp\/v2\/product\/48407\/revisions\/48448"}],"wp:featuredmedia":[{"embeddable":true,"href":"https:\/\/xinshengmanufacture.com\/vi\/wp-json\/wp\/v2\/media\/48427"}],"wp:attachment":[{"href":"https:\/\/xinshengmanufacture.com\/vi\/wp-json\/wp\/v2\/media?parent=48407"}],"wp:term":[{"taxonomy":"product_brand","embeddable":true,"href":"https:\/\/xinshengmanufacture.com\/vi\/wp-json\/wp\/v2\/product_brand?post=48407"},{"taxonomy":"product_cat","embeddable":true,"href":"https:\/\/xinshengmanufacture.com\/vi\/wp-json\/wp\/v2\/product_cat?post=48407"},{"taxonomy":"product_tag","embeddable":true,"href":"https:\/\/xinshengmanufacture.com\/vi\/wp-json\/wp\/v2\/product_tag?post=48407"}],"curies":[{"name":"wp","href":"https:\/\/api.w.org\/{rel}","templated":true}]}}