{"id":48580,"date":"2025-05-16T08:03:45","date_gmt":"2025-05-16T08:03:45","guid":{"rendered":"https:\/\/xinshengmanufacture.com\/product\/giuong-goi-dau-massage-dien-da-nang-khong-co-ong-nuoc-do-noi-that-salon-toc-giuong-massage-tham-my-vien-thoi-trang-va-sang-trong-thiet-bi-giuong-massage-trung-tam-spa\/"},"modified":"2026-01-17T05:51:50","modified_gmt":"2026-01-17T05:51:50","slug":"giuong-goi-dau-massage-dien-da-nang-khong-co-ong-nuoc-do-noi-that-salon-toc-giuong-massage-tham-my-vien-thoi-trang-va-sang-trong-thiet-bi-giuong-massage-trung-tam-spa","status":"publish","type":"product","link":"https:\/\/xinshengmanufacture.com\/vi\/product\/giuong-goi-dau-massage-dien-da-nang-khong-co-ong-nuoc-do-noi-that-salon-toc-giuong-massage-tham-my-vien-thoi-trang-va-sang-trong-thiet-bi-giuong-massage-trung-tam-spa\/","title":{"rendered":"Gi\u01b0\u1eddng g\u1ed9i \u0111\u1ea7u massage \u0111i\u1ec7n \u0111a n\u0103ng kh\u00f4ng c\u00f3 \u1ed1ng n\u01b0\u1edbc, \u0111\u1ed3 n\u1ed9i th\u1ea5t salon t\u00f3c, gi\u01b0\u1eddng massage th\u1ea9m m\u1ef9 vi\u1ec7n th\u1eddi trang v\u00e0 sang tr\u1ecdng, thi\u1ebft b\u1ecb gi\u01b0\u1eddng massage trung t\u00e2m spa"},"content":{"rendered":"<div class=\"wp-playlist wp-video-playlist wp-playlist-light\">\n\t\t<video controls=\"controls\" preload=\"none\" width=\"1408\"\n\t\t height=\"2503\"\t><\/video>\n\t<div class=\"wp-playlist-next\"><\/div>\n\t<div class=\"wp-playlist-prev\"><\/div>\n\t<noscript>\n\t<ol>\n\t\t<li><a href='https:\/\/xinshengmanufacture.com\/wp-content\/uploads\/2025\/05\/11.mp4'>11<\/a><\/li>\t<\/ol>\n\t<\/noscript>\n\t<script type=\"application\/json\" class=\"wp-playlist-script\">{\"type\":\"video\",\"tracklist\":false,\"tracknumbers\":true,\"images\":false,\"artists\":true,\"tracks\":[{\"src\":\"https:\/\/xinshengmanufacture.com\/wp-content\/uploads\/2025\/05\/11.mp4\",\"type\":\"video\/mp4\",\"title\":\"11\",\"caption\":\"\",\"description\":\"\",\"meta\":{\"length_formatted\":\"0:21\"},\"dimensions\":{\"original\":{\"width\":1080,\"height\":1920},\"resized\":{\"width\":1408,\"height\":2503}},\"image\":{\"src\":\"https:\/\/xinshengmanufacture.com\/wp-includes\/images\/media\/video.svg\",\"width\":48,\"height\":64},\"thumb\":{\"src\":\"https:\/\/xinshengmanufacture.com\/wp-includes\/images\/media\/video.svg\",\"width\":48,\"height\":64}}]}<\/script>\n<\/div>\n\t\n<p style=\"text-align: center;\"><img fetchpriority=\"high\" decoding=\"async\" class=\"size-full wp-image-4976 aligncenter\" src=\"https:\/\/xinshengmanufacture.com\/wp-content\/uploads\/2025\/05\/%E8%B6%85%E5%B7%A5%E5%AE%9A%E5%88%B6%E8%8B%B1%E6%96%87_011-2.jpg\" alt=\"\" width=\"1200\" height=\"1857\"><img decoding=\"async\" class=\"size-full wp-image-4977 aligncenter\" src=\"https:\/\/xinshengmanufacture.com\/wp-content\/uploads\/2025\/05\/%E8%B6%85%E5%B7%A5%E5%AE%9A%E5%88%B6%E8%8B%B1%E6%96%87_021-2.jpg\" alt=\"\" width=\"1200\" height=\"1054\"><img decoding=\"async\" class=\"size-full wp-image-4978 aligncenter\" src=\"https:\/\/xinshengmanufacture.com\/wp-content\/uploads\/2025\/05\/%E8%B6%85%E5%B7%A5%E5%AE%9A%E5%88%B6%E8%8B%B1%E6%96%87_031-2.jpg\" alt=\"\" width=\"1200\" height=\"1563\"><img loading=\"lazy\" decoding=\"async\" class=\"size-full wp-image-4979 aligncenter\" src=\"https:\/\/xinshengmanufacture.com\/wp-content\/uploads\/2025\/05\/%E8%B6%85%E5%B7%A5%E5%AE%9A%E5%88%B6%E8%8B%B1%E6%96%87_041-2.jpg\" alt=\"\" width=\"1200\" height=\"1755\"><img loading=\"lazy\" decoding=\"async\" class=\"alignnone size-full wp-image-4980 aligncenter\" src=\"https:\/\/xinshengmanufacture.com\/wp-content\/uploads\/2025\/05\/%E8%B6%85%E5%B7%A5%E5%AE%9A%E5%88%B6%E8%8B%B1%E6%96%87_051-2.jpg\" alt=\"\" width=\"1200\" height=\"2257\"><img loading=\"lazy\" decoding=\"async\" class=\"alignnone size-full wp-image-5058\" src=\"https:\/\/xinshengmanufacture.com\/wp-content\/uploads\/2025\/05\/1_01-5.jpg\" alt=\"\" width=\"1200\" height=\"1836\" srcset=\"https:\/\/xinshengmanufacture.com\/wp-content\/uploads\/2025\/05\/1_01-5.jpg 1200w, https:\/\/xinshengmanufacture.com\/wp-content\/uploads\/2025\/05\/1_01-5-600x918.jpg 600w, https:\/\/xinshengmanufacture.com\/wp-content\/uploads\/2025\/05\/1_01-5-196x300.jpg 196w, https:\/\/xinshengmanufacture.com\/wp-content\/uploads\/2025\/05\/1_01-5-669x1024.jpg 669w, https:\/\/xinshengmanufacture.com\/wp-content\/uploads\/2025\/05\/1_01-5-768x1175.jpg 768w, https:\/\/xinshengmanufacture.com\/wp-content\/uploads\/2025\/05\/1_01-5-1004x1536.jpg 1004w\" sizes=\"(max-width: 1200px) 100vw, 1200px\" \/> <img loading=\"lazy\" decoding=\"async\" class=\"alignnone size-full wp-image-5059\" src=\"https:\/\/xinshengmanufacture.com\/wp-content\/uploads\/2025\/05\/1_02-5.jpg\" alt=\"\" width=\"1200\" height=\"1585\" srcset=\"https:\/\/xinshengmanufacture.com\/wp-content\/uploads\/2025\/05\/1_02-5.jpg 1200w, https:\/\/xinshengmanufacture.com\/wp-content\/uploads\/2025\/05\/1_02-5-600x793.jpg 600w, https:\/\/xinshengmanufacture.com\/wp-content\/uploads\/2025\/05\/1_02-5-227x300.jpg 227w, https:\/\/xinshengmanufacture.com\/wp-content\/uploads\/2025\/05\/1_02-5-775x1024.jpg 775w, https:\/\/xinshengmanufacture.com\/wp-content\/uploads\/2025\/05\/1_02-5-768x1014.jpg 768w, https:\/\/xinshengmanufacture.com\/wp-content\/uploads\/2025\/05\/1_02-5-1163x1536.jpg 1163w\" sizes=\"(max-width: 1200px) 100vw, 1200px\" \/> <img loading=\"lazy\" decoding=\"async\" class=\"alignnone size-full wp-image-5060\" src=\"https:\/\/xinshengmanufacture.com\/wp-content\/uploads\/2025\/05\/1_03-5.jpg\" alt=\"\" width=\"1200\" height=\"2328\" srcset=\"https:\/\/xinshengmanufacture.com\/wp-content\/uploads\/2025\/05\/1_03-5.jpg 1200w, https:\/\/xinshengmanufacture.com\/wp-content\/uploads\/2025\/05\/1_03-5-600x1164.jpg 600w, https:\/\/xinshengmanufacture.com\/wp-content\/uploads\/2025\/05\/1_03-5-155x300.jpg 155w, https:\/\/xinshengmanufacture.com\/wp-content\/uploads\/2025\/05\/1_03-5-528x1024.jpg 528w, https:\/\/xinshengmanufacture.com\/wp-content\/uploads\/2025\/05\/1_03-5-768x1490.jpg 768w, https:\/\/xinshengmanufacture.com\/wp-content\/uploads\/2025\/05\/1_03-5-792x1536.jpg 792w, https:\/\/xinshengmanufacture.com\/wp-content\/uploads\/2025\/05\/1_03-5-1056x2048.jpg 1056w\" sizes=\"(max-width: 1200px) 100vw, 1200px\" \/> <img loading=\"lazy\" decoding=\"async\" class=\"alignnone size-full wp-image-5061\" src=\"https:\/\/xinshengmanufacture.com\/wp-content\/uploads\/2025\/05\/1_04-5.jpg\" alt=\"\" width=\"1200\" height=\"1789\" srcset=\"https:\/\/xinshengmanufacture.com\/wp-content\/uploads\/2025\/05\/1_04-5.jpg 1200w, https:\/\/xinshengmanufacture.com\/wp-content\/uploads\/2025\/05\/1_04-5-600x895.jpg 600w, https:\/\/xinshengmanufacture.com\/wp-content\/uploads\/2025\/05\/1_04-5-201x300.jpg 201w, https:\/\/xinshengmanufacture.com\/wp-content\/uploads\/2025\/05\/1_04-5-687x1024.jpg 687w, https:\/\/xinshengmanufacture.com\/wp-content\/uploads\/2025\/05\/1_04-5-768x1145.jpg 768w, https:\/\/xinshengmanufacture.com\/wp-content\/uploads\/2025\/05\/1_04-5-1030x1536.jpg 1030w\" sizes=\"(max-width: 1200px) 100vw, 1200px\" \/> <img loading=\"lazy\" decoding=\"async\" class=\"alignnone size-full wp-image-5062\" src=\"https:\/\/xinshengmanufacture.com\/wp-content\/uploads\/2025\/05\/1_05-5.jpg\" alt=\"\" width=\"1200\" height=\"1891\" srcset=\"https:\/\/xinshengmanufacture.com\/wp-content\/uploads\/2025\/05\/1_05-5.jpg 1200w, https:\/\/xinshengmanufacture.com\/wp-content\/uploads\/2025\/05\/1_05-5-600x946.jpg 600w, https:\/\/xinshengmanufacture.com\/wp-content\/uploads\/2025\/05\/1_05-5-190x300.jpg 190w, https:\/\/xinshengmanufacture.com\/wp-content\/uploads\/2025\/05\/1_05-5-650x1024.jpg 650w, https:\/\/xinshengmanufacture.com\/wp-content\/uploads\/2025\/05\/1_05-5-768x1210.jpg 768w, https:\/\/xinshengmanufacture.com\/wp-content\/uploads\/2025\/05\/1_05-5-975x1536.jpg 975w\" sizes=\"(max-width: 1200px) 100vw, 1200px\" \/> <img loading=\"lazy\" decoding=\"async\" class=\"alignnone size-full wp-image-5063\" src=\"https:\/\/xinshengmanufacture.com\/wp-content\/uploads\/2025\/05\/1_06-4.jpg\" alt=\"\" width=\"1200\" height=\"1552\" srcset=\"https:\/\/xinshengmanufacture.com\/wp-content\/uploads\/2025\/05\/1_06-4.jpg 1200w, https:\/\/xinshengmanufacture.com\/wp-content\/uploads\/2025\/05\/1_06-4-600x776.jpg 600w, https:\/\/xinshengmanufacture.com\/wp-content\/uploads\/2025\/05\/1_06-4-232x300.jpg 232w, https:\/\/xinshengmanufacture.com\/wp-content\/uploads\/2025\/05\/1_06-4-792x1024.jpg 792w, https:\/\/xinshengmanufacture.com\/wp-content\/uploads\/2025\/05\/1_06-4-768x993.jpg 768w, https:\/\/xinshengmanufacture.com\/wp-content\/uploads\/2025\/05\/1_06-4-1188x1536.jpg 1188w\" sizes=\"(max-width: 1200px) 100vw, 1200px\" \/> <img loading=\"lazy\" decoding=\"async\" class=\"alignnone size-full wp-image-5064\" src=\"https:\/\/xinshengmanufacture.com\/wp-content\/uploads\/2025\/05\/1_07-5.jpg\" alt=\"\" width=\"1200\" height=\"1573\" srcset=\"https:\/\/xinshengmanufacture.com\/wp-content\/uploads\/2025\/05\/1_07-5.jpg 1200w, https:\/\/xinshengmanufacture.com\/wp-content\/uploads\/2025\/05\/1_07-5-600x787.jpg 600w, https:\/\/xinshengmanufacture.com\/wp-content\/uploads\/2025\/05\/1_07-5-229x300.jpg 229w, https:\/\/xinshengmanufacture.com\/wp-content\/uploads\/2025\/05\/1_07-5-781x1024.jpg 781w, https:\/\/xinshengmanufacture.com\/wp-content\/uploads\/2025\/05\/1_07-5-768x1007.jpg 768w, https:\/\/xinshengmanufacture.com\/wp-content\/uploads\/2025\/05\/1_07-5-1172x1536.jpg 1172w\" sizes=\"(max-width: 1200px) 100vw, 1200px\" \/> <img loading=\"lazy\" decoding=\"async\" class=\"alignnone size-full wp-image-5065\" src=\"https:\/\/xinshengmanufacture.com\/wp-content\/uploads\/2025\/05\/1_08-5.jpg\" alt=\"\" width=\"1200\" height=\"1869\" srcset=\"https:\/\/xinshengmanufacture.com\/wp-content\/uploads\/2025\/05\/1_08-5.jpg 1200w, https:\/\/xinshengmanufacture.com\/wp-content\/uploads\/2025\/05\/1_08-5-600x935.jpg 600w, https:\/\/xinshengmanufacture.com\/wp-content\/uploads\/2025\/05\/1_08-5-193x300.jpg 193w, https:\/\/xinshengmanufacture.com\/wp-content\/uploads\/2025\/05\/1_08-5-657x1024.jpg 657w, https:\/\/xinshengmanufacture.com\/wp-content\/uploads\/2025\/05\/1_08-5-768x1196.jpg 768w, https:\/\/xinshengmanufacture.com\/wp-content\/uploads\/2025\/05\/1_08-5-986x1536.jpg 986w\" sizes=\"(max-width: 1200px) 100vw, 1200px\" \/> <img loading=\"lazy\" decoding=\"async\" class=\"alignnone size-full wp-image-5066\" src=\"https:\/\/xinshengmanufacture.com\/wp-content\/uploads\/2025\/05\/1_09-5-scaled.jpg\" alt=\"\" width=\"1107\" height=\"2560\" srcset=\"https:\/\/xinshengmanufacture.com\/wp-content\/uploads\/2025\/05\/1_09-5-scaled.jpg 1107w, https:\/\/xinshengmanufacture.com\/wp-content\/uploads\/2025\/05\/1_09-5-scaled-600x1388.jpg 600w, https:\/\/xinshengmanufacture.com\/wp-content\/uploads\/2025\/05\/1_09-5-130x300.jpg 130w, https:\/\/xinshengmanufacture.com\/wp-content\/uploads\/2025\/05\/1_09-5-443x1024.jpg 443w, https:\/\/xinshengmanufacture.com\/wp-content\/uploads\/2025\/05\/1_09-5-768x1777.jpg 768w, https:\/\/xinshengmanufacture.com\/wp-content\/uploads\/2025\/05\/1_09-5-664x1536.jpg 664w, https:\/\/xinshengmanufacture.com\/wp-content\/uploads\/2025\/05\/1_09-5-885x2048.jpg 885w\" sizes=\"(max-width: 1107px) 100vw, 1107px\" \/> <img loading=\"lazy\" decoding=\"async\" class=\"alignnone size-full wp-image-5067\" src=\"https:\/\/xinshengmanufacture.com\/wp-content\/uploads\/2025\/05\/1_10-3.jpg\" alt=\"\" width=\"1200\" height=\"2460\" srcset=\"https:\/\/xinshengmanufacture.com\/wp-content\/uploads\/2025\/05\/1_10-3.jpg 1200w, https:\/\/xinshengmanufacture.com\/wp-content\/uploads\/2025\/05\/1_10-3-600x1230.jpg 600w, https:\/\/xinshengmanufacture.com\/wp-content\/uploads\/2025\/05\/1_10-3-146x300.jpg 146w, https:\/\/xinshengmanufacture.com\/wp-content\/uploads\/2025\/05\/1_10-3-500x1024.jpg 500w, https:\/\/xinshengmanufacture.com\/wp-content\/uploads\/2025\/05\/1_10-3-768x1574.jpg 768w, https:\/\/xinshengmanufacture.com\/wp-content\/uploads\/2025\/05\/1_10-3-749x1536.jpg 749w, https:\/\/xinshengmanufacture.com\/wp-content\/uploads\/2025\/05\/1_10-3-999x2048.jpg 999w\" sizes=\"(max-width: 1200px) 100vw, 1200px\" \/><\/p>\n<div id=\"gtx-trans\" style=\"position: absolute; left: 688px; top: 33px;\">\n<div class=\"gtx-trans-icon\"><\/div>\n<\/div>\n","protected":false},"excerpt":{"rendered":"<p>Gi\u01b0\u1eddng g\u1ed9i \u0111\u1ea7u massage \u0111i\u1ec7n \u0111a n\u0103ng kh\u00f4ng c\u1ea7n \u1ed1ng d\u1eabn c\u00f3 th\u1ec3 s\u1eed d\u1ee5ng \u1edf c\u00e1c ti\u1ec7m l\u00e0m \u0111\u1eb9p, trung t\u00e2m massage, spa, trung t\u00e2m l\u00e0m \u0111\u1eb9p, v.v.<\/p>\n","protected":false},"featured_media":48581,"template":"","meta":{"_bst_post_transparent":"","_bst_post_title":"","_bst_post_layout":"","_bst_post_sidebar_id":"","_bst_post_content_style":"","_bst_post_vertical_padding":"","_bst_post_feature":"","_bst_post_feature_position":"","_bst_post_header":false,"_bst_post_footer":false},"product_brand":[1087],"product_cat":[879],"product_tag":[],"class_list":{"0":"post-48580","1":"product","2":"type-product","3":"status-publish","4":"has-post-thumbnail","6":"product_brand-xinsheng-vi","7":"product_cat-giuong-massage-dien","8":"pa_color-mau-cam","9":"pa_color-mau-sac-tuy-chinh","10":"pa_size-2038076cm-vi","12":"first","13":"instock","14":"sale","15":"shipping-taxable","16":"purchasable","17":"product-type-variable","18":"entry","19":"content-bg","20":"loop-entry"},"_links":{"self":[{"href":"https:\/\/xinshengmanufacture.com\/vi\/wp-json\/wp\/v2\/product\/48580","targetHints":{"allow":["GET"]}}],"collection":[{"href":"https:\/\/xinshengmanufacture.com\/vi\/wp-json\/wp\/v2\/product"}],"about":[{"href":"https:\/\/xinshengmanufacture.com\/vi\/wp-json\/wp\/v2\/types\/product"}],"version-history":[{"count":1,"href":"https:\/\/xinshengmanufacture.com\/vi\/wp-json\/wp\/v2\/product\/48580\/revisions"}],"predecessor-version":[{"id":48617,"href":"https:\/\/xinshengmanufacture.com\/vi\/wp-json\/wp\/v2\/product\/48580\/revisions\/48617"}],"wp:featuredmedia":[{"embeddable":true,"href":"https:\/\/xinshengmanufacture.com\/vi\/wp-json\/wp\/v2\/media\/48581"}],"wp:attachment":[{"href":"https:\/\/xinshengmanufacture.com\/vi\/wp-json\/wp\/v2\/media?parent=48580"}],"wp:term":[{"taxonomy":"product_brand","embeddable":true,"href":"https:\/\/xinshengmanufacture.com\/vi\/wp-json\/wp\/v2\/product_brand?post=48580"},{"taxonomy":"product_cat","embeddable":true,"href":"https:\/\/xinshengmanufacture.com\/vi\/wp-json\/wp\/v2\/product_cat?post=48580"},{"taxonomy":"product_tag","embeddable":true,"href":"https:\/\/xinshengmanufacture.com\/vi\/wp-json\/wp\/v2\/product_tag?post=48580"}],"curies":[{"name":"wp","href":"https:\/\/api.w.org\/{rel}","templated":true}]}}