{"id":48979,"date":"2025-05-16T06:50:12","date_gmt":"2025-05-16T06:50:12","guid":{"rendered":"https:\/\/xinshengmanufacture.com\/product\/ghe-goi-dau-massage-thong-minh-dien-da-chuc-nang-co-the-dieu-chinh-nang-ha-salon-toc-trung-tam-tham-my-vien-giuong-goi-dau-ghe-spa\/"},"modified":"2025-08-26T08:05:16","modified_gmt":"2025-08-26T08:05:16","slug":"ghe-goi-dau-massage-thong-minh-dien-da-chuc-nang-co-the-dieu-chinh-nang-ha-salon-toc-trung-tam-tham-my-vien-giuong-goi-dau-ghe-spa","status":"publish","type":"product","link":"https:\/\/xinshengmanufacture.com\/vi\/product\/ghe-goi-dau-massage-thong-minh-dien-da-chuc-nang-co-the-dieu-chinh-nang-ha-salon-toc-trung-tam-tham-my-vien-giuong-goi-dau-ghe-spa\/","title":{"rendered":"Gh\u1ebf g\u1ed9i \u0111\u1ea7u massage th\u00f4ng minh \u0111i\u1ec7n \u0111a ch\u1ee9c n\u0103ng c\u00f3 th\u1ec3 \u0111i\u1ec1u ch\u1ec9nh n\u00e2ng h\u1ea1 salon t\u00f3c trung t\u00e2m th\u1ea9m m\u1ef9 vi\u1ec7n gi\u01b0\u1eddng g\u1ed9i \u0111\u1ea7u gh\u1ebf spa"},"content":{"rendered":"<div class=\"wp-playlist wp-video-playlist wp-playlist-light\">\n\t\t<video controls=\"controls\" preload=\"none\" width=\"1408\"\n\t\t height=\"2503\"\t><\/video>\n\t<div class=\"wp-playlist-next\"><\/div>\n\t<div class=\"wp-playlist-prev\"><\/div>\n\t<noscript>\n\t<ol>\n\t\t<li><a href='https:\/\/xinshengmanufacture.com\/wp-content\/uploads\/2025\/05\/40.mp4'>40<\/a><\/li>\t<\/ol>\n\t<\/noscript>\n\t<script type=\"application\/json\" class=\"wp-playlist-script\">{\"type\":\"video\",\"tracklist\":false,\"tracknumbers\":true,\"images\":false,\"artists\":true,\"tracks\":[{\"src\":\"https:\/\/xinshengmanufacture.com\/wp-content\/uploads\/2025\/05\/40.mp4\",\"type\":\"video\/mp4\",\"title\":\"40\",\"caption\":\"\",\"description\":\"\",\"meta\":{\"length_formatted\":\"0:45\"},\"dimensions\":{\"original\":{\"width\":1080,\"height\":1920},\"resized\":{\"width\":1408,\"height\":2503}},\"image\":{\"src\":\"https:\/\/xinshengmanufacture.com\/wp-includes\/images\/media\/video.svg\",\"width\":48,\"height\":64},\"thumb\":{\"src\":\"https:\/\/xinshengmanufacture.com\/wp-includes\/images\/media\/video.svg\",\"width\":48,\"height\":64}}]}<\/script>\n<\/div>\n\t\n<p style=\"text-align: center;\"><img fetchpriority=\"high\" decoding=\"async\" class=\"alignnone size-full wp-image-5031\" src=\"https:\/\/xinshengmanufacture.com\/wp-content\/uploads\/2025\/05\/%E8%B6%85%E5%B7%A5%E5%AE%9A%E5%88%B6%E8%8B%B1%E6%96%87_01.jpg\" alt=\"\" width=\"790\" height=\"1223\"> <img decoding=\"async\" class=\"alignnone size-full wp-image-5032\" src=\"https:\/\/xinshengmanufacture.com\/wp-content\/uploads\/2025\/05\/%E8%B6%85%E5%B7%A5%E5%AE%9A%E5%88%B6%E8%8B%B1%E6%96%87_02.jpg\" alt=\"\" width=\"790\" height=\"694\"> <img decoding=\"async\" class=\"alignnone size-full wp-image-5033\" src=\"https:\/\/xinshengmanufacture.com\/wp-content\/uploads\/2025\/05\/%E8%B6%85%E5%B7%A5%E5%AE%9A%E5%88%B6%E8%8B%B1%E6%96%87_03.jpg\" alt=\"\" width=\"790\" height=\"1029\"> <img loading=\"lazy\" decoding=\"async\" class=\"alignnone size-full wp-image-5034\" src=\"https:\/\/xinshengmanufacture.com\/wp-content\/uploads\/2025\/05\/%E8%B6%85%E5%B7%A5%E5%AE%9A%E5%88%B6%E8%8B%B1%E6%96%87_04.jpg\" alt=\"\" width=\"790\" height=\"1156\"> <img loading=\"lazy\" decoding=\"async\" class=\"alignnone size-full wp-image-5035\" src=\"https:\/\/xinshengmanufacture.com\/wp-content\/uploads\/2025\/05\/%E8%B6%85%E5%B7%A5%E5%AE%9A%E5%88%B6%E8%8B%B1%E6%96%87_05.jpg\" alt=\"\" width=\"790\" height=\"1486\"><img loading=\"lazy\" decoding=\"async\" class=\"alignnone size-full wp-image-5036\" src=\"https:\/\/xinshengmanufacture.com\/wp-content\/uploads\/2025\/05\/1_01-4.jpg\" alt=\"\" width=\"790\" height=\"1220\" srcset=\"https:\/\/xinshengmanufacture.com\/wp-content\/uploads\/2025\/05\/1_01-4.jpg 790w, https:\/\/xinshengmanufacture.com\/wp-content\/uploads\/2025\/05\/1_01-4-600x927.jpg 600w, https:\/\/xinshengmanufacture.com\/wp-content\/uploads\/2025\/05\/1_01-4-194x300.jpg 194w, https:\/\/xinshengmanufacture.com\/wp-content\/uploads\/2025\/05\/1_01-4-663x1024.jpg 663w, https:\/\/xinshengmanufacture.com\/wp-content\/uploads\/2025\/05\/1_01-4-768x1186.jpg 768w\" sizes=\"(max-width: 790px) 100vw, 790px\" \/> <img loading=\"lazy\" decoding=\"async\" class=\"alignnone size-full wp-image-5037\" src=\"https:\/\/xinshengmanufacture.com\/wp-content\/uploads\/2025\/05\/1_02-4.jpg\" alt=\"\" width=\"790\" height=\"704\" srcset=\"https:\/\/xinshengmanufacture.com\/wp-content\/uploads\/2025\/05\/1_02-4.jpg 790w, https:\/\/xinshengmanufacture.com\/wp-content\/uploads\/2025\/05\/1_02-4-600x535.jpg 600w, https:\/\/xinshengmanufacture.com\/wp-content\/uploads\/2025\/05\/1_02-4-300x267.jpg 300w, https:\/\/xinshengmanufacture.com\/wp-content\/uploads\/2025\/05\/1_02-4-768x684.jpg 768w\" sizes=\"(max-width: 790px) 100vw, 790px\" \/> <img loading=\"lazy\" decoding=\"async\" class=\"alignnone size-full wp-image-5038\" src=\"https:\/\/xinshengmanufacture.com\/wp-content\/uploads\/2025\/05\/1_03-4.jpg\" alt=\"\" width=\"790\" height=\"939\" srcset=\"https:\/\/xinshengmanufacture.com\/wp-content\/uploads\/2025\/05\/1_03-4.jpg 790w, https:\/\/xinshengmanufacture.com\/wp-content\/uploads\/2025\/05\/1_03-4-600x713.jpg 600w, https:\/\/xinshengmanufacture.com\/wp-content\/uploads\/2025\/05\/1_03-4-252x300.jpg 252w, https:\/\/xinshengmanufacture.com\/wp-content\/uploads\/2025\/05\/1_03-4-768x913.jpg 768w\" sizes=\"(max-width: 790px) 100vw, 790px\" \/> <img loading=\"lazy\" decoding=\"async\" class=\"alignnone size-full wp-image-5039\" src=\"https:\/\/xinshengmanufacture.com\/wp-content\/uploads\/2025\/05\/1_04-4.jpg\" alt=\"\" width=\"790\" height=\"1207\" srcset=\"https:\/\/xinshengmanufacture.com\/wp-content\/uploads\/2025\/05\/1_04-4.jpg 790w, https:\/\/xinshengmanufacture.com\/wp-content\/uploads\/2025\/05\/1_04-4-600x917.jpg 600w, https:\/\/xinshengmanufacture.com\/wp-content\/uploads\/2025\/05\/1_04-4-196x300.jpg 196w, https:\/\/xinshengmanufacture.com\/wp-content\/uploads\/2025\/05\/1_04-4-670x1024.jpg 670w, https:\/\/xinshengmanufacture.com\/wp-content\/uploads\/2025\/05\/1_04-4-768x1173.jpg 768w\" sizes=\"(max-width: 790px) 100vw, 790px\" \/> <img loading=\"lazy\" decoding=\"async\" class=\"alignnone size-full wp-image-5040\" src=\"https:\/\/xinshengmanufacture.com\/wp-content\/uploads\/2025\/05\/1_05-4.jpg\" alt=\"\" width=\"790\" height=\"995\" srcset=\"https:\/\/xinshengmanufacture.com\/wp-content\/uploads\/2025\/05\/1_05-4.jpg 790w, https:\/\/xinshengmanufacture.com\/wp-content\/uploads\/2025\/05\/1_05-4-600x756.jpg 600w, https:\/\/xinshengmanufacture.com\/wp-content\/uploads\/2025\/05\/1_05-4-238x300.jpg 238w, https:\/\/xinshengmanufacture.com\/wp-content\/uploads\/2025\/05\/1_05-4-768x967.jpg 768w\" sizes=\"(max-width: 790px) 100vw, 790px\" \/> <img loading=\"lazy\" decoding=\"async\" class=\"alignnone size-full wp-image-5041\" src=\"https:\/\/xinshengmanufacture.com\/wp-content\/uploads\/2025\/05\/1_07-4.jpg\" alt=\"\" width=\"790\" height=\"705\" srcset=\"https:\/\/xinshengmanufacture.com\/wp-content\/uploads\/2025\/05\/1_07-4.jpg 790w, https:\/\/xinshengmanufacture.com\/wp-content\/uploads\/2025\/05\/1_07-4-600x535.jpg 600w, https:\/\/xinshengmanufacture.com\/wp-content\/uploads\/2025\/05\/1_07-4-300x268.jpg 300w, https:\/\/xinshengmanufacture.com\/wp-content\/uploads\/2025\/05\/1_07-4-768x685.jpg 768w\" sizes=\"(max-width: 790px) 100vw, 790px\" \/> <img loading=\"lazy\" decoding=\"async\" class=\"alignnone size-full wp-image-5042\" src=\"https:\/\/xinshengmanufacture.com\/wp-content\/uploads\/2025\/05\/1_08-4.jpg\" alt=\"\" width=\"790\" height=\"1070\" srcset=\"https:\/\/xinshengmanufacture.com\/wp-content\/uploads\/2025\/05\/1_08-4.jpg 790w, https:\/\/xinshengmanufacture.com\/wp-content\/uploads\/2025\/05\/1_08-4-600x813.jpg 600w, https:\/\/xinshengmanufacture.com\/wp-content\/uploads\/2025\/05\/1_08-4-221x300.jpg 221w, https:\/\/xinshengmanufacture.com\/wp-content\/uploads\/2025\/05\/1_08-4-756x1024.jpg 756w, https:\/\/xinshengmanufacture.com\/wp-content\/uploads\/2025\/05\/1_08-4-768x1040.jpg 768w\" sizes=\"(max-width: 790px) 100vw, 790px\" \/> <img loading=\"lazy\" decoding=\"async\" class=\"alignnone size-full wp-image-5043\" src=\"https:\/\/xinshengmanufacture.com\/wp-content\/uploads\/2025\/05\/1_09-4.jpg\" alt=\"\" width=\"790\" height=\"992\" srcset=\"https:\/\/xinshengmanufacture.com\/wp-content\/uploads\/2025\/05\/1_09-4.jpg 790w, https:\/\/xinshengmanufacture.com\/wp-content\/uploads\/2025\/05\/1_09-4-600x753.jpg 600w, https:\/\/xinshengmanufacture.com\/wp-content\/uploads\/2025\/05\/1_09-4-239x300.jpg 239w, https:\/\/xinshengmanufacture.com\/wp-content\/uploads\/2025\/05\/1_09-4-768x964.jpg 768w\" sizes=\"(max-width: 790px) 100vw, 790px\" \/> <img loading=\"lazy\" decoding=\"async\" class=\"alignnone size-full wp-image-5044\" src=\"https:\/\/xinshengmanufacture.com\/wp-content\/uploads\/2025\/05\/1_10-2.jpg\" alt=\"\" width=\"790\" height=\"1230\" srcset=\"https:\/\/xinshengmanufacture.com\/wp-content\/uploads\/2025\/05\/1_10-2.jpg 790w, https:\/\/xinshengmanufacture.com\/wp-content\/uploads\/2025\/05\/1_10-2-600x934.jpg 600w, https:\/\/xinshengmanufacture.com\/wp-content\/uploads\/2025\/05\/1_10-2-193x300.jpg 193w, https:\/\/xinshengmanufacture.com\/wp-content\/uploads\/2025\/05\/1_10-2-658x1024.jpg 658w, https:\/\/xinshengmanufacture.com\/wp-content\/uploads\/2025\/05\/1_10-2-768x1196.jpg 768w\" sizes=\"(max-width: 790px) 100vw, 790px\" \/> <img loading=\"lazy\" decoding=\"async\" class=\"alignnone size-full wp-image-5045\" src=\"https:\/\/xinshengmanufacture.com\/wp-content\/uploads\/2025\/05\/1_11-2.jpg\" alt=\"\" width=\"790\" height=\"1009\" srcset=\"https:\/\/xinshengmanufacture.com\/wp-content\/uploads\/2025\/05\/1_11-2.jpg 790w, https:\/\/xinshengmanufacture.com\/wp-content\/uploads\/2025\/05\/1_11-2-600x766.jpg 600w, https:\/\/xinshengmanufacture.com\/wp-content\/uploads\/2025\/05\/1_11-2-235x300.jpg 235w, https:\/\/xinshengmanufacture.com\/wp-content\/uploads\/2025\/05\/1_11-2-768x981.jpg 768w\" sizes=\"(max-width: 790px) 100vw, 790px\" \/> <img loading=\"lazy\" decoding=\"async\" class=\"alignnone size-full wp-image-5046\" src=\"https:\/\/xinshengmanufacture.com\/wp-content\/uploads\/2025\/05\/1_12-2.jpg\" alt=\"\" width=\"790\" height=\"940\" srcset=\"https:\/\/xinshengmanufacture.com\/wp-content\/uploads\/2025\/05\/1_12-2.jpg 790w, https:\/\/xinshengmanufacture.com\/wp-content\/uploads\/2025\/05\/1_12-2-600x714.jpg 600w, https:\/\/xinshengmanufacture.com\/wp-content\/uploads\/2025\/05\/1_12-2-252x300.jpg 252w, https:\/\/xinshengmanufacture.com\/wp-content\/uploads\/2025\/05\/1_12-2-768x914.jpg 768w\" sizes=\"(max-width: 790px) 100vw, 790px\" \/> <img loading=\"lazy\" decoding=\"async\" class=\"alignnone size-full wp-image-5047\" src=\"https:\/\/xinshengmanufacture.com\/wp-content\/uploads\/2025\/05\/1_13-1.jpg\" alt=\"\" width=\"790\" height=\"784\" srcset=\"https:\/\/xinshengmanufacture.com\/wp-content\/uploads\/2025\/05\/1_13-1.jpg 790w, https:\/\/xinshengmanufacture.com\/wp-content\/uploads\/2025\/05\/1_13-1-100x100.jpg 100w, https:\/\/xinshengmanufacture.com\/wp-content\/uploads\/2025\/05\/1_13-1-600x595.jpg 600w, https:\/\/xinshengmanufacture.com\/wp-content\/uploads\/2025\/05\/1_13-1-300x298.jpg 300w, https:\/\/xinshengmanufacture.com\/wp-content\/uploads\/2025\/05\/1_13-1-150x150.jpg 150w, https:\/\/xinshengmanufacture.com\/wp-content\/uploads\/2025\/05\/1_13-1-768x762.jpg 768w\" sizes=\"(max-width: 790px) 100vw, 790px\" \/> <img loading=\"lazy\" decoding=\"async\" class=\"alignnone size-full wp-image-5048\" src=\"https:\/\/xinshengmanufacture.com\/wp-content\/uploads\/2025\/05\/1_14.jpg\" alt=\"\" width=\"790\" height=\"781\" srcset=\"https:\/\/xinshengmanufacture.com\/wp-content\/uploads\/2025\/05\/1_14.jpg 790w, https:\/\/xinshengmanufacture.com\/wp-content\/uploads\/2025\/05\/1_14-100x100.jpg 100w, https:\/\/xinshengmanufacture.com\/wp-content\/uploads\/2025\/05\/1_14-600x593.jpg 600w, https:\/\/xinshengmanufacture.com\/wp-content\/uploads\/2025\/05\/1_14-300x297.jpg 300w, https:\/\/xinshengmanufacture.com\/wp-content\/uploads\/2025\/05\/1_14-768x759.jpg 768w\" sizes=\"(max-width: 790px) 100vw, 790px\" \/> <img loading=\"lazy\" decoding=\"async\" class=\"alignnone size-full wp-image-5049\" src=\"https:\/\/xinshengmanufacture.com\/wp-content\/uploads\/2025\/05\/1_15.jpg\" alt=\"\" width=\"790\" height=\"776\" srcset=\"https:\/\/xinshengmanufacture.com\/wp-content\/uploads\/2025\/05\/1_15.jpg 790w, https:\/\/xinshengmanufacture.com\/wp-content\/uploads\/2025\/05\/1_15-600x589.jpg 600w, https:\/\/xinshengmanufacture.com\/wp-content\/uploads\/2025\/05\/1_15-300x295.jpg 300w, https:\/\/xinshengmanufacture.com\/wp-content\/uploads\/2025\/05\/1_15-768x754.jpg 768w\" sizes=\"(max-width: 790px) 100vw, 790px\" \/> <img loading=\"lazy\" decoding=\"async\" class=\"alignnone size-full wp-image-5050\" src=\"https:\/\/xinshengmanufacture.com\/wp-content\/uploads\/2025\/05\/1_16.jpg\" alt=\"\" width=\"790\" height=\"778\" srcset=\"https:\/\/xinshengmanufacture.com\/wp-content\/uploads\/2025\/05\/1_16.jpg 790w, https:\/\/xinshengmanufacture.com\/wp-content\/uploads\/2025\/05\/1_16-600x591.jpg 600w, https:\/\/xinshengmanufacture.com\/wp-content\/uploads\/2025\/05\/1_16-300x295.jpg 300w, https:\/\/xinshengmanufacture.com\/wp-content\/uploads\/2025\/05\/1_16-768x756.jpg 768w\" sizes=\"(max-width: 790px) 100vw, 790px\" \/> <img loading=\"lazy\" decoding=\"async\" class=\"alignnone size-full wp-image-5051\" src=\"https:\/\/xinshengmanufacture.com\/wp-content\/uploads\/2025\/05\/1_17.jpg\" alt=\"\" width=\"790\" height=\"779\" srcset=\"https:\/\/xinshengmanufacture.com\/wp-content\/uploads\/2025\/05\/1_17.jpg 790w, https:\/\/xinshengmanufacture.com\/wp-content\/uploads\/2025\/05\/1_17-100x100.jpg 100w, https:\/\/xinshengmanufacture.com\/wp-content\/uploads\/2025\/05\/1_17-600x592.jpg 600w, https:\/\/xinshengmanufacture.com\/wp-content\/uploads\/2025\/05\/1_17-300x296.jpg 300w, https:\/\/xinshengmanufacture.com\/wp-content\/uploads\/2025\/05\/1_17-768x757.jpg 768w\" sizes=\"(max-width: 790px) 100vw, 790px\" \/> <img loading=\"lazy\" decoding=\"async\" class=\"alignnone size-full wp-image-5052\" src=\"https:\/\/xinshengmanufacture.com\/wp-content\/uploads\/2025\/05\/1_18.jpg\" alt=\"\" width=\"790\" height=\"788\" srcset=\"https:\/\/xinshengmanufacture.com\/wp-content\/uploads\/2025\/05\/1_18.jpg 790w, https:\/\/xinshengmanufacture.com\/wp-content\/uploads\/2025\/05\/1_18-300x300.jpg 300w, https:\/\/xinshengmanufacture.com\/wp-content\/uploads\/2025\/05\/1_18-100x100.jpg 100w, https:\/\/xinshengmanufacture.com\/wp-content\/uploads\/2025\/05\/1_18-600x598.jpg 600w, https:\/\/xinshengmanufacture.com\/wp-content\/uploads\/2025\/05\/1_18-150x150.jpg 150w, https:\/\/xinshengmanufacture.com\/wp-content\/uploads\/2025\/05\/1_18-768x766.jpg 768w\" sizes=\"(max-width: 790px) 100vw, 790px\" \/> <img loading=\"lazy\" decoding=\"async\" class=\"alignnone size-full wp-image-5053\" src=\"https:\/\/xinshengmanufacture.com\/wp-content\/uploads\/2025\/05\/1_19.jpg\" alt=\"\" width=\"790\" height=\"874\" srcset=\"https:\/\/xinshengmanufacture.com\/wp-content\/uploads\/2025\/05\/1_19.jpg 790w, https:\/\/xinshengmanufacture.com\/wp-content\/uploads\/2025\/05\/1_19-600x664.jpg 600w, https:\/\/xinshengmanufacture.com\/wp-content\/uploads\/2025\/05\/1_19-271x300.jpg 271w, https:\/\/xinshengmanufacture.com\/wp-content\/uploads\/2025\/05\/1_19-768x850.jpg 768w\" sizes=\"(max-width: 790px) 100vw, 790px\" \/><\/p>\n<div id=\"gtx-trans\" style=\"position: absolute; left: 684px; top: 33px;\">\n<div class=\"gtx-trans-icon\"><\/div>\n<\/div>\n","protected":false},"excerpt":{"rendered":"<p>Gh\u1ebf g\u1ed9i \u0111\u1ea7u massage th\u00f4ng minh ch\u1ea1y \u0111i\u1ec7n c\u00f3 th\u1ec3 s\u1eed d\u1ee5ng trong ti\u1ec7m l\u00e0m t\u00f3c, trung t\u00e2m massage, trung t\u00e2m l\u00e0m \u0111\u1eb9p, trung t\u00e2m spa, v.v.<\/p>\n","protected":false},"featured_media":48981,"template":"","meta":{"_bst_post_transparent":"","_bst_post_title":"","_bst_post_layout":"","_bst_post_sidebar_id":"","_bst_post_content_style":"","_bst_post_vertical_padding":"","_bst_post_feature":"","_bst_post_feature_position":"","_bst_post_header":false,"_bst_post_footer":false},"product_brand":[1087],"product_cat":[864],"product_tag":[],"class_list":{"0":"post-48979","1":"product","2":"type-product","3":"status-publish","4":"has-post-thumbnail","6":"product_brand-xinsheng-vi","7":"product_cat-ghe-goi-dau-da-nang","8":"pa_color-mau-sac-tuy-chinh","9":"pa_color-qua-mo","10":"pa_size-1927880cm-vi","12":"first","13":"instock","14":"sale","15":"shipping-taxable","16":"purchasable","17":"product-type-variable","18":"entry","19":"content-bg","20":"loop-entry"},"_links":{"self":[{"href":"https:\/\/xinshengmanufacture.com\/vi\/wp-json\/wp\/v2\/product\/48979","targetHints":{"allow":["GET"]}}],"collection":[{"href":"https:\/\/xinshengmanufacture.com\/vi\/wp-json\/wp\/v2\/product"}],"about":[{"href":"https:\/\/xinshengmanufacture.com\/vi\/wp-json\/wp\/v2\/types\/product"}],"version-history":[{"count":1,"href":"https:\/\/xinshengmanufacture.com\/vi\/wp-json\/wp\/v2\/product\/48979\/revisions"}],"predecessor-version":[{"id":49051,"href":"https:\/\/xinshengmanufacture.com\/vi\/wp-json\/wp\/v2\/product\/48979\/revisions\/49051"}],"wp:featuredmedia":[{"embeddable":true,"href":"https:\/\/xinshengmanufacture.com\/vi\/wp-json\/wp\/v2\/media\/48981"}],"wp:attachment":[{"href":"https:\/\/xinshengmanufacture.com\/vi\/wp-json\/wp\/v2\/media?parent=48979"}],"wp:term":[{"taxonomy":"product_brand","embeddable":true,"href":"https:\/\/xinshengmanufacture.com\/vi\/wp-json\/wp\/v2\/product_brand?post=48979"},{"taxonomy":"product_cat","embeddable":true,"href":"https:\/\/xinshengmanufacture.com\/vi\/wp-json\/wp\/v2\/product_cat?post=48979"},{"taxonomy":"product_tag","embeddable":true,"href":"https:\/\/xinshengmanufacture.com\/vi\/wp-json\/wp\/v2\/product_tag?post=48979"}],"curies":[{"name":"wp","href":"https:\/\/api.w.org\/{rel}","templated":true}]}}