{"id":75104,"date":"2025-08-23T08:07:44","date_gmt":"2025-08-23T08:07:44","guid":{"rendered":"https:\/\/xinshengmanufacture.com\/product\/giuong-goi-dau-dien-da-nang-kieu-thai-thiet-bi-lam-toc-giuong-massage-dau-co-chuc-nang-xong-hoi-tuan-hoan-nuoc-ho-tro-mau-tuy-chinh\/"},"modified":"2025-08-23T08:07:44","modified_gmt":"2025-08-23T08:07:44","slug":"giuong-goi-dau-dien-da-nang-kieu-thai-thiet-bi-lam-toc-giuong-massage-dau-co-chuc-nang-xong-hoi-tuan-hoan-nuoc-ho-tro-mau-tuy-chinh","status":"publish","type":"product","link":"https:\/\/xinshengmanufacture.com\/vi\/product\/giuong-goi-dau-dien-da-nang-kieu-thai-thiet-bi-lam-toc-giuong-massage-dau-co-chuc-nang-xong-hoi-tuan-hoan-nuoc-ho-tro-mau-tuy-chinh\/","title":{"rendered":"Gi\u01b0\u1eddng g\u1ed9i \u0111\u1ea7u \u0111i\u1ec7n \u0111a n\u0103ng ki\u1ec3u Th\u00e1i, thi\u1ebft b\u1ecb l\u00e0m t\u00f3c, gi\u01b0\u1eddng massage \u0111\u1ea7u c\u00f3 ch\u1ee9c n\u0103ng x\u00f4ng h\u01a1i tu\u1ea7n ho\u00e0n n\u01b0\u1edbc h\u1ed7 tr\u1ee3 m\u00e0u t\u00f9y ch\u1ec9nh"},"content":{"rendered":"<div class=\"wp-playlist wp-video-playlist wp-playlist-light\">\n\t\t<video controls=\"controls\" preload=\"none\" width=\"1408\"\n\t\t height=\"2503\"\t><\/video>\n\t<div class=\"wp-playlist-next\"><\/div>\n\t<div class=\"wp-playlist-prev\"><\/div>\n\t<noscript>\n\t<ol>\n\t\t<li><a href='https:\/\/xinshengmanufacture.com\/wp-content\/uploads\/2025\/08\/\u5fae\u4fe1\u89c6\u98912025-08-07_110702_446.mp4'>\u5fae\u4fe1\u89c6\u98912025-08-07_110702_446<\/a><\/li>\t<\/ol>\n\t<\/noscript>\n\t<script type=\"application\/json\" class=\"wp-playlist-script\">{\"type\":\"video\",\"tracklist\":false,\"tracknumbers\":true,\"images\":true,\"artists\":true,\"tracks\":[{\"src\":\"https:\/\/xinshengmanufacture.com\/wp-content\/uploads\/2025\/08\/\\u5fae\\u4fe1\\u89c6\\u98912025-08-07_110702_446.mp4\",\"type\":\"video\/mp4\",\"title\":\"\\u5fae\\u4fe1\\u89c6\\u98912025-08-07_110702_446\",\"caption\":\"\",\"description\":\"\",\"meta\":{\"length_formatted\":\"0:45\"},\"dimensions\":{\"original\":{\"width\":1080,\"height\":1920},\"resized\":{\"width\":1408,\"height\":2503}},\"image\":{\"src\":\"https:\/\/xinshengmanufacture.com\/wp-includes\/images\/media\/video.svg\",\"width\":48,\"height\":64},\"thumb\":{\"src\":\"https:\/\/xinshengmanufacture.com\/wp-includes\/images\/media\/video.svg\",\"width\":48,\"height\":64}}]}<\/script>\n<\/div>\n\t\n<p style=\"text-align: center;\"><img fetchpriority=\"high\" decoding=\"async\" class=\"size-full wp-image-5189 aligncenter\" src=\"https:\/\/xinshengmanufacture.com\/wp-content\/uploads\/2025\/05\/%E8%B6%85%E5%B7%A5%E5%AE%9A%E5%88%B6%E8%8B%B1%E6%96%87_011-3.jpg\" alt=\"\" width=\"1200\" height=\"1857\"><img decoding=\"async\" class=\"size-full wp-image-5190 aligncenter\" src=\"https:\/\/xinshengmanufacture.com\/wp-content\/uploads\/2025\/05\/%E8%B6%85%E5%B7%A5%E5%AE%9A%E5%88%B6%E8%8B%B1%E6%96%87_021-3.jpg\" alt=\"\" width=\"1200\" height=\"1054\"><img decoding=\"async\" class=\"size-full wp-image-5191 aligncenter\" src=\"https:\/\/xinshengmanufacture.com\/wp-content\/uploads\/2025\/05\/%E8%B6%85%E5%B7%A5%E5%AE%9A%E5%88%B6%E8%8B%B1%E6%96%87_031-3.jpg\" alt=\"\" width=\"1200\" height=\"1563\"><\/p>\n<p><img loading=\"lazy\" decoding=\"async\" class=\"size-full wp-image-5192 aligncenter\" style=\"letter-spacing: 0.3px; text-align: center;\" src=\"https:\/\/xinshengmanufacture.com\/wp-content\/uploads\/2025\/05\/%E8%B6%85%E5%B7%A5%E5%AE%9A%E5%88%B6%E8%8B%B1%E6%96%87_041-3.jpg\" alt=\"\" width=\"1200\" height=\"1755\"><\/p>\n<p><img loading=\"lazy\" decoding=\"async\" class=\"size-full wp-image-5193 aligncenter\" style=\"letter-spacing: 0.3px; text-align: center;\" src=\"https:\/\/xinshengmanufacture.com\/wp-content\/uploads\/2025\/05\/%E8%B6%85%E5%B7%A5%E5%AE%9A%E5%88%B6%E8%8B%B1%E6%96%87_051-3.jpg\" alt=\"\" width=\"1200\" height=\"2257\"><\/p>\n<p><img loading=\"lazy\" decoding=\"async\" class=\"size-full wp-image-74555 aligncenter\" src=\"https:\/\/xinshengmanufacture.com\/wp-content\/uploads\/2025\/08\/1_01.jpg\" alt=\"\" width=\"1200\" height=\"1983\" srcset=\"https:\/\/xinshengmanufacture.com\/wp-content\/uploads\/2025\/08\/1_01.jpg 1200w, https:\/\/xinshengmanufacture.com\/wp-content\/uploads\/2025\/08\/1_01-182x300.jpg 182w, https:\/\/xinshengmanufacture.com\/wp-content\/uploads\/2025\/08\/1_01-620x1024.jpg 620w, https:\/\/xinshengmanufacture.com\/wp-content\/uploads\/2025\/08\/1_01-768x1269.jpg 768w, https:\/\/xinshengmanufacture.com\/wp-content\/uploads\/2025\/08\/1_01-930x1536.jpg 930w, https:\/\/xinshengmanufacture.com\/wp-content\/uploads\/2025\/08\/1_01-600x992.jpg 600w\" sizes=\"(max-width: 1200px) 100vw, 1200px\" \/> <img loading=\"lazy\" decoding=\"async\" class=\"size-full wp-image-74567 aligncenter\" src=\"https:\/\/xinshengmanufacture.com\/wp-content\/uploads\/2025\/08\/1_02.jpg\" alt=\"\" width=\"1200\" height=\"1774\" srcset=\"https:\/\/xinshengmanufacture.com\/wp-content\/uploads\/2025\/08\/1_02.jpg 1200w, https:\/\/xinshengmanufacture.com\/wp-content\/uploads\/2025\/08\/1_02-203x300.jpg 203w, https:\/\/xinshengmanufacture.com\/wp-content\/uploads\/2025\/08\/1_02-693x1024.jpg 693w, https:\/\/xinshengmanufacture.com\/wp-content\/uploads\/2025\/08\/1_02-768x1135.jpg 768w, https:\/\/xinshengmanufacture.com\/wp-content\/uploads\/2025\/08\/1_02-1039x1536.jpg 1039w, https:\/\/xinshengmanufacture.com\/wp-content\/uploads\/2025\/08\/1_02-600x887.jpg 600w\" sizes=\"(max-width: 1200px) 100vw, 1200px\" \/> <img loading=\"lazy\" decoding=\"async\" class=\"size-full wp-image-74579 aligncenter\" src=\"https:\/\/xinshengmanufacture.com\/wp-content\/uploads\/2025\/08\/1_03.jpg\" alt=\"\" width=\"1200\" height=\"1931\" srcset=\"https:\/\/xinshengmanufacture.com\/wp-content\/uploads\/2025\/08\/1_03.jpg 1200w, https:\/\/xinshengmanufacture.com\/wp-content\/uploads\/2025\/08\/1_03-186x300.jpg 186w, https:\/\/xinshengmanufacture.com\/wp-content\/uploads\/2025\/08\/1_03-636x1024.jpg 636w, https:\/\/xinshengmanufacture.com\/wp-content\/uploads\/2025\/08\/1_03-768x1236.jpg 768w, https:\/\/xinshengmanufacture.com\/wp-content\/uploads\/2025\/08\/1_03-955x1536.jpg 955w, https:\/\/xinshengmanufacture.com\/wp-content\/uploads\/2025\/08\/1_03-600x966.jpg 600w\" sizes=\"(max-width: 1200px) 100vw, 1200px\" \/> <img loading=\"lazy\" decoding=\"async\" class=\"size-full wp-image-74591 aligncenter\" src=\"https:\/\/xinshengmanufacture.com\/wp-content\/uploads\/2025\/08\/1_04.jpg\" alt=\"\" width=\"1200\" height=\"2310\" srcset=\"https:\/\/xinshengmanufacture.com\/wp-content\/uploads\/2025\/08\/1_04.jpg 1200w, https:\/\/xinshengmanufacture.com\/wp-content\/uploads\/2025\/08\/1_04-156x300.jpg 156w, https:\/\/xinshengmanufacture.com\/wp-content\/uploads\/2025\/08\/1_04-532x1024.jpg 532w, https:\/\/xinshengmanufacture.com\/wp-content\/uploads\/2025\/08\/1_04-768x1478.jpg 768w, https:\/\/xinshengmanufacture.com\/wp-content\/uploads\/2025\/08\/1_04-798x1536.jpg 798w, https:\/\/xinshengmanufacture.com\/wp-content\/uploads\/2025\/08\/1_04-1064x2048.jpg 1064w, https:\/\/xinshengmanufacture.com\/wp-content\/uploads\/2025\/08\/1_04-600x1155.jpg 600w\" sizes=\"(max-width: 1200px) 100vw, 1200px\" \/> <img loading=\"lazy\" decoding=\"async\" class=\"size-full wp-image-74603 aligncenter\" src=\"https:\/\/xinshengmanufacture.com\/wp-content\/uploads\/2025\/08\/1_05.jpg\" alt=\"\" width=\"1200\" height=\"1686\" srcset=\"https:\/\/xinshengmanufacture.com\/wp-content\/uploads\/2025\/08\/1_05.jpg 1200w, https:\/\/xinshengmanufacture.com\/wp-content\/uploads\/2025\/08\/1_05-214x300.jpg 214w, https:\/\/xinshengmanufacture.com\/wp-content\/uploads\/2025\/08\/1_05-729x1024.jpg 729w, https:\/\/xinshengmanufacture.com\/wp-content\/uploads\/2025\/08\/1_05-768x1079.jpg 768w, https:\/\/xinshengmanufacture.com\/wp-content\/uploads\/2025\/08\/1_05-1093x1536.jpg 1093w, https:\/\/xinshengmanufacture.com\/wp-content\/uploads\/2025\/08\/1_05-600x843.jpg 600w\" sizes=\"(max-width: 1200px) 100vw, 1200px\" \/> <img loading=\"lazy\" decoding=\"async\" class=\"size-full wp-image-74615 aligncenter\" src=\"https:\/\/xinshengmanufacture.com\/wp-content\/uploads\/2025\/08\/1_06.jpg\" alt=\"\" width=\"1200\" height=\"1868\" srcset=\"https:\/\/xinshengmanufacture.com\/wp-content\/uploads\/2025\/08\/1_06.jpg 1200w, https:\/\/xinshengmanufacture.com\/wp-content\/uploads\/2025\/08\/1_06-193x300.jpg 193w, https:\/\/xinshengmanufacture.com\/wp-content\/uploads\/2025\/08\/1_06-658x1024.jpg 658w, https:\/\/xinshengmanufacture.com\/wp-content\/uploads\/2025\/08\/1_06-768x1196.jpg 768w, https:\/\/xinshengmanufacture.com\/wp-content\/uploads\/2025\/08\/1_06-987x1536.jpg 987w, https:\/\/xinshengmanufacture.com\/wp-content\/uploads\/2025\/08\/1_06-600x934.jpg 600w\" sizes=\"(max-width: 1200px) 100vw, 1200px\" \/> <img loading=\"lazy\" decoding=\"async\" class=\"size-full wp-image-74627 aligncenter\" src=\"https:\/\/xinshengmanufacture.com\/wp-content\/uploads\/2025\/08\/1_07.jpg\" alt=\"\" width=\"1200\" height=\"1765\" srcset=\"https:\/\/xinshengmanufacture.com\/wp-content\/uploads\/2025\/08\/1_07.jpg 1200w, https:\/\/xinshengmanufacture.com\/wp-content\/uploads\/2025\/08\/1_07-204x300.jpg 204w, https:\/\/xinshengmanufacture.com\/wp-content\/uploads\/2025\/08\/1_07-696x1024.jpg 696w, https:\/\/xinshengmanufacture.com\/wp-content\/uploads\/2025\/08\/1_07-768x1130.jpg 768w, https:\/\/xinshengmanufacture.com\/wp-content\/uploads\/2025\/08\/1_07-1044x1536.jpg 1044w, https:\/\/xinshengmanufacture.com\/wp-content\/uploads\/2025\/08\/1_07-600x883.jpg 600w\" sizes=\"(max-width: 1200px) 100vw, 1200px\" \/> <img loading=\"lazy\" decoding=\"async\" class=\"size-full wp-image-74639 aligncenter\" src=\"https:\/\/xinshengmanufacture.com\/wp-content\/uploads\/2025\/08\/1_08.jpg\" alt=\"\" width=\"1200\" height=\"2124\" srcset=\"https:\/\/xinshengmanufacture.com\/wp-content\/uploads\/2025\/08\/1_08.jpg 1200w, https:\/\/xinshengmanufacture.com\/wp-content\/uploads\/2025\/08\/1_08-169x300.jpg 169w, https:\/\/xinshengmanufacture.com\/wp-content\/uploads\/2025\/08\/1_08-579x1024.jpg 579w, https:\/\/xinshengmanufacture.com\/wp-content\/uploads\/2025\/08\/1_08-768x1359.jpg 768w, https:\/\/xinshengmanufacture.com\/wp-content\/uploads\/2025\/08\/1_08-868x1536.jpg 868w, https:\/\/xinshengmanufacture.com\/wp-content\/uploads\/2025\/08\/1_08-1157x2048.jpg 1157w, https:\/\/xinshengmanufacture.com\/wp-content\/uploads\/2025\/08\/1_08-600x1062.jpg 600w\" sizes=\"(max-width: 1200px) 100vw, 1200px\" \/> <img loading=\"lazy\" decoding=\"async\" class=\"size-full wp-image-74651 aligncenter\" src=\"https:\/\/xinshengmanufacture.com\/wp-content\/uploads\/2025\/08\/1_09.jpg\" alt=\"\" width=\"1200\" height=\"1767\" srcset=\"https:\/\/xinshengmanufacture.com\/wp-content\/uploads\/2025\/08\/1_09.jpg 1200w, https:\/\/xinshengmanufacture.com\/wp-content\/uploads\/2025\/08\/1_09-204x300.jpg 204w, https:\/\/xinshengmanufacture.com\/wp-content\/uploads\/2025\/08\/1_09-695x1024.jpg 695w, https:\/\/xinshengmanufacture.com\/wp-content\/uploads\/2025\/08\/1_09-768x1131.jpg 768w, https:\/\/xinshengmanufacture.com\/wp-content\/uploads\/2025\/08\/1_09-1043x1536.jpg 1043w, https:\/\/xinshengmanufacture.com\/wp-content\/uploads\/2025\/08\/1_09-600x884.jpg 600w\" sizes=\"(max-width: 1200px) 100vw, 1200px\" \/> <img loading=\"lazy\" decoding=\"async\" class=\"size-full wp-image-74663 aligncenter\" src=\"https:\/\/xinshengmanufacture.com\/wp-content\/uploads\/2025\/08\/1_10.jpg\" alt=\"\" width=\"1200\" height=\"1773\" srcset=\"https:\/\/xinshengmanufacture.com\/wp-content\/uploads\/2025\/08\/1_10.jpg 1200w, https:\/\/xinshengmanufacture.com\/wp-content\/uploads\/2025\/08\/1_10-203x300.jpg 203w, https:\/\/xinshengmanufacture.com\/wp-content\/uploads\/2025\/08\/1_10-693x1024.jpg 693w, https:\/\/xinshengmanufacture.com\/wp-content\/uploads\/2025\/08\/1_10-768x1135.jpg 768w, https:\/\/xinshengmanufacture.com\/wp-content\/uploads\/2025\/08\/1_10-1040x1536.jpg 1040w, https:\/\/xinshengmanufacture.com\/wp-content\/uploads\/2025\/08\/1_10-600x887.jpg 600w\" sizes=\"(max-width: 1200px) 100vw, 1200px\" \/> <img loading=\"lazy\" decoding=\"async\" class=\"aligncenter wp-image-74675\" src=\"https:\/\/xinshengmanufacture.com\/wp-content\/uploads\/2025\/08\/1_11.jpg\" alt=\"\" width=\"1200\" height=\"3006\" srcset=\"https:\/\/xinshengmanufacture.com\/wp-content\/uploads\/2025\/08\/1_11.jpg 1022w, https:\/\/xinshengmanufacture.com\/wp-content\/uploads\/2025\/08\/1_11-120x300.jpg 120w, https:\/\/xinshengmanufacture.com\/wp-content\/uploads\/2025\/08\/1_11-409x1024.jpg 409w, https:\/\/xinshengmanufacture.com\/wp-content\/uploads\/2025\/08\/1_11-768x1924.jpg 768w, https:\/\/xinshengmanufacture.com\/wp-content\/uploads\/2025\/08\/1_11-613x1536.jpg 613w, https:\/\/xinshengmanufacture.com\/wp-content\/uploads\/2025\/08\/1_11-818x2048.jpg 818w, https:\/\/xinshengmanufacture.com\/wp-content\/uploads\/2025\/08\/1_11-600x1503.jpg 600w\" sizes=\"(max-width: 1200px) 100vw, 1200px\" \/> <img loading=\"lazy\" decoding=\"async\" class=\"size-full wp-image-74687 aligncenter\" src=\"https:\/\/xinshengmanufacture.com\/wp-content\/uploads\/2025\/08\/1_12.jpg\" alt=\"\" width=\"1200\" height=\"2416\" srcset=\"https:\/\/xinshengmanufacture.com\/wp-content\/uploads\/2025\/08\/1_12.jpg 1200w, https:\/\/xinshengmanufacture.com\/wp-content\/uploads\/2025\/08\/1_12-149x300.jpg 149w, https:\/\/xinshengmanufacture.com\/wp-content\/uploads\/2025\/08\/1_12-509x1024.jpg 509w, https:\/\/xinshengmanufacture.com\/wp-content\/uploads\/2025\/08\/1_12-768x1546.jpg 768w, https:\/\/xinshengmanufacture.com\/wp-content\/uploads\/2025\/08\/1_12-763x1536.jpg 763w, https:\/\/xinshengmanufacture.com\/wp-content\/uploads\/2025\/08\/1_12-1017x2048.jpg 1017w, https:\/\/xinshengmanufacture.com\/wp-content\/uploads\/2025\/08\/1_12-600x1208.jpg 600w\" sizes=\"(max-width: 1200px) 100vw, 1200px\" \/><\/p>\n<div id=\"gtx-trans\" style=\"position: absolute; left: 674px; top: 35px;\">\n<div class=\"gtx-trans-icon\"><\/div>\n<\/div>\n","protected":false},"excerpt":{"rendered":"<p>Gi\u01b0\u1eddng g\u1ed9i \u0111\u1ea7u \u0111a n\u0103ng ki\u1ec3u Th\u00e1i c\u00f3 th\u1ec3 \u0111\u01b0\u1ee3c s\u1eed d\u1ee5ng t\u1ea1i c\u00e1c trung t\u00e2m m\u00e1t-xa, ti\u1ec7m l\u00e0m t\u00f3c, trung t\u00e2m ng\u00e2m ch\u00e2n, trung t\u00e2m spa ch\u0103m s\u00f3c da \u0111\u1ea7u, v.v.<\/p>\n","protected":false},"featured_media":74554,"template":"","meta":{"_bst_post_transparent":"","_bst_post_title":"","_bst_post_layout":"","_bst_post_sidebar_id":"","_bst_post_content_style":"","_bst_post_vertical_padding":"","_bst_post_feature":"","_bst_post_feature_position":"","_bst_post_header":false,"_bst_post_footer":false},"product_brand":[1087],"product_cat":[904],"product_tag":[],"class_list":{"0":"post-75104","1":"product","2":"type-product","3":"status-publish","4":"has-post-thumbnail","6":"product_brand-xinsheng-vi","7":"product_cat-giuong-goi-dau-kieu-thai","8":"pa_color-hong","9":"pa_color-mau-sac-tuy-chinh","10":"pa_size-200cm82cm70cm-vi","12":"first","13":"instock","14":"sale","15":"shipping-taxable","16":"purchasable","17":"product-type-variable","18":"entry","19":"content-bg","20":"loop-entry"},"_links":{"self":[{"href":"https:\/\/xinshengmanufacture.com\/vi\/wp-json\/wp\/v2\/product\/75104","targetHints":{"allow":["GET"]}}],"collection":[{"href":"https:\/\/xinshengmanufacture.com\/vi\/wp-json\/wp\/v2\/product"}],"about":[{"href":"https:\/\/xinshengmanufacture.com\/vi\/wp-json\/wp\/v2\/types\/product"}],"version-history":[{"count":0,"href":"https:\/\/xinshengmanufacture.com\/vi\/wp-json\/wp\/v2\/product\/75104\/revisions"}],"wp:featuredmedia":[{"embeddable":true,"href":"https:\/\/xinshengmanufacture.com\/vi\/wp-json\/wp\/v2\/media\/74554"}],"wp:attachment":[{"href":"https:\/\/xinshengmanufacture.com\/vi\/wp-json\/wp\/v2\/media?parent=75104"}],"wp:term":[{"taxonomy":"product_brand","embeddable":true,"href":"https:\/\/xinshengmanufacture.com\/vi\/wp-json\/wp\/v2\/product_brand?post=75104"},{"taxonomy":"product_cat","embeddable":true,"href":"https:\/\/xinshengmanufacture.com\/vi\/wp-json\/wp\/v2\/product_cat?post=75104"},{"taxonomy":"product_tag","embeddable":true,"href":"https:\/\/xinshengmanufacture.com\/vi\/wp-json\/wp\/v2\/product_tag?post=75104"}],"curies":[{"name":"wp","href":"https:\/\/api.w.org\/{rel}","templated":true}]}}