{"id":76337,"date":"2025-09-12T08:52:04","date_gmt":"2025-09-12T08:52:04","guid":{"rendered":"https:\/\/xinshengmanufacture.com\/product\/giuong-noi-mi-tham-my-vien-giuong-tham-my-thiet-bi-noi-that-tham-my-vien-giuong-massage-trung-tam-tham-my-giuong-xam-co-the-dieu-chinh-tu-do-voi-3-dong-co-de-nang-tu-do-thiet-bi-trung-tam-massag\/"},"modified":"2025-09-12T08:52:04","modified_gmt":"2025-09-12T08:52:04","slug":"giuong-noi-mi-tham-my-vien-giuong-tham-my-thiet-bi-noi-that-tham-my-vien-giuong-massage-trung-tam-tham-my-giuong-xam-co-the-dieu-chinh-tu-do-voi-3-dong-co-de-nang-tu-do-thiet-bi-trung-tam-massag","status":"publish","type":"product","link":"https:\/\/xinshengmanufacture.com\/vi\/product\/giuong-noi-mi-tham-my-vien-giuong-tham-my-thiet-bi-noi-that-tham-my-vien-giuong-massage-trung-tam-tham-my-giuong-xam-co-the-dieu-chinh-tu-do-voi-3-dong-co-de-nang-tu-do-thiet-bi-trung-tam-massag\/","title":{"rendered":"Gi\u01b0\u1eddng n\u1ed1i mi th\u1ea9m m\u1ef9 vi\u1ec7n, gi\u01b0\u1eddng th\u1ea9m m\u1ef9, thi\u1ebft b\u1ecb n\u1ed9i th\u1ea5t th\u1ea9m m\u1ef9 vi\u1ec7n, gi\u01b0\u1eddng massage trung t\u00e2m th\u1ea9m m\u1ef9, gi\u01b0\u1eddng x\u0103m, c\u00f3 th\u1ec3 \u0111i\u1ec1u ch\u1ec9nh t\u1ef1 do v\u1edbi 3 \u0111\u1ed9ng c\u01a1 \u0111\u1ec3 n\u00e2ng t\u1ef1 do, thi\u1ebft b\u1ecb trung t\u00e2m massage, thi\u1ebft b\u1ecb trung t\u00e2m th\u1ea9m m\u1ef9 vi\u1ec7n"},"content":{"rendered":"<p><img fetchpriority=\"high\" decoding=\"async\" class=\"alignnone size-full wp-image-75522 aligncenter\" src=\"https:\/\/xinshengmanufacture.com\/wp-content\/uploads\/2025\/09\/%E8%B6%85%E5%B7%A5%E5%AE%9A%E5%88%B6%E8%8B%B1%E6%96%87_011.jpg\" alt=\"\" width=\"1200\" height=\"1857\"><img decoding=\"async\" class=\"size-full wp-image-75534 aligncenter\" src=\"https:\/\/xinshengmanufacture.com\/wp-content\/uploads\/2025\/09\/%E8%B6%85%E5%B7%A5%E5%AE%9A%E5%88%B6%E8%8B%B1%E6%96%87_021.jpg\" alt=\"\" width=\"1200\" height=\"1054\"><img decoding=\"async\" class=\"size-full wp-image-75546 aligncenter\" src=\"https:\/\/xinshengmanufacture.com\/wp-content\/uploads\/2025\/09\/%E8%B6%85%E5%B7%A5%E5%AE%9A%E5%88%B6%E8%8B%B1%E6%96%87_031.jpg\" alt=\"\" width=\"1200\" height=\"1563\"><img loading=\"lazy\" decoding=\"async\" class=\"size-full wp-image-75558 aligncenter\" src=\"https:\/\/xinshengmanufacture.com\/wp-content\/uploads\/2025\/09\/%E8%B6%85%E5%B7%A5%E5%AE%9A%E5%88%B6%E8%8B%B1%E6%96%87_041.jpg\" alt=\"\" width=\"1200\" height=\"1755\"><img loading=\"lazy\" decoding=\"async\" class=\"size-full wp-image-75570 aligncenter\" src=\"https:\/\/xinshengmanufacture.com\/wp-content\/uploads\/2025\/09\/%E8%B6%85%E5%B7%A5%E5%AE%9A%E5%88%B6%E8%8B%B1%E6%96%87_051.jpg\" alt=\"\" width=\"1200\" height=\"2257\"><img loading=\"lazy\" decoding=\"async\" class=\"size-full wp-image-76099 aligncenter\" src=\"https:\/\/xinshengmanufacture.com\/wp-content\/uploads\/2025\/09\/1_01.jpg\" alt=\"\" width=\"1200\" height=\"1813\" srcset=\"https:\/\/xinshengmanufacture.com\/wp-content\/uploads\/2025\/09\/1_01.jpg 1200w, https:\/\/xinshengmanufacture.com\/wp-content\/uploads\/2025\/09\/1_01-199x300.jpg 199w, https:\/\/xinshengmanufacture.com\/wp-content\/uploads\/2025\/09\/1_01-678x1024.jpg 678w, https:\/\/xinshengmanufacture.com\/wp-content\/uploads\/2025\/09\/1_01-768x1160.jpg 768w, https:\/\/xinshengmanufacture.com\/wp-content\/uploads\/2025\/09\/1_01-1017x1536.jpg 1017w, https:\/\/xinshengmanufacture.com\/wp-content\/uploads\/2025\/09\/1_01-600x907.jpg 600w\" sizes=\"(max-width: 1200px) 100vw, 1200px\" \/> <img loading=\"lazy\" decoding=\"async\" class=\"size-full wp-image-76111 aligncenter\" src=\"https:\/\/xinshengmanufacture.com\/wp-content\/uploads\/2025\/09\/1_02.jpg\" alt=\"\" width=\"1200\" height=\"1708\" srcset=\"https:\/\/xinshengmanufacture.com\/wp-content\/uploads\/2025\/09\/1_02.jpg 1200w, https:\/\/xinshengmanufacture.com\/wp-content\/uploads\/2025\/09\/1_02-211x300.jpg 211w, https:\/\/xinshengmanufacture.com\/wp-content\/uploads\/2025\/09\/1_02-719x1024.jpg 719w, https:\/\/xinshengmanufacture.com\/wp-content\/uploads\/2025\/09\/1_02-768x1093.jpg 768w, https:\/\/xinshengmanufacture.com\/wp-content\/uploads\/2025\/09\/1_02-1079x1536.jpg 1079w, https:\/\/xinshengmanufacture.com\/wp-content\/uploads\/2025\/09\/1_02-600x854.jpg 600w\" sizes=\"(max-width: 1200px) 100vw, 1200px\" \/> <img loading=\"lazy\" decoding=\"async\" class=\"size-full wp-image-76123 aligncenter\" src=\"https:\/\/xinshengmanufacture.com\/wp-content\/uploads\/2025\/09\/1_03.jpg\" alt=\"\" width=\"1200\" height=\"1627\" srcset=\"https:\/\/xinshengmanufacture.com\/wp-content\/uploads\/2025\/09\/1_03.jpg 1200w, https:\/\/xinshengmanufacture.com\/wp-content\/uploads\/2025\/09\/1_03-221x300.jpg 221w, https:\/\/xinshengmanufacture.com\/wp-content\/uploads\/2025\/09\/1_03-755x1024.jpg 755w, https:\/\/xinshengmanufacture.com\/wp-content\/uploads\/2025\/09\/1_03-768x1041.jpg 768w, https:\/\/xinshengmanufacture.com\/wp-content\/uploads\/2025\/09\/1_03-1133x1536.jpg 1133w, https:\/\/xinshengmanufacture.com\/wp-content\/uploads\/2025\/09\/1_03-600x814.jpg 600w\" sizes=\"(max-width: 1200px) 100vw, 1200px\" \/> <img loading=\"lazy\" decoding=\"async\" class=\"size-full wp-image-76135 aligncenter\" src=\"https:\/\/xinshengmanufacture.com\/wp-content\/uploads\/2025\/09\/1_04.jpg\" alt=\"\" width=\"1200\" height=\"1777\" srcset=\"https:\/\/xinshengmanufacture.com\/wp-content\/uploads\/2025\/09\/1_04.jpg 1200w, https:\/\/xinshengmanufacture.com\/wp-content\/uploads\/2025\/09\/1_04-203x300.jpg 203w, https:\/\/xinshengmanufacture.com\/wp-content\/uploads\/2025\/09\/1_04-692x1024.jpg 692w, https:\/\/xinshengmanufacture.com\/wp-content\/uploads\/2025\/09\/1_04-768x1137.jpg 768w, https:\/\/xinshengmanufacture.com\/wp-content\/uploads\/2025\/09\/1_04-1037x1536.jpg 1037w, https:\/\/xinshengmanufacture.com\/wp-content\/uploads\/2025\/09\/1_04-600x889.jpg 600w\" sizes=\"(max-width: 1200px) 100vw, 1200px\" \/> <img loading=\"lazy\" decoding=\"async\" class=\"aligncenter wp-image-76147\" src=\"https:\/\/xinshengmanufacture.com\/wp-content\/uploads\/2025\/09\/1_05.jpg\" alt=\"\" width=\"1200\" height=\"2866\" srcset=\"https:\/\/xinshengmanufacture.com\/wp-content\/uploads\/2025\/09\/1_05.jpg 1072w, https:\/\/xinshengmanufacture.com\/wp-content\/uploads\/2025\/09\/1_05-126x300.jpg 126w, https:\/\/xinshengmanufacture.com\/wp-content\/uploads\/2025\/09\/1_05-429x1024.jpg 429w, https:\/\/xinshengmanufacture.com\/wp-content\/uploads\/2025\/09\/1_05-768x1834.jpg 768w, https:\/\/xinshengmanufacture.com\/wp-content\/uploads\/2025\/09\/1_05-643x1536.jpg 643w, https:\/\/xinshengmanufacture.com\/wp-content\/uploads\/2025\/09\/1_05-858x2048.jpg 858w, https:\/\/xinshengmanufacture.com\/wp-content\/uploads\/2025\/09\/1_05-600x1433.jpg 600w\" sizes=\"(max-width: 1200px) 100vw, 1200px\" \/> <img loading=\"lazy\" decoding=\"async\" class=\"size-full wp-image-76159 aligncenter\" src=\"https:\/\/xinshengmanufacture.com\/wp-content\/uploads\/2025\/09\/1_06.jpg\" alt=\"\" width=\"1200\" height=\"1895\" srcset=\"https:\/\/xinshengmanufacture.com\/wp-content\/uploads\/2025\/09\/1_06.jpg 1200w, https:\/\/xinshengmanufacture.com\/wp-content\/uploads\/2025\/09\/1_06-190x300.jpg 190w, https:\/\/xinshengmanufacture.com\/wp-content\/uploads\/2025\/09\/1_06-648x1024.jpg 648w, https:\/\/xinshengmanufacture.com\/wp-content\/uploads\/2025\/09\/1_06-768x1213.jpg 768w, https:\/\/xinshengmanufacture.com\/wp-content\/uploads\/2025\/09\/1_06-973x1536.jpg 973w, https:\/\/xinshengmanufacture.com\/wp-content\/uploads\/2025\/09\/1_06-600x948.jpg 600w\" sizes=\"(max-width: 1200px) 100vw, 1200px\" \/> <img loading=\"lazy\" decoding=\"async\" class=\"size-full wp-image-76171 aligncenter\" src=\"https:\/\/xinshengmanufacture.com\/wp-content\/uploads\/2025\/09\/1_07.jpg\" alt=\"\" width=\"1200\" height=\"1879\" srcset=\"https:\/\/xinshengmanufacture.com\/wp-content\/uploads\/2025\/09\/1_07.jpg 1200w, https:\/\/xinshengmanufacture.com\/wp-content\/uploads\/2025\/09\/1_07-192x300.jpg 192w, https:\/\/xinshengmanufacture.com\/wp-content\/uploads\/2025\/09\/1_07-654x1024.jpg 654w, https:\/\/xinshengmanufacture.com\/wp-content\/uploads\/2025\/09\/1_07-768x1203.jpg 768w, https:\/\/xinshengmanufacture.com\/wp-content\/uploads\/2025\/09\/1_07-981x1536.jpg 981w, https:\/\/xinshengmanufacture.com\/wp-content\/uploads\/2025\/09\/1_07-600x940.jpg 600w\" sizes=\"(max-width: 1200px) 100vw, 1200px\" \/> <img loading=\"lazy\" decoding=\"async\" class=\"size-full wp-image-76183 aligncenter\" src=\"https:\/\/xinshengmanufacture.com\/wp-content\/uploads\/2025\/09\/1_08.jpg\" alt=\"\" width=\"1200\" height=\"1879\" srcset=\"https:\/\/xinshengmanufacture.com\/wp-content\/uploads\/2025\/09\/1_08.jpg 1200w, https:\/\/xinshengmanufacture.com\/wp-content\/uploads\/2025\/09\/1_08-192x300.jpg 192w, https:\/\/xinshengmanufacture.com\/wp-content\/uploads\/2025\/09\/1_08-654x1024.jpg 654w, https:\/\/xinshengmanufacture.com\/wp-content\/uploads\/2025\/09\/1_08-768x1203.jpg 768w, https:\/\/xinshengmanufacture.com\/wp-content\/uploads\/2025\/09\/1_08-981x1536.jpg 981w, https:\/\/xinshengmanufacture.com\/wp-content\/uploads\/2025\/09\/1_08-600x940.jpg 600w\" sizes=\"(max-width: 1200px) 100vw, 1200px\" \/> <img loading=\"lazy\" decoding=\"async\" class=\"size-full wp-image-76195 aligncenter\" src=\"https:\/\/xinshengmanufacture.com\/wp-content\/uploads\/2025\/09\/1_09.jpg\" alt=\"\" width=\"1200\" height=\"1876\" srcset=\"https:\/\/xinshengmanufacture.com\/wp-content\/uploads\/2025\/09\/1_09.jpg 1200w, https:\/\/xinshengmanufacture.com\/wp-content\/uploads\/2025\/09\/1_09-192x300.jpg 192w, https:\/\/xinshengmanufacture.com\/wp-content\/uploads\/2025\/09\/1_09-655x1024.jpg 655w, https:\/\/xinshengmanufacture.com\/wp-content\/uploads\/2025\/09\/1_09-768x1201.jpg 768w, https:\/\/xinshengmanufacture.com\/wp-content\/uploads\/2025\/09\/1_09-983x1536.jpg 983w, https:\/\/xinshengmanufacture.com\/wp-content\/uploads\/2025\/09\/1_09-600x938.jpg 600w\" sizes=\"(max-width: 1200px) 100vw, 1200px\" \/> <img loading=\"lazy\" decoding=\"async\" class=\"size-full wp-image-76207 aligncenter\" src=\"https:\/\/xinshengmanufacture.com\/wp-content\/uploads\/2025\/09\/1_10.jpg\" alt=\"\" width=\"1200\" height=\"1883\" srcset=\"https:\/\/xinshengmanufacture.com\/wp-content\/uploads\/2025\/09\/1_10.jpg 1200w, https:\/\/xinshengmanufacture.com\/wp-content\/uploads\/2025\/09\/1_10-191x300.jpg 191w, https:\/\/xinshengmanufacture.com\/wp-content\/uploads\/2025\/09\/1_10-653x1024.jpg 653w, https:\/\/xinshengmanufacture.com\/wp-content\/uploads\/2025\/09\/1_10-768x1205.jpg 768w, https:\/\/xinshengmanufacture.com\/wp-content\/uploads\/2025\/09\/1_10-979x1536.jpg 979w, https:\/\/xinshengmanufacture.com\/wp-content\/uploads\/2025\/09\/1_10-600x942.jpg 600w\" sizes=\"(max-width: 1200px) 100vw, 1200px\" \/> <img loading=\"lazy\" decoding=\"async\" class=\"size-full wp-image-76219 aligncenter\" src=\"https:\/\/xinshengmanufacture.com\/wp-content\/uploads\/2025\/09\/1_11.jpg\" alt=\"\" width=\"1200\" height=\"2559\" srcset=\"https:\/\/xinshengmanufacture.com\/wp-content\/uploads\/2025\/09\/1_11.jpg 1200w, https:\/\/xinshengmanufacture.com\/wp-content\/uploads\/2025\/09\/1_11-141x300.jpg 141w, https:\/\/xinshengmanufacture.com\/wp-content\/uploads\/2025\/09\/1_11-480x1024.jpg 480w, https:\/\/xinshengmanufacture.com\/wp-content\/uploads\/2025\/09\/1_11-768x1638.jpg 768w, https:\/\/xinshengmanufacture.com\/wp-content\/uploads\/2025\/09\/1_11-720x1536.jpg 720w, https:\/\/xinshengmanufacture.com\/wp-content\/uploads\/2025\/09\/1_11-960x2048.jpg 960w, https:\/\/xinshengmanufacture.com\/wp-content\/uploads\/2025\/09\/1_11-600x1280.jpg 600w\" sizes=\"(max-width: 1200px) 100vw, 1200px\" \/> <img loading=\"lazy\" decoding=\"async\" class=\"size-full wp-image-76231 aligncenter\" src=\"https:\/\/xinshengmanufacture.com\/wp-content\/uploads\/2025\/09\/1_12.jpg\" alt=\"\" width=\"1200\" height=\"2257\" srcset=\"https:\/\/xinshengmanufacture.com\/wp-content\/uploads\/2025\/09\/1_12.jpg 1200w, https:\/\/xinshengmanufacture.com\/wp-content\/uploads\/2025\/09\/1_12-160x300.jpg 160w, https:\/\/xinshengmanufacture.com\/wp-content\/uploads\/2025\/09\/1_12-544x1024.jpg 544w, https:\/\/xinshengmanufacture.com\/wp-content\/uploads\/2025\/09\/1_12-768x1444.jpg 768w, https:\/\/xinshengmanufacture.com\/wp-content\/uploads\/2025\/09\/1_12-817x1536.jpg 817w, https:\/\/xinshengmanufacture.com\/wp-content\/uploads\/2025\/09\/1_12-1089x2048.jpg 1089w, https:\/\/xinshengmanufacture.com\/wp-content\/uploads\/2025\/09\/1_12-600x1129.jpg 600w\" sizes=\"(max-width: 1200px) 100vw, 1200px\" \/><\/p>\n","protected":false},"excerpt":{"rendered":"<p>Gi\u01b0\u1eddng th\u1ea9m m\u1ef9 th\u00f4ng minh \u0111i\u1ec7n \u0111a n\u0103ng (c\u00f3 ch\u1ee9c n\u0103ng n\u00e2ng, c\u00f3 th\u1ec3 \u0111i\u1ec1u ch\u1ec9nh t\u1ef1 do) c\u00f3 th\u1ec3 \u0111\u01b0\u1ee3c s\u1eed d\u1ee5ng t\u1ea1i c\u00e1c trung t\u00e2m th\u1ea9m m\u1ef9, trung t\u00e2m m\u00e1t-xa, trung t\u00e2m \u0111i\u1ec1u d\u01b0\u1ee1ng, trung t\u00e2m spa tr\u1ecb li\u1ec7u \u0111\u1ea7u, v.v.<\/p>\n","protected":false},"featured_media":76316,"template":"","meta":{"_bst_post_transparent":"","_bst_post_title":"","_bst_post_layout":"","_bst_post_sidebar_id":"","_bst_post_content_style":"","_bst_post_vertical_padding":"","_bst_post_feature":"","_bst_post_feature_position":"","_bst_post_header":false,"_bst_post_footer":false},"product_brand":[1087],"product_cat":[819],"product_tag":[],"class_list":{"0":"post-76337","1":"product","2":"type-product","3":"status-publish","4":"has-post-thumbnail","6":"product_brand-xinsheng-vi","7":"product_cat-giuong-lam-dep","8":"pa_color-hong","9":"pa_color-mau-sac-tuy-chinh","10":"pa_size-190cm77cm88cm-vi","12":"first","13":"instock","14":"sale","15":"shipping-taxable","16":"purchasable","17":"product-type-variable","18":"entry","19":"content-bg","20":"loop-entry"},"_links":{"self":[{"href":"https:\/\/xinshengmanufacture.com\/vi\/wp-json\/wp\/v2\/product\/76337","targetHints":{"allow":["GET"]}}],"collection":[{"href":"https:\/\/xinshengmanufacture.com\/vi\/wp-json\/wp\/v2\/product"}],"about":[{"href":"https:\/\/xinshengmanufacture.com\/vi\/wp-json\/wp\/v2\/types\/product"}],"version-history":[{"count":0,"href":"https:\/\/xinshengmanufacture.com\/vi\/wp-json\/wp\/v2\/product\/76337\/revisions"}],"wp:featuredmedia":[{"embeddable":true,"href":"https:\/\/xinshengmanufacture.com\/vi\/wp-json\/wp\/v2\/media\/76316"}],"wp:attachment":[{"href":"https:\/\/xinshengmanufacture.com\/vi\/wp-json\/wp\/v2\/media?parent=76337"}],"wp:term":[{"taxonomy":"product_brand","embeddable":true,"href":"https:\/\/xinshengmanufacture.com\/vi\/wp-json\/wp\/v2\/product_brand?post=76337"},{"taxonomy":"product_cat","embeddable":true,"href":"https:\/\/xinshengmanufacture.com\/vi\/wp-json\/wp\/v2\/product_cat?post=76337"},{"taxonomy":"product_tag","embeddable":true,"href":"https:\/\/xinshengmanufacture.com\/vi\/wp-json\/wp\/v2\/product_tag?post=76337"}],"curies":[{"name":"wp","href":"https:\/\/api.w.org\/{rel}","templated":true}]}}