{"id":77025,"date":"2025-09-13T06:30:53","date_gmt":"2025-09-13T06:30:53","guid":{"rendered":"https:\/\/xinshengmanufacture.com\/product\/giuong-goi-dau-massage-dau-kieu-thai-thiet-bi-tham-my-vien-co-chuc-nang-nang-va-chuc-nang-ngam-chan-thiet-bi-trung-tam-massage-dau-giuong-lam-dep-giuong-massage-giuong-goi-dau-spa-nha-san-xuat-do\/"},"modified":"2025-09-13T06:30:53","modified_gmt":"2025-09-13T06:30:53","slug":"giuong-goi-dau-massage-dau-kieu-thai-thiet-bi-tham-my-vien-co-chuc-nang-nang-va-chuc-nang-ngam-chan-thiet-bi-trung-tam-massage-dau-giuong-lam-dep-giuong-massage-giuong-goi-dau-spa-nha-san-xuat-do","status":"publish","type":"product","link":"https:\/\/xinshengmanufacture.com\/vi\/product\/giuong-goi-dau-massage-dau-kieu-thai-thiet-bi-tham-my-vien-co-chuc-nang-nang-va-chuc-nang-ngam-chan-thiet-bi-trung-tam-massage-dau-giuong-lam-dep-giuong-massage-giuong-goi-dau-spa-nha-san-xuat-do\/","title":{"rendered":"Gi\u01b0\u1eddng g\u1ed9i \u0111\u1ea7u massage \u0111\u1ea7u ki\u1ec3u Th\u00e1i, thi\u1ebft b\u1ecb th\u1ea9m m\u1ef9 vi\u1ec7n c\u00f3 ch\u1ee9c n\u0103ng n\u00e2ng v\u00e0 ch\u1ee9c n\u0103ng ng\u00e2m ch\u00e2n, thi\u1ebft b\u1ecb trung t\u00e2m massage \u0111\u1ea7u gi\u01b0\u1eddng l\u00e0m \u0111\u1eb9p, gi\u01b0\u1eddng massage, gi\u01b0\u1eddng g\u1ed9i \u0111\u1ea7u spa, nh\u00e0 s\u1ea3n xu\u1ea5t \u0111\u1ed3 n\u1ed9i th\u1ea5t th\u1ea9m m\u1ef9 vi\u1ec7n spa"},"content":{"rendered":"<div class=\"wp-playlist wp-video-playlist wp-playlist-light\">\n\t\t<video controls=\"controls\" preload=\"none\" width=\"1408\"\n\t\t height=\"2503\"\t><\/video>\n\t<div class=\"wp-playlist-next\"><\/div>\n\t<div class=\"wp-playlist-prev\"><\/div>\n\t<noscript>\n\t<ol>\n\t\t<li><a href='https:\/\/xinshengmanufacture.com\/wp-content\/uploads\/2025\/09\/\u5fae\u4fe1\u89c6\u98912025-09-13_135735_435.mp4'>\u5fae\u4fe1\u89c6\u98912025-09-13_135735_435<\/a><\/li>\t<\/ol>\n\t<\/noscript>\n\t<script type=\"application\/json\" class=\"wp-playlist-script\">{\"type\":\"video\",\"tracklist\":false,\"tracknumbers\":true,\"images\":true,\"artists\":true,\"tracks\":[{\"src\":\"https:\/\/xinshengmanufacture.com\/wp-content\/uploads\/2025\/09\/\\u5fae\\u4fe1\\u89c6\\u98912025-09-13_135735_435.mp4\",\"type\":\"video\/mp4\",\"title\":\"\\u5fae\\u4fe1\\u89c6\\u98912025-09-13_135735_435\",\"caption\":\"\",\"description\":\"\",\"meta\":{\"length_formatted\":\"0:45\"},\"dimensions\":{\"original\":{\"width\":1080,\"height\":1920},\"resized\":{\"width\":1408,\"height\":2503}},\"image\":{\"src\":\"https:\/\/xinshengmanufacture.com\/wp-includes\/images\/media\/video.svg\",\"width\":48,\"height\":64},\"thumb\":{\"src\":\"https:\/\/xinshengmanufacture.com\/wp-includes\/images\/media\/video.svg\",\"width\":48,\"height\":64}}]}<\/script>\n<\/div>\n\t\n<p><img fetchpriority=\"high\" decoding=\"async\" class=\"alignnone size-full wp-image-75522 aligncenter\" src=\"https:\/\/xinshengmanufacture.com\/wp-content\/uploads\/2025\/09\/%E8%B6%85%E5%B7%A5%E5%AE%9A%E5%88%B6%E8%8B%B1%E6%96%87_011.jpg\" alt=\"\" width=\"1200\" height=\"1857\"><img decoding=\"async\" class=\"alignnone size-full wp-image-75534 aligncenter\" src=\"https:\/\/xinshengmanufacture.com\/wp-content\/uploads\/2025\/09\/%E8%B6%85%E5%B7%A5%E5%AE%9A%E5%88%B6%E8%8B%B1%E6%96%87_021.jpg\" alt=\"\" width=\"1200\" height=\"1054\"><img decoding=\"async\" class=\"alignnone size-full wp-image-75546 aligncenter\" src=\"https:\/\/xinshengmanufacture.com\/wp-content\/uploads\/2025\/09\/%E8%B6%85%E5%B7%A5%E5%AE%9A%E5%88%B6%E8%8B%B1%E6%96%87_031.jpg\" alt=\"\" width=\"1200\" height=\"1563\"><img loading=\"lazy\" decoding=\"async\" class=\"alignnone size-full wp-image-75558 aligncenter\" src=\"https:\/\/xinshengmanufacture.com\/wp-content\/uploads\/2025\/09\/%E8%B6%85%E5%B7%A5%E5%AE%9A%E5%88%B6%E8%8B%B1%E6%96%87_041.jpg\" alt=\"\" width=\"1200\" height=\"1755\"><img loading=\"lazy\" decoding=\"async\" class=\"alignnone size-full wp-image-75570 aligncenter\" src=\"https:\/\/xinshengmanufacture.com\/wp-content\/uploads\/2025\/09\/%E8%B6%85%E5%B7%A5%E5%AE%9A%E5%88%B6%E8%8B%B1%E6%96%87_051.jpg\" alt=\"\" width=\"1200\" height=\"2257\"><img loading=\"lazy\" decoding=\"async\" class=\"size-full wp-image-76387 aligncenter\" src=\"https:\/\/xinshengmanufacture.com\/wp-content\/uploads\/2025\/09\/1_01-1.jpg\" alt=\"\" width=\"1200\" height=\"1983\" srcset=\"https:\/\/xinshengmanufacture.com\/wp-content\/uploads\/2025\/09\/1_01-1.jpg 1200w, https:\/\/xinshengmanufacture.com\/wp-content\/uploads\/2025\/09\/1_01-1-182x300.jpg 182w, https:\/\/xinshengmanufacture.com\/wp-content\/uploads\/2025\/09\/1_01-1-620x1024.jpg 620w, https:\/\/xinshengmanufacture.com\/wp-content\/uploads\/2025\/09\/1_01-1-768x1269.jpg 768w, https:\/\/xinshengmanufacture.com\/wp-content\/uploads\/2025\/09\/1_01-1-930x1536.jpg 930w, https:\/\/xinshengmanufacture.com\/wp-content\/uploads\/2025\/09\/1_01-1-600x992.jpg 600w\" sizes=\"(max-width: 1200px) 100vw, 1200px\" \/> <img loading=\"lazy\" decoding=\"async\" class=\"size-full wp-image-76399 aligncenter\" src=\"https:\/\/xinshengmanufacture.com\/wp-content\/uploads\/2025\/09\/1_02-1.jpg\" alt=\"\" width=\"1200\" height=\"1844\" srcset=\"https:\/\/xinshengmanufacture.com\/wp-content\/uploads\/2025\/09\/1_02-1.jpg 1200w, https:\/\/xinshengmanufacture.com\/wp-content\/uploads\/2025\/09\/1_02-1-195x300.jpg 195w, https:\/\/xinshengmanufacture.com\/wp-content\/uploads\/2025\/09\/1_02-1-666x1024.jpg 666w, https:\/\/xinshengmanufacture.com\/wp-content\/uploads\/2025\/09\/1_02-1-768x1180.jpg 768w, https:\/\/xinshengmanufacture.com\/wp-content\/uploads\/2025\/09\/1_02-1-1000x1536.jpg 1000w, https:\/\/xinshengmanufacture.com\/wp-content\/uploads\/2025\/09\/1_02-1-600x922.jpg 600w\" sizes=\"(max-width: 1200px) 100vw, 1200px\" \/> <img loading=\"lazy\" decoding=\"async\" class=\"size-full wp-image-76411 aligncenter\" src=\"https:\/\/xinshengmanufacture.com\/wp-content\/uploads\/2025\/09\/1_03-1.jpg\" alt=\"\" width=\"1200\" height=\"1741\" srcset=\"https:\/\/xinshengmanufacture.com\/wp-content\/uploads\/2025\/09\/1_03-1.jpg 1200w, https:\/\/xinshengmanufacture.com\/wp-content\/uploads\/2025\/09\/1_03-1-207x300.jpg 207w, https:\/\/xinshengmanufacture.com\/wp-content\/uploads\/2025\/09\/1_03-1-706x1024.jpg 706w, https:\/\/xinshengmanufacture.com\/wp-content\/uploads\/2025\/09\/1_03-1-768x1114.jpg 768w, https:\/\/xinshengmanufacture.com\/wp-content\/uploads\/2025\/09\/1_03-1-1059x1536.jpg 1059w, https:\/\/xinshengmanufacture.com\/wp-content\/uploads\/2025\/09\/1_03-1-600x871.jpg 600w\" sizes=\"(max-width: 1200px) 100vw, 1200px\" \/> <img loading=\"lazy\" decoding=\"async\" class=\"size-full wp-image-76423 aligncenter\" src=\"https:\/\/xinshengmanufacture.com\/wp-content\/uploads\/2025\/09\/1_04-1.jpg\" alt=\"\" width=\"1200\" height=\"1929\" srcset=\"https:\/\/xinshengmanufacture.com\/wp-content\/uploads\/2025\/09\/1_04-1.jpg 1200w, https:\/\/xinshengmanufacture.com\/wp-content\/uploads\/2025\/09\/1_04-1-187x300.jpg 187w, https:\/\/xinshengmanufacture.com\/wp-content\/uploads\/2025\/09\/1_04-1-637x1024.jpg 637w, https:\/\/xinshengmanufacture.com\/wp-content\/uploads\/2025\/09\/1_04-1-768x1235.jpg 768w, https:\/\/xinshengmanufacture.com\/wp-content\/uploads\/2025\/09\/1_04-1-956x1536.jpg 956w, https:\/\/xinshengmanufacture.com\/wp-content\/uploads\/2025\/09\/1_04-1-600x965.jpg 600w\" sizes=\"(max-width: 1200px) 100vw, 1200px\" \/> <img loading=\"lazy\" decoding=\"async\" class=\"size-full wp-image-76435 aligncenter\" src=\"https:\/\/xinshengmanufacture.com\/wp-content\/uploads\/2025\/09\/1_05-1.jpg\" alt=\"\" width=\"1200\" height=\"2312\" srcset=\"https:\/\/xinshengmanufacture.com\/wp-content\/uploads\/2025\/09\/1_05-1.jpg 1200w, https:\/\/xinshengmanufacture.com\/wp-content\/uploads\/2025\/09\/1_05-1-156x300.jpg 156w, https:\/\/xinshengmanufacture.com\/wp-content\/uploads\/2025\/09\/1_05-1-531x1024.jpg 531w, https:\/\/xinshengmanufacture.com\/wp-content\/uploads\/2025\/09\/1_05-1-768x1480.jpg 768w, https:\/\/xinshengmanufacture.com\/wp-content\/uploads\/2025\/09\/1_05-1-797x1536.jpg 797w, https:\/\/xinshengmanufacture.com\/wp-content\/uploads\/2025\/09\/1_05-1-1063x2048.jpg 1063w, https:\/\/xinshengmanufacture.com\/wp-content\/uploads\/2025\/09\/1_05-1-600x1156.jpg 600w\" sizes=\"(max-width: 1200px) 100vw, 1200px\" \/> <img loading=\"lazy\" decoding=\"async\" class=\"size-full wp-image-76447 aligncenter\" src=\"https:\/\/xinshengmanufacture.com\/wp-content\/uploads\/2025\/09\/1_06-1.jpg\" alt=\"\" width=\"1200\" height=\"1686\" srcset=\"https:\/\/xinshengmanufacture.com\/wp-content\/uploads\/2025\/09\/1_06-1.jpg 1200w, https:\/\/xinshengmanufacture.com\/wp-content\/uploads\/2025\/09\/1_06-1-214x300.jpg 214w, https:\/\/xinshengmanufacture.com\/wp-content\/uploads\/2025\/09\/1_06-1-729x1024.jpg 729w, https:\/\/xinshengmanufacture.com\/wp-content\/uploads\/2025\/09\/1_06-1-768x1079.jpg 768w, https:\/\/xinshengmanufacture.com\/wp-content\/uploads\/2025\/09\/1_06-1-1093x1536.jpg 1093w, https:\/\/xinshengmanufacture.com\/wp-content\/uploads\/2025\/09\/1_06-1-600x843.jpg 600w\" sizes=\"(max-width: 1200px) 100vw, 1200px\" \/> <img loading=\"lazy\" decoding=\"async\" class=\"size-full wp-image-76459 aligncenter\" src=\"https:\/\/xinshengmanufacture.com\/wp-content\/uploads\/2025\/09\/1_07-1.jpg\" alt=\"\" width=\"1200\" height=\"1868\" srcset=\"https:\/\/xinshengmanufacture.com\/wp-content\/uploads\/2025\/09\/1_07-1.jpg 1200w, https:\/\/xinshengmanufacture.com\/wp-content\/uploads\/2025\/09\/1_07-1-193x300.jpg 193w, https:\/\/xinshengmanufacture.com\/wp-content\/uploads\/2025\/09\/1_07-1-658x1024.jpg 658w, https:\/\/xinshengmanufacture.com\/wp-content\/uploads\/2025\/09\/1_07-1-768x1196.jpg 768w, https:\/\/xinshengmanufacture.com\/wp-content\/uploads\/2025\/09\/1_07-1-987x1536.jpg 987w, https:\/\/xinshengmanufacture.com\/wp-content\/uploads\/2025\/09\/1_07-1-600x934.jpg 600w\" sizes=\"(max-width: 1200px) 100vw, 1200px\" \/> <img loading=\"lazy\" decoding=\"async\" class=\"size-full wp-image-76471 aligncenter\" src=\"https:\/\/xinshengmanufacture.com\/wp-content\/uploads\/2025\/09\/1_08-1.jpg\" alt=\"\" width=\"1200\" height=\"1765\" srcset=\"https:\/\/xinshengmanufacture.com\/wp-content\/uploads\/2025\/09\/1_08-1.jpg 1200w, https:\/\/xinshengmanufacture.com\/wp-content\/uploads\/2025\/09\/1_08-1-204x300.jpg 204w, https:\/\/xinshengmanufacture.com\/wp-content\/uploads\/2025\/09\/1_08-1-696x1024.jpg 696w, https:\/\/xinshengmanufacture.com\/wp-content\/uploads\/2025\/09\/1_08-1-768x1130.jpg 768w, https:\/\/xinshengmanufacture.com\/wp-content\/uploads\/2025\/09\/1_08-1-1044x1536.jpg 1044w, https:\/\/xinshengmanufacture.com\/wp-content\/uploads\/2025\/09\/1_08-1-600x883.jpg 600w\" sizes=\"(max-width: 1200px) 100vw, 1200px\" \/> <img loading=\"lazy\" decoding=\"async\" class=\"size-full wp-image-76483 aligncenter\" src=\"https:\/\/xinshengmanufacture.com\/wp-content\/uploads\/2025\/09\/1_09-1.jpg\" alt=\"\" width=\"1200\" height=\"2125\" srcset=\"https:\/\/xinshengmanufacture.com\/wp-content\/uploads\/2025\/09\/1_09-1.jpg 1200w, https:\/\/xinshengmanufacture.com\/wp-content\/uploads\/2025\/09\/1_09-1-169x300.jpg 169w, https:\/\/xinshengmanufacture.com\/wp-content\/uploads\/2025\/09\/1_09-1-578x1024.jpg 578w, https:\/\/xinshengmanufacture.com\/wp-content\/uploads\/2025\/09\/1_09-1-768x1360.jpg 768w, https:\/\/xinshengmanufacture.com\/wp-content\/uploads\/2025\/09\/1_09-1-867x1536.jpg 867w, https:\/\/xinshengmanufacture.com\/wp-content\/uploads\/2025\/09\/1_09-1-1157x2048.jpg 1157w, https:\/\/xinshengmanufacture.com\/wp-content\/uploads\/2025\/09\/1_09-1-600x1063.jpg 600w\" sizes=\"(max-width: 1200px) 100vw, 1200px\" \/> <img loading=\"lazy\" decoding=\"async\" class=\"size-full wp-image-76495 aligncenter\" src=\"https:\/\/xinshengmanufacture.com\/wp-content\/uploads\/2025\/09\/1_10-1.jpg\" alt=\"\" width=\"1200\" height=\"1765\" srcset=\"https:\/\/xinshengmanufacture.com\/wp-content\/uploads\/2025\/09\/1_10-1.jpg 1200w, https:\/\/xinshengmanufacture.com\/wp-content\/uploads\/2025\/09\/1_10-1-204x300.jpg 204w, https:\/\/xinshengmanufacture.com\/wp-content\/uploads\/2025\/09\/1_10-1-696x1024.jpg 696w, https:\/\/xinshengmanufacture.com\/wp-content\/uploads\/2025\/09\/1_10-1-768x1130.jpg 768w, https:\/\/xinshengmanufacture.com\/wp-content\/uploads\/2025\/09\/1_10-1-1044x1536.jpg 1044w, https:\/\/xinshengmanufacture.com\/wp-content\/uploads\/2025\/09\/1_10-1-600x883.jpg 600w\" sizes=\"(max-width: 1200px) 100vw, 1200px\" \/> <img loading=\"lazy\" decoding=\"async\" class=\"size-full wp-image-76507 aligncenter\" src=\"https:\/\/xinshengmanufacture.com\/wp-content\/uploads\/2025\/09\/1_11-1.jpg\" alt=\"\" width=\"1200\" height=\"1727\" srcset=\"https:\/\/xinshengmanufacture.com\/wp-content\/uploads\/2025\/09\/1_11-1.jpg 1200w, https:\/\/xinshengmanufacture.com\/wp-content\/uploads\/2025\/09\/1_11-1-208x300.jpg 208w, https:\/\/xinshengmanufacture.com\/wp-content\/uploads\/2025\/09\/1_11-1-712x1024.jpg 712w, https:\/\/xinshengmanufacture.com\/wp-content\/uploads\/2025\/09\/1_11-1-768x1105.jpg 768w, https:\/\/xinshengmanufacture.com\/wp-content\/uploads\/2025\/09\/1_11-1-1067x1536.jpg 1067w, https:\/\/xinshengmanufacture.com\/wp-content\/uploads\/2025\/09\/1_11-1-600x864.jpg 600w\" sizes=\"(max-width: 1200px) 100vw, 1200px\" \/> <img loading=\"lazy\" decoding=\"async\" class=\"size-full wp-image-76519 aligncenter\" src=\"https:\/\/xinshengmanufacture.com\/wp-content\/uploads\/2025\/09\/1_12-1.jpg\" alt=\"\" width=\"1200\" height=\"2491\" srcset=\"https:\/\/xinshengmanufacture.com\/wp-content\/uploads\/2025\/09\/1_12-1.jpg 1200w, https:\/\/xinshengmanufacture.com\/wp-content\/uploads\/2025\/09\/1_12-1-145x300.jpg 145w, https:\/\/xinshengmanufacture.com\/wp-content\/uploads\/2025\/09\/1_12-1-493x1024.jpg 493w, https:\/\/xinshengmanufacture.com\/wp-content\/uploads\/2025\/09\/1_12-1-768x1594.jpg 768w, https:\/\/xinshengmanufacture.com\/wp-content\/uploads\/2025\/09\/1_12-1-740x1536.jpg 740w, https:\/\/xinshengmanufacture.com\/wp-content\/uploads\/2025\/09\/1_12-1-987x2048.jpg 987w, https:\/\/xinshengmanufacture.com\/wp-content\/uploads\/2025\/09\/1_12-1-600x1246.jpg 600w\" sizes=\"(max-width: 1200px) 100vw, 1200px\" \/><\/p>\n<div id=\"gtx-trans\" style=\"position: absolute; left: 705px; top: 35px;\">\n<div class=\"gtx-trans-icon\"><\/div>\n<\/div>\n","protected":false},"excerpt":{"rendered":"<p>Gi\u01b0\u1eddng g\u1ed9i \u0111\u1ea7u n\u00e2ng \u0111i\u1ec7n \u0111a n\u0103ng ki\u1ec3u Th\u00e1i (c\u00f3 ch\u1ee9c n\u0103ng n\u00e2ng v\u00e0 ng\u00e2m ch\u00e2n) c\u00f3 th\u1ec3 s\u1eed d\u1ee5ng t\u1ea1i c\u00e1c ti\u1ec7m l\u00e0m t\u00f3c, trung t\u00e2m m\u00e1t-xa, trung t\u00e2m l\u00e0m \u0111\u1eb9p, trung t\u00e2m spa, v.v.<\/p>\n","protected":false},"featured_media":76602,"template":"","meta":{"_bst_post_transparent":"","_bst_post_title":"","_bst_post_layout":"","_bst_post_sidebar_id":"","_bst_post_content_style":"","_bst_post_vertical_padding":"","_bst_post_feature":"","_bst_post_feature_position":"","_bst_post_header":false,"_bst_post_footer":false},"product_brand":[1087],"product_cat":[904],"product_tag":[],"class_list":{"0":"post-77025","1":"product","2":"type-product","3":"status-publish","4":"has-post-thumbnail","6":"product_brand-xinsheng-vi","7":"product_cat-giuong-goi-dau-kieu-thai","8":"pa_color-mau-sac-tuy-chinh","9":"pa_color-xam","10":"pa_size-197cm80cm70cm-vi","12":"first","13":"instock","14":"sale","15":"shipping-taxable","16":"purchasable","17":"product-type-variable","18":"entry","19":"content-bg","20":"loop-entry"},"_links":{"self":[{"href":"https:\/\/xinshengmanufacture.com\/vi\/wp-json\/wp\/v2\/product\/77025","targetHints":{"allow":["GET"]}}],"collection":[{"href":"https:\/\/xinshengmanufacture.com\/vi\/wp-json\/wp\/v2\/product"}],"about":[{"href":"https:\/\/xinshengmanufacture.com\/vi\/wp-json\/wp\/v2\/types\/product"}],"version-history":[{"count":0,"href":"https:\/\/xinshengmanufacture.com\/vi\/wp-json\/wp\/v2\/product\/77025\/revisions"}],"wp:featuredmedia":[{"embeddable":true,"href":"https:\/\/xinshengmanufacture.com\/vi\/wp-json\/wp\/v2\/media\/76602"}],"wp:attachment":[{"href":"https:\/\/xinshengmanufacture.com\/vi\/wp-json\/wp\/v2\/media?parent=77025"}],"wp:term":[{"taxonomy":"product_brand","embeddable":true,"href":"https:\/\/xinshengmanufacture.com\/vi\/wp-json\/wp\/v2\/product_brand?post=77025"},{"taxonomy":"product_cat","embeddable":true,"href":"https:\/\/xinshengmanufacture.com\/vi\/wp-json\/wp\/v2\/product_cat?post=77025"},{"taxonomy":"product_tag","embeddable":true,"href":"https:\/\/xinshengmanufacture.com\/vi\/wp-json\/wp\/v2\/product_tag?post=77025"}],"curies":[{"name":"wp","href":"https:\/\/api.w.org\/{rel}","templated":true}]}}