{"id":77036,"date":"2025-09-13T08:51:05","date_gmt":"2025-09-13T08:51:05","guid":{"rendered":"https:\/\/xinshengmanufacture.com\/product\/ghe-ngam-chan-da-nang-co-chuc-nang-massage-thiet-bi-noi-that-salon-trung-tam-massage-chan-ghe-ngam-chan-trung-tam-massage-dau-spa-thiet-bi-ngam-chan-nha-san-xuat-noi-that-salon\/"},"modified":"2025-09-13T08:51:05","modified_gmt":"2025-09-13T08:51:05","slug":"ghe-ngam-chan-da-nang-co-chuc-nang-massage-thiet-bi-noi-that-salon-trung-tam-massage-chan-ghe-ngam-chan-trung-tam-massage-dau-spa-thiet-bi-ngam-chan-nha-san-xuat-noi-that-salon","status":"publish","type":"product","link":"https:\/\/xinshengmanufacture.com\/vi\/product\/ghe-ngam-chan-da-nang-co-chuc-nang-massage-thiet-bi-noi-that-salon-trung-tam-massage-chan-ghe-ngam-chan-trung-tam-massage-dau-spa-thiet-bi-ngam-chan-nha-san-xuat-noi-that-salon\/","title":{"rendered":"Gh\u1ebf ng\u00e2m ch\u00e2n \u0111a n\u0103ng c\u00f3 ch\u1ee9c n\u0103ng massage, thi\u1ebft b\u1ecb n\u1ed9i th\u1ea5t salon, trung t\u00e2m massage ch\u00e2n, gh\u1ebf ng\u00e2m ch\u00e2n, trung t\u00e2m massage \u0111\u1ea7u spa, thi\u1ebft b\u1ecb ng\u00e2m ch\u00e2n, Nh\u00e0 s\u1ea3n xu\u1ea5t n\u1ed9i th\u1ea5t salon"},"content":{"rendered":"<p><img fetchpriority=\"high\" decoding=\"async\" class=\"alignnone size-full wp-image-75522 aligncenter\" src=\"https:\/\/xinshengmanufacture.com\/wp-content\/uploads\/2025\/09\/%E8%B6%85%E5%B7%A5%E5%AE%9A%E5%88%B6%E8%8B%B1%E6%96%87_011.jpg\" alt=\"\" width=\"1200\" height=\"1857\"><img decoding=\"async\" class=\"alignnone size-full wp-image-75534 aligncenter\" src=\"https:\/\/xinshengmanufacture.com\/wp-content\/uploads\/2025\/09\/%E8%B6%85%E5%B7%A5%E5%AE%9A%E5%88%B6%E8%8B%B1%E6%96%87_021.jpg\" alt=\"\" width=\"1200\" height=\"1054\"><img decoding=\"async\" class=\"alignnone size-full wp-image-75546 aligncenter\" src=\"https:\/\/xinshengmanufacture.com\/wp-content\/uploads\/2025\/09\/%E8%B6%85%E5%B7%A5%E5%AE%9A%E5%88%B6%E8%8B%B1%E6%96%87_031.jpg\" alt=\"\" width=\"1200\" height=\"1563\"><img loading=\"lazy\" decoding=\"async\" class=\"alignnone size-full wp-image-75558 aligncenter\" src=\"https:\/\/xinshengmanufacture.com\/wp-content\/uploads\/2025\/09\/%E8%B6%85%E5%B7%A5%E5%AE%9A%E5%88%B6%E8%8B%B1%E6%96%87_041.jpg\" alt=\"\" width=\"1200\" height=\"1755\"><img loading=\"lazy\" decoding=\"async\" class=\"alignnone size-full wp-image-75570 aligncenter\" src=\"https:\/\/xinshengmanufacture.com\/wp-content\/uploads\/2025\/09\/%E8%B6%85%E5%B7%A5%E5%AE%9A%E5%88%B6%E8%8B%B1%E6%96%87_051.jpg\" alt=\"\" width=\"1200\" height=\"2257\"><img loading=\"lazy\" decoding=\"async\" class=\"size-full wp-image-76827 aligncenter\" src=\"https:\/\/xinshengmanufacture.com\/wp-content\/uploads\/2025\/09\/%E8%AF%A6%E6%83%85%E9%A1%B5_01.jpg\" alt=\"\" width=\"1200\" height=\"1781\"> <img loading=\"lazy\" decoding=\"async\" class=\"size-full wp-image-76839 aligncenter\" src=\"https:\/\/xinshengmanufacture.com\/wp-content\/uploads\/2025\/09\/%E8%AF%A6%E6%83%85%E9%A1%B5_02.jpg\" alt=\"\" width=\"1200\" height=\"1417\"> <img loading=\"lazy\" decoding=\"async\" class=\"aligncenter wp-image-76851\" src=\"https:\/\/xinshengmanufacture.com\/wp-content\/uploads\/2025\/09\/%E8%AF%A6%E6%83%85%E9%A1%B5_03.jpg\" alt=\"\" width=\"1200\" height=\"3394\"> <img loading=\"lazy\" decoding=\"async\" class=\"aligncenter wp-image-76863\" src=\"https:\/\/xinshengmanufacture.com\/wp-content\/uploads\/2025\/09\/%E8%AF%A6%E6%83%85%E9%A1%B5_04.jpg\" alt=\"\" width=\"1200\" height=\"3391\"> <img loading=\"lazy\" decoding=\"async\" class=\"aligncenter wp-image-76875\" src=\"https:\/\/xinshengmanufacture.com\/wp-content\/uploads\/2025\/09\/%E8%AF%A6%E6%83%85%E9%A1%B5_05.jpg\" alt=\"\" width=\"1200\" height=\"3429\"> <img loading=\"lazy\" decoding=\"async\" class=\"size-full wp-image-76887 aligncenter\" src=\"https:\/\/xinshengmanufacture.com\/wp-content\/uploads\/2025\/09\/%E8%AF%A6%E6%83%85%E9%A1%B5_06.jpg\" alt=\"\" width=\"1200\" height=\"2548\"> <img loading=\"lazy\" decoding=\"async\" class=\"aligncenter wp-image-76899\" src=\"https:\/\/xinshengmanufacture.com\/wp-content\/uploads\/2025\/09\/%E8%AF%A6%E6%83%85%E9%A1%B5_07.jpg\" alt=\"\" width=\"1200\" height=\"2898\"> <img loading=\"lazy\" decoding=\"async\" class=\"size-full wp-image-76911 aligncenter\" src=\"https:\/\/xinshengmanufacture.com\/wp-content\/uploads\/2025\/09\/%E8%AF%A6%E6%83%85%E9%A1%B5_08.jpg\" alt=\"\" width=\"1200\" height=\"2460\"><\/p>\n","protected":false},"excerpt":{"rendered":"<p>Gh\u1ebf massage ch\u00e2n th\u00f4ng minh \u0111a ch\u1ee9c n\u0103ng c\u00f3 th\u1ec3 \u0111\u01b0\u1ee3c s\u1eed d\u1ee5ng t\u1ea1i c\u00e1c ti\u1ec7m l\u00e0m t\u00f3c, spa, massage, ng\u00e2m ch\u00e2n, v.v.<\/p>\n","protected":false},"featured_media":76982,"template":"","meta":{"_bst_post_transparent":"","_bst_post_title":"","_bst_post_layout":"","_bst_post_sidebar_id":"","_bst_post_content_style":"","_bst_post_vertical_padding":"","_bst_post_feature":"","_bst_post_feature_position":"","_bst_post_header":false,"_bst_post_footer":false},"product_brand":[1087],"product_cat":[897],"product_tag":[],"class_list":{"0":"post-77036","1":"product","2":"type-product","3":"status-publish","4":"has-post-thumbnail","6":"product_brand-xinsheng-vi","7":"product_cat-ghe-ngam-chan-lam-mong-chan","8":"pa_color-mau-sac-tuy-chinh","9":"pa_color-xam","10":"pa_size-150cm82cm134cm-vi","12":"first","13":"instock","14":"sale","15":"shipping-taxable","16":"purchasable","17":"product-type-variable","18":"entry","19":"content-bg","20":"loop-entry"},"_links":{"self":[{"href":"https:\/\/xinshengmanufacture.com\/vi\/wp-json\/wp\/v2\/product\/77036","targetHints":{"allow":["GET"]}}],"collection":[{"href":"https:\/\/xinshengmanufacture.com\/vi\/wp-json\/wp\/v2\/product"}],"about":[{"href":"https:\/\/xinshengmanufacture.com\/vi\/wp-json\/wp\/v2\/types\/product"}],"version-history":[{"count":0,"href":"https:\/\/xinshengmanufacture.com\/vi\/wp-json\/wp\/v2\/product\/77036\/revisions"}],"wp:featuredmedia":[{"embeddable":true,"href":"https:\/\/xinshengmanufacture.com\/vi\/wp-json\/wp\/v2\/media\/76982"}],"wp:attachment":[{"href":"https:\/\/xinshengmanufacture.com\/vi\/wp-json\/wp\/v2\/media?parent=77036"}],"wp:term":[{"taxonomy":"product_brand","embeddable":true,"href":"https:\/\/xinshengmanufacture.com\/vi\/wp-json\/wp\/v2\/product_brand?post=77036"},{"taxonomy":"product_cat","embeddable":true,"href":"https:\/\/xinshengmanufacture.com\/vi\/wp-json\/wp\/v2\/product_cat?post=77036"},{"taxonomy":"product_tag","embeddable":true,"href":"https:\/\/xinshengmanufacture.com\/vi\/wp-json\/wp\/v2\/product_tag?post=77036"}],"curies":[{"name":"wp","href":"https:\/\/api.w.org\/{rel}","templated":true}]}}