{"id":79538,"date":"2025-10-11T09:02:04","date_gmt":"2025-10-11T09:02:04","guid":{"rendered":"https:\/\/xinshengmanufacture.com\/\u4ea7\u54c1\/phien-ban-ba-trong-mot-moi-nang-dien-dau-massage-goi-dau-giuong-thiet-bi-noi-that-salon-giuong-massage-thoi-trang-va-thiet-thuc-giuong-ngam-chan-spa-nha-san-xuat-noi-that-salon\/"},"modified":"2025-10-11T09:02:04","modified_gmt":"2025-10-11T09:02:04","slug":"phien-ban-ba-trong-mot-moi-nang-dien-dau-massage-goi-dau-giuong-thiet-bi-noi-that-salon-giuong-massage-thoi-trang-va-thiet-thuc-giuong-ngam-chan-spa-nha-san-xuat-noi-that-salon","status":"publish","type":"product","link":"https:\/\/xinshengmanufacture.com\/vi\/product\/phien-ban-ba-trong-mot-moi-nang-dien-dau-massage-goi-dau-giuong-thiet-bi-noi-that-salon-giuong-massage-thoi-trang-va-thiet-thuc-giuong-ngam-chan-spa-nha-san-xuat-noi-that-salon\/","title":{"rendered":"Phi\u00ean b\u1ea3n ba trong m\u1ed9t m\u1edbi n\u00e2ng \u0111i\u1ec7n \u0111\u1ea7u massage g\u1ed9i \u0111\u1ea7u gi\u01b0\u1eddng thi\u1ebft b\u1ecb n\u1ed9i th\u1ea5t salon gi\u01b0\u1eddng massage th\u1eddi trang v\u00e0 thi\u1ebft th\u1ef1c gi\u01b0\u1eddng ng\u00e2m ch\u00e2n spa nh\u00e0 s\u1ea3n xu\u1ea5t n\u1ed9i th\u1ea5t salon"},"content":{"rendered":"<div class=\"wp-playlist wp-video-playlist wp-playlist-light\">\n\t\t<video controls=\"controls\" preload=\"none\" width=\"1408\"\n\t\t height=\"2503\"\t><\/video>\n\t<div class=\"wp-playlist-next\"><\/div>\n\t<div class=\"wp-playlist-prev\"><\/div>\n\t<noscript>\n\t<ol>\n\t\t<li><a href='https:\/\/xinshengmanufacture.com\/wp-content\/uploads\/2025\/10\/45.mp4'>45<\/a><\/li>\t<\/ol>\n\t<\/noscript>\n\t<script type=\"application\/json\" class=\"wp-playlist-script\">{\"type\":\"video\",\"tracklist\":false,\"tracknumbers\":true,\"images\":true,\"artists\":true,\"tracks\":[{\"src\":\"https:\/\/xinshengmanufacture.com\/wp-content\/uploads\/2025\/10\/45.mp4\",\"type\":\"video\/mp4\",\"title\":\"45\",\"caption\":\"\",\"description\":\"\",\"meta\":{\"length_formatted\":\"0:45\"},\"dimensions\":{\"original\":{\"width\":1080,\"height\":1920},\"resized\":{\"width\":1408,\"height\":2503}},\"image\":{\"src\":\"https:\/\/xinshengmanufacture.com\/wp-includes\/images\/media\/video.svg\",\"width\":48,\"height\":64},\"thumb\":{\"src\":\"https:\/\/xinshengmanufacture.com\/wp-includes\/images\/media\/video.svg\",\"width\":48,\"height\":64}}]}<\/script>\n<\/div>\n\t\n<p style=\"text-align: center;\"><img fetchpriority=\"high\" decoding=\"async\" class=\"size-full wp-image-78585 aligncenter\" src=\"https:\/\/xinshengmanufacture.com\/wp-content\/uploads\/2025\/10\/%E8%B6%85%E5%B7%A5%E5%AE%9A%E5%88%B6%E8%8B%B1%E6%96%87_011.jpg\" alt=\"\" width=\"1200\" height=\"1857\"><img decoding=\"async\" class=\"size-full wp-image-78597 aligncenter\" src=\"https:\/\/xinshengmanufacture.com\/wp-content\/uploads\/2025\/10\/%E8%B6%85%E5%B7%A5%E5%AE%9A%E5%88%B6%E8%8B%B1%E6%96%87_021.jpg\" alt=\"\" width=\"1200\" height=\"1054\"><img decoding=\"async\" class=\"size-full wp-image-78609 aligncenter\" src=\"https:\/\/xinshengmanufacture.com\/wp-content\/uploads\/2025\/10\/%E8%B6%85%E5%B7%A5%E5%AE%9A%E5%88%B6%E8%8B%B1%E6%96%87_031.jpg\" alt=\"\" width=\"1200\" height=\"1563\"><img loading=\"lazy\" decoding=\"async\" class=\"size-full wp-image-78621 aligncenter\" src=\"https:\/\/xinshengmanufacture.com\/wp-content\/uploads\/2025\/10\/%E8%B6%85%E5%B7%A5%E5%AE%9A%E5%88%B6%E8%8B%B1%E6%96%87_041.jpg\" alt=\"\" width=\"1200\" height=\"1755\"><img loading=\"lazy\" decoding=\"async\" class=\"size-full wp-image-78633 aligncenter\" src=\"https:\/\/xinshengmanufacture.com\/wp-content\/uploads\/2025\/10\/%E8%B6%85%E5%B7%A5%E5%AE%9A%E5%88%B6%E8%8B%B1%E6%96%87_051.jpg\" alt=\"\" width=\"1200\" height=\"2257\"><img loading=\"lazy\" decoding=\"async\" class=\"size-full wp-image-79294 aligncenter\" src=\"https:\/\/xinshengmanufacture.com\/wp-content\/uploads\/2025\/10\/1_01-4.jpg\" alt=\"\" width=\"1200\" height=\"1983\" srcset=\"https:\/\/xinshengmanufacture.com\/wp-content\/uploads\/2025\/10\/1_01-4.jpg 1200w, https:\/\/xinshengmanufacture.com\/wp-content\/uploads\/2025\/10\/1_01-4-182x300.jpg 182w, https:\/\/xinshengmanufacture.com\/wp-content\/uploads\/2025\/10\/1_01-4-620x1024.jpg 620w, https:\/\/xinshengmanufacture.com\/wp-content\/uploads\/2025\/10\/1_01-4-768x1269.jpg 768w, https:\/\/xinshengmanufacture.com\/wp-content\/uploads\/2025\/10\/1_01-4-930x1536.jpg 930w, https:\/\/xinshengmanufacture.com\/wp-content\/uploads\/2025\/10\/1_01-4-600x992.jpg 600w\" sizes=\"(max-width: 1200px) 100vw, 1200px\" \/> <img loading=\"lazy\" decoding=\"async\" class=\"size-full wp-image-79306 aligncenter\" src=\"https:\/\/xinshengmanufacture.com\/wp-content\/uploads\/2025\/10\/1_02-4.jpg\" alt=\"\" width=\"1200\" height=\"1774\" srcset=\"https:\/\/xinshengmanufacture.com\/wp-content\/uploads\/2025\/10\/1_02-4.jpg 1200w, https:\/\/xinshengmanufacture.com\/wp-content\/uploads\/2025\/10\/1_02-4-203x300.jpg 203w, https:\/\/xinshengmanufacture.com\/wp-content\/uploads\/2025\/10\/1_02-4-693x1024.jpg 693w, https:\/\/xinshengmanufacture.com\/wp-content\/uploads\/2025\/10\/1_02-4-768x1135.jpg 768w, https:\/\/xinshengmanufacture.com\/wp-content\/uploads\/2025\/10\/1_02-4-1039x1536.jpg 1039w, https:\/\/xinshengmanufacture.com\/wp-content\/uploads\/2025\/10\/1_02-4-600x887.jpg 600w\" sizes=\"(max-width: 1200px) 100vw, 1200px\" \/> <img loading=\"lazy\" decoding=\"async\" class=\"size-full wp-image-79318 aligncenter\" src=\"https:\/\/xinshengmanufacture.com\/wp-content\/uploads\/2025\/10\/1_03-3.jpg\" alt=\"\" width=\"1200\" height=\"1931\" srcset=\"https:\/\/xinshengmanufacture.com\/wp-content\/uploads\/2025\/10\/1_03-3.jpg 1200w, https:\/\/xinshengmanufacture.com\/wp-content\/uploads\/2025\/10\/1_03-3-186x300.jpg 186w, https:\/\/xinshengmanufacture.com\/wp-content\/uploads\/2025\/10\/1_03-3-636x1024.jpg 636w, https:\/\/xinshengmanufacture.com\/wp-content\/uploads\/2025\/10\/1_03-3-768x1236.jpg 768w, https:\/\/xinshengmanufacture.com\/wp-content\/uploads\/2025\/10\/1_03-3-955x1536.jpg 955w, https:\/\/xinshengmanufacture.com\/wp-content\/uploads\/2025\/10\/1_03-3-600x966.jpg 600w\" sizes=\"(max-width: 1200px) 100vw, 1200px\" \/> <img loading=\"lazy\" decoding=\"async\" class=\"size-full wp-image-79330 aligncenter\" src=\"https:\/\/xinshengmanufacture.com\/wp-content\/uploads\/2025\/10\/1_04-4.jpg\" alt=\"\" width=\"1200\" height=\"2310\" srcset=\"https:\/\/xinshengmanufacture.com\/wp-content\/uploads\/2025\/10\/1_04-4.jpg 1200w, https:\/\/xinshengmanufacture.com\/wp-content\/uploads\/2025\/10\/1_04-4-156x300.jpg 156w, https:\/\/xinshengmanufacture.com\/wp-content\/uploads\/2025\/10\/1_04-4-532x1024.jpg 532w, https:\/\/xinshengmanufacture.com\/wp-content\/uploads\/2025\/10\/1_04-4-768x1478.jpg 768w, https:\/\/xinshengmanufacture.com\/wp-content\/uploads\/2025\/10\/1_04-4-798x1536.jpg 798w, https:\/\/xinshengmanufacture.com\/wp-content\/uploads\/2025\/10\/1_04-4-1064x2048.jpg 1064w, https:\/\/xinshengmanufacture.com\/wp-content\/uploads\/2025\/10\/1_04-4-600x1155.jpg 600w\" sizes=\"(max-width: 1200px) 100vw, 1200px\" \/> <img loading=\"lazy\" decoding=\"async\" class=\"size-full wp-image-79342 aligncenter\" src=\"https:\/\/xinshengmanufacture.com\/wp-content\/uploads\/2025\/10\/1_05-4.jpg\" alt=\"\" width=\"1200\" height=\"1686\" srcset=\"https:\/\/xinshengmanufacture.com\/wp-content\/uploads\/2025\/10\/1_05-4.jpg 1200w, https:\/\/xinshengmanufacture.com\/wp-content\/uploads\/2025\/10\/1_05-4-214x300.jpg 214w, https:\/\/xinshengmanufacture.com\/wp-content\/uploads\/2025\/10\/1_05-4-729x1024.jpg 729w, https:\/\/xinshengmanufacture.com\/wp-content\/uploads\/2025\/10\/1_05-4-768x1079.jpg 768w, https:\/\/xinshengmanufacture.com\/wp-content\/uploads\/2025\/10\/1_05-4-1093x1536.jpg 1093w, https:\/\/xinshengmanufacture.com\/wp-content\/uploads\/2025\/10\/1_05-4-600x843.jpg 600w\" sizes=\"(max-width: 1200px) 100vw, 1200px\" \/> <img loading=\"lazy\" decoding=\"async\" class=\"size-full wp-image-79354 aligncenter\" src=\"https:\/\/xinshengmanufacture.com\/wp-content\/uploads\/2025\/10\/1_06-4.jpg\" alt=\"\" width=\"1200\" height=\"1868\" srcset=\"https:\/\/xinshengmanufacture.com\/wp-content\/uploads\/2025\/10\/1_06-4.jpg 1200w, https:\/\/xinshengmanufacture.com\/wp-content\/uploads\/2025\/10\/1_06-4-193x300.jpg 193w, https:\/\/xinshengmanufacture.com\/wp-content\/uploads\/2025\/10\/1_06-4-658x1024.jpg 658w, https:\/\/xinshengmanufacture.com\/wp-content\/uploads\/2025\/10\/1_06-4-768x1196.jpg 768w, https:\/\/xinshengmanufacture.com\/wp-content\/uploads\/2025\/10\/1_06-4-987x1536.jpg 987w, https:\/\/xinshengmanufacture.com\/wp-content\/uploads\/2025\/10\/1_06-4-600x934.jpg 600w\" sizes=\"(max-width: 1200px) 100vw, 1200px\" \/> <img loading=\"lazy\" decoding=\"async\" class=\"size-full wp-image-79366 aligncenter\" src=\"https:\/\/xinshengmanufacture.com\/wp-content\/uploads\/2025\/10\/1_07-4.jpg\" alt=\"\" width=\"1200\" height=\"1766\" srcset=\"https:\/\/xinshengmanufacture.com\/wp-content\/uploads\/2025\/10\/1_07-4.jpg 1200w, https:\/\/xinshengmanufacture.com\/wp-content\/uploads\/2025\/10\/1_07-4-204x300.jpg 204w, https:\/\/xinshengmanufacture.com\/wp-content\/uploads\/2025\/10\/1_07-4-696x1024.jpg 696w, https:\/\/xinshengmanufacture.com\/wp-content\/uploads\/2025\/10\/1_07-4-768x1130.jpg 768w, https:\/\/xinshengmanufacture.com\/wp-content\/uploads\/2025\/10\/1_07-4-1044x1536.jpg 1044w, https:\/\/xinshengmanufacture.com\/wp-content\/uploads\/2025\/10\/1_07-4-600x883.jpg 600w\" sizes=\"(max-width: 1200px) 100vw, 1200px\" \/> <img loading=\"lazy\" decoding=\"async\" class=\"size-full wp-image-79378 aligncenter\" src=\"https:\/\/xinshengmanufacture.com\/wp-content\/uploads\/2025\/10\/1_08-4.jpg\" alt=\"\" width=\"1200\" height=\"2123\" srcset=\"https:\/\/xinshengmanufacture.com\/wp-content\/uploads\/2025\/10\/1_08-4.jpg 1200w, https:\/\/xinshengmanufacture.com\/wp-content\/uploads\/2025\/10\/1_08-4-170x300.jpg 170w, https:\/\/xinshengmanufacture.com\/wp-content\/uploads\/2025\/10\/1_08-4-579x1024.jpg 579w, https:\/\/xinshengmanufacture.com\/wp-content\/uploads\/2025\/10\/1_08-4-768x1359.jpg 768w, https:\/\/xinshengmanufacture.com\/wp-content\/uploads\/2025\/10\/1_08-4-868x1536.jpg 868w, https:\/\/xinshengmanufacture.com\/wp-content\/uploads\/2025\/10\/1_08-4-1158x2048.jpg 1158w, https:\/\/xinshengmanufacture.com\/wp-content\/uploads\/2025\/10\/1_08-4-600x1062.jpg 600w\" sizes=\"(max-width: 1200px) 100vw, 1200px\" \/> <img loading=\"lazy\" decoding=\"async\" class=\"size-full wp-image-79390 aligncenter\" src=\"https:\/\/xinshengmanufacture.com\/wp-content\/uploads\/2025\/10\/1_09-4.jpg\" alt=\"\" width=\"1200\" height=\"1767\" srcset=\"https:\/\/xinshengmanufacture.com\/wp-content\/uploads\/2025\/10\/1_09-4.jpg 1200w, https:\/\/xinshengmanufacture.com\/wp-content\/uploads\/2025\/10\/1_09-4-204x300.jpg 204w, https:\/\/xinshengmanufacture.com\/wp-content\/uploads\/2025\/10\/1_09-4-695x1024.jpg 695w, https:\/\/xinshengmanufacture.com\/wp-content\/uploads\/2025\/10\/1_09-4-768x1131.jpg 768w, https:\/\/xinshengmanufacture.com\/wp-content\/uploads\/2025\/10\/1_09-4-1043x1536.jpg 1043w, https:\/\/xinshengmanufacture.com\/wp-content\/uploads\/2025\/10\/1_09-4-600x884.jpg 600w\" sizes=\"(max-width: 1200px) 100vw, 1200px\" \/> <img loading=\"lazy\" decoding=\"async\" class=\"size-full wp-image-79402 aligncenter\" src=\"https:\/\/xinshengmanufacture.com\/wp-content\/uploads\/2025\/10\/1_10-4.jpg\" alt=\"\" width=\"1200\" height=\"1858\" srcset=\"https:\/\/xinshengmanufacture.com\/wp-content\/uploads\/2025\/10\/1_10-4.jpg 1200w, https:\/\/xinshengmanufacture.com\/wp-content\/uploads\/2025\/10\/1_10-4-194x300.jpg 194w, https:\/\/xinshengmanufacture.com\/wp-content\/uploads\/2025\/10\/1_10-4-661x1024.jpg 661w, https:\/\/xinshengmanufacture.com\/wp-content\/uploads\/2025\/10\/1_10-4-768x1189.jpg 768w, https:\/\/xinshengmanufacture.com\/wp-content\/uploads\/2025\/10\/1_10-4-992x1536.jpg 992w, https:\/\/xinshengmanufacture.com\/wp-content\/uploads\/2025\/10\/1_10-4-600x929.jpg 600w\" sizes=\"(max-width: 1200px) 100vw, 1200px\" \/> <img loading=\"lazy\" decoding=\"async\" class=\"size-full wp-image-79414 aligncenter\" src=\"https:\/\/xinshengmanufacture.com\/wp-content\/uploads\/2025\/10\/1_11-2.jpg\" alt=\"\" width=\"1200\" height=\"1766\" srcset=\"https:\/\/xinshengmanufacture.com\/wp-content\/uploads\/2025\/10\/1_11-2.jpg 1200w, https:\/\/xinshengmanufacture.com\/wp-content\/uploads\/2025\/10\/1_11-2-204x300.jpg 204w, https:\/\/xinshengmanufacture.com\/wp-content\/uploads\/2025\/10\/1_11-2-696x1024.jpg 696w, https:\/\/xinshengmanufacture.com\/wp-content\/uploads\/2025\/10\/1_11-2-768x1130.jpg 768w, https:\/\/xinshengmanufacture.com\/wp-content\/uploads\/2025\/10\/1_11-2-1044x1536.jpg 1044w, https:\/\/xinshengmanufacture.com\/wp-content\/uploads\/2025\/10\/1_11-2-600x883.jpg 600w\" sizes=\"(max-width: 1200px) 100vw, 1200px\" \/> <img loading=\"lazy\" decoding=\"async\" class=\"aligncenter wp-image-79426\" src=\"https:\/\/xinshengmanufacture.com\/wp-content\/uploads\/2025\/10\/1_12.jpg\" alt=\"\" width=\"1200\" height=\"2893\" srcset=\"https:\/\/xinshengmanufacture.com\/wp-content\/uploads\/2025\/10\/1_12.jpg 1062w, https:\/\/xinshengmanufacture.com\/wp-content\/uploads\/2025\/10\/1_12-124x300.jpg 124w, https:\/\/xinshengmanufacture.com\/wp-content\/uploads\/2025\/10\/1_12-425x1024.jpg 425w, https:\/\/xinshengmanufacture.com\/wp-content\/uploads\/2025\/10\/1_12-768x1851.jpg 768w, https:\/\/xinshengmanufacture.com\/wp-content\/uploads\/2025\/10\/1_12-637x1536.jpg 637w, https:\/\/xinshengmanufacture.com\/wp-content\/uploads\/2025\/10\/1_12-850x2048.jpg 850w, https:\/\/xinshengmanufacture.com\/wp-content\/uploads\/2025\/10\/1_12-600x1446.jpg 600w\" sizes=\"(max-width: 1200px) 100vw, 1200px\" \/> <img loading=\"lazy\" decoding=\"async\" class=\"size-full wp-image-79438 aligncenter\" src=\"https:\/\/xinshengmanufacture.com\/wp-content\/uploads\/2025\/10\/1_13.jpg\" alt=\"\" width=\"1200\" height=\"2468\" srcset=\"https:\/\/xinshengmanufacture.com\/wp-content\/uploads\/2025\/10\/1_13.jpg 1200w, https:\/\/xinshengmanufacture.com\/wp-content\/uploads\/2025\/10\/1_13-146x300.jpg 146w, https:\/\/xinshengmanufacture.com\/wp-content\/uploads\/2025\/10\/1_13-498x1024.jpg 498w, https:\/\/xinshengmanufacture.com\/wp-content\/uploads\/2025\/10\/1_13-768x1580.jpg 768w, https:\/\/xinshengmanufacture.com\/wp-content\/uploads\/2025\/10\/1_13-747x1536.jpg 747w, https:\/\/xinshengmanufacture.com\/wp-content\/uploads\/2025\/10\/1_13-996x2048.jpg 996w, https:\/\/xinshengmanufacture.com\/wp-content\/uploads\/2025\/10\/1_13-600x1234.jpg 600w\" sizes=\"(max-width: 1200px) 100vw, 1200px\" \/><\/p>\n<div id=\"gtx-trans\" style=\"position: absolute; left: 729px; top: 35px;\">\n<div class=\"gtx-trans-icon\"><\/div>\n<\/div>\n","protected":false},"excerpt":{"rendered":"<p>Gi\u01b0\u1eddng g\u1ed9i \u0111\u1ea7u n\u00e2ng \u0111i\u1ec7n Th\u00e1i Lan ba trong m\u1ed9t c\u00f3 th\u1ec3 \u0111\u01b0\u1ee3c s\u1eed d\u1ee5ng trong c\u00e1c ti\u1ec7m l\u00e0m t\u00f3c, spa, trung t\u00e2m m\u00e1t-xa, th\u1ea9m m\u1ef9 vi\u1ec7n, v.v. S\u1ea3n ph\u1ea9m h\u1ed7 tr\u1ee3 m\u00e0u s\u1eafc t\u00f9y ch\u1ec9nh. <\/p>\n","protected":false},"featured_media":79473,"template":"","meta":{"_bst_post_transparent":"","_bst_post_title":"","_bst_post_layout":"","_bst_post_sidebar_id":"","_bst_post_content_style":"","_bst_post_vertical_padding":"","_bst_post_feature":"","_bst_post_feature_position":"","_bst_post_header":false,"_bst_post_footer":false},"product_brand":[1087],"product_cat":[897,904],"product_tag":[],"class_list":{"0":"post-79538","1":"product","2":"type-product","3":"status-publish","4":"has-post-thumbnail","6":"product_brand-xinsheng-vi","7":"product_cat-ghe-ngam-chan-lam-mong-chan","8":"product_cat-giuong-goi-dau-kieu-thai","9":"pa_color-den","10":"pa_color-mau-sac-tuy-chinh","11":"pa_size-200cm90cm70cm-vi","13":"first","14":"instock","15":"sale","16":"shipping-taxable","17":"purchasable","18":"product-type-variable","19":"entry","20":"content-bg","21":"loop-entry"},"_links":{"self":[{"href":"https:\/\/xinshengmanufacture.com\/vi\/wp-json\/wp\/v2\/product\/79538","targetHints":{"allow":["GET"]}}],"collection":[{"href":"https:\/\/xinshengmanufacture.com\/vi\/wp-json\/wp\/v2\/product"}],"about":[{"href":"https:\/\/xinshengmanufacture.com\/vi\/wp-json\/wp\/v2\/types\/product"}],"version-history":[{"count":0,"href":"https:\/\/xinshengmanufacture.com\/vi\/wp-json\/wp\/v2\/product\/79538\/revisions"}],"wp:featuredmedia":[{"embeddable":true,"href":"https:\/\/xinshengmanufacture.com\/vi\/wp-json\/wp\/v2\/media\/79473"}],"wp:attachment":[{"href":"https:\/\/xinshengmanufacture.com\/vi\/wp-json\/wp\/v2\/media?parent=79538"}],"wp:term":[{"taxonomy":"product_brand","embeddable":true,"href":"https:\/\/xinshengmanufacture.com\/vi\/wp-json\/wp\/v2\/product_brand?post=79538"},{"taxonomy":"product_cat","embeddable":true,"href":"https:\/\/xinshengmanufacture.com\/vi\/wp-json\/wp\/v2\/product_cat?post=79538"},{"taxonomy":"product_tag","embeddable":true,"href":"https:\/\/xinshengmanufacture.com\/vi\/wp-json\/wp\/v2\/product_tag?post=79538"}],"curies":[{"name":"wp","href":"https:\/\/api.w.org\/{rel}","templated":true}]}}