{"id":83654,"date":"2025-11-27T08:06:21","date_gmt":"2025-11-27T08:06:21","guid":{"rendered":"https:\/\/xinshengmanufacture.com\/\u4ea7\u54c1\/ban-lam-mong-don-gian-va-phong-cach-ban-lam-mong-doi-do-noi-that-tiem-spa-bo-ban-ghe-lam-mong-co-the-tuy-chinh-mau-sac-va-kich-thuoc-ban-truc-tiep-tu-nha-may\/"},"modified":"2025-11-27T08:06:21","modified_gmt":"2025-11-27T08:06:21","slug":"ban-lam-mong-don-gian-va-phong-cach-ban-lam-mong-doi-do-noi-that-tiem-spa-bo-ban-ghe-lam-mong-co-the-tuy-chinh-mau-sac-va-kich-thuoc-ban-truc-tiep-tu-nha-may","status":"publish","type":"product","link":"https:\/\/xinshengmanufacture.com\/vi\/product\/ban-lam-mong-don-gian-va-phong-cach-ban-lam-mong-doi-do-noi-that-tiem-spa-bo-ban-ghe-lam-mong-co-the-tuy-chinh-mau-sac-va-kich-thuoc-ban-truc-tiep-tu-nha-may\/","title":{"rendered":"B\u00e0n l\u00e0m m\u00f3ng \u0111\u01a1n gi\u1ea3n v\u00e0 phong c\u00e1ch, b\u00e0n l\u00e0m m\u00f3ng \u0111\u00f4i, \u0111\u1ed3 n\u1ed9i th\u1ea5t ti\u1ec7m spa, b\u1ed9 b\u00e0n gh\u1ebf l\u00e0m m\u00f3ng, c\u00f3 th\u1ec3 t\u00f9y ch\u1ec9nh m\u00e0u s\u1eafc v\u00e0 k\u00edch th\u01b0\u1edbc, b\u00e1n tr\u1ef1c ti\u1ebfp t\u1eeb nh\u00e0 m\u00e1y."},"content":{"rendered":"<p style=\"text-align: center;\"><img fetchpriority=\"high\" decoding=\"async\" class=\"alignnone size-full wp-image-82465 aligncenter\" src=\"https:\/\/xinshengmanufacture.com\/wp-content\/uploads\/2025\/10\/%E8%B6%85%E5%B7%A5%E5%AE%9A%E5%88%B6%E8%8B%B1%E6%96%87_011-1.jpg\" alt=\"\" width=\"1200\" height=\"1857\"><img decoding=\"async\" class=\"alignnone size-full wp-image-82477 aligncenter\" src=\"https:\/\/xinshengmanufacture.com\/wp-content\/uploads\/2025\/10\/%E8%B6%85%E5%B7%A5%E5%AE%9A%E5%88%B6%E8%8B%B1%E6%96%87_021-1.jpg\" alt=\"\" width=\"1200\" height=\"1054\"><img decoding=\"async\" class=\"size-full wp-image-82489 aligncenter\" src=\"https:\/\/xinshengmanufacture.com\/wp-content\/uploads\/2025\/10\/%E8%B6%85%E5%B7%A5%E5%AE%9A%E5%88%B6%E8%8B%B1%E6%96%87_031-1.jpg\" alt=\"\" width=\"1200\" height=\"1563\"><img loading=\"lazy\" decoding=\"async\" class=\"size-full wp-image-82501 aligncenter\" src=\"https:\/\/xinshengmanufacture.com\/wp-content\/uploads\/2025\/10\/%E8%B6%85%E5%B7%A5%E5%AE%9A%E5%88%B6%E8%8B%B1%E6%96%87_041-1.jpg\" alt=\"\" width=\"1200\" height=\"1755\"><img loading=\"lazy\" decoding=\"async\" class=\"alignnone size-full wp-image-82513 aligncenter\" src=\"https:\/\/xinshengmanufacture.com\/wp-content\/uploads\/2025\/10\/%E8%B6%85%E5%B7%A5%E5%AE%9A%E5%88%B6%E8%8B%B1%E6%96%87_051-1.jpg\" alt=\"\" width=\"1200\" height=\"2257\"><img loading=\"lazy\" decoding=\"async\" class=\"size-full wp-image-83421 aligncenter\" src=\"https:\/\/xinshengmanufacture.com\/wp-content\/uploads\/2025\/11\/%E8%AF%A6%E6%83%85%E9%A1%B5_01-1.jpg\" alt=\"\" width=\"1200\" height=\"1544\"> <img loading=\"lazy\" decoding=\"async\" class=\"size-full wp-image-83422 aligncenter\" src=\"https:\/\/xinshengmanufacture.com\/wp-content\/uploads\/2025\/11\/%E8%AF%A6%E6%83%85%E9%A1%B5_02-1.jpg\" alt=\"\" width=\"1200\" height=\"1885\"> <img loading=\"lazy\" decoding=\"async\" class=\"size-full wp-image-83423 aligncenter\" src=\"https:\/\/xinshengmanufacture.com\/wp-content\/uploads\/2025\/11\/%E8%AF%A6%E6%83%85%E9%A1%B5_03-1.jpg\" alt=\"\" width=\"1200\" height=\"1809\"> <img loading=\"lazy\" decoding=\"async\" class=\"size-full wp-image-83424 aligncenter\" src=\"https:\/\/xinshengmanufacture.com\/wp-content\/uploads\/2025\/11\/%E8%AF%A6%E6%83%85%E9%A1%B5_04-1.jpg\" alt=\"\" width=\"1200\" height=\"1567\"> <img loading=\"lazy\" decoding=\"async\" class=\"size-full wp-image-83425 aligncenter\" src=\"https:\/\/xinshengmanufacture.com\/wp-content\/uploads\/2025\/11\/%E8%AF%A6%E6%83%85%E9%A1%B5_05-1.jpg\" alt=\"\" width=\"1200\" height=\"2340\"> <img loading=\"lazy\" decoding=\"async\" class=\"size-full wp-image-83426 aligncenter\" src=\"https:\/\/xinshengmanufacture.com\/wp-content\/uploads\/2025\/11\/%E8%AF%A6%E6%83%85%E9%A1%B5_07.jpg\" alt=\"\" width=\"1200\" height=\"2503\"> <img loading=\"lazy\" decoding=\"async\" class=\"size-full wp-image-83427 aligncenter\" src=\"https:\/\/xinshengmanufacture.com\/wp-content\/uploads\/2025\/11\/%E8%AF%A6%E6%83%85%E9%A1%B5_08-1.jpg\" alt=\"\" width=\"1200\" height=\"2237\"><\/p>\n","protected":false},"excerpt":{"rendered":"<p>B\u00e0n l\u00e0m m\u00f3ng \u0111\u01b0\u1ee3c thi\u1ebft k\u1ebf cho spa, ti\u1ec7m l\u00e0m m\u00f3ng v\u00e0 trung t\u00e2m th\u1ea9m m\u1ef9. C\u00f3 s\u1eb5n m\u00e0u s\u1eafc v\u00e0 k\u00edch th\u01b0\u1edbc t\u00f9y ch\u1ec9nh. Nh\u00e0 s\u1ea3n xu\u1ea5t n\u1ed9i th\u1ea5t salon, gi\u00e1 xu\u1ea5t x\u01b0\u1edfng ngay c\u1ea3 khi mua l\u1ebb t\u1eebng s\u1ea3n ph\u1ea9m.  <\/p>\n","protected":false},"featured_media":83671,"template":"","meta":{"_bst_post_transparent":"","_bst_post_title":"","_bst_post_layout":"","_bst_post_sidebar_id":"","_bst_post_content_style":"","_bst_post_vertical_padding":"","_bst_post_feature":"","_bst_post_feature_position":"","_bst_post_header":false,"_bst_post_footer":false},"product_brand":[1087],"product_cat":[1076],"product_tag":[],"class_list":{"0":"post-83654","1":"product","2":"type-product","3":"status-publish","4":"has-post-thumbnail","6":"product_brand-xinsheng-vi","7":"product_cat-ban-lam-mong-tay","8":"pa_color-mau-sac-tuy-chinh","9":"pa_color-trang","10":"pa_size-100cm40cm78cm","11":"pa_size-120cm40cm78cm","12":"pa_size-40cm40cm80cm-ghe-canh-buom","13":"pa_size-45cm38cm-ghe-tron-nho","14":"pa_size-80cm40cm78cm","16":"first","17":"instock","18":"sale","19":"shipping-taxable","20":"purchasable","21":"product-type-variable","22":"entry","23":"content-bg","24":"loop-entry"},"_links":{"self":[{"href":"https:\/\/xinshengmanufacture.com\/vi\/wp-json\/wp\/v2\/product\/83654","targetHints":{"allow":["GET"]}}],"collection":[{"href":"https:\/\/xinshengmanufacture.com\/vi\/wp-json\/wp\/v2\/product"}],"about":[{"href":"https:\/\/xinshengmanufacture.com\/vi\/wp-json\/wp\/v2\/types\/product"}],"version-history":[{"count":0,"href":"https:\/\/xinshengmanufacture.com\/vi\/wp-json\/wp\/v2\/product\/83654\/revisions"}],"wp:featuredmedia":[{"embeddable":true,"href":"https:\/\/xinshengmanufacture.com\/vi\/wp-json\/wp\/v2\/media\/83671"}],"wp:attachment":[{"href":"https:\/\/xinshengmanufacture.com\/vi\/wp-json\/wp\/v2\/media?parent=83654"}],"wp:term":[{"taxonomy":"product_brand","embeddable":true,"href":"https:\/\/xinshengmanufacture.com\/vi\/wp-json\/wp\/v2\/product_brand?post=83654"},{"taxonomy":"product_cat","embeddable":true,"href":"https:\/\/xinshengmanufacture.com\/vi\/wp-json\/wp\/v2\/product_cat?post=83654"},{"taxonomy":"product_tag","embeddable":true,"href":"https:\/\/xinshengmanufacture.com\/vi\/wp-json\/wp\/v2\/product_tag?post=83654"}],"curies":[{"name":"wp","href":"https:\/\/api.w.org\/{rel}","templated":true}]}}