{"id":84170,"date":"2025-11-27T06:42:47","date_gmt":"2025-11-27T06:42:47","guid":{"rendered":"https:\/\/xinshengmanufacture.com\/\u4ea7\u54c1\/ban-lam-mong-doi-kem-may-hut-bui-do-noi-that-tiem-lam-mong-bo-ban-ghe-doi-cho-tiem-lam-mong-spa-ho-tro-mau-sac-tuy-chinh-nha-san-xuat-do-noi-that-tiem-lam-mong\/"},"modified":"2025-12-01T08:34:19","modified_gmt":"2025-12-01T08:34:19","slug":"ban-lam-mong-doi-kem-may-hut-bui-do-noi-that-tiem-lam-mong-bo-ban-ghe-doi-cho-tiem-lam-mong-spa-ho-tro-mau-sac-tuy-chinh-nha-san-xuat-do-noi-that-tiem-lam-mong","status":"publish","type":"product","link":"https:\/\/xinshengmanufacture.com\/vi\/product\/ban-lam-mong-doi-kem-may-hut-bui-do-noi-that-tiem-lam-mong-bo-ban-ghe-doi-cho-tiem-lam-mong-spa-ho-tro-mau-sac-tuy-chinh-nha-san-xuat-do-noi-that-tiem-lam-mong\/","title":{"rendered":"B\u00e0n l\u00e0m m\u00f3ng \u0111\u00f4i k\u00e8m m\u00e1y h\u00fat b\u1ee5i, \u0111\u1ed3 n\u1ed9i th\u1ea5t ti\u1ec7m l\u00e0m m\u00f3ng, b\u1ed9 b\u00e0n gh\u1ebf \u0111\u00f4i cho ti\u1ec7m l\u00e0m m\u00f3ng spa, h\u1ed7 tr\u1ee3 m\u00e0u s\u1eafc t\u00f9y ch\u1ec9nh, nh\u00e0 s\u1ea3n xu\u1ea5t \u0111\u1ed3 n\u1ed9i th\u1ea5t ti\u1ec7m l\u00e0m m\u00f3ng."},"content":{"rendered":"<p style=\"text-align: center;\"><img fetchpriority=\"high\" decoding=\"async\" class=\"alignnone size-full wp-image-82465 aligncenter\" src=\"https:\/\/xinshengmanufacture.com\/wp-content\/uploads\/2025\/10\/%E8%B6%85%E5%B7%A5%E5%AE%9A%E5%88%B6%E8%8B%B1%E6%96%87_011-1.jpg\" alt=\"\" width=\"1200\" height=\"1857\"><img decoding=\"async\" class=\"alignnone size-full wp-image-82477 aligncenter\" src=\"https:\/\/xinshengmanufacture.com\/wp-content\/uploads\/2025\/10\/%E8%B6%85%E5%B7%A5%E5%AE%9A%E5%88%B6%E8%8B%B1%E6%96%87_021-1.jpg\" alt=\"\" width=\"1200\" height=\"1054\"><img decoding=\"async\" class=\"alignnone size-full wp-image-82489 aligncenter\" src=\"https:\/\/xinshengmanufacture.com\/wp-content\/uploads\/2025\/10\/%E8%B6%85%E5%B7%A5%E5%AE%9A%E5%88%B6%E8%8B%B1%E6%96%87_031-1.jpg\" alt=\"\" width=\"1200\" height=\"1563\"><img loading=\"lazy\" decoding=\"async\" class=\"alignnone size-full wp-image-82501 aligncenter\" src=\"https:\/\/xinshengmanufacture.com\/wp-content\/uploads\/2025\/10\/%E8%B6%85%E5%B7%A5%E5%AE%9A%E5%88%B6%E8%8B%B1%E6%96%87_041-1.jpg\" alt=\"\" width=\"1200\" height=\"1755\"><img loading=\"lazy\" decoding=\"async\" class=\"alignnone size-full wp-image-82513 aligncenter\" src=\"https:\/\/xinshengmanufacture.com\/wp-content\/uploads\/2025\/10\/%E8%B6%85%E5%B7%A5%E5%AE%9A%E5%88%B6%E8%8B%B1%E6%96%87_051-1.jpg\" alt=\"\" width=\"1200\" height=\"2257\"><img loading=\"lazy\" decoding=\"async\" class=\"size-full wp-image-83382 aligncenter\" src=\"https:\/\/xinshengmanufacture.com\/wp-content\/uploads\/2025\/11\/%E8%AF%A6%E6%83%85%E9%A1%B5_01.jpg\" alt=\"\" width=\"1200\" height=\"1544\"> <img loading=\"lazy\" decoding=\"async\" class=\"size-full wp-image-83383 aligncenter\" src=\"https:\/\/xinshengmanufacture.com\/wp-content\/uploads\/2025\/11\/%E8%AF%A6%E6%83%85%E9%A1%B5_02.jpg\" alt=\"\" width=\"1200\" height=\"1400\"> <img loading=\"lazy\" decoding=\"async\" class=\"size-full wp-image-83384 aligncenter\" src=\"https:\/\/xinshengmanufacture.com\/wp-content\/uploads\/2025\/11\/%E8%AF%A6%E6%83%85%E9%A1%B5_03.jpg\" alt=\"\" width=\"1200\" height=\"1522\"> <img loading=\"lazy\" decoding=\"async\" class=\"size-full wp-image-83385 aligncenter\" src=\"https:\/\/xinshengmanufacture.com\/wp-content\/uploads\/2025\/11\/%E8%AF%A6%E6%83%85%E9%A1%B5_04.jpg\" alt=\"\" width=\"1200\" height=\"1575\"> <img loading=\"lazy\" decoding=\"async\" class=\"size-full wp-image-83386 aligncenter\" src=\"https:\/\/xinshengmanufacture.com\/wp-content\/uploads\/2025\/11\/%E8%AF%A6%E6%83%85%E9%A1%B5_05.jpg\" alt=\"\" width=\"1200\" height=\"2132\"> <img loading=\"lazy\" decoding=\"async\" class=\"size-full wp-image-83387 aligncenter\" src=\"https:\/\/xinshengmanufacture.com\/wp-content\/uploads\/2025\/11\/%E8%AF%A6%E6%83%85%E9%A1%B5_06.jpg\" alt=\"\" width=\"1200\" height=\"1614\"> <img loading=\"lazy\" decoding=\"async\" class=\"size-full wp-image-83388 aligncenter\" src=\"https:\/\/xinshengmanufacture.com\/wp-content\/uploads\/2025\/11\/%E8%AF%A6%E6%83%85%E9%A1%B5_08.jpg\" alt=\"\" width=\"1200\" height=\"2003\"> <img loading=\"lazy\" decoding=\"async\" class=\"size-full wp-image-83389 aligncenter\" src=\"https:\/\/xinshengmanufacture.com\/wp-content\/uploads\/2025\/11\/%E8%AF%A6%E6%83%85%E9%A1%B5_09.jpg\" alt=\"\" width=\"1200\" height=\"1500\"> <img loading=\"lazy\" decoding=\"async\" class=\"size-full wp-image-83390 aligncenter\" src=\"https:\/\/xinshengmanufacture.com\/wp-content\/uploads\/2025\/11\/%E8%AF%A6%E6%83%85%E9%A1%B5_10.jpg\" alt=\"\" width=\"1200\" height=\"1734\"> <img loading=\"lazy\" decoding=\"async\" class=\"size-full wp-image-83391 aligncenter\" src=\"https:\/\/xinshengmanufacture.com\/wp-content\/uploads\/2025\/11\/%E8%AF%A6%E6%83%85%E9%A1%B5_11.jpg\" alt=\"\" width=\"1200\" height=\"1288\"> <img loading=\"lazy\" decoding=\"async\" class=\"size-full wp-image-83392 aligncenter\" src=\"https:\/\/xinshengmanufacture.com\/wp-content\/uploads\/2025\/11\/%E8%AF%A6%E6%83%85%E9%A1%B5_12.jpg\" alt=\"\" width=\"1200\" height=\"1635\"> <img loading=\"lazy\" decoding=\"async\" class=\"size-full wp-image-83393 aligncenter\" src=\"https:\/\/xinshengmanufacture.com\/wp-content\/uploads\/2025\/11\/%E8%AF%A6%E6%83%85%E9%A1%B5_13.jpg\" alt=\"\" width=\"1200\" height=\"1898\"> <img loading=\"lazy\" decoding=\"async\" class=\"size-full wp-image-83394 aligncenter\" src=\"https:\/\/xinshengmanufacture.com\/wp-content\/uploads\/2025\/11\/%E8%AF%A6%E6%83%85%E9%A1%B5_14.jpg\" alt=\"\" width=\"1200\" height=\"1812\"> <img loading=\"lazy\" decoding=\"async\" class=\"size-full wp-image-83395 aligncenter\" src=\"https:\/\/xinshengmanufacture.com\/wp-content\/uploads\/2025\/11\/%E8%AF%A6%E6%83%85%E9%A1%B5_16.jpg\" alt=\"\" width=\"1200\" height=\"1564\"> <img loading=\"lazy\" decoding=\"async\" class=\"size-full wp-image-83396 aligncenter\" src=\"https:\/\/xinshengmanufacture.com\/wp-content\/uploads\/2025\/11\/%E8%AF%A6%E6%83%85%E9%A1%B5_17.jpg\" alt=\"\" width=\"1200\" height=\"2084\"> <img loading=\"lazy\" decoding=\"async\" class=\"aligncenter wp-image-83397\" src=\"https:\/\/xinshengmanufacture.com\/wp-content\/uploads\/2025\/11\/%E8%AF%A6%E6%83%85%E9%A1%B5_18.jpg\" alt=\"\" width=\"1200\" height=\"3487\"> <img loading=\"lazy\" decoding=\"async\" class=\"aligncenter wp-image-83398\" src=\"https:\/\/xinshengmanufacture.com\/wp-content\/uploads\/2025\/11\/%E8%AF%A6%E6%83%85%E9%A1%B5_19.jpg\" alt=\"\" width=\"1200\" height=\"3303\"> <img loading=\"lazy\" decoding=\"async\" class=\"aligncenter wp-image-83399\" src=\"https:\/\/xinshengmanufacture.com\/wp-content\/uploads\/2025\/11\/%E8%AF%A6%E6%83%85%E9%A1%B5_20.jpg\" alt=\"\" width=\"1200\" height=\"4249\"> <img loading=\"lazy\" decoding=\"async\" class=\"aligncenter wp-image-83400\" src=\"https:\/\/xinshengmanufacture.com\/wp-content\/uploads\/2025\/11\/%E8%AF%A6%E6%83%85%E9%A1%B5_21.jpg\" alt=\"\" width=\"1200\" height=\"3119\"><\/p>\n","protected":false},"excerpt":{"rendered":"<p>B\u00e0n l\u00e0m m\u00f3ng \u0111\u01b0\u1ee3c thi\u1ebft k\u1ebf cho spa, ti\u1ec7m l\u00e0m m\u00f3ng v\u00e0 trung t\u00e2m th\u1ea9m m\u1ef9. C\u00f3 s\u1eb5n m\u00e0u s\u1eafc v\u00e0 k\u00edch th\u01b0\u1edbc t\u00f9y ch\u1ec9nh. Nh\u00e0 s\u1ea3n xu\u1ea5t n\u1ed9i th\u1ea5t salon, gi\u00e1 xu\u1ea5t x\u01b0\u1edfng ngay c\u1ea3 khi mua l\u1ebb t\u1eebng s\u1ea3n ph\u1ea9m.  <\/p>\n","protected":false},"featured_media":84175,"template":"","meta":{"_bst_post_transparent":"","_bst_post_title":"","_bst_post_layout":"","_bst_post_sidebar_id":"","_bst_post_content_style":"","_bst_post_vertical_padding":"","_bst_post_feature":"","_bst_post_feature_position":"","_bst_post_header":false,"_bst_post_footer":false},"product_brand":[1087],"product_cat":[1076],"product_tag":[],"class_list":{"0":"post-84170","1":"product","2":"type-product","3":"status-publish","4":"has-post-thumbnail","6":"product_brand-xinsheng-vi","7":"product_cat-ban-lam-mong-tay","8":"pa_color-mau-sac-tuy-chinh","9":"pa_color-trang","10":"pa_size-100cm40cm78cm-ban-don","11":"pa_size-160cm40cm78cm-ban-doi","12":"pa_size-200cm40cm78cm-ban-ba-nguoi","14":"first","15":"instock","16":"sale","17":"shipping-taxable","18":"purchasable","19":"product-type-variable","20":"entry","21":"content-bg","22":"loop-entry"},"_links":{"self":[{"href":"https:\/\/xinshengmanufacture.com\/vi\/wp-json\/wp\/v2\/product\/84170","targetHints":{"allow":["GET"]}}],"collection":[{"href":"https:\/\/xinshengmanufacture.com\/vi\/wp-json\/wp\/v2\/product"}],"about":[{"href":"https:\/\/xinshengmanufacture.com\/vi\/wp-json\/wp\/v2\/types\/product"}],"version-history":[{"count":1,"href":"https:\/\/xinshengmanufacture.com\/vi\/wp-json\/wp\/v2\/product\/84170\/revisions"}],"predecessor-version":[{"id":84382,"href":"https:\/\/xinshengmanufacture.com\/vi\/wp-json\/wp\/v2\/product\/84170\/revisions\/84382"}],"wp:featuredmedia":[{"embeddable":true,"href":"https:\/\/xinshengmanufacture.com\/vi\/wp-json\/wp\/v2\/media\/84175"}],"wp:attachment":[{"href":"https:\/\/xinshengmanufacture.com\/vi\/wp-json\/wp\/v2\/media?parent=84170"}],"wp:term":[{"taxonomy":"product_brand","embeddable":true,"href":"https:\/\/xinshengmanufacture.com\/vi\/wp-json\/wp\/v2\/product_brand?post=84170"},{"taxonomy":"product_cat","embeddable":true,"href":"https:\/\/xinshengmanufacture.com\/vi\/wp-json\/wp\/v2\/product_cat?post=84170"},{"taxonomy":"product_tag","embeddable":true,"href":"https:\/\/xinshengmanufacture.com\/vi\/wp-json\/wp\/v2\/product_tag?post=84170"}],"curies":[{"name":"wp","href":"https:\/\/api.w.org\/{rel}","templated":true}]}}