{"id":84701,"date":"2025-12-06T06:30:39","date_gmt":"2025-12-06T06:30:39","guid":{"rendered":"https:\/\/xinshengmanufacture.com\/\u4ea7\u54c1\/giuong-goi-dau-thai-lan-da-nang-co-the-keo-dai-do-noi-that-salon-giuong-goi-dau-massage-giuong-goi-dau-pho-bien-va-ban-chay-nhat-cho-tiem-lam-toc-va-tiem-lam-mong-giuong-goi-dau-spa-giuong-massag\/"},"modified":"2025-12-10T03:36:03","modified_gmt":"2025-12-10T03:36:03","slug":"giuong-goi-dau-thai-lan-da-nang-co-the-keo-dai-do-noi-that-salon-giuong-goi-dau-massage-giuong-goi-dau-pho-bien-va-ban-chay-nhat-cho-tiem-lam-toc-va-tiem-lam-mong-giuong-goi-dau-spa-giuong-massag","status":"publish","type":"product","link":"https:\/\/xinshengmanufacture.com\/vi\/product\/giuong-goi-dau-thai-lan-da-nang-co-the-keo-dai-do-noi-that-salon-giuong-goi-dau-massage-giuong-goi-dau-pho-bien-va-ban-chay-nhat-cho-tiem-lam-toc-va-tiem-lam-mong-giuong-goi-dau-spa-giuong-massag\/","title":{"rendered":"Gi\u01b0\u1eddng g\u1ed9i \u0111\u1ea7u Th\u00e1i Lan \u0111a n\u0103ng c\u00f3 th\u1ec3 k\u00e9o d\u00e0i, \u0111\u1ed3 n\u1ed9i th\u1ea5t salon, gi\u01b0\u1eddng g\u1ed9i \u0111\u1ea7u massage, gi\u01b0\u1eddng g\u1ed9i \u0111\u1ea7u ph\u1ed5 bi\u1ebfn v\u00e0 b\u00e1n ch\u1ea1y nh\u1ea5t cho ti\u1ec7m l\u00e0m t\u00f3c v\u00e0 ti\u1ec7m l\u00e0m m\u00f3ng, gi\u01b0\u1eddng g\u1ed9i \u0111\u1ea7u spa, gi\u01b0\u1eddng massage di \u0111\u1ed9ng c\u00f3 th\u1ec3 th\u00e1o r\u1eddi, h\u1ed7 tr\u1ee3 m\u00e0u s\u1eafc t\u00f9y ch\u1ec9nh."},"content":{"rendered":"<p><img fetchpriority=\"high\" decoding=\"async\" class=\"size-full wp-image-82465 aligncenter\" src=\"https:\/\/xinshengmanufacture.com\/wp-content\/uploads\/2025\/10\/%E8%B6%85%E5%B7%A5%E5%AE%9A%E5%88%B6%E8%8B%B1%E6%96%87_011-1.jpg\" alt=\"\" width=\"1200\" height=\"1857\"><img decoding=\"async\" class=\"size-full wp-image-82477 aligncenter\" src=\"https:\/\/xinshengmanufacture.com\/wp-content\/uploads\/2025\/10\/%E8%B6%85%E5%B7%A5%E5%AE%9A%E5%88%B6%E8%8B%B1%E6%96%87_021-1.jpg\" alt=\"\" width=\"1200\" height=\"1054\"><img decoding=\"async\" class=\"size-full wp-image-82489 aligncenter\" src=\"https:\/\/xinshengmanufacture.com\/wp-content\/uploads\/2025\/10\/%E8%B6%85%E5%B7%A5%E5%AE%9A%E5%88%B6%E8%8B%B1%E6%96%87_031-1.jpg\" alt=\"\" width=\"1200\" height=\"1563\"><img loading=\"lazy\" decoding=\"async\" class=\"size-full wp-image-82501 aligncenter\" src=\"https:\/\/xinshengmanufacture.com\/wp-content\/uploads\/2025\/10\/%E8%B6%85%E5%B7%A5%E5%AE%9A%E5%88%B6%E8%8B%B1%E6%96%87_041-1.jpg\" alt=\"\" width=\"1200\" height=\"1755\"><img loading=\"lazy\" decoding=\"async\" class=\"size-full wp-image-82513 aligncenter\" src=\"https:\/\/xinshengmanufacture.com\/wp-content\/uploads\/2025\/10\/%E8%B6%85%E5%B7%A5%E5%AE%9A%E5%88%B6%E8%8B%B1%E6%96%87_051-1.jpg\" alt=\"\" width=\"1200\" height=\"2257\"><img loading=\"lazy\" decoding=\"async\" class=\"size-full wp-image-84618 aligncenter\" src=\"https:\/\/xinshengmanufacture.com\/wp-content\/uploads\/2025\/12\/1_01.jpg\" alt=\"\" width=\"1200\" height=\"2038\" srcset=\"https:\/\/xinshengmanufacture.com\/wp-content\/uploads\/2025\/12\/1_01.jpg 1200w, https:\/\/xinshengmanufacture.com\/wp-content\/uploads\/2025\/12\/1_01-177x300.jpg 177w, https:\/\/xinshengmanufacture.com\/wp-content\/uploads\/2025\/12\/1_01-603x1024.jpg 603w, https:\/\/xinshengmanufacture.com\/wp-content\/uploads\/2025\/12\/1_01-768x1304.jpg 768w, https:\/\/xinshengmanufacture.com\/wp-content\/uploads\/2025\/12\/1_01-904x1536.jpg 904w, https:\/\/xinshengmanufacture.com\/wp-content\/uploads\/2025\/12\/1_01-600x1019.jpg 600w\" sizes=\"(max-width: 1200px) 100vw, 1200px\" \/> <img loading=\"lazy\" decoding=\"async\" class=\"size-full wp-image-84619 aligncenter\" src=\"https:\/\/xinshengmanufacture.com\/wp-content\/uploads\/2025\/12\/1_02.jpg\" alt=\"\" width=\"1200\" height=\"2125\" srcset=\"https:\/\/xinshengmanufacture.com\/wp-content\/uploads\/2025\/12\/1_02.jpg 1200w, https:\/\/xinshengmanufacture.com\/wp-content\/uploads\/2025\/12\/1_02-169x300.jpg 169w, https:\/\/xinshengmanufacture.com\/wp-content\/uploads\/2025\/12\/1_02-578x1024.jpg 578w, https:\/\/xinshengmanufacture.com\/wp-content\/uploads\/2025\/12\/1_02-768x1360.jpg 768w, https:\/\/xinshengmanufacture.com\/wp-content\/uploads\/2025\/12\/1_02-867x1536.jpg 867w, https:\/\/xinshengmanufacture.com\/wp-content\/uploads\/2025\/12\/1_02-1157x2048.jpg 1157w, https:\/\/xinshengmanufacture.com\/wp-content\/uploads\/2025\/12\/1_02-600x1063.jpg 600w\" sizes=\"(max-width: 1200px) 100vw, 1200px\" \/> <img loading=\"lazy\" decoding=\"async\" class=\"size-full wp-image-84620 aligncenter\" src=\"https:\/\/xinshengmanufacture.com\/wp-content\/uploads\/2025\/12\/1_03.jpg\" alt=\"\" width=\"1200\" height=\"2029\" srcset=\"https:\/\/xinshengmanufacture.com\/wp-content\/uploads\/2025\/12\/1_03.jpg 1200w, https:\/\/xinshengmanufacture.com\/wp-content\/uploads\/2025\/12\/1_03-177x300.jpg 177w, https:\/\/xinshengmanufacture.com\/wp-content\/uploads\/2025\/12\/1_03-606x1024.jpg 606w, https:\/\/xinshengmanufacture.com\/wp-content\/uploads\/2025\/12\/1_03-768x1299.jpg 768w, https:\/\/xinshengmanufacture.com\/wp-content\/uploads\/2025\/12\/1_03-908x1536.jpg 908w, https:\/\/xinshengmanufacture.com\/wp-content\/uploads\/2025\/12\/1_03-600x1015.jpg 600w\" sizes=\"(max-width: 1200px) 100vw, 1200px\" \/> <img loading=\"lazy\" decoding=\"async\" class=\"size-full wp-image-84621 aligncenter\" src=\"https:\/\/xinshengmanufacture.com\/wp-content\/uploads\/2025\/12\/1_04.jpg\" alt=\"\" width=\"1200\" height=\"2106\" srcset=\"https:\/\/xinshengmanufacture.com\/wp-content\/uploads\/2025\/12\/1_04.jpg 1200w, https:\/\/xinshengmanufacture.com\/wp-content\/uploads\/2025\/12\/1_04-171x300.jpg 171w, https:\/\/xinshengmanufacture.com\/wp-content\/uploads\/2025\/12\/1_04-583x1024.jpg 583w, https:\/\/xinshengmanufacture.com\/wp-content\/uploads\/2025\/12\/1_04-768x1348.jpg 768w, https:\/\/xinshengmanufacture.com\/wp-content\/uploads\/2025\/12\/1_04-875x1536.jpg 875w, https:\/\/xinshengmanufacture.com\/wp-content\/uploads\/2025\/12\/1_04-1167x2048.jpg 1167w, https:\/\/xinshengmanufacture.com\/wp-content\/uploads\/2025\/12\/1_04-600x1053.jpg 600w\" sizes=\"(max-width: 1200px) 100vw, 1200px\" \/> <img loading=\"lazy\" decoding=\"async\" class=\"size-full wp-image-84622 aligncenter\" src=\"https:\/\/xinshengmanufacture.com\/wp-content\/uploads\/2025\/12\/1_05.jpg\" alt=\"\" width=\"1200\" height=\"2252\" srcset=\"https:\/\/xinshengmanufacture.com\/wp-content\/uploads\/2025\/12\/1_05.jpg 1200w, https:\/\/xinshengmanufacture.com\/wp-content\/uploads\/2025\/12\/1_05-160x300.jpg 160w, https:\/\/xinshengmanufacture.com\/wp-content\/uploads\/2025\/12\/1_05-546x1024.jpg 546w, https:\/\/xinshengmanufacture.com\/wp-content\/uploads\/2025\/12\/1_05-768x1441.jpg 768w, https:\/\/xinshengmanufacture.com\/wp-content\/uploads\/2025\/12\/1_05-818x1536.jpg 818w, https:\/\/xinshengmanufacture.com\/wp-content\/uploads\/2025\/12\/1_05-1091x2048.jpg 1091w, https:\/\/xinshengmanufacture.com\/wp-content\/uploads\/2025\/12\/1_05-600x1126.jpg 600w\" sizes=\"(max-width: 1200px) 100vw, 1200px\" \/> <img loading=\"lazy\" decoding=\"async\" class=\"size-full wp-image-84623 aligncenter\" src=\"https:\/\/xinshengmanufacture.com\/wp-content\/uploads\/2025\/12\/1_06.jpg\" alt=\"\" width=\"1200\" height=\"2105\" srcset=\"https:\/\/xinshengmanufacture.com\/wp-content\/uploads\/2025\/12\/1_06.jpg 1200w, https:\/\/xinshengmanufacture.com\/wp-content\/uploads\/2025\/12\/1_06-171x300.jpg 171w, https:\/\/xinshengmanufacture.com\/wp-content\/uploads\/2025\/12\/1_06-584x1024.jpg 584w, https:\/\/xinshengmanufacture.com\/wp-content\/uploads\/2025\/12\/1_06-768x1347.jpg 768w, https:\/\/xinshengmanufacture.com\/wp-content\/uploads\/2025\/12\/1_06-876x1536.jpg 876w, https:\/\/xinshengmanufacture.com\/wp-content\/uploads\/2025\/12\/1_06-1168x2048.jpg 1168w, https:\/\/xinshengmanufacture.com\/wp-content\/uploads\/2025\/12\/1_06-600x1053.jpg 600w\" sizes=\"(max-width: 1200px) 100vw, 1200px\" \/> <img loading=\"lazy\" decoding=\"async\" class=\"size-full wp-image-84624 aligncenter\" src=\"https:\/\/xinshengmanufacture.com\/wp-content\/uploads\/2025\/12\/1_07.jpg\" alt=\"\" width=\"1200\" height=\"2144\" srcset=\"https:\/\/xinshengmanufacture.com\/wp-content\/uploads\/2025\/12\/1_07.jpg 1200w, https:\/\/xinshengmanufacture.com\/wp-content\/uploads\/2025\/12\/1_07-168x300.jpg 168w, https:\/\/xinshengmanufacture.com\/wp-content\/uploads\/2025\/12\/1_07-573x1024.jpg 573w, https:\/\/xinshengmanufacture.com\/wp-content\/uploads\/2025\/12\/1_07-768x1372.jpg 768w, https:\/\/xinshengmanufacture.com\/wp-content\/uploads\/2025\/12\/1_07-860x1536.jpg 860w, https:\/\/xinshengmanufacture.com\/wp-content\/uploads\/2025\/12\/1_07-1146x2048.jpg 1146w, https:\/\/xinshengmanufacture.com\/wp-content\/uploads\/2025\/12\/1_07-600x1072.jpg 600w\" sizes=\"(max-width: 1200px) 100vw, 1200px\" \/> <img loading=\"lazy\" decoding=\"async\" class=\"aligncenter wp-image-84625\" src=\"https:\/\/xinshengmanufacture.com\/wp-content\/uploads\/2025\/12\/1_08.jpg\" alt=\"\" width=\"1200\" height=\"2895\" srcset=\"https:\/\/xinshengmanufacture.com\/wp-content\/uploads\/2025\/12\/1_08.jpg 1061w, https:\/\/xinshengmanufacture.com\/wp-content\/uploads\/2025\/12\/1_08-124x300.jpg 124w, https:\/\/xinshengmanufacture.com\/wp-content\/uploads\/2025\/12\/1_08-424x1024.jpg 424w, https:\/\/xinshengmanufacture.com\/wp-content\/uploads\/2025\/12\/1_08-768x1853.jpg 768w, https:\/\/xinshengmanufacture.com\/wp-content\/uploads\/2025\/12\/1_08-637x1536.jpg 637w, https:\/\/xinshengmanufacture.com\/wp-content\/uploads\/2025\/12\/1_08-849x2048.jpg 849w, https:\/\/xinshengmanufacture.com\/wp-content\/uploads\/2025\/12\/1_08-600x1448.jpg 600w\" sizes=\"(max-width: 1200px) 100vw, 1200px\" \/> <img loading=\"lazy\" decoding=\"async\" class=\"aligncenter wp-image-84626\" src=\"https:\/\/xinshengmanufacture.com\/wp-content\/uploads\/2025\/12\/1_09.jpg\" alt=\"\" width=\"1200\" height=\"2871\" srcset=\"https:\/\/xinshengmanufacture.com\/wp-content\/uploads\/2025\/12\/1_09.jpg 1070w, https:\/\/xinshengmanufacture.com\/wp-content\/uploads\/2025\/12\/1_09-125x300.jpg 125w, https:\/\/xinshengmanufacture.com\/wp-content\/uploads\/2025\/12\/1_09-428x1024.jpg 428w, https:\/\/xinshengmanufacture.com\/wp-content\/uploads\/2025\/12\/1_09-768x1837.jpg 768w, https:\/\/xinshengmanufacture.com\/wp-content\/uploads\/2025\/12\/1_09-642x1536.jpg 642w, https:\/\/xinshengmanufacture.com\/wp-content\/uploads\/2025\/12\/1_09-856x2048.jpg 856w, https:\/\/xinshengmanufacture.com\/wp-content\/uploads\/2025\/12\/1_09-600x1436.jpg 600w\" sizes=\"(max-width: 1200px) 100vw, 1200px\" \/> <img loading=\"lazy\" decoding=\"async\" class=\"size-full wp-image-84627 aligncenter\" src=\"https:\/\/xinshengmanufacture.com\/wp-content\/uploads\/2025\/12\/1_10.jpg\" alt=\"\" width=\"1200\" height=\"2516\" srcset=\"https:\/\/xinshengmanufacture.com\/wp-content\/uploads\/2025\/12\/1_10.jpg 1200w, https:\/\/xinshengmanufacture.com\/wp-content\/uploads\/2025\/12\/1_10-143x300.jpg 143w, https:\/\/xinshengmanufacture.com\/wp-content\/uploads\/2025\/12\/1_10-488x1024.jpg 488w, https:\/\/xinshengmanufacture.com\/wp-content\/uploads\/2025\/12\/1_10-768x1610.jpg 768w, https:\/\/xinshengmanufacture.com\/wp-content\/uploads\/2025\/12\/1_10-733x1536.jpg 733w, https:\/\/xinshengmanufacture.com\/wp-content\/uploads\/2025\/12\/1_10-977x2048.jpg 977w, https:\/\/xinshengmanufacture.com\/wp-content\/uploads\/2025\/12\/1_10-600x1258.jpg 600w\" sizes=\"(max-width: 1200px) 100vw, 1200px\" \/><\/p>\n","protected":false},"excerpt":{"rendered":"<p>Gi\u01b0\u1eddng g\u1ed9i \u0111\u1ea7u Th\u00e1i Lan \u0111a n\u0103ng, c\u00f3 th\u1ec3 k\u00e9o d\u00e0i n\u00e0y c\u00f3 th\u1ec3 \u0111\u01b0\u1ee3c s\u1eed d\u1ee5ng t\u1ea1i c\u00e1c ti\u1ec7m l\u00e0m m\u00f3ng, th\u1ea9m m\u1ef9 vi\u1ec7n, spa, trung t\u00e2m m\u00e1t-xa, v.v. c\u1ee7a ch\u00fang t\u00f4i. C\u00f3 s\u1eb5n m\u00e0u s\u1eafc t\u00f9y ch\u1ec9nh. B\u00e1n tr\u1ef1c ti\u1ebfp t\u1eeb nh\u00e0 m\u00e1y.  <\/p>\n","protected":false},"featured_media":84703,"template":"","meta":{"_bst_post_transparent":"","_bst_post_title":"","_bst_post_layout":"","_bst_post_sidebar_id":"","_bst_post_content_style":"","_bst_post_vertical_padding":"","_bst_post_feature":"","_bst_post_feature_position":"","_bst_post_header":false,"_bst_post_footer":false},"product_brand":[1087],"product_cat":[904],"product_tag":[],"class_list":{"0":"post-84701","1":"product","2":"type-product","3":"status-publish","4":"has-post-thumbnail","6":"product_brand-xinsheng-vi","7":"product_cat-giuong-goi-dau-kieu-thai","8":"pa_color-den","9":"pa_color-mau-sac-tuy-chinh","10":"pa_size-220cm75cm76cm","12":"first","13":"instock","14":"sale","15":"shipping-taxable","16":"purchasable","17":"product-type-variable","18":"entry","19":"content-bg","20":"loop-entry"},"_links":{"self":[{"href":"https:\/\/xinshengmanufacture.com\/vi\/wp-json\/wp\/v2\/product\/84701","targetHints":{"allow":["GET"]}}],"collection":[{"href":"https:\/\/xinshengmanufacture.com\/vi\/wp-json\/wp\/v2\/product"}],"about":[{"href":"https:\/\/xinshengmanufacture.com\/vi\/wp-json\/wp\/v2\/types\/product"}],"version-history":[{"count":1,"href":"https:\/\/xinshengmanufacture.com\/vi\/wp-json\/wp\/v2\/product\/84701\/revisions"}],"predecessor-version":[{"id":84987,"href":"https:\/\/xinshengmanufacture.com\/vi\/wp-json\/wp\/v2\/product\/84701\/revisions\/84987"}],"wp:featuredmedia":[{"embeddable":true,"href":"https:\/\/xinshengmanufacture.com\/vi\/wp-json\/wp\/v2\/media\/84703"}],"wp:attachment":[{"href":"https:\/\/xinshengmanufacture.com\/vi\/wp-json\/wp\/v2\/media?parent=84701"}],"wp:term":[{"taxonomy":"product_brand","embeddable":true,"href":"https:\/\/xinshengmanufacture.com\/vi\/wp-json\/wp\/v2\/product_brand?post=84701"},{"taxonomy":"product_cat","embeddable":true,"href":"https:\/\/xinshengmanufacture.com\/vi\/wp-json\/wp\/v2\/product_cat?post=84701"},{"taxonomy":"product_tag","embeddable":true,"href":"https:\/\/xinshengmanufacture.com\/vi\/wp-json\/wp\/v2\/product_tag?post=84701"}],"curies":[{"name":"wp","href":"https:\/\/api.w.org\/{rel}","templated":true}]}}