{"id":85005,"date":"2025-12-06T02:48:27","date_gmt":"2025-12-06T02:48:27","guid":{"rendered":"https:\/\/xinshengmanufacture.com\/\u4ea7\u54c1\/ban-lam-mong-hai-hoac-ba-cho-ngoi-ban-lam-mong-ban-lam-mong-spa-co-may-hut-bui-ban-nho-don-gian-va-phong-cach-co-san-mau-sac-tuy-chinh-nha-san-xuat-do-noi-that-salon\/"},"modified":"2025-12-10T03:36:30","modified_gmt":"2025-12-10T03:36:30","slug":"ban-lam-mong-hai-hoac-ba-cho-ngoi-ban-lam-mong-ban-lam-mong-spa-co-may-hut-bui-ban-nho-don-gian-va-phong-cach-co-san-mau-sac-tuy-chinh-nha-san-xuat-do-noi-that-salon","status":"publish","type":"product","link":"https:\/\/xinshengmanufacture.com\/vi\/product\/ban-lam-mong-hai-hoac-ba-cho-ngoi-ban-lam-mong-ban-lam-mong-spa-co-may-hut-bui-ban-nho-don-gian-va-phong-cach-co-san-mau-sac-tuy-chinh-nha-san-xuat-do-noi-that-salon\/","title":{"rendered":"B\u00e0n l\u00e0m m\u00f3ng hai ho\u1eb7c ba ch\u1ed7 ng\u1ed3i, b\u00e0n l\u00e0m m\u00f3ng, b\u00e0n l\u00e0m m\u00f3ng spa c\u00f3 m\u00e1y h\u00fat b\u1ee5i, b\u00e0n nh\u1ecf \u0111\u01a1n gi\u1ea3n v\u00e0 phong c\u00e1ch, c\u00f3 s\u1eb5n m\u00e0u s\u1eafc t\u00f9y ch\u1ec9nh. Nh\u00e0 s\u1ea3n xu\u1ea5t \u0111\u1ed3 n\u1ed9i th\u1ea5t salon"},"content":{"rendered":"<p style=\"text-align: center;\"><img fetchpriority=\"high\" decoding=\"async\" class=\"aligncenter wp-image-82465\" src=\"https:\/\/xinshengmanufacture.com\/wp-content\/uploads\/2025\/10\/%E8%B6%85%E5%B7%A5%E5%AE%9A%E5%88%B6%E8%8B%B1%E6%96%87_011-1.jpg\" alt=\"\" width=\"790\" height=\"1223\"><img decoding=\"async\" class=\"aligncenter wp-image-82477\" src=\"https:\/\/xinshengmanufacture.com\/wp-content\/uploads\/2025\/10\/%E8%B6%85%E5%B7%A5%E5%AE%9A%E5%88%B6%E8%8B%B1%E6%96%87_021-1.jpg\" alt=\"\" width=\"790\" height=\"694\"><img decoding=\"async\" class=\"aligncenter wp-image-82489\" src=\"https:\/\/xinshengmanufacture.com\/wp-content\/uploads\/2025\/10\/%E8%B6%85%E5%B7%A5%E5%AE%9A%E5%88%B6%E8%8B%B1%E6%96%87_031-1.jpg\" alt=\"\" width=\"790\" height=\"1029\"><img loading=\"lazy\" decoding=\"async\" class=\"aligncenter wp-image-82501\" src=\"https:\/\/xinshengmanufacture.com\/wp-content\/uploads\/2025\/10\/%E8%B6%85%E5%B7%A5%E5%AE%9A%E5%88%B6%E8%8B%B1%E6%96%87_041-1.jpg\" alt=\"\" width=\"790\" height=\"1155\"><img loading=\"lazy\" decoding=\"async\" class=\"aligncenter wp-image-82513\" src=\"https:\/\/xinshengmanufacture.com\/wp-content\/uploads\/2025\/10\/%E8%B6%85%E5%B7%A5%E5%AE%9A%E5%88%B6%E8%8B%B1%E6%96%87_051-1.jpg\" alt=\"\" width=\"790\" height=\"1486\"><img loading=\"lazy\" decoding=\"async\" class=\"size-full wp-image-84587 aligncenter\" src=\"https:\/\/xinshengmanufacture.com\/wp-content\/uploads\/2025\/12\/%E8%AF%A6%E6%83%85%E9%A1%B5_01_01.jpg\" alt=\"\" width=\"790\" height=\"1188\"> <img loading=\"lazy\" decoding=\"async\" class=\"size-full wp-image-84588 aligncenter\" src=\"https:\/\/xinshengmanufacture.com\/wp-content\/uploads\/2025\/12\/%E8%AF%A6%E6%83%85%E9%A1%B5_01_02.jpg\" alt=\"\" width=\"790\" height=\"1204\"> <img loading=\"lazy\" decoding=\"async\" class=\"size-full wp-image-84589 aligncenter\" src=\"https:\/\/xinshengmanufacture.com\/wp-content\/uploads\/2025\/12\/%E8%AF%A6%E6%83%85%E9%A1%B5_01_03.jpg\" alt=\"\" width=\"790\" height=\"648\"> <img loading=\"lazy\" decoding=\"async\" class=\"size-full wp-image-84590 aligncenter\" src=\"https:\/\/xinshengmanufacture.com\/wp-content\/uploads\/2025\/12\/%E8%AF%A6%E6%83%85%E9%A1%B5_01_04.jpg\" alt=\"\" width=\"790\" height=\"1173\"> <img loading=\"lazy\" decoding=\"async\" class=\"size-full wp-image-84591 aligncenter\" src=\"https:\/\/xinshengmanufacture.com\/wp-content\/uploads\/2025\/12\/%E8%AF%A6%E6%83%85%E9%A1%B5_01_05.jpg\" alt=\"\" width=\"790\" height=\"1233\"> <img loading=\"lazy\" decoding=\"async\" class=\"size-full wp-image-84592 aligncenter\" src=\"https:\/\/xinshengmanufacture.com\/wp-content\/uploads\/2025\/12\/%E8%AF%A6%E6%83%85%E9%A1%B5_01_06.jpg\" alt=\"\" width=\"790\" height=\"1168\"> <img loading=\"lazy\" decoding=\"async\" class=\"size-full wp-image-84593 aligncenter\" src=\"https:\/\/xinshengmanufacture.com\/wp-content\/uploads\/2025\/12\/%E8%AF%A6%E6%83%85%E9%A1%B5_01_07.jpg\" alt=\"\" width=\"790\" height=\"1314\"> <img loading=\"lazy\" decoding=\"async\" class=\"size-full wp-image-84594 aligncenter\" src=\"https:\/\/xinshengmanufacture.com\/wp-content\/uploads\/2025\/12\/%E8%AF%A6%E6%83%85%E9%A1%B5_01_08.jpg\" alt=\"\" width=\"790\" height=\"1089\"> <img loading=\"lazy\" decoding=\"async\" class=\"size-full wp-image-84595 aligncenter\" src=\"https:\/\/xinshengmanufacture.com\/wp-content\/uploads\/2025\/12\/%E8%AF%A6%E6%83%85%E9%A1%B5_01_09.jpg\" alt=\"\" width=\"790\" height=\"1010\"> <img loading=\"lazy\" decoding=\"async\" class=\"size-full wp-image-84596 aligncenter\" src=\"https:\/\/xinshengmanufacture.com\/wp-content\/uploads\/2025\/12\/%E8%AF%A6%E6%83%85%E9%A1%B5_01_10.jpg\" alt=\"\" width=\"790\" height=\"1183\"> <img loading=\"lazy\" decoding=\"async\" class=\"size-full wp-image-84597 aligncenter\" src=\"https:\/\/xinshengmanufacture.com\/wp-content\/uploads\/2025\/12\/%E8%AF%A6%E6%83%85%E9%A1%B5_01_11.jpg\" alt=\"\" width=\"790\" height=\"1113\"> <img loading=\"lazy\" decoding=\"async\" class=\"size-full wp-image-84598 aligncenter\" src=\"https:\/\/xinshengmanufacture.com\/wp-content\/uploads\/2025\/12\/%E8%AF%A6%E6%83%85%E9%A1%B5_01_12.jpg\" alt=\"\" width=\"790\" height=\"1705\"> <img loading=\"lazy\" decoding=\"async\" class=\"size-full wp-image-84599 aligncenter\" src=\"https:\/\/xinshengmanufacture.com\/wp-content\/uploads\/2025\/12\/%E8%AF%A6%E6%83%85%E9%A1%B5_01_13.jpg\" alt=\"\" width=\"790\" height=\"1257\"><\/p>\n","protected":false},"excerpt":{"rendered":"<p>B\u00e0n l\u00e0m m\u00f3ng \u0111\u01b0\u1ee3c thi\u1ebft k\u1ebf cho spa, ti\u1ec7m l\u00e0m m\u00f3ng v\u00e0 trung t\u00e2m th\u1ea9m m\u1ef9. C\u00f3 s\u1eb5n m\u00e0u s\u1eafc v\u00e0 k\u00edch th\u01b0\u1edbc t\u00f9y ch\u1ec9nh. Nh\u00e0 s\u1ea3n xu\u1ea5t n\u1ed9i th\u1ea5t salon, gi\u00e1 xu\u1ea5t x\u01b0\u1edfng ngay c\u1ea3 khi mua l\u1ebb t\u1eebng s\u1ea3n ph\u1ea9m.  <\/p>\n","protected":false},"featured_media":85023,"template":"","meta":{"_bst_post_transparent":"","_bst_post_title":"","_bst_post_layout":"","_bst_post_sidebar_id":"","_bst_post_content_style":"","_bst_post_vertical_padding":"","_bst_post_feature":"","_bst_post_feature_position":"","_bst_post_header":false,"_bst_post_footer":false},"product_brand":[1087],"product_cat":[1076],"product_tag":[],"class_list":{"0":"post-85005","1":"product","2":"type-product","3":"status-publish","4":"has-post-thumbnail","6":"product_brand-xinsheng-vi","7":"product_cat-ban-lam-mong-tay","8":"pa_color-mau-sac-tuy-chinh","9":"pa_color-trang","10":"pa_size-100cm40cm78cmban-don","11":"pa_size-140cm40cm78cmban-hai-nguoi","12":"pa_size-180cm40cm78cmban-ba-nguoi","13":"pa_size-200cm40cm78cmban-ba-nguoi","14":"pa_size-62cm65cm76cmghe-chu-u","16":"first","17":"instock","18":"sale","19":"shipping-taxable","20":"purchasable","21":"product-type-variable","22":"entry","23":"content-bg","24":"loop-entry"},"_links":{"self":[{"href":"https:\/\/xinshengmanufacture.com\/vi\/wp-json\/wp\/v2\/product\/85005","targetHints":{"allow":["GET"]}}],"collection":[{"href":"https:\/\/xinshengmanufacture.com\/vi\/wp-json\/wp\/v2\/product"}],"about":[{"href":"https:\/\/xinshengmanufacture.com\/vi\/wp-json\/wp\/v2\/types\/product"}],"version-history":[{"count":1,"href":"https:\/\/xinshengmanufacture.com\/vi\/wp-json\/wp\/v2\/product\/85005\/revisions"}],"predecessor-version":[{"id":85127,"href":"https:\/\/xinshengmanufacture.com\/vi\/wp-json\/wp\/v2\/product\/85005\/revisions\/85127"}],"wp:featuredmedia":[{"embeddable":true,"href":"https:\/\/xinshengmanufacture.com\/vi\/wp-json\/wp\/v2\/media\/85023"}],"wp:attachment":[{"href":"https:\/\/xinshengmanufacture.com\/vi\/wp-json\/wp\/v2\/media?parent=85005"}],"wp:term":[{"taxonomy":"product_brand","embeddable":true,"href":"https:\/\/xinshengmanufacture.com\/vi\/wp-json\/wp\/v2\/product_brand?post=85005"},{"taxonomy":"product_cat","embeddable":true,"href":"https:\/\/xinshengmanufacture.com\/vi\/wp-json\/wp\/v2\/product_cat?post=85005"},{"taxonomy":"product_tag","embeddable":true,"href":"https:\/\/xinshengmanufacture.com\/vi\/wp-json\/wp\/v2\/product_tag?post=85005"}],"curies":[{"name":"wp","href":"https:\/\/api.w.org\/{rel}","templated":true}]}}