{"id":85666,"date":"2025-12-27T06:50:49","date_gmt":"2025-12-27T06:50:49","guid":{"rendered":"https:\/\/xinshengmanufacture.com\/product\/nha-san-xuat-noi-that-salon-giuong-goi-dau-kieu-thai-moi-tich-hop-chuc-nang-tuan-hoan-nuoc-va-xong-hoi-thiet-ke-trang-nha-va-don-gian-giuong-massage-gia-ca-phai-chang-phu-hop-cho-cac-salon-lam-dep\/"},"modified":"2025-12-27T07:10:34","modified_gmt":"2025-12-27T07:10:34","slug":"nha-san-xuat-noi-that-salon-giuong-goi-dau-kieu-thai-moi-tich-hop-chuc-nang-tuan-hoan-nuoc-va-xong-hoi-thiet-ke-trang-nha-va-don-gian-giuong-massage-gia-ca-phai-chang-phu-hop-cho-cac-salon-lam-dep","status":"publish","type":"product","link":"https:\/\/xinshengmanufacture.com\/vi\/product\/nha-san-xuat-noi-that-salon-giuong-goi-dau-kieu-thai-moi-tich-hop-chuc-nang-tuan-hoan-nuoc-va-xong-hoi-thiet-ke-trang-nha-va-don-gian-giuong-massage-gia-ca-phai-chang-phu-hop-cho-cac-salon-lam-dep\/","title":{"rendered":"Nh\u00e0 s\u1ea3n xu\u1ea5t n\u1ed9i th\u1ea5t salon gi\u01b0\u1eddng g\u1ed9i \u0111\u1ea7u ki\u1ec3u Th\u00e1i m\u1edbi, t\u00edch h\u1ee3p ch\u1ee9c n\u0103ng tu\u1ea7n ho\u00e0n n\u01b0\u1edbc v\u00e0 x\u00f4ng h\u01a1i, thi\u1ebft k\u1ebf trang nh\u00e3 v\u00e0 \u0111\u01a1n gi\u1ea3n, gi\u01b0\u1eddng massage gi\u00e1 c\u1ea3 ph\u1ea3i ch\u0103ng, ph\u00f9 h\u1ee3p cho c\u00e1c salon l\u00e0m \u0111\u1eb9p, ti\u1ec7m nail v\u00e0 spa. C\u00f3 th\u1ec3 t\u00f9y ch\u1ec9nh m\u00e0u s\u1eafc. B\u00e1n h\u00e0ng tr\u1ef1c ti\u1ebfp t\u1eeb nh\u00e0 m\u00e1y."},"content":{"rendered":"<div class=\"wp-playlist wp-video-playlist wp-playlist-light\">\n\t\t<video controls=\"controls\" preload=\"none\" width=\"1408\"\n\t\t height=\"2503\"\t><\/video>\n\t<div class=\"wp-playlist-next\"><\/div>\n\t<div class=\"wp-playlist-prev\"><\/div>\n\t<noscript>\n\t<ol>\n\t\t<li><a href='https:\/\/xinshengmanufacture.com\/wp-content\/uploads\/2025\/12\/7-3.mp4'>7<\/a><\/li>\t<\/ol>\n\t<\/noscript>\n\t<script type=\"application\/json\" class=\"wp-playlist-script\">{\"type\":\"video\",\"tracklist\":false,\"tracknumbers\":true,\"images\":true,\"artists\":true,\"tracks\":[{\"src\":\"https:\/\/xinshengmanufacture.com\/wp-content\/uploads\/2025\/12\/7-3.mp4\",\"type\":\"video\/mp4\",\"title\":\"7\",\"caption\":\"\",\"description\":\"\",\"meta\":{\"length_formatted\":\"0:45\"},\"dimensions\":{\"original\":{\"width\":1080,\"height\":1920},\"resized\":{\"width\":1408,\"height\":2503}},\"image\":{\"src\":\"https:\/\/xinshengmanufacture.com\/wp-includes\/images\/media\/video.svg\",\"width\":48,\"height\":64},\"thumb\":{\"src\":\"https:\/\/xinshengmanufacture.com\/wp-includes\/images\/media\/video.svg\",\"width\":48,\"height\":64}}]}<\/script>\n<\/div>\n\t\n<p><img fetchpriority=\"high\" decoding=\"async\" class=\"size-full wp-image-82465 aligncenter\" src=\"https:\/\/xinshengmanufacture.com\/wp-content\/uploads\/2025\/10\/%E8%B6%85%E5%B7%A5%E5%AE%9A%E5%88%B6%E8%8B%B1%E6%96%87_011-1.jpg\" alt=\"\" width=\"1200\" height=\"1857\"><img decoding=\"async\" class=\"size-full wp-image-82477 aligncenter\" src=\"https:\/\/xinshengmanufacture.com\/wp-content\/uploads\/2025\/10\/%E8%B6%85%E5%B7%A5%E5%AE%9A%E5%88%B6%E8%8B%B1%E6%96%87_021-1.jpg\" alt=\"\" width=\"1200\" height=\"1054\"><img decoding=\"async\" class=\"size-full wp-image-82489 aligncenter\" src=\"https:\/\/xinshengmanufacture.com\/wp-content\/uploads\/2025\/10\/%E8%B6%85%E5%B7%A5%E5%AE%9A%E5%88%B6%E8%8B%B1%E6%96%87_031-1.jpg\" alt=\"\" width=\"1200\" height=\"1563\"><img loading=\"lazy\" decoding=\"async\" class=\"size-full wp-image-82501 aligncenter\" src=\"https:\/\/xinshengmanufacture.com\/wp-content\/uploads\/2025\/10\/%E8%B6%85%E5%B7%A5%E5%AE%9A%E5%88%B6%E8%8B%B1%E6%96%87_041-1.jpg\" alt=\"\" width=\"1200\" height=\"1755\"><img loading=\"lazy\" decoding=\"async\" class=\"size-full wp-image-82513 aligncenter\" src=\"https:\/\/xinshengmanufacture.com\/wp-content\/uploads\/2025\/10\/%E8%B6%85%E5%B7%A5%E5%AE%9A%E5%88%B6%E8%8B%B1%E6%96%87_051-1.jpg\" alt=\"\" width=\"1200\" height=\"2257\"><img loading=\"lazy\" decoding=\"async\" class=\"size-full wp-image-85644 aligncenter\" src=\"https:\/\/xinshengmanufacture.com\/wp-content\/uploads\/2025\/12\/1-1-3.jpg\" alt=\"\" width=\"1200\" height=\"1960\" srcset=\"https:\/\/xinshengmanufacture.com\/wp-content\/uploads\/2025\/12\/1-1-3.jpg 1200w, https:\/\/xinshengmanufacture.com\/wp-content\/uploads\/2025\/12\/1-1-3-184x300.jpg 184w, https:\/\/xinshengmanufacture.com\/wp-content\/uploads\/2025\/12\/1-1-3-627x1024.jpg 627w, https:\/\/xinshengmanufacture.com\/wp-content\/uploads\/2025\/12\/1-1-3-768x1254.jpg 768w, https:\/\/xinshengmanufacture.com\/wp-content\/uploads\/2025\/12\/1-1-3-940x1536.jpg 940w, https:\/\/xinshengmanufacture.com\/wp-content\/uploads\/2025\/12\/1-1-3-600x980.jpg 600w\" sizes=\"(max-width: 1200px) 100vw, 1200px\" \/> <img loading=\"lazy\" decoding=\"async\" class=\"size-full wp-image-85645 aligncenter\" src=\"https:\/\/xinshengmanufacture.com\/wp-content\/uploads\/2025\/12\/1-10-2.jpg\" alt=\"\" width=\"1200\" height=\"2428\" srcset=\"https:\/\/xinshengmanufacture.com\/wp-content\/uploads\/2025\/12\/1-10-2.jpg 1200w, https:\/\/xinshengmanufacture.com\/wp-content\/uploads\/2025\/12\/1-10-2-148x300.jpg 148w, https:\/\/xinshengmanufacture.com\/wp-content\/uploads\/2025\/12\/1-10-2-506x1024.jpg 506w, https:\/\/xinshengmanufacture.com\/wp-content\/uploads\/2025\/12\/1-10-2-768x1554.jpg 768w, https:\/\/xinshengmanufacture.com\/wp-content\/uploads\/2025\/12\/1-10-2-759x1536.jpg 759w, https:\/\/xinshengmanufacture.com\/wp-content\/uploads\/2025\/12\/1-10-2-1012x2048.jpg 1012w, https:\/\/xinshengmanufacture.com\/wp-content\/uploads\/2025\/12\/1-10-2-600x1214.jpg 600w\" sizes=\"(max-width: 1200px) 100vw, 1200px\" \/> <img loading=\"lazy\" decoding=\"async\" class=\"size-full wp-image-85646 aligncenter\" src=\"https:\/\/xinshengmanufacture.com\/wp-content\/uploads\/2025\/12\/1-2-3.jpg\" alt=\"\" width=\"1200\" height=\"1626\" srcset=\"https:\/\/xinshengmanufacture.com\/wp-content\/uploads\/2025\/12\/1-2-3.jpg 1200w, https:\/\/xinshengmanufacture.com\/wp-content\/uploads\/2025\/12\/1-2-3-221x300.jpg 221w, https:\/\/xinshengmanufacture.com\/wp-content\/uploads\/2025\/12\/1-2-3-756x1024.jpg 756w, https:\/\/xinshengmanufacture.com\/wp-content\/uploads\/2025\/12\/1-2-3-768x1041.jpg 768w, https:\/\/xinshengmanufacture.com\/wp-content\/uploads\/2025\/12\/1-2-3-1134x1536.jpg 1134w, https:\/\/xinshengmanufacture.com\/wp-content\/uploads\/2025\/12\/1-2-3-600x813.jpg 600w\" sizes=\"(max-width: 1200px) 100vw, 1200px\" \/> <img loading=\"lazy\" decoding=\"async\" class=\"size-full wp-image-85647 aligncenter\" src=\"https:\/\/xinshengmanufacture.com\/wp-content\/uploads\/2025\/12\/1-3-2.jpg\" alt=\"\" width=\"1200\" height=\"2019\" srcset=\"https:\/\/xinshengmanufacture.com\/wp-content\/uploads\/2025\/12\/1-3-2.jpg 1200w, https:\/\/xinshengmanufacture.com\/wp-content\/uploads\/2025\/12\/1-3-2-178x300.jpg 178w, https:\/\/xinshengmanufacture.com\/wp-content\/uploads\/2025\/12\/1-3-2-609x1024.jpg 609w, https:\/\/xinshengmanufacture.com\/wp-content\/uploads\/2025\/12\/1-3-2-768x1292.jpg 768w, https:\/\/xinshengmanufacture.com\/wp-content\/uploads\/2025\/12\/1-3-2-913x1536.jpg 913w, https:\/\/xinshengmanufacture.com\/wp-content\/uploads\/2025\/12\/1-3-2-600x1010.jpg 600w\" sizes=\"(max-width: 1200px) 100vw, 1200px\" \/> <img loading=\"lazy\" decoding=\"async\" class=\"size-full wp-image-85648 aligncenter\" src=\"https:\/\/xinshengmanufacture.com\/wp-content\/uploads\/2025\/12\/1-4-2.jpg\" alt=\"\" width=\"1200\" height=\"2100\" srcset=\"https:\/\/xinshengmanufacture.com\/wp-content\/uploads\/2025\/12\/1-4-2.jpg 1200w, https:\/\/xinshengmanufacture.com\/wp-content\/uploads\/2025\/12\/1-4-2-171x300.jpg 171w, https:\/\/xinshengmanufacture.com\/wp-content\/uploads\/2025\/12\/1-4-2-585x1024.jpg 585w, https:\/\/xinshengmanufacture.com\/wp-content\/uploads\/2025\/12\/1-4-2-768x1344.jpg 768w, https:\/\/xinshengmanufacture.com\/wp-content\/uploads\/2025\/12\/1-4-2-878x1536.jpg 878w, https:\/\/xinshengmanufacture.com\/wp-content\/uploads\/2025\/12\/1-4-2-1170x2048.jpg 1170w, https:\/\/xinshengmanufacture.com\/wp-content\/uploads\/2025\/12\/1-4-2-600x1050.jpg 600w\" sizes=\"(max-width: 1200px) 100vw, 1200px\" \/> <img loading=\"lazy\" decoding=\"async\" class=\"size-full wp-image-85649 aligncenter\" src=\"https:\/\/xinshengmanufacture.com\/wp-content\/uploads\/2025\/12\/1-5-2.jpg\" alt=\"\" width=\"1200\" height=\"1978\" srcset=\"https:\/\/xinshengmanufacture.com\/wp-content\/uploads\/2025\/12\/1-5-2.jpg 1200w, https:\/\/xinshengmanufacture.com\/wp-content\/uploads\/2025\/12\/1-5-2-182x300.jpg 182w, https:\/\/xinshengmanufacture.com\/wp-content\/uploads\/2025\/12\/1-5-2-621x1024.jpg 621w, https:\/\/xinshengmanufacture.com\/wp-content\/uploads\/2025\/12\/1-5-2-768x1266.jpg 768w, https:\/\/xinshengmanufacture.com\/wp-content\/uploads\/2025\/12\/1-5-2-932x1536.jpg 932w, https:\/\/xinshengmanufacture.com\/wp-content\/uploads\/2025\/12\/1-5-2-600x989.jpg 600w\" sizes=\"(max-width: 1200px) 100vw, 1200px\" \/> <img loading=\"lazy\" decoding=\"async\" class=\"size-full wp-image-85650 aligncenter\" src=\"https:\/\/xinshengmanufacture.com\/wp-content\/uploads\/2025\/12\/1-6-2.jpg\" alt=\"\" width=\"1200\" height=\"2020\" srcset=\"https:\/\/xinshengmanufacture.com\/wp-content\/uploads\/2025\/12\/1-6-2.jpg 1200w, https:\/\/xinshengmanufacture.com\/wp-content\/uploads\/2025\/12\/1-6-2-178x300.jpg 178w, https:\/\/xinshengmanufacture.com\/wp-content\/uploads\/2025\/12\/1-6-2-608x1024.jpg 608w, https:\/\/xinshengmanufacture.com\/wp-content\/uploads\/2025\/12\/1-6-2-768x1293.jpg 768w, https:\/\/xinshengmanufacture.com\/wp-content\/uploads\/2025\/12\/1-6-2-912x1536.jpg 912w, https:\/\/xinshengmanufacture.com\/wp-content\/uploads\/2025\/12\/1-6-2-600x1010.jpg 600w\" sizes=\"(max-width: 1200px) 100vw, 1200px\" \/> <img loading=\"lazy\" decoding=\"async\" class=\"size-full wp-image-85651 aligncenter\" src=\"https:\/\/xinshengmanufacture.com\/wp-content\/uploads\/2025\/12\/1-7-2.jpg\" alt=\"\" width=\"1200\" height=\"1981\" srcset=\"https:\/\/xinshengmanufacture.com\/wp-content\/uploads\/2025\/12\/1-7-2.jpg 1200w, https:\/\/xinshengmanufacture.com\/wp-content\/uploads\/2025\/12\/1-7-2-182x300.jpg 182w, https:\/\/xinshengmanufacture.com\/wp-content\/uploads\/2025\/12\/1-7-2-620x1024.jpg 620w, https:\/\/xinshengmanufacture.com\/wp-content\/uploads\/2025\/12\/1-7-2-768x1268.jpg 768w, https:\/\/xinshengmanufacture.com\/wp-content\/uploads\/2025\/12\/1-7-2-930x1536.jpg 930w, https:\/\/xinshengmanufacture.com\/wp-content\/uploads\/2025\/12\/1-7-2-600x991.jpg 600w\" sizes=\"(max-width: 1200px) 100vw, 1200px\" \/> <img loading=\"lazy\" decoding=\"async\" class=\"size-full wp-image-85652 aligncenter\" src=\"https:\/\/xinshengmanufacture.com\/wp-content\/uploads\/2025\/12\/1-8-2.jpg\" alt=\"\" width=\"1200\" height=\"1970\" srcset=\"https:\/\/xinshengmanufacture.com\/wp-content\/uploads\/2025\/12\/1-8-2.jpg 1200w, https:\/\/xinshengmanufacture.com\/wp-content\/uploads\/2025\/12\/1-8-2-183x300.jpg 183w, https:\/\/xinshengmanufacture.com\/wp-content\/uploads\/2025\/12\/1-8-2-624x1024.jpg 624w, https:\/\/xinshengmanufacture.com\/wp-content\/uploads\/2025\/12\/1-8-2-768x1261.jpg 768w, https:\/\/xinshengmanufacture.com\/wp-content\/uploads\/2025\/12\/1-8-2-936x1536.jpg 936w, https:\/\/xinshengmanufacture.com\/wp-content\/uploads\/2025\/12\/1-8-2-600x985.jpg 600w\" sizes=\"(max-width: 1200px) 100vw, 1200px\" \/> <img loading=\"lazy\" decoding=\"async\" class=\"size-full wp-image-85653 aligncenter\" src=\"https:\/\/xinshengmanufacture.com\/wp-content\/uploads\/2025\/12\/1-9-2.jpg\" alt=\"\" width=\"1151\" height=\"2560\" srcset=\"https:\/\/xinshengmanufacture.com\/wp-content\/uploads\/2025\/12\/1-9-2.jpg 1151w, https:\/\/xinshengmanufacture.com\/wp-content\/uploads\/2025\/12\/1-9-2-135x300.jpg 135w, https:\/\/xinshengmanufacture.com\/wp-content\/uploads\/2025\/12\/1-9-2-460x1024.jpg 460w, https:\/\/xinshengmanufacture.com\/wp-content\/uploads\/2025\/12\/1-9-2-768x1708.jpg 768w, https:\/\/xinshengmanufacture.com\/wp-content\/uploads\/2025\/12\/1-9-2-691x1536.jpg 691w, https:\/\/xinshengmanufacture.com\/wp-content\/uploads\/2025\/12\/1-9-2-921x2048.jpg 921w, https:\/\/xinshengmanufacture.com\/wp-content\/uploads\/2025\/12\/1-9-2-600x1334.jpg 600w\" sizes=\"(max-width: 1151px) 100vw, 1151px\" \/><\/p>\n<div id=\"gtx-trans\" style=\"position: absolute; left: 708px; top: 35px;\">\n<div class=\"gtx-trans-icon\"><\/div>\n<\/div>\n","protected":false},"excerpt":{"rendered":"<p>Gi\u01b0\u1eddng g\u1ed9i \u0111\u1ea7u ki\u1ec3u Th\u00e1i m\u1edbi n\u00e0y d\u00e0nh cho c\u00e1c salon c\u00f3 ch\u1ee9c n\u0103ng tu\u1ea7n ho\u00e0n n\u01b0\u1edbc v\u00e0 h\u01a1i n\u01b0\u1edbc, ph\u00f9 h\u1ee3p cho c\u00e1c salon l\u00e0m \u0111\u1eb9p, salon nail v\u00e0 spa. C\u00f3 nhi\u1ec1u m\u00e0u s\u1eafc \u0111\u1ec3 l\u1ef1a ch\u1ecdn v\u00e0 h\u1ed7 tr\u1ee3 t\u00f9y ch\u1ec9nh. S\u1ea3n ph\u1ea9m \u0111\u01b0\u1ee3c nh\u1eadp tr\u1ef1c ti\u1ebfp t\u1eeb nh\u00e0 s\u1ea3n xu\u1ea5t.  <\/p>\n","protected":false},"featured_media":85685,"template":"","meta":{"_bst_post_transparent":"","_bst_post_title":"","_bst_post_layout":"","_bst_post_sidebar_id":"","_bst_post_content_style":"","_bst_post_vertical_padding":"","_bst_post_feature":"","_bst_post_feature_position":"","_bst_post_header":false,"_bst_post_footer":false},"product_brand":[],"product_cat":[904],"product_tag":[],"class_list":{"0":"post-85666","1":"product","2":"type-product","3":"status-publish","4":"has-post-thumbnail","6":"product_cat-giuong-goi-dau-kieu-thai","7":"pa_color-mau-sac-tuy-chinh","8":"pa_color-qua-mo","9":"pa_size-200cm70cm63cm","11":"first","12":"instock","13":"sale","14":"shipping-taxable","15":"purchasable","16":"product-type-variable","17":"entry","18":"content-bg","19":"loop-entry"},"_links":{"self":[{"href":"https:\/\/xinshengmanufacture.com\/vi\/wp-json\/wp\/v2\/product\/85666","targetHints":{"allow":["GET"]}}],"collection":[{"href":"https:\/\/xinshengmanufacture.com\/vi\/wp-json\/wp\/v2\/product"}],"about":[{"href":"https:\/\/xinshengmanufacture.com\/vi\/wp-json\/wp\/v2\/types\/product"}],"version-history":[{"count":11,"href":"https:\/\/xinshengmanufacture.com\/vi\/wp-json\/wp\/v2\/product\/85666\/revisions"}],"predecessor-version":[{"id":86398,"href":"https:\/\/xinshengmanufacture.com\/vi\/wp-json\/wp\/v2\/product\/85666\/revisions\/86398"}],"wp:featuredmedia":[{"embeddable":true,"href":"https:\/\/xinshengmanufacture.com\/vi\/wp-json\/wp\/v2\/media\/85685"}],"wp:attachment":[{"href":"https:\/\/xinshengmanufacture.com\/vi\/wp-json\/wp\/v2\/media?parent=85666"}],"wp:term":[{"taxonomy":"product_brand","embeddable":true,"href":"https:\/\/xinshengmanufacture.com\/vi\/wp-json\/wp\/v2\/product_brand?post=85666"},{"taxonomy":"product_cat","embeddable":true,"href":"https:\/\/xinshengmanufacture.com\/vi\/wp-json\/wp\/v2\/product_cat?post=85666"},{"taxonomy":"product_tag","embeddable":true,"href":"https:\/\/xinshengmanufacture.com\/vi\/wp-json\/wp\/v2\/product_tag?post=85666"}],"curies":[{"name":"wp","href":"https:\/\/api.w.org\/{rel}","templated":true}]}}