{"id":85719,"date":"2025-12-27T03:08:52","date_gmt":"2025-12-27T03:08:52","guid":{"rendered":"https:\/\/xinshengmanufacture.com\/product\/ghe-ngam-chan-va-lam-mong-cao-cap-khong-can-ong-dan-noi-that-salon-sofa-dien-cho-salon-lam-dep-va-lam-toc-ghe-lam-mong-di-dong-ghe-spa-mong-dien-nha-san-xuat-noi-that-salon-ban-hang-truc-tiep-tu\/"},"modified":"2025-12-27T07:09:34","modified_gmt":"2025-12-27T07:09:34","slug":"ghe-ngam-chan-va-lam-mong-cao-cap-khong-can-ong-dan-noi-that-salon-sofa-dien-cho-salon-lam-dep-va-lam-toc-ghe-lam-mong-di-dong-ghe-spa-mong-dien-nha-san-xuat-noi-that-salon-ban-hang-truc-tiep-tu","status":"publish","type":"product","link":"https:\/\/xinshengmanufacture.com\/vi\/product\/ghe-ngam-chan-va-lam-mong-cao-cap-khong-can-ong-dan-noi-that-salon-sofa-dien-cho-salon-lam-dep-va-lam-toc-ghe-lam-mong-di-dong-ghe-spa-mong-dien-nha-san-xuat-noi-that-salon-ban-hang-truc-tiep-tu\/","title":{"rendered":"Gh\u1ebf ng\u00e2m ch\u00e2n v\u00e0 l\u00e0m m\u00f3ng cao c\u1ea5p kh\u00f4ng c\u1ea7n \u1ed1ng d\u1eabn, n\u1ed9i th\u1ea5t salon, sofa \u0111i\u1ec7n cho salon l\u00e0m \u0111\u1eb9p v\u00e0 l\u00e0m t\u00f3c, gh\u1ebf l\u00e0m m\u00f3ng di \u0111\u1ed9ng, gh\u1ebf spa m\u00f3ng \u0111i\u1ec7n. Nh\u00e0 s\u1ea3n xu\u1ea5t n\u1ed9i th\u1ea5t salon, b\u00e1n h\u00e0ng tr\u1ef1c ti\u1ebfp t\u1eeb nh\u00e0 m\u00e1y."},"content":{"rendered":"<div class=\"wp-playlist wp-video-playlist wp-playlist-light\">\n\t\t<video controls=\"controls\" preload=\"none\" width=\"1408\"\n\t\t height=\"2503\"\t><\/video>\n\t<div class=\"wp-playlist-next\"><\/div>\n\t<div class=\"wp-playlist-prev\"><\/div>\n\t<noscript>\n\t<ol>\n\t\t<li><a href='https:\/\/xinshengmanufacture.com\/wp-content\/uploads\/2025\/12\/11.mp4'>11<\/a><\/li>\t<\/ol>\n\t<\/noscript>\n\t<script type=\"application\/json\" class=\"wp-playlist-script\">{\"type\":\"video\",\"tracklist\":false,\"tracknumbers\":true,\"images\":true,\"artists\":true,\"tracks\":[{\"src\":\"https:\/\/xinshengmanufacture.com\/wp-content\/uploads\/2025\/12\/11.mp4\",\"type\":\"video\/mp4\",\"title\":\"11\",\"caption\":\"\",\"description\":\"\",\"meta\":{\"length_formatted\":\"0:45\"},\"dimensions\":{\"original\":{\"width\":1080,\"height\":1920},\"resized\":{\"width\":1408,\"height\":2503}},\"image\":{\"src\":\"https:\/\/xinshengmanufacture.com\/wp-includes\/images\/media\/video.svg\",\"width\":48,\"height\":64},\"thumb\":{\"src\":\"https:\/\/xinshengmanufacture.com\/wp-includes\/images\/media\/video.svg\",\"width\":48,\"height\":64}}]}<\/script>\n<\/div>\n\t\n<p><img fetchpriority=\"high\" decoding=\"async\" class=\"size-full wp-image-82465 aligncenter\" src=\"https:\/\/xinshengmanufacture.com\/wp-content\/uploads\/2025\/10\/%E8%B6%85%E5%B7%A5%E5%AE%9A%E5%88%B6%E8%8B%B1%E6%96%87_011-1.jpg\" alt=\"\" width=\"1200\" height=\"1857\"><img decoding=\"async\" class=\"size-full wp-image-82477 aligncenter\" src=\"https:\/\/xinshengmanufacture.com\/wp-content\/uploads\/2025\/10\/%E8%B6%85%E5%B7%A5%E5%AE%9A%E5%88%B6%E8%8B%B1%E6%96%87_021-1.jpg\" alt=\"\" width=\"1200\" height=\"1054\"><img decoding=\"async\" class=\"size-full wp-image-82489 aligncenter\" src=\"https:\/\/xinshengmanufacture.com\/wp-content\/uploads\/2025\/10\/%E8%B6%85%E5%B7%A5%E5%AE%9A%E5%88%B6%E8%8B%B1%E6%96%87_031-1.jpg\" alt=\"\" width=\"1200\" height=\"1563\"><img loading=\"lazy\" decoding=\"async\" class=\"size-full wp-image-82501 aligncenter\" src=\"https:\/\/xinshengmanufacture.com\/wp-content\/uploads\/2025\/10\/%E8%B6%85%E5%B7%A5%E5%AE%9A%E5%88%B6%E8%8B%B1%E6%96%87_041-1.jpg\" alt=\"\" width=\"1200\" height=\"1755\"><img loading=\"lazy\" decoding=\"async\" class=\"size-full wp-image-82513 aligncenter\" src=\"https:\/\/xinshengmanufacture.com\/wp-content\/uploads\/2025\/10\/%E8%B6%85%E5%B7%A5%E5%AE%9A%E5%88%B6%E8%8B%B1%E6%96%87_051-1.jpg\" alt=\"\" width=\"1200\" height=\"2257\"><img loading=\"lazy\" decoding=\"async\" class=\"size-full wp-image-85597 aligncenter\" src=\"https:\/\/xinshengmanufacture.com\/wp-content\/uploads\/2025\/12\/1-1-2.jpg\" alt=\"\" width=\"1200\" height=\"2077\" srcset=\"https:\/\/xinshengmanufacture.com\/wp-content\/uploads\/2025\/12\/1-1-2.jpg 1200w, https:\/\/xinshengmanufacture.com\/wp-content\/uploads\/2025\/12\/1-1-2-173x300.jpg 173w, https:\/\/xinshengmanufacture.com\/wp-content\/uploads\/2025\/12\/1-1-2-592x1024.jpg 592w, https:\/\/xinshengmanufacture.com\/wp-content\/uploads\/2025\/12\/1-1-2-768x1329.jpg 768w, https:\/\/xinshengmanufacture.com\/wp-content\/uploads\/2025\/12\/1-1-2-887x1536.jpg 887w, https:\/\/xinshengmanufacture.com\/wp-content\/uploads\/2025\/12\/1-1-2-1183x2048.jpg 1183w, https:\/\/xinshengmanufacture.com\/wp-content\/uploads\/2025\/12\/1-1-2-600x1039.jpg 600w\" sizes=\"(max-width: 1200px) 100vw, 1200px\" \/> <img loading=\"lazy\" decoding=\"async\" class=\"aligncenter wp-image-85598\" src=\"https:\/\/xinshengmanufacture.com\/wp-content\/uploads\/2025\/12\/1-10-1.jpg\" alt=\"\" width=\"1200\" height=\"5278\" srcset=\"https:\/\/xinshengmanufacture.com\/wp-content\/uploads\/2025\/12\/1-10-1.jpg 582w, https:\/\/xinshengmanufacture.com\/wp-content\/uploads\/2025\/12\/1-10-1-68x300.jpg 68w, https:\/\/xinshengmanufacture.com\/wp-content\/uploads\/2025\/12\/1-10-1-233x1024.jpg 233w, https:\/\/xinshengmanufacture.com\/wp-content\/uploads\/2025\/12\/1-10-1-349x1536.jpg 349w\" sizes=\"(max-width: 1200px) 100vw, 1200px\" \/> <img loading=\"lazy\" decoding=\"async\" class=\"size-full wp-image-85599 aligncenter\" src=\"https:\/\/xinshengmanufacture.com\/wp-content\/uploads\/2025\/12\/1-2-2.jpg\" alt=\"\" width=\"1200\" height=\"2272\" srcset=\"https:\/\/xinshengmanufacture.com\/wp-content\/uploads\/2025\/12\/1-2-2.jpg 1200w, https:\/\/xinshengmanufacture.com\/wp-content\/uploads\/2025\/12\/1-2-2-158x300.jpg 158w, https:\/\/xinshengmanufacture.com\/wp-content\/uploads\/2025\/12\/1-2-2-541x1024.jpg 541w, https:\/\/xinshengmanufacture.com\/wp-content\/uploads\/2025\/12\/1-2-2-768x1454.jpg 768w, https:\/\/xinshengmanufacture.com\/wp-content\/uploads\/2025\/12\/1-2-2-811x1536.jpg 811w, https:\/\/xinshengmanufacture.com\/wp-content\/uploads\/2025\/12\/1-2-2-1082x2048.jpg 1082w, https:\/\/xinshengmanufacture.com\/wp-content\/uploads\/2025\/12\/1-2-2-600x1136.jpg 600w\" sizes=\"(max-width: 1200px) 100vw, 1200px\" \/> <img loading=\"lazy\" decoding=\"async\" class=\"size-full wp-image-85600 aligncenter\" src=\"https:\/\/xinshengmanufacture.com\/wp-content\/uploads\/2025\/12\/1-3-1.jpg\" alt=\"\" width=\"1200\" height=\"1836\" srcset=\"https:\/\/xinshengmanufacture.com\/wp-content\/uploads\/2025\/12\/1-3-1.jpg 1200w, https:\/\/xinshengmanufacture.com\/wp-content\/uploads\/2025\/12\/1-3-1-196x300.jpg 196w, https:\/\/xinshengmanufacture.com\/wp-content\/uploads\/2025\/12\/1-3-1-669x1024.jpg 669w, https:\/\/xinshengmanufacture.com\/wp-content\/uploads\/2025\/12\/1-3-1-768x1175.jpg 768w, https:\/\/xinshengmanufacture.com\/wp-content\/uploads\/2025\/12\/1-3-1-1004x1536.jpg 1004w, https:\/\/xinshengmanufacture.com\/wp-content\/uploads\/2025\/12\/1-3-1-600x918.jpg 600w\" sizes=\"(max-width: 1200px) 100vw, 1200px\" \/> <img loading=\"lazy\" decoding=\"async\" class=\"size-full wp-image-85601 aligncenter\" src=\"https:\/\/xinshengmanufacture.com\/wp-content\/uploads\/2025\/12\/1-4-1.jpg\" alt=\"\" width=\"1200\" height=\"2407\" srcset=\"https:\/\/xinshengmanufacture.com\/wp-content\/uploads\/2025\/12\/1-4-1.jpg 1200w, https:\/\/xinshengmanufacture.com\/wp-content\/uploads\/2025\/12\/1-4-1-150x300.jpg 150w, https:\/\/xinshengmanufacture.com\/wp-content\/uploads\/2025\/12\/1-4-1-511x1024.jpg 511w, https:\/\/xinshengmanufacture.com\/wp-content\/uploads\/2025\/12\/1-4-1-768x1540.jpg 768w, https:\/\/xinshengmanufacture.com\/wp-content\/uploads\/2025\/12\/1-4-1-766x1536.jpg 766w, https:\/\/xinshengmanufacture.com\/wp-content\/uploads\/2025\/12\/1-4-1-1021x2048.jpg 1021w, https:\/\/xinshengmanufacture.com\/wp-content\/uploads\/2025\/12\/1-4-1-600x1204.jpg 600w\" sizes=\"(max-width: 1200px) 100vw, 1200px\" \/> <img loading=\"lazy\" decoding=\"async\" class=\"aligncenter wp-image-85602\" src=\"https:\/\/xinshengmanufacture.com\/wp-content\/uploads\/2025\/12\/1-5-1.jpg\" alt=\"\" width=\"1200\" height=\"2714\" srcset=\"https:\/\/xinshengmanufacture.com\/wp-content\/uploads\/2025\/12\/1-5-1.jpg 1132w, https:\/\/xinshengmanufacture.com\/wp-content\/uploads\/2025\/12\/1-5-1-133x300.jpg 133w, https:\/\/xinshengmanufacture.com\/wp-content\/uploads\/2025\/12\/1-5-1-453x1024.jpg 453w, https:\/\/xinshengmanufacture.com\/wp-content\/uploads\/2025\/12\/1-5-1-768x1737.jpg 768w, https:\/\/xinshengmanufacture.com\/wp-content\/uploads\/2025\/12\/1-5-1-679x1536.jpg 679w, https:\/\/xinshengmanufacture.com\/wp-content\/uploads\/2025\/12\/1-5-1-906x2048.jpg 906w, https:\/\/xinshengmanufacture.com\/wp-content\/uploads\/2025\/12\/1-5-1-600x1357.jpg 600w\" sizes=\"(max-width: 1200px) 100vw, 1200px\" \/> <img loading=\"lazy\" decoding=\"async\" class=\"size-full wp-image-85603 aligncenter\" src=\"https:\/\/xinshengmanufacture.com\/wp-content\/uploads\/2025\/12\/1-6-1.jpg\" alt=\"\" width=\"1200\" height=\"2082\" srcset=\"https:\/\/xinshengmanufacture.com\/wp-content\/uploads\/2025\/12\/1-6-1.jpg 1200w, https:\/\/xinshengmanufacture.com\/wp-content\/uploads\/2025\/12\/1-6-1-173x300.jpg 173w, https:\/\/xinshengmanufacture.com\/wp-content\/uploads\/2025\/12\/1-6-1-590x1024.jpg 590w, https:\/\/xinshengmanufacture.com\/wp-content\/uploads\/2025\/12\/1-6-1-768x1332.jpg 768w, https:\/\/xinshengmanufacture.com\/wp-content\/uploads\/2025\/12\/1-6-1-885x1536.jpg 885w, https:\/\/xinshengmanufacture.com\/wp-content\/uploads\/2025\/12\/1-6-1-1180x2048.jpg 1180w, https:\/\/xinshengmanufacture.com\/wp-content\/uploads\/2025\/12\/1-6-1-600x1041.jpg 600w\" sizes=\"(max-width: 1200px) 100vw, 1200px\" \/> <img loading=\"lazy\" decoding=\"async\" class=\"aligncenter wp-image-85604\" src=\"https:\/\/xinshengmanufacture.com\/wp-content\/uploads\/2025\/12\/1-7-1.jpg\" alt=\"\" width=\"1200\" height=\"4151\" srcset=\"https:\/\/xinshengmanufacture.com\/wp-content\/uploads\/2025\/12\/1-7-1.jpg 740w, https:\/\/xinshengmanufacture.com\/wp-content\/uploads\/2025\/12\/1-7-1-87x300.jpg 87w, https:\/\/xinshengmanufacture.com\/wp-content\/uploads\/2025\/12\/1-7-1-296x1024.jpg 296w, https:\/\/xinshengmanufacture.com\/wp-content\/uploads\/2025\/12\/1-7-1-444x1536.jpg 444w, https:\/\/xinshengmanufacture.com\/wp-content\/uploads\/2025\/12\/1-7-1-592x2048.jpg 592w, https:\/\/xinshengmanufacture.com\/wp-content\/uploads\/2025\/12\/1-7-1-600x2076.jpg 600w\" sizes=\"(max-width: 1200px) 100vw, 1200px\" \/> <img loading=\"lazy\" decoding=\"async\" class=\"size-full wp-image-85605 aligncenter\" src=\"https:\/\/xinshengmanufacture.com\/wp-content\/uploads\/2025\/12\/1-8-1.jpg\" alt=\"\" width=\"1200\" height=\"2283\" srcset=\"https:\/\/xinshengmanufacture.com\/wp-content\/uploads\/2025\/12\/1-8-1.jpg 1200w, https:\/\/xinshengmanufacture.com\/wp-content\/uploads\/2025\/12\/1-8-1-158x300.jpg 158w, https:\/\/xinshengmanufacture.com\/wp-content\/uploads\/2025\/12\/1-8-1-538x1024.jpg 538w, https:\/\/xinshengmanufacture.com\/wp-content\/uploads\/2025\/12\/1-8-1-768x1461.jpg 768w, https:\/\/xinshengmanufacture.com\/wp-content\/uploads\/2025\/12\/1-8-1-807x1536.jpg 807w, https:\/\/xinshengmanufacture.com\/wp-content\/uploads\/2025\/12\/1-8-1-1076x2048.jpg 1076w, https:\/\/xinshengmanufacture.com\/wp-content\/uploads\/2025\/12\/1-8-1-600x1142.jpg 600w\" sizes=\"(max-width: 1200px) 100vw, 1200px\" \/> <img loading=\"lazy\" decoding=\"async\" class=\"size-full wp-image-85606 aligncenter\" src=\"https:\/\/xinshengmanufacture.com\/wp-content\/uploads\/2025\/12\/1-9-1.jpg\" alt=\"\" width=\"1200\" height=\"2459\" srcset=\"https:\/\/xinshengmanufacture.com\/wp-content\/uploads\/2025\/12\/1-9-1.jpg 1200w, https:\/\/xinshengmanufacture.com\/wp-content\/uploads\/2025\/12\/1-9-1-146x300.jpg 146w, https:\/\/xinshengmanufacture.com\/wp-content\/uploads\/2025\/12\/1-9-1-500x1024.jpg 500w, https:\/\/xinshengmanufacture.com\/wp-content\/uploads\/2025\/12\/1-9-1-768x1574.jpg 768w, https:\/\/xinshengmanufacture.com\/wp-content\/uploads\/2025\/12\/1-9-1-750x1536.jpg 750w, https:\/\/xinshengmanufacture.com\/wp-content\/uploads\/2025\/12\/1-9-1-999x2048.jpg 999w, https:\/\/xinshengmanufacture.com\/wp-content\/uploads\/2025\/12\/1-9-1-600x1230.jpg 600w\" sizes=\"(max-width: 1200px) 100vw, 1200px\" \/><\/p>\n","protected":false},"excerpt":{"rendered":"<p>Gh\u1ebf ng\u00e2m ch\u00e2n \u0111i\u1ec7n v\u00e0 gh\u1ebf l\u00e0m m\u00f3ng ch\u00e2n c\u00f3 th\u1ec3 \u0111\u01b0\u1ee3c s\u1eed d\u1ee5ng trong c\u00e1c th\u1ea9m m\u1ef9 vi\u1ec7n, trung t\u00e2m l\u00e0m m\u00f3ng v\u00e0 spa, trung t\u00e2m massage ch\u00e2n v\u00e0 c\u00e1c c\u01a1 s\u1edf t\u01b0\u01a1ng t\u1ef1 kh\u00e1c. C\u00f3 s\u1eb5n c\u00e1c m\u00e0u s\u1eafc t\u00f9y ch\u1ec9nh; tr\u1ef1c ti\u1ebfp t\u1eeb nh\u00e0 m\u00e1y.<\/p>\n","protected":false},"featured_media":85739,"template":"","meta":{"_bst_post_transparent":"","_bst_post_title":"","_bst_post_layout":"","_bst_post_sidebar_id":"","_bst_post_content_style":"","_bst_post_vertical_padding":"","_bst_post_feature":"","_bst_post_feature_position":"","_bst_post_header":false,"_bst_post_footer":false},"product_brand":[1087],"product_cat":[897],"product_tag":[],"class_list":{"0":"post-85719","1":"product","2":"type-product","3":"status-publish","4":"has-post-thumbnail","6":"product_brand-xinsheng-vi","7":"product_cat-ghe-ngam-chan-lam-mong-chan","8":"pa_color-den","9":"pa_color-mau-sac-tuy-chinh","10":"pa_size-88cm85cm123cm-vi","12":"first","13":"instock","14":"sale","15":"shipping-taxable","16":"purchasable","17":"product-type-variable","18":"entry","19":"content-bg","20":"loop-entry"},"_links":{"self":[{"href":"https:\/\/xinshengmanufacture.com\/vi\/wp-json\/wp\/v2\/product\/85719","targetHints":{"allow":["GET"]}}],"collection":[{"href":"https:\/\/xinshengmanufacture.com\/vi\/wp-json\/wp\/v2\/product"}],"about":[{"href":"https:\/\/xinshengmanufacture.com\/vi\/wp-json\/wp\/v2\/types\/product"}],"version-history":[{"count":1,"href":"https:\/\/xinshengmanufacture.com\/vi\/wp-json\/wp\/v2\/product\/85719\/revisions"}],"predecessor-version":[{"id":85750,"href":"https:\/\/xinshengmanufacture.com\/vi\/wp-json\/wp\/v2\/product\/85719\/revisions\/85750"}],"wp:featuredmedia":[{"embeddable":true,"href":"https:\/\/xinshengmanufacture.com\/vi\/wp-json\/wp\/v2\/media\/85739"}],"wp:attachment":[{"href":"https:\/\/xinshengmanufacture.com\/vi\/wp-json\/wp\/v2\/media?parent=85719"}],"wp:term":[{"taxonomy":"product_brand","embeddable":true,"href":"https:\/\/xinshengmanufacture.com\/vi\/wp-json\/wp\/v2\/product_brand?post=85719"},{"taxonomy":"product_cat","embeddable":true,"href":"https:\/\/xinshengmanufacture.com\/vi\/wp-json\/wp\/v2\/product_cat?post=85719"},{"taxonomy":"product_tag","embeddable":true,"href":"https:\/\/xinshengmanufacture.com\/vi\/wp-json\/wp\/v2\/product_tag?post=85719"}],"curies":[{"name":"wp","href":"https:\/\/api.w.org\/{rel}","templated":true}]}}