{"id":86501,"date":"2025-12-29T09:45:15","date_gmt":"2025-12-29T09:45:15","guid":{"rendered":"https:\/\/xinshengmanufacture.com\/product\/giuong-goi-dau-kieu-thai-rong-rai-voi-chau-su-noi-that-salon-giuong-goi-dau-massage-cho-salon-lam-dep-va-toc-chat-luong-cao-gia-ca-phai-chang-va-thiet-thuc-giuong-cham-soc-spa-va-mong-tay-co-the\/"},"modified":"2026-01-03T11:26:56","modified_gmt":"2026-01-03T11:26:56","slug":"giuong-goi-dau-kieu-thai-rong-rai-voi-chau-su-noi-that-salon-giuong-goi-dau-massage-cho-salon-lam-dep-va-toc-chat-luong-cao-gia-ca-phai-chang-va-thiet-thuc-giuong-cham-soc-spa-va-mong-tay-co-the","status":"publish","type":"product","link":"https:\/\/xinshengmanufacture.com\/vi\/product\/giuong-goi-dau-kieu-thai-rong-rai-voi-chau-su-noi-that-salon-giuong-goi-dau-massage-cho-salon-lam-dep-va-toc-chat-luong-cao-gia-ca-phai-chang-va-thiet-thuc-giuong-cham-soc-spa-va-mong-tay-co-the\/","title":{"rendered":"Gi\u01b0\u1eddng g\u1ed9i \u0111\u1ea7u ki\u1ec3u Th\u00e1i r\u1ed9ng r\u00e3i v\u1edbi ch\u1eadu s\u1ee9, n\u1ed9i th\u1ea5t salon, gi\u01b0\u1eddng g\u1ed9i \u0111\u1ea7u massage cho salon l\u00e0m \u0111\u1eb9p v\u00e0 t\u00f3c, ch\u1ea5t l\u01b0\u1ee3ng cao, gi\u00e1 c\u1ea3 ph\u1ea3i ch\u0103ng v\u00e0 thi\u1ebft th\u1ef1c, gi\u01b0\u1eddng ch\u0103m s\u00f3c spa v\u00e0 m\u00f3ng tay. C\u00f3 th\u1ec3 t\u00f9y ch\u1ec9nh m\u00e0u s\u1eafc\/logo, tr\u1ef1c ti\u1ebfp t\u1eeb nh\u00e0 s\u1ea3n xu\u1ea5t."},"content":{"rendered":"<div class=\"wp-playlist wp-video-playlist wp-playlist-light\">\n\t\t<video controls=\"controls\" preload=\"none\" width=\"1408\"\n\t\t height=\"2503\"\t><\/video>\n\t<div class=\"wp-playlist-next\"><\/div>\n\t<div class=\"wp-playlist-prev\"><\/div>\n\t<noscript>\n\t<ol>\n\t\t<li><a href='https:\/\/xinshengmanufacture.com\/wp-content\/uploads\/2025\/12\/7-5.mp4'>7<\/a><\/li>\t<\/ol>\n\t<\/noscript>\n\t<script type=\"application\/json\" class=\"wp-playlist-script\">{\"type\":\"video\",\"tracklist\":false,\"tracknumbers\":true,\"images\":true,\"artists\":true,\"tracks\":[{\"src\":\"https:\/\/xinshengmanufacture.com\/wp-content\/uploads\/2025\/12\/7-5.mp4\",\"type\":\"video\/mp4\",\"title\":\"7\",\"caption\":\"\",\"description\":\"\",\"meta\":{\"length_formatted\":\"0:45\"},\"dimensions\":{\"original\":{\"width\":1080,\"height\":1920},\"resized\":{\"width\":1408,\"height\":2503}},\"image\":{\"src\":\"https:\/\/xinshengmanufacture.com\/wp-includes\/images\/media\/video.svg\",\"width\":48,\"height\":64},\"thumb\":{\"src\":\"https:\/\/xinshengmanufacture.com\/wp-includes\/images\/media\/video.svg\",\"width\":48,\"height\":64}}]}<\/script>\n<\/div>\n\t\n<p><img fetchpriority=\"high\" decoding=\"async\" class=\"size-full wp-image-82465 aligncenter\" src=\"https:\/\/xinshengmanufacture.com\/wp-content\/uploads\/2025\/10\/%E8%B6%85%E5%B7%A5%E5%AE%9A%E5%88%B6%E8%8B%B1%E6%96%87_011-1.jpg\" alt=\"\" width=\"1200\" height=\"1857\"><img decoding=\"async\" class=\"size-full wp-image-82477 aligncenter\" src=\"https:\/\/xinshengmanufacture.com\/wp-content\/uploads\/2025\/10\/%E8%B6%85%E5%B7%A5%E5%AE%9A%E5%88%B6%E8%8B%B1%E6%96%87_021-1.jpg\" alt=\"\" width=\"1200\" height=\"1054\"><img decoding=\"async\" class=\"size-full wp-image-82489 aligncenter\" src=\"https:\/\/xinshengmanufacture.com\/wp-content\/uploads\/2025\/10\/%E8%B6%85%E5%B7%A5%E5%AE%9A%E5%88%B6%E8%8B%B1%E6%96%87_031-1.jpg\" alt=\"\" width=\"1200\" height=\"1563\"><img loading=\"lazy\" decoding=\"async\" class=\"size-full wp-image-82501 aligncenter\" src=\"https:\/\/xinshengmanufacture.com\/wp-content\/uploads\/2025\/10\/%E8%B6%85%E5%B7%A5%E5%AE%9A%E5%88%B6%E8%8B%B1%E6%96%87_041-1.jpg\" alt=\"\" width=\"1200\" height=\"1755\"><img loading=\"lazy\" decoding=\"async\" class=\"size-full wp-image-82513 aligncenter\" src=\"https:\/\/xinshengmanufacture.com\/wp-content\/uploads\/2025\/10\/%E8%B6%85%E5%B7%A5%E5%AE%9A%E5%88%B6%E8%8B%B1%E6%96%87_051-1.jpg\" alt=\"\" width=\"1200\" height=\"2257\"><img loading=\"lazy\" decoding=\"async\" class=\"size-full wp-image-86427 aligncenter\" src=\"https:\/\/xinshengmanufacture.com\/wp-content\/uploads\/2025\/12\/1-1-4.jpg\" alt=\"\" width=\"1200\" height=\"2038\" srcset=\"https:\/\/xinshengmanufacture.com\/wp-content\/uploads\/2025\/12\/1-1-4.jpg 1200w, https:\/\/xinshengmanufacture.com\/wp-content\/uploads\/2025\/12\/1-1-4-177x300.jpg 177w, https:\/\/xinshengmanufacture.com\/wp-content\/uploads\/2025\/12\/1-1-4-603x1024.jpg 603w, https:\/\/xinshengmanufacture.com\/wp-content\/uploads\/2025\/12\/1-1-4-768x1304.jpg 768w, https:\/\/xinshengmanufacture.com\/wp-content\/uploads\/2025\/12\/1-1-4-904x1536.jpg 904w, https:\/\/xinshengmanufacture.com\/wp-content\/uploads\/2025\/12\/1-1-4-600x1019.jpg 600w\" sizes=\"(max-width: 1200px) 100vw, 1200px\" \/> <img loading=\"lazy\" decoding=\"async\" class=\"size-full wp-image-86428 aligncenter\" src=\"https:\/\/xinshengmanufacture.com\/wp-content\/uploads\/2025\/12\/1-2-4.jpg\" alt=\"\" width=\"1200\" height=\"2125\" srcset=\"https:\/\/xinshengmanufacture.com\/wp-content\/uploads\/2025\/12\/1-2-4.jpg 1200w, https:\/\/xinshengmanufacture.com\/wp-content\/uploads\/2025\/12\/1-2-4-169x300.jpg 169w, https:\/\/xinshengmanufacture.com\/wp-content\/uploads\/2025\/12\/1-2-4-578x1024.jpg 578w, https:\/\/xinshengmanufacture.com\/wp-content\/uploads\/2025\/12\/1-2-4-768x1360.jpg 768w, https:\/\/xinshengmanufacture.com\/wp-content\/uploads\/2025\/12\/1-2-4-867x1536.jpg 867w, https:\/\/xinshengmanufacture.com\/wp-content\/uploads\/2025\/12\/1-2-4-1157x2048.jpg 1157w, https:\/\/xinshengmanufacture.com\/wp-content\/uploads\/2025\/12\/1-2-4-600x1063.jpg 600w\" sizes=\"(max-width: 1200px) 100vw, 1200px\" \/> <img loading=\"lazy\" decoding=\"async\" class=\"size-full wp-image-86429 aligncenter\" src=\"https:\/\/xinshengmanufacture.com\/wp-content\/uploads\/2025\/12\/1-3-3.jpg\" alt=\"\" width=\"1200\" height=\"2029\" srcset=\"https:\/\/xinshengmanufacture.com\/wp-content\/uploads\/2025\/12\/1-3-3.jpg 1200w, https:\/\/xinshengmanufacture.com\/wp-content\/uploads\/2025\/12\/1-3-3-177x300.jpg 177w, https:\/\/xinshengmanufacture.com\/wp-content\/uploads\/2025\/12\/1-3-3-606x1024.jpg 606w, https:\/\/xinshengmanufacture.com\/wp-content\/uploads\/2025\/12\/1-3-3-768x1299.jpg 768w, https:\/\/xinshengmanufacture.com\/wp-content\/uploads\/2025\/12\/1-3-3-908x1536.jpg 908w, https:\/\/xinshengmanufacture.com\/wp-content\/uploads\/2025\/12\/1-3-3-600x1015.jpg 600w\" sizes=\"(max-width: 1200px) 100vw, 1200px\" \/> <img loading=\"lazy\" decoding=\"async\" class=\"size-full wp-image-86430 aligncenter\" src=\"https:\/\/xinshengmanufacture.com\/wp-content\/uploads\/2025\/12\/1-4-3.jpg\" alt=\"\" width=\"1200\" height=\"2252\" srcset=\"https:\/\/xinshengmanufacture.com\/wp-content\/uploads\/2025\/12\/1-4-3.jpg 1200w, https:\/\/xinshengmanufacture.com\/wp-content\/uploads\/2025\/12\/1-4-3-160x300.jpg 160w, https:\/\/xinshengmanufacture.com\/wp-content\/uploads\/2025\/12\/1-4-3-546x1024.jpg 546w, https:\/\/xinshengmanufacture.com\/wp-content\/uploads\/2025\/12\/1-4-3-768x1441.jpg 768w, https:\/\/xinshengmanufacture.com\/wp-content\/uploads\/2025\/12\/1-4-3-818x1536.jpg 818w, https:\/\/xinshengmanufacture.com\/wp-content\/uploads\/2025\/12\/1-4-3-1091x2048.jpg 1091w, https:\/\/xinshengmanufacture.com\/wp-content\/uploads\/2025\/12\/1-4-3-600x1126.jpg 600w\" sizes=\"(max-width: 1200px) 100vw, 1200px\" \/> <img loading=\"lazy\" decoding=\"async\" class=\"size-full wp-image-86431 aligncenter\" src=\"https:\/\/xinshengmanufacture.com\/wp-content\/uploads\/2025\/12\/1-5-3.jpg\" alt=\"\" width=\"1200\" height=\"2105\" srcset=\"https:\/\/xinshengmanufacture.com\/wp-content\/uploads\/2025\/12\/1-5-3.jpg 1200w, https:\/\/xinshengmanufacture.com\/wp-content\/uploads\/2025\/12\/1-5-3-171x300.jpg 171w, https:\/\/xinshengmanufacture.com\/wp-content\/uploads\/2025\/12\/1-5-3-584x1024.jpg 584w, https:\/\/xinshengmanufacture.com\/wp-content\/uploads\/2025\/12\/1-5-3-768x1347.jpg 768w, https:\/\/xinshengmanufacture.com\/wp-content\/uploads\/2025\/12\/1-5-3-876x1536.jpg 876w, https:\/\/xinshengmanufacture.com\/wp-content\/uploads\/2025\/12\/1-5-3-1168x2048.jpg 1168w, https:\/\/xinshengmanufacture.com\/wp-content\/uploads\/2025\/12\/1-5-3-600x1053.jpg 600w\" sizes=\"(max-width: 1200px) 100vw, 1200px\" \/> <img loading=\"lazy\" decoding=\"async\" class=\"size-full wp-image-86432 aligncenter\" src=\"https:\/\/xinshengmanufacture.com\/wp-content\/uploads\/2025\/12\/1-6-3.jpg\" alt=\"\" width=\"1200\" height=\"2144\" srcset=\"https:\/\/xinshengmanufacture.com\/wp-content\/uploads\/2025\/12\/1-6-3.jpg 1200w, https:\/\/xinshengmanufacture.com\/wp-content\/uploads\/2025\/12\/1-6-3-168x300.jpg 168w, https:\/\/xinshengmanufacture.com\/wp-content\/uploads\/2025\/12\/1-6-3-573x1024.jpg 573w, https:\/\/xinshengmanufacture.com\/wp-content\/uploads\/2025\/12\/1-6-3-768x1372.jpg 768w, https:\/\/xinshengmanufacture.com\/wp-content\/uploads\/2025\/12\/1-6-3-860x1536.jpg 860w, https:\/\/xinshengmanufacture.com\/wp-content\/uploads\/2025\/12\/1-6-3-1146x2048.jpg 1146w, https:\/\/xinshengmanufacture.com\/wp-content\/uploads\/2025\/12\/1-6-3-600x1072.jpg 600w\" sizes=\"(max-width: 1200px) 100vw, 1200px\" \/> <img loading=\"lazy\" decoding=\"async\" class=\"aligncenter wp-image-86433\" src=\"https:\/\/xinshengmanufacture.com\/wp-content\/uploads\/2025\/12\/1-7-3.jpg\" alt=\"\" width=\"1200\" height=\"2895\" srcset=\"https:\/\/xinshengmanufacture.com\/wp-content\/uploads\/2025\/12\/1-7-3.jpg 1061w, https:\/\/xinshengmanufacture.com\/wp-content\/uploads\/2025\/12\/1-7-3-124x300.jpg 124w, https:\/\/xinshengmanufacture.com\/wp-content\/uploads\/2025\/12\/1-7-3-424x1024.jpg 424w, https:\/\/xinshengmanufacture.com\/wp-content\/uploads\/2025\/12\/1-7-3-768x1853.jpg 768w, https:\/\/xinshengmanufacture.com\/wp-content\/uploads\/2025\/12\/1-7-3-637x1536.jpg 637w, https:\/\/xinshengmanufacture.com\/wp-content\/uploads\/2025\/12\/1-7-3-849x2048.jpg 849w, https:\/\/xinshengmanufacture.com\/wp-content\/uploads\/2025\/12\/1-7-3-600x1448.jpg 600w\" sizes=\"(max-width: 1200px) 100vw, 1200px\" \/> <img loading=\"lazy\" decoding=\"async\" class=\"aligncenter wp-image-86434\" src=\"https:\/\/xinshengmanufacture.com\/wp-content\/uploads\/2025\/12\/1-8-3.jpg\" alt=\"\" width=\"1200\" height=\"2871\" srcset=\"https:\/\/xinshengmanufacture.com\/wp-content\/uploads\/2025\/12\/1-8-3.jpg 1070w, https:\/\/xinshengmanufacture.com\/wp-content\/uploads\/2025\/12\/1-8-3-125x300.jpg 125w, https:\/\/xinshengmanufacture.com\/wp-content\/uploads\/2025\/12\/1-8-3-428x1024.jpg 428w, https:\/\/xinshengmanufacture.com\/wp-content\/uploads\/2025\/12\/1-8-3-768x1837.jpg 768w, https:\/\/xinshengmanufacture.com\/wp-content\/uploads\/2025\/12\/1-8-3-642x1536.jpg 642w, https:\/\/xinshengmanufacture.com\/wp-content\/uploads\/2025\/12\/1-8-3-856x2048.jpg 856w, https:\/\/xinshengmanufacture.com\/wp-content\/uploads\/2025\/12\/1-8-3-600x1436.jpg 600w\" sizes=\"(max-width: 1200px) 100vw, 1200px\" \/> <img loading=\"lazy\" decoding=\"async\" class=\"size-full wp-image-86435 aligncenter\" src=\"https:\/\/xinshengmanufacture.com\/wp-content\/uploads\/2025\/12\/1-9-3.jpg\" alt=\"\" width=\"1200\" height=\"2516\" srcset=\"https:\/\/xinshengmanufacture.com\/wp-content\/uploads\/2025\/12\/1-9-3.jpg 1200w, https:\/\/xinshengmanufacture.com\/wp-content\/uploads\/2025\/12\/1-9-3-143x300.jpg 143w, https:\/\/xinshengmanufacture.com\/wp-content\/uploads\/2025\/12\/1-9-3-488x1024.jpg 488w, https:\/\/xinshengmanufacture.com\/wp-content\/uploads\/2025\/12\/1-9-3-768x1610.jpg 768w, https:\/\/xinshengmanufacture.com\/wp-content\/uploads\/2025\/12\/1-9-3-733x1536.jpg 733w, https:\/\/xinshengmanufacture.com\/wp-content\/uploads\/2025\/12\/1-9-3-977x2048.jpg 977w, https:\/\/xinshengmanufacture.com\/wp-content\/uploads\/2025\/12\/1-9-3-600x1258.jpg 600w\" sizes=\"(max-width: 1200px) 100vw, 1200px\" \/><\/p>\n","protected":false},"excerpt":{"rendered":"<p>Gi\u01b0\u1eddng g\u1ed9i \u0111\u1ea7u c\u1ee1 l\u1edbn n\u00e0y ph\u00f9 h\u1ee3p cho c\u00e1c th\u1ea9m m\u1ef9 vi\u1ec7n, ti\u1ec7m l\u00e0m t\u00f3c, spa l\u00e0m m\u00f3ng, trung t\u00e2m massage v\u00e0 c\u00e1c c\u01a1 s\u1edf kh\u00e1c. C\u00f3 th\u1ec3 \u0111\u1eb7t h\u00e0ng m\u00e0u s\u1eafc theo y\u00eau c\u1ea7u v\u00e0 s\u1ea3n ph\u1ea9m \u0111\u01b0\u1ee3c b\u00e1n tr\u1ef1c ti\u1ebfp t\u1eeb nh\u00e0 s\u1ea3n xu\u1ea5t. <\/p>\n","protected":false},"featured_media":86508,"template":"","meta":{"_bst_post_transparent":"","_bst_post_title":"","_bst_post_layout":"","_bst_post_sidebar_id":"","_bst_post_content_style":"","_bst_post_vertical_padding":"","_bst_post_feature":"","_bst_post_feature_position":"","_bst_post_header":false,"_bst_post_footer":false},"product_brand":[],"product_cat":[904],"product_tag":[],"class_list":{"0":"post-86501","1":"product","2":"type-product","3":"status-publish","4":"has-post-thumbnail","6":"product_cat-giuong-goi-dau-kieu-thai","7":"pa_color-mau-kaki","8":"pa_color-mau-sac-tuy-chinh","9":"pa_size-200cm68cm70cm-vi","11":"first","12":"instock","13":"sale","14":"shipping-taxable","15":"purchasable","16":"product-type-variable","17":"entry","18":"content-bg","19":"loop-entry"},"_links":{"self":[{"href":"https:\/\/xinshengmanufacture.com\/vi\/wp-json\/wp\/v2\/product\/86501","targetHints":{"allow":["GET"]}}],"collection":[{"href":"https:\/\/xinshengmanufacture.com\/vi\/wp-json\/wp\/v2\/product"}],"about":[{"href":"https:\/\/xinshengmanufacture.com\/vi\/wp-json\/wp\/v2\/types\/product"}],"version-history":[{"count":6,"href":"https:\/\/xinshengmanufacture.com\/vi\/wp-json\/wp\/v2\/product\/86501\/revisions"}],"predecessor-version":[{"id":86600,"href":"https:\/\/xinshengmanufacture.com\/vi\/wp-json\/wp\/v2\/product\/86501\/revisions\/86600"}],"wp:featuredmedia":[{"embeddable":true,"href":"https:\/\/xinshengmanufacture.com\/vi\/wp-json\/wp\/v2\/media\/86508"}],"wp:attachment":[{"href":"https:\/\/xinshengmanufacture.com\/vi\/wp-json\/wp\/v2\/media?parent=86501"}],"wp:term":[{"taxonomy":"product_brand","embeddable":true,"href":"https:\/\/xinshengmanufacture.com\/vi\/wp-json\/wp\/v2\/product_brand?post=86501"},{"taxonomy":"product_cat","embeddable":true,"href":"https:\/\/xinshengmanufacture.com\/vi\/wp-json\/wp\/v2\/product_cat?post=86501"},{"taxonomy":"product_tag","embeddable":true,"href":"https:\/\/xinshengmanufacture.com\/vi\/wp-json\/wp\/v2\/product_tag?post=86501"}],"curies":[{"name":"wp","href":"https:\/\/api.w.org\/{rel}","templated":true}]}}