{"id":87902,"date":"2026-01-31T07:31:33","date_gmt":"2026-01-31T07:31:33","guid":{"rendered":"https:\/\/xinshengmanufacture.com\/product\/giuong-lam-dep-noi-that-salon-sang-trong-va-tien-dung-giuong-nang-dien-co-the-dieu-chinh-do-cao-phu-hop-cho-cac-salon-lam-dep-spa-va-dich-vu-noi-mi-ban-hang-truc-tiep-tu-nha-may-co-the-tuy-chinh\/"},"modified":"2026-01-31T07:36:52","modified_gmt":"2026-01-31T07:36:52","slug":"giuong-lam-dep-noi-that-salon-sang-trong-va-tien-dung-giuong-nang-dien-co-the-dieu-chinh-do-cao-phu-hop-cho-cac-salon-lam-dep-spa-va-dich-vu-noi-mi-ban-hang-truc-tiep-tu-nha-may-co-the-tuy-chinh","status":"publish","type":"product","link":"https:\/\/xinshengmanufacture.com\/vi\/product\/giuong-lam-dep-noi-that-salon-sang-trong-va-tien-dung-giuong-nang-dien-co-the-dieu-chinh-do-cao-phu-hop-cho-cac-salon-lam-dep-spa-va-dich-vu-noi-mi-ban-hang-truc-tiep-tu-nha-may-co-the-tuy-chinh\/","title":{"rendered":"Gi\u01b0\u1eddng l\u00e0m \u0111\u1eb9p\/n\u1ed9i th\u1ea5t salon sang tr\u1ecdng v\u00e0 ti\u1ec7n d\u1ee5ng, gi\u01b0\u1eddng n\u00e2ng \u0111i\u1ec7n c\u00f3 th\u1ec3 \u0111i\u1ec1u ch\u1ec9nh \u0111\u1ed9 cao, ph\u00f9 h\u1ee3p cho c\u00e1c salon l\u00e0m \u0111\u1eb9p, spa v\u00e0 d\u1ecbch v\u1ee5 n\u1ed1i mi. B\u00e1n h\u00e0ng tr\u1ef1c ti\u1ebfp t\u1eeb nh\u00e0 m\u00e1y, c\u00f3 th\u1ec3 t\u00f9y ch\u1ec9nh m\u00e0u s\u1eafc."},"content":{"rendered":"<p style=\"text-align: center;\"><img fetchpriority=\"high\" decoding=\"async\" class=\"size-full wp-image-87664 aligncenter\" src=\"https:\/\/xinshengmanufacture.com\/wp-content\/uploads\/2026\/01\/%E8%B6%85%E5%B7%A5%E5%AE%9A%E5%88%B6%E8%8B%B1%E6%96%87_011.jpg\" alt=\"\" width=\"1200\" height=\"1857\"> <img decoding=\"async\" class=\"size-full wp-image-87665 aligncenter\" src=\"https:\/\/xinshengmanufacture.com\/wp-content\/uploads\/2026\/01\/%E8%B6%85%E5%B7%A5%E5%AE%9A%E5%88%B6%E8%8B%B1%E6%96%87_021.jpg\" alt=\"\" width=\"1200\" height=\"1054\"> <img decoding=\"async\" class=\"size-full wp-image-87666 aligncenter\" src=\"https:\/\/xinshengmanufacture.com\/wp-content\/uploads\/2026\/01\/%E8%B6%85%E5%B7%A5%E5%AE%9A%E5%88%B6%E8%8B%B1%E6%96%87_031.jpg\" alt=\"\" width=\"1200\" height=\"1563\"> <img loading=\"lazy\" decoding=\"async\" class=\"size-full wp-image-87667 aligncenter\" src=\"https:\/\/xinshengmanufacture.com\/wp-content\/uploads\/2026\/01\/%E8%B6%85%E5%B7%A5%E5%AE%9A%E5%88%B6%E8%8B%B1%E6%96%87_041.jpg\" alt=\"\" width=\"1200\" height=\"1755\"> <img loading=\"lazy\" decoding=\"async\" class=\"size-full wp-image-87668 aligncenter\" src=\"https:\/\/xinshengmanufacture.com\/wp-content\/uploads\/2026\/01\/%E8%B6%85%E5%B7%A5%E5%AE%9A%E5%88%B6%E8%8B%B1%E6%96%87_051.jpg\" alt=\"\" width=\"1200\" height=\"2257\"><img loading=\"lazy\" decoding=\"async\" class=\"size-full wp-image-87669 aligncenter\" src=\"https:\/\/xinshengmanufacture.com\/wp-content\/uploads\/2026\/01\/%E7%BE%8E%E5%AE%B9%E6%A4%85_01.jpg\" alt=\"\" width=\"1200\" height=\"2542\"> <img loading=\"lazy\" decoding=\"async\" class=\"size-full wp-image-87670 aligncenter\" src=\"https:\/\/xinshengmanufacture.com\/wp-content\/uploads\/2026\/01\/%E7%BE%8E%E5%AE%B9%E6%A4%85_02.jpg\" alt=\"\" width=\"1200\" height=\"1755\"> <img loading=\"lazy\" decoding=\"async\" class=\"aligncenter wp-image-87671\" src=\"https:\/\/xinshengmanufacture.com\/wp-content\/uploads\/2026\/01\/%E7%BE%8E%E5%AE%B9%E6%A4%85_03.jpg\" alt=\"\" width=\"1200\" height=\"2721\"> <img loading=\"lazy\" decoding=\"async\" class=\"size-full wp-image-87672 aligncenter\" src=\"https:\/\/xinshengmanufacture.com\/wp-content\/uploads\/2026\/01\/%E7%BE%8E%E5%AE%B9%E6%A4%85_04.jpg\" alt=\"\" width=\"1200\" height=\"2096\"> <img loading=\"lazy\" decoding=\"async\" class=\"size-full wp-image-87673 aligncenter\" src=\"https:\/\/xinshengmanufacture.com\/wp-content\/uploads\/2026\/01\/%E7%BE%8E%E5%AE%B9%E6%A4%85_05.jpg\" alt=\"\" width=\"1200\" height=\"2011\"> <img loading=\"lazy\" decoding=\"async\" class=\"size-full wp-image-87674 aligncenter\" src=\"https:\/\/xinshengmanufacture.com\/wp-content\/uploads\/2026\/01\/%E7%BE%8E%E5%AE%B9%E6%A4%85_06.jpg\" alt=\"\" width=\"1200\" height=\"2308\"> <img loading=\"lazy\" decoding=\"async\" class=\"aligncenter wp-image-87675\" src=\"https:\/\/xinshengmanufacture.com\/wp-content\/uploads\/2026\/01\/%E7%BE%8E%E5%AE%B9%E6%A4%85_07.jpg\" alt=\"\" width=\"1200\" height=\"4123\"> <img loading=\"lazy\" decoding=\"async\" class=\"size-full wp-image-87676 aligncenter\" src=\"https:\/\/xinshengmanufacture.com\/wp-content\/uploads\/2026\/01\/%E7%BE%8E%E5%AE%B9%E6%A4%85_08.jpg\" alt=\"\" width=\"1200\" height=\"1766\"> <img loading=\"lazy\" decoding=\"async\" class=\"aligncenter wp-image-87677\" src=\"https:\/\/xinshengmanufacture.com\/wp-content\/uploads\/2026\/01\/%E7%BE%8E%E5%AE%B9%E6%A4%85_09.jpg\" alt=\"\" width=\"1200\" height=\"2648\"> <img loading=\"lazy\" decoding=\"async\" class=\"size-full wp-image-87678 aligncenter\" src=\"https:\/\/xinshengmanufacture.com\/wp-content\/uploads\/2026\/01\/%E7%BE%8E%E5%AE%B9%E6%A4%85_10.jpg\" alt=\"\" width=\"1200\" height=\"2436\"><\/p>\n","protected":false},"excerpt":{"rendered":"<p>Gi\u01b0\u1eddng n\u00e2ng \u0111i\u1ec7n l\u00e0m \u0111\u1eb9p ki\u1ec3u d\u00e1ng hi\u1ec7n \u0111\u1ea1i v\u00e0 ti\u1ec7n d\u1ee5ng, th\u00edch h\u1ee3p s\u1eed d\u1ee5ng trong c\u00e1c th\u1ea9m m\u1ef9 vi\u1ec7n, trung t\u00e2m l\u00e0m \u0111\u1eb9p, spa, ti\u1ec7m nail v\u00e0 c\u00e1c \u0111\u1ecba \u0111i\u1ec3m kh\u00e1c. H\u00e0ng tr\u1ef1c ti\u1ebfp t\u1eeb nh\u00e0 m\u00e1y, gi\u00e1 b\u00e1n bu\u00f4n ngay c\u1ea3 khi mua l\u1ebb. C\u00f3 th\u1ec3 \u0111\u1eb7t m\u00e0u theo y\u00eau c\u1ea7u.  <\/p>\n","protected":false},"featured_media":87911,"template":"","meta":{"_bst_post_transparent":"","_bst_post_title":"","_bst_post_layout":"","_bst_post_sidebar_id":"","_bst_post_content_style":"","_bst_post_vertical_padding":"","_bst_post_feature":"","_bst_post_feature_position":"","_bst_post_header":false,"_bst_post_footer":false},"product_brand":[1087],"product_cat":[819],"product_tag":[],"class_list":{"0":"post-87902","1":"product","2":"type-product","3":"status-publish","4":"has-post-thumbnail","6":"product_brand-xinsheng-vi","7":"product_cat-giuong-lam-dep","8":"pa_color-mau-sac-tuy-chinh","9":"pa_color-trang","10":"pa_size-195cm80cm98cm","12":"first","13":"instock","14":"sale","15":"shipping-taxable","16":"purchasable","17":"product-type-variable","18":"entry","19":"content-bg","20":"loop-entry"},"_links":{"self":[{"href":"https:\/\/xinshengmanufacture.com\/vi\/wp-json\/wp\/v2\/product\/87902","targetHints":{"allow":["GET"]}}],"collection":[{"href":"https:\/\/xinshengmanufacture.com\/vi\/wp-json\/wp\/v2\/product"}],"about":[{"href":"https:\/\/xinshengmanufacture.com\/vi\/wp-json\/wp\/v2\/types\/product"}],"version-history":[{"count":1,"href":"https:\/\/xinshengmanufacture.com\/vi\/wp-json\/wp\/v2\/product\/87902\/revisions"}],"predecessor-version":[{"id":87956,"href":"https:\/\/xinshengmanufacture.com\/vi\/wp-json\/wp\/v2\/product\/87902\/revisions\/87956"}],"wp:featuredmedia":[{"embeddable":true,"href":"https:\/\/xinshengmanufacture.com\/vi\/wp-json\/wp\/v2\/media\/87911"}],"wp:attachment":[{"href":"https:\/\/xinshengmanufacture.com\/vi\/wp-json\/wp\/v2\/media?parent=87902"}],"wp:term":[{"taxonomy":"product_brand","embeddable":true,"href":"https:\/\/xinshengmanufacture.com\/vi\/wp-json\/wp\/v2\/product_brand?post=87902"},{"taxonomy":"product_cat","embeddable":true,"href":"https:\/\/xinshengmanufacture.com\/vi\/wp-json\/wp\/v2\/product_cat?post=87902"},{"taxonomy":"product_tag","embeddable":true,"href":"https:\/\/xinshengmanufacture.com\/vi\/wp-json\/wp\/v2\/product_tag?post=87902"}],"curies":[{"name":"wp","href":"https:\/\/api.w.org\/{rel}","templated":true}]}}