{"id":88527,"date":"2026-03-20T08:00:28","date_gmt":"2026-03-20T08:00:28","guid":{"rendered":"https:\/\/xinshengmanufacture.com\/product\/ghe-lam-mong-chan-cao-cap-tich-hop-chuc-nang-massage-co-tinh-nang-nga-lung-mot-cham-nha-san-xuat-noi-that-salon-thiet-ke-hien-dai-va-sang-trong-ly-tuong-cho-dic\/"},"modified":"2026-03-20T08:03:07","modified_gmt":"2026-03-20T08:03:07","slug":"ghe-lam-mong-chan-cao-cap-tich-hop-chuc-nang-massage-co-tinh-nang-nga-lung-mot-cham-nha-san-xuat-noi-that-salon-thiet-ke-hien-dai-va-sang-trong-ly-tuong-cho-dic","status":"publish","type":"product","link":"https:\/\/xinshengmanufacture.com\/vi\/product\/ghe-lam-mong-chan-cao-cap-tich-hop-chuc-nang-massage-co-tinh-nang-nga-lung-mot-cham-nha-san-xuat-noi-that-salon-thiet-ke-hien-dai-va-sang-trong-ly-tuong-cho-dic\/","title":{"rendered":"Gh\u1ebf l\u00e0m m\u00f3ng ch\u00e2n cao c\u1ea5p t\u00edch h\u1ee3p ch\u1ee9c n\u0103ng massage \u2014 C\u00f3 t\u00ednh n\u0103ng ng\u1ea3 l\u01b0ng m\u1ed9t ch\u1ea1m \u2014 Nh\u00e0 s\u1ea3n xu\u1ea5t n\u1ed9i th\u1ea5t salon \u2014 Thi\u1ebft k\u1ebf hi\u1ec7n \u0111\u1ea1i v\u00e0 sang tr\u1ecdng \u2014 L\u00fd t\u01b0\u1edfng cho d\u1ecbch v\u1ee5 l\u00e0m m\u00f3ng, spa v\u00e0 ng\u00e2m ch\u00e2n \u2014 Thi\u1ebft b\u1ecb salon t\u00f3c \u2014 B\u00e1n h\u00e0ng tr\u1ef1c ti\u1ebfp t\u1eeb nh\u00e0 m\u00e1y \u2014 C\u00f3 th\u1ec3 \u0111\u1eb7t m\u00e0u theo y\u00eau c\u1ea7u"},"content":{"rendered":"<p><img fetchpriority=\"high\" decoding=\"async\" class=\"size-full wp-image-87664 aligncenter\" src=\"https:\/\/xinshengmanufacture.com\/wp-content\/uploads\/2026\/01\/%E8%B6%85%E5%B7%A5%E5%AE%9A%E5%88%B6%E8%8B%B1%E6%96%87_011.jpg\" alt=\"\" width=\"1200\" height=\"1857\"><img decoding=\"async\" class=\"size-full wp-image-87665 aligncenter\" src=\"https:\/\/xinshengmanufacture.com\/wp-content\/uploads\/2026\/01\/%E8%B6%85%E5%B7%A5%E5%AE%9A%E5%88%B6%E8%8B%B1%E6%96%87_021.jpg\" alt=\"\" width=\"1200\" height=\"1054\"><img decoding=\"async\" class=\"size-full wp-image-87666 aligncenter\" src=\"https:\/\/xinshengmanufacture.com\/wp-content\/uploads\/2026\/01\/%E8%B6%85%E5%B7%A5%E5%AE%9A%E5%88%B6%E8%8B%B1%E6%96%87_031.jpg\" alt=\"\" width=\"1200\" height=\"1563\"><img loading=\"lazy\" decoding=\"async\" class=\"size-full wp-image-87667 aligncenter\" src=\"https:\/\/xinshengmanufacture.com\/wp-content\/uploads\/2026\/01\/%E8%B6%85%E5%B7%A5%E5%AE%9A%E5%88%B6%E8%8B%B1%E6%96%87_041.jpg\" alt=\"\" width=\"1200\" height=\"1755\"><img loading=\"lazy\" decoding=\"async\" class=\"size-full wp-image-87668 aligncenter\" src=\"https:\/\/xinshengmanufacture.com\/wp-content\/uploads\/2026\/01\/%E8%B6%85%E5%B7%A5%E5%AE%9A%E5%88%B6%E8%8B%B1%E6%96%87_051.jpg\" alt=\"\" width=\"1200\" height=\"2257\"><img loading=\"lazy\" decoding=\"async\" class=\"size-full wp-image-88434 aligncenter\" src=\"https:\/\/xinshengmanufacture.com\/wp-content\/uploads\/2026\/03\/1-1-1.jpg\" alt=\"\" width=\"1200\" height=\"2077\" srcset=\"https:\/\/xinshengmanufacture.com\/wp-content\/uploads\/2026\/03\/1-1-1.jpg 1200w, https:\/\/xinshengmanufacture.com\/wp-content\/uploads\/2026\/03\/1-1-1-173x300.jpg 173w, https:\/\/xinshengmanufacture.com\/wp-content\/uploads\/2026\/03\/1-1-1-592x1024.jpg 592w, https:\/\/xinshengmanufacture.com\/wp-content\/uploads\/2026\/03\/1-1-1-768x1329.jpg 768w, https:\/\/xinshengmanufacture.com\/wp-content\/uploads\/2026\/03\/1-1-1-887x1536.jpg 887w, https:\/\/xinshengmanufacture.com\/wp-content\/uploads\/2026\/03\/1-1-1-1183x2048.jpg 1183w, https:\/\/xinshengmanufacture.com\/wp-content\/uploads\/2026\/03\/1-1-1-600x1039.jpg 600w\" sizes=\"(max-width: 1200px) 100vw, 1200px\" \/> <img loading=\"lazy\" decoding=\"async\" class=\"size-full wp-image-88435 aligncenter\" src=\"https:\/\/xinshengmanufacture.com\/wp-content\/uploads\/2026\/03\/1-10.jpg\" alt=\"\" width=\"1200\" height=\"2378\" srcset=\"https:\/\/xinshengmanufacture.com\/wp-content\/uploads\/2026\/03\/1-10.jpg 1200w, https:\/\/xinshengmanufacture.com\/wp-content\/uploads\/2026\/03\/1-10-151x300.jpg 151w, https:\/\/xinshengmanufacture.com\/wp-content\/uploads\/2026\/03\/1-10-517x1024.jpg 517w, https:\/\/xinshengmanufacture.com\/wp-content\/uploads\/2026\/03\/1-10-768x1522.jpg 768w, https:\/\/xinshengmanufacture.com\/wp-content\/uploads\/2026\/03\/1-10-775x1536.jpg 775w, https:\/\/xinshengmanufacture.com\/wp-content\/uploads\/2026\/03\/1-10-1033x2048.jpg 1033w, https:\/\/xinshengmanufacture.com\/wp-content\/uploads\/2026\/03\/1-10-600x1189.jpg 600w\" sizes=\"(max-width: 1200px) 100vw, 1200px\" \/> <img loading=\"lazy\" decoding=\"async\" class=\"size-full wp-image-88436 aligncenter\" src=\"https:\/\/xinshengmanufacture.com\/wp-content\/uploads\/2026\/03\/1-2.jpg\" alt=\"\" width=\"1200\" height=\"2272\" srcset=\"https:\/\/xinshengmanufacture.com\/wp-content\/uploads\/2026\/03\/1-2.jpg 1200w, https:\/\/xinshengmanufacture.com\/wp-content\/uploads\/2026\/03\/1-2-158x300.jpg 158w, https:\/\/xinshengmanufacture.com\/wp-content\/uploads\/2026\/03\/1-2-541x1024.jpg 541w, https:\/\/xinshengmanufacture.com\/wp-content\/uploads\/2026\/03\/1-2-768x1454.jpg 768w, https:\/\/xinshengmanufacture.com\/wp-content\/uploads\/2026\/03\/1-2-811x1536.jpg 811w, https:\/\/xinshengmanufacture.com\/wp-content\/uploads\/2026\/03\/1-2-1082x2048.jpg 1082w, https:\/\/xinshengmanufacture.com\/wp-content\/uploads\/2026\/03\/1-2-600x1136.jpg 600w\" sizes=\"(max-width: 1200px) 100vw, 1200px\" \/> <img loading=\"lazy\" decoding=\"async\" class=\"size-full wp-image-88437 aligncenter\" src=\"https:\/\/xinshengmanufacture.com\/wp-content\/uploads\/2026\/03\/1-3.jpg\" alt=\"\" width=\"1200\" height=\"1836\" srcset=\"https:\/\/xinshengmanufacture.com\/wp-content\/uploads\/2026\/03\/1-3.jpg 1200w, https:\/\/xinshengmanufacture.com\/wp-content\/uploads\/2026\/03\/1-3-196x300.jpg 196w, https:\/\/xinshengmanufacture.com\/wp-content\/uploads\/2026\/03\/1-3-669x1024.jpg 669w, https:\/\/xinshengmanufacture.com\/wp-content\/uploads\/2026\/03\/1-3-768x1175.jpg 768w, https:\/\/xinshengmanufacture.com\/wp-content\/uploads\/2026\/03\/1-3-1004x1536.jpg 1004w, https:\/\/xinshengmanufacture.com\/wp-content\/uploads\/2026\/03\/1-3-600x918.jpg 600w\" sizes=\"(max-width: 1200px) 100vw, 1200px\" \/> <img loading=\"lazy\" decoding=\"async\" class=\"size-full wp-image-88438 aligncenter\" src=\"https:\/\/xinshengmanufacture.com\/wp-content\/uploads\/2026\/03\/1-4.jpg\" alt=\"\" width=\"1132\" height=\"2560\" srcset=\"https:\/\/xinshengmanufacture.com\/wp-content\/uploads\/2026\/03\/1-4.jpg 1132w, https:\/\/xinshengmanufacture.com\/wp-content\/uploads\/2026\/03\/1-4-133x300.jpg 133w, https:\/\/xinshengmanufacture.com\/wp-content\/uploads\/2026\/03\/1-4-453x1024.jpg 453w, https:\/\/xinshengmanufacture.com\/wp-content\/uploads\/2026\/03\/1-4-768x1737.jpg 768w, https:\/\/xinshengmanufacture.com\/wp-content\/uploads\/2026\/03\/1-4-679x1536.jpg 679w, https:\/\/xinshengmanufacture.com\/wp-content\/uploads\/2026\/03\/1-4-906x2048.jpg 906w, https:\/\/xinshengmanufacture.com\/wp-content\/uploads\/2026\/03\/1-4-600x1357.jpg 600w\" sizes=\"(max-width: 1132px) 100vw, 1132px\" \/> <img loading=\"lazy\" decoding=\"async\" class=\"size-full wp-image-88439 aligncenter\" src=\"https:\/\/xinshengmanufacture.com\/wp-content\/uploads\/2026\/03\/1-5.jpg\" alt=\"\" width=\"1200\" height=\"2082\" srcset=\"https:\/\/xinshengmanufacture.com\/wp-content\/uploads\/2026\/03\/1-5.jpg 1200w, https:\/\/xinshengmanufacture.com\/wp-content\/uploads\/2026\/03\/1-5-173x300.jpg 173w, https:\/\/xinshengmanufacture.com\/wp-content\/uploads\/2026\/03\/1-5-590x1024.jpg 590w, https:\/\/xinshengmanufacture.com\/wp-content\/uploads\/2026\/03\/1-5-768x1332.jpg 768w, https:\/\/xinshengmanufacture.com\/wp-content\/uploads\/2026\/03\/1-5-885x1536.jpg 885w, https:\/\/xinshengmanufacture.com\/wp-content\/uploads\/2026\/03\/1-5-1180x2048.jpg 1180w, https:\/\/xinshengmanufacture.com\/wp-content\/uploads\/2026\/03\/1-5-600x1041.jpg 600w\" sizes=\"(max-width: 1200px) 100vw, 1200px\" \/> <img loading=\"lazy\" decoding=\"async\" class=\"aligncenter wp-image-88440\" src=\"https:\/\/xinshengmanufacture.com\/wp-content\/uploads\/2026\/03\/1-6.jpg\" alt=\"\" width=\"1200\" height=\"4151\" srcset=\"https:\/\/xinshengmanufacture.com\/wp-content\/uploads\/2026\/03\/1-6.jpg 740w, https:\/\/xinshengmanufacture.com\/wp-content\/uploads\/2026\/03\/1-6-87x300.jpg 87w, https:\/\/xinshengmanufacture.com\/wp-content\/uploads\/2026\/03\/1-6-296x1024.jpg 296w, https:\/\/xinshengmanufacture.com\/wp-content\/uploads\/2026\/03\/1-6-444x1536.jpg 444w, https:\/\/xinshengmanufacture.com\/wp-content\/uploads\/2026\/03\/1-6-592x2048.jpg 592w, https:\/\/xinshengmanufacture.com\/wp-content\/uploads\/2026\/03\/1-6-600x2076.jpg 600w\" sizes=\"(max-width: 1200px) 100vw, 1200px\" \/> <img loading=\"lazy\" decoding=\"async\" class=\"size-full wp-image-88441 aligncenter\" src=\"https:\/\/xinshengmanufacture.com\/wp-content\/uploads\/2026\/03\/1-7.jpg\" alt=\"\" width=\"1200\" height=\"2283\" srcset=\"https:\/\/xinshengmanufacture.com\/wp-content\/uploads\/2026\/03\/1-7.jpg 1200w, https:\/\/xinshengmanufacture.com\/wp-content\/uploads\/2026\/03\/1-7-158x300.jpg 158w, https:\/\/xinshengmanufacture.com\/wp-content\/uploads\/2026\/03\/1-7-538x1024.jpg 538w, https:\/\/xinshengmanufacture.com\/wp-content\/uploads\/2026\/03\/1-7-768x1461.jpg 768w, https:\/\/xinshengmanufacture.com\/wp-content\/uploads\/2026\/03\/1-7-807x1536.jpg 807w, https:\/\/xinshengmanufacture.com\/wp-content\/uploads\/2026\/03\/1-7-1076x2048.jpg 1076w, https:\/\/xinshengmanufacture.com\/wp-content\/uploads\/2026\/03\/1-7-600x1142.jpg 600w\" sizes=\"(max-width: 1200px) 100vw, 1200px\" \/> <img loading=\"lazy\" decoding=\"async\" class=\"size-full wp-image-88442 aligncenter\" src=\"https:\/\/xinshengmanufacture.com\/wp-content\/uploads\/2026\/03\/1-8.jpg\" alt=\"\" width=\"1200\" height=\"2459\" srcset=\"https:\/\/xinshengmanufacture.com\/wp-content\/uploads\/2026\/03\/1-8.jpg 1200w, https:\/\/xinshengmanufacture.com\/wp-content\/uploads\/2026\/03\/1-8-146x300.jpg 146w, https:\/\/xinshengmanufacture.com\/wp-content\/uploads\/2026\/03\/1-8-500x1024.jpg 500w, https:\/\/xinshengmanufacture.com\/wp-content\/uploads\/2026\/03\/1-8-768x1574.jpg 768w, https:\/\/xinshengmanufacture.com\/wp-content\/uploads\/2026\/03\/1-8-750x1536.jpg 750w, https:\/\/xinshengmanufacture.com\/wp-content\/uploads\/2026\/03\/1-8-999x2048.jpg 999w, https:\/\/xinshengmanufacture.com\/wp-content\/uploads\/2026\/03\/1-8-600x1230.jpg 600w\" sizes=\"(max-width: 1200px) 100vw, 1200px\" \/> <img loading=\"lazy\" decoding=\"async\" class=\"aligncenter wp-image-88443\" src=\"https:\/\/xinshengmanufacture.com\/wp-content\/uploads\/2026\/03\/1-9.jpg\" alt=\"\" width=\"1200\" height=\"2901\" srcset=\"https:\/\/xinshengmanufacture.com\/wp-content\/uploads\/2026\/03\/1-9.jpg 1059w, https:\/\/xinshengmanufacture.com\/wp-content\/uploads\/2026\/03\/1-9-124x300.jpg 124w, https:\/\/xinshengmanufacture.com\/wp-content\/uploads\/2026\/03\/1-9-424x1024.jpg 424w, https:\/\/xinshengmanufacture.com\/wp-content\/uploads\/2026\/03\/1-9-768x1857.jpg 768w, https:\/\/xinshengmanufacture.com\/wp-content\/uploads\/2026\/03\/1-9-635x1536.jpg 635w, https:\/\/xinshengmanufacture.com\/wp-content\/uploads\/2026\/03\/1-9-847x2048.jpg 847w, https:\/\/xinshengmanufacture.com\/wp-content\/uploads\/2026\/03\/1-9-600x1450.jpg 600w\" sizes=\"(max-width: 1200px) 100vw, 1200px\" \/><\/p>\n","protected":false},"excerpt":{"rendered":"<p>Gh\u1ebf massage ch\u00e2n th\u00f4ng minh \u0111a ch\u1ee9c n\u0103ng c\u00f3 th\u1ec3 \u0111\u01b0\u1ee3c s\u1eed d\u1ee5ng trong c\u00e1c salon l\u00e0m t\u00f3c, spa, trung t\u00e2m massage, trung t\u00e2m ng\u00e2m ch\u00e2n, v.v. H\u1ed7 tr\u1ee3 t\u00f9y ch\u1ec9nh m\u00e0u s\u1eafc.<\/p>\n","protected":false},"featured_media":88533,"template":"","meta":{"_bst_post_transparent":"","_bst_post_title":"","_bst_post_layout":"","_bst_post_sidebar_id":"","_bst_post_content_style":"","_bst_post_vertical_padding":"","_bst_post_feature":"","_bst_post_feature_position":"","_bst_post_header":false,"_bst_post_footer":false},"product_brand":[],"product_cat":[897],"product_tag":[],"class_list":{"0":"post-88527","1":"product","2":"type-product","3":"status-publish","4":"has-post-thumbnail","6":"product_cat-ghe-ngam-chan-lam-mong-chan","7":"pa_color-mau-sac-tuy-chinh","8":"pa_color-trang","9":"pa_size-130cm90cm140cm-vi","11":"first","12":"instock","13":"sale","14":"shipping-taxable","15":"purchasable","16":"product-type-variable","17":"entry","18":"content-bg","19":"loop-entry"},"_links":{"self":[{"href":"https:\/\/xinshengmanufacture.com\/vi\/wp-json\/wp\/v2\/product\/88527","targetHints":{"allow":["GET"]}}],"collection":[{"href":"https:\/\/xinshengmanufacture.com\/vi\/wp-json\/wp\/v2\/product"}],"about":[{"href":"https:\/\/xinshengmanufacture.com\/vi\/wp-json\/wp\/v2\/types\/product"}],"version-history":[{"count":1,"href":"https:\/\/xinshengmanufacture.com\/vi\/wp-json\/wp\/v2\/product\/88527\/revisions"}],"predecessor-version":[{"id":88545,"href":"https:\/\/xinshengmanufacture.com\/vi\/wp-json\/wp\/v2\/product\/88527\/revisions\/88545"}],"wp:featuredmedia":[{"embeddable":true,"href":"https:\/\/xinshengmanufacture.com\/vi\/wp-json\/wp\/v2\/media\/88533"}],"wp:attachment":[{"href":"https:\/\/xinshengmanufacture.com\/vi\/wp-json\/wp\/v2\/media?parent=88527"}],"wp:term":[{"taxonomy":"product_brand","embeddable":true,"href":"https:\/\/xinshengmanufacture.com\/vi\/wp-json\/wp\/v2\/product_brand?post=88527"},{"taxonomy":"product_cat","embeddable":true,"href":"https:\/\/xinshengmanufacture.com\/vi\/wp-json\/wp\/v2\/product_cat?post=88527"},{"taxonomy":"product_tag","embeddable":true,"href":"https:\/\/xinshengmanufacture.com\/vi\/wp-json\/wp\/v2\/product_tag?post=88527"}],"curies":[{"name":"wp","href":"https:\/\/api.w.org\/{rel}","templated":true}]}}