{"id":88584,"date":"2026-03-25T09:31:57","date_gmt":"2026-03-25T09:31:57","guid":{"rendered":"https:\/\/xinshengmanufacture.com\/product\/giuong-lam-dep-nang-ha-dien-toi-gian-va-tien-dung-noi-that-salon-giuong-noi-mi-va-giuong-tri-lieu-spa-giuong-duoc-thiet-ke-theo-duong-cong-cong-thai-hoc-danh-cho-cham-soc-da-mat-nu-ban-ha\/"},"modified":"2026-03-25T10:36:55","modified_gmt":"2026-03-25T10:36:55","slug":"giuong-lam-dep-nang-ha-dien-toi-gian-va-tien-dung-noi-that-salon-giuong-noi-mi-va-giuong-tri-lieu-spa-giuong-duoc-thiet-ke-theo-duong-cong-cong-thai-hoc-danh-cho-cham-soc-da-mat-nu-ban-ha","status":"publish","type":"product","link":"https:\/\/xinshengmanufacture.com\/vi\/product\/giuong-lam-dep-nang-ha-dien-toi-gian-va-tien-dung-noi-that-salon-giuong-noi-mi-va-giuong-tri-lieu-spa-giuong-duoc-thiet-ke-theo-duong-cong-cong-thai-hoc-danh-cho-cham-soc-da-mat-nu-ban-ha\/","title":{"rendered":"Gi\u01b0\u1eddng l\u00e0m \u0111\u1eb9p n\u00e2ng h\u1ea1 \u0111i\u1ec7n t\u1ed1i gi\u1ea3n v\u00e0 ti\u1ec7n d\u1ee5ng \u2014 N\u1ed9i th\u1ea5t salon, gi\u01b0\u1eddng n\u1ed1i mi v\u00e0 gi\u01b0\u1eddng tr\u1ecb li\u1ec7u spa. Gi\u01b0\u1eddng \u0111\u01b0\u1ee3c thi\u1ebft k\u1ebf theo \u0111\u01b0\u1eddng cong c\u00f4ng th\u00e1i h\u1ecdc d\u00e0nh cho ch\u0103m s\u00f3c da m\u1eb7t n\u1eef. B\u00e1n h\u00e0ng tr\u1ef1c ti\u1ebfp t\u1eeb nh\u00e0 m\u00e1y; C\u00f3 c\u00e1c t\u00f9y ch\u1ecdn m\u00e0u s\u1eafc theo y\u00eau c\u1ea7u."},"content":{"rendered":"<p><img fetchpriority=\"high\" decoding=\"async\" class=\"size-full wp-image-87664 aligncenter\" src=\"https:\/\/xinshengmanufacture.com\/wp-content\/uploads\/2026\/01\/%E8%B6%85%E5%B7%A5%E5%AE%9A%E5%88%B6%E8%8B%B1%E6%96%87_011.jpg\" alt=\"\" width=\"1200\" height=\"1857\"><img decoding=\"async\" class=\"size-full wp-image-87665 aligncenter\" src=\"https:\/\/xinshengmanufacture.com\/wp-content\/uploads\/2026\/01\/%E8%B6%85%E5%B7%A5%E5%AE%9A%E5%88%B6%E8%8B%B1%E6%96%87_021.jpg\" alt=\"\" width=\"1200\" height=\"1054\"><img decoding=\"async\" class=\"size-full wp-image-87666 aligncenter\" src=\"https:\/\/xinshengmanufacture.com\/wp-content\/uploads\/2026\/01\/%E8%B6%85%E5%B7%A5%E5%AE%9A%E5%88%B6%E8%8B%B1%E6%96%87_031.jpg\" alt=\"\" width=\"1200\" height=\"1563\"><img loading=\"lazy\" decoding=\"async\" class=\"size-full wp-image-87667 aligncenter\" src=\"https:\/\/xinshengmanufacture.com\/wp-content\/uploads\/2026\/01\/%E8%B6%85%E5%B7%A5%E5%AE%9A%E5%88%B6%E8%8B%B1%E6%96%87_041.jpg\" alt=\"\" width=\"1200\" height=\"1755\"><img loading=\"lazy\" decoding=\"async\" class=\"size-full wp-image-87668 aligncenter\" src=\"https:\/\/xinshengmanufacture.com\/wp-content\/uploads\/2026\/01\/%E8%B6%85%E5%B7%A5%E5%AE%9A%E5%88%B6%E8%8B%B1%E6%96%87_051.jpg\" alt=\"\" width=\"1200\" height=\"2257\"><img loading=\"lazy\" decoding=\"async\" class=\"size-full wp-image-88571 aligncenter\" src=\"https:\/\/xinshengmanufacture.com\/wp-content\/uploads\/2026\/03\/%E6%9B%B2%E7%BA%BF%E5%BA%8A%E5%9B%BD%E5%A4%96_01.jpg\" alt=\"\" width=\"1200\" height=\"2090\"> <img loading=\"lazy\" decoding=\"async\" class=\"size-full wp-image-88572 aligncenter\" src=\"https:\/\/xinshengmanufacture.com\/wp-content\/uploads\/2026\/03\/%E6%9B%B2%E7%BA%BF%E5%BA%8A%E5%9B%BD%E5%A4%96_02.jpg\" alt=\"\" width=\"1200\" height=\"2163\"> <img loading=\"lazy\" decoding=\"async\" class=\"size-full wp-image-88573 aligncenter\" src=\"https:\/\/xinshengmanufacture.com\/wp-content\/uploads\/2026\/03\/%E6%9B%B2%E7%BA%BF%E5%BA%8A%E5%9B%BD%E5%A4%96_03.jpg\" alt=\"\" width=\"1200\" height=\"1456\"> <img loading=\"lazy\" decoding=\"async\" class=\"size-full wp-image-88574 aligncenter\" src=\"https:\/\/xinshengmanufacture.com\/wp-content\/uploads\/2026\/03\/%E6%9B%B2%E7%BA%BF%E5%BA%8A%E5%9B%BD%E5%A4%96_04.jpg\" alt=\"\" width=\"1200\" height=\"1473\"> <img loading=\"lazy\" decoding=\"async\" class=\"size-full wp-image-88575 aligncenter\" src=\"https:\/\/xinshengmanufacture.com\/wp-content\/uploads\/2026\/03\/%E6%9B%B2%E7%BA%BF%E5%BA%8A%E5%9B%BD%E5%A4%96_05.jpg\" alt=\"\" width=\"1200\" height=\"1670\"> <img loading=\"lazy\" decoding=\"async\" class=\"aligncenter wp-image-88576\" src=\"https:\/\/xinshengmanufacture.com\/wp-content\/uploads\/2026\/03\/%E6%9B%B2%E7%BA%BF%E5%BA%8A%E5%9B%BD%E5%A4%96_06.jpg\" alt=\"\" width=\"1200\" height=\"2912\"> <img loading=\"lazy\" decoding=\"async\" class=\"size-full wp-image-88577 aligncenter\" src=\"https:\/\/xinshengmanufacture.com\/wp-content\/uploads\/2026\/03\/%E6%9B%B2%E7%BA%BF%E5%BA%8A%E5%9B%BD%E5%A4%96_07.jpg\" alt=\"\" width=\"1200\" height=\"1950\"> <img loading=\"lazy\" decoding=\"async\" class=\"size-full wp-image-88578 aligncenter\" src=\"https:\/\/xinshengmanufacture.com\/wp-content\/uploads\/2026\/03\/%E6%9B%B2%E7%BA%BF%E5%BA%8A%E5%9B%BD%E5%A4%96_08.jpg\" alt=\"\" width=\"1200\" height=\"1995\"> <img loading=\"lazy\" decoding=\"async\" class=\"aligncenter wp-image-88579\" src=\"https:\/\/xinshengmanufacture.com\/wp-content\/uploads\/2026\/03\/%E6%9B%B2%E7%BA%BF%E5%BA%8A%E5%9B%BD%E5%A4%96_09.jpg\" alt=\"\" width=\"1200\" height=\"2887\"> <img loading=\"lazy\" decoding=\"async\" class=\"size-full wp-image-88580 aligncenter\" src=\"https:\/\/xinshengmanufacture.com\/wp-content\/uploads\/2026\/03\/%E6%9B%B2%E7%BA%BF%E5%BA%8A%E5%9B%BD%E5%A4%96_10.jpg\" alt=\"\" width=\"1200\" height=\"2430\"><\/p>\n","protected":false},"excerpt":{"rendered":"<p>Gi\u01b0\u1eddng l\u00e0m \u0111\u1eb9p cong h\u00ecnh ch\u1eef S ki\u1ec3u d\u00e1ng \u0111\u1eb9p v\u00e0 hi\u1ec7n \u0111\u1ea1i n\u00e0y l\u00fd t\u01b0\u1edfng \u0111\u1ec3 s\u1eed d\u1ee5ng trong c\u00e1c th\u1ea9m m\u1ef9 vi\u1ec7n, spa, trung t\u00e2m ch\u0103m s\u00f3c da v\u00e0 c\u00e1c c\u01a1 s\u1edf t\u01b0\u01a1ng t\u1ef1. S\u1ea3n ph\u1ea9m \u0111\u01b0\u1ee3c b\u00e1n tr\u1ef1c ti\u1ebfp t\u1eeb nh\u00e0 m\u00e1y v\u1edbi gi\u00e1 b\u00e1n bu\u00f4n \u2013 ngay c\u1ea3 \u0111\u1ed1i v\u1edbi \u0111\u01a1n \u0111\u1eb7t h\u00e0ng m\u1ed9t chi\u1ebfc. H\u1ed7 tr\u1ee3 m\u00e0u s\u1eafc t\u00f9y ch\u1ec9nh. <\/p>\n","protected":false},"featured_media":88601,"template":"","meta":{"_bst_post_transparent":"","_bst_post_title":"","_bst_post_layout":"","_bst_post_sidebar_id":"","_bst_post_content_style":"","_bst_post_vertical_padding":"","_bst_post_feature":"","_bst_post_feature_position":"","_bst_post_header":false,"_bst_post_footer":false},"product_brand":[],"product_cat":[819],"product_tag":[],"class_list":{"0":"post-88584","1":"product","2":"type-product","3":"status-publish","4":"has-post-thumbnail","6":"product_cat-giuong-lam-dep","7":"pa_color-mau-sac-tuy-chinh","8":"pa_color-trang","9":"pa_size-1867061cm","11":"first","12":"instock","13":"sale","14":"shipping-taxable","15":"purchasable","16":"product-type-variable","17":"entry","18":"content-bg","19":"loop-entry"},"_links":{"self":[{"href":"https:\/\/xinshengmanufacture.com\/vi\/wp-json\/wp\/v2\/product\/88584","targetHints":{"allow":["GET"]}}],"collection":[{"href":"https:\/\/xinshengmanufacture.com\/vi\/wp-json\/wp\/v2\/product"}],"about":[{"href":"https:\/\/xinshengmanufacture.com\/vi\/wp-json\/wp\/v2\/types\/product"}],"version-history":[{"count":1,"href":"https:\/\/xinshengmanufacture.com\/vi\/wp-json\/wp\/v2\/product\/88584\/revisions"}],"predecessor-version":[{"id":88683,"href":"https:\/\/xinshengmanufacture.com\/vi\/wp-json\/wp\/v2\/product\/88584\/revisions\/88683"}],"wp:featuredmedia":[{"embeddable":true,"href":"https:\/\/xinshengmanufacture.com\/vi\/wp-json\/wp\/v2\/media\/88601"}],"wp:attachment":[{"href":"https:\/\/xinshengmanufacture.com\/vi\/wp-json\/wp\/v2\/media?parent=88584"}],"wp:term":[{"taxonomy":"product_brand","embeddable":true,"href":"https:\/\/xinshengmanufacture.com\/vi\/wp-json\/wp\/v2\/product_brand?post=88584"},{"taxonomy":"product_cat","embeddable":true,"href":"https:\/\/xinshengmanufacture.com\/vi\/wp-json\/wp\/v2\/product_cat?post=88584"},{"taxonomy":"product_tag","embeddable":true,"href":"https:\/\/xinshengmanufacture.com\/vi\/wp-json\/wp\/v2\/product_tag?post=88584"}],"curies":[{"name":"wp","href":"https:\/\/api.w.org\/{rel}","templated":true}]}}