{"id":88745,"date":"2026-03-27T09:14:49","date_gmt":"2026-03-27T09:14:49","guid":{"rendered":"https:\/\/xinshengmanufacture.com\/product\/ghe-lam-mong-chan-kieu-sofa-noi-that-salon-ghe-spa-lam-mong-chan-di-dong-khong-duong-ong-danh-cho-cac-salon-lam-mong-trung-tam-cham-soc-chan-ghe-sofa-dien-voi-nhieu-mau-sac-tuy\/"},"modified":"2026-03-28T01:20:02","modified_gmt":"2026-03-28T01:20:02","slug":"ghe-lam-mong-chan-kieu-sofa-noi-that-salon-ghe-spa-lam-mong-chan-di-dong-khong-duong-ong-danh-cho-cac-salon-lam-mong-trung-tam-cham-soc-chan-ghe-sofa-dien-voi-nhieu-mau-sac-tuy","status":"publish","type":"product","link":"https:\/\/xinshengmanufacture.com\/vi\/product\/ghe-lam-mong-chan-kieu-sofa-noi-that-salon-ghe-spa-lam-mong-chan-di-dong-khong-duong-ong-danh-cho-cac-salon-lam-mong-trung-tam-cham-soc-chan-ghe-sofa-dien-voi-nhieu-mau-sac-tuy\/","title":{"rendered":"Gh\u1ebf l\u00e0m m\u00f3ng ch\u00e2n ki\u1ec3u sofa &amp; N\u1ed9i th\u1ea5t salon \u2014 Gh\u1ebf spa l\u00e0m m\u00f3ng ch\u00e2n di \u0111\u1ed9ng, kh\u00f4ng \u0111\u01b0\u1eddng \u1ed1ng d\u00e0nh cho c\u00e1c salon l\u00e0m m\u00f3ng &amp; trung t\u00e2m ch\u0103m s\u00f3c ch\u00e2n. Gh\u1ebf sofa \u0111i\u1ec7n v\u1edbi nhi\u1ec1u m\u00e0u s\u1eafc t\u00f9y ch\u1ecdn \u2014 B\u00e1n h\u00e0ng tr\u1ef1c ti\u1ebfp t\u1eeb nh\u00e0 m\u00e1y."},"content":{"rendered":"<p><img fetchpriority=\"high\" decoding=\"async\" class=\"size-full wp-image-87664 aligncenter\" src=\"https:\/\/xinshengmanufacture.com\/wp-content\/uploads\/2026\/01\/%E8%B6%85%E5%B7%A5%E5%AE%9A%E5%88%B6%E8%8B%B1%E6%96%87_011.jpg\" alt=\"\" width=\"1200\" height=\"1857\"><img decoding=\"async\" class=\"size-full wp-image-87665 aligncenter\" src=\"https:\/\/xinshengmanufacture.com\/wp-content\/uploads\/2026\/01\/%E8%B6%85%E5%B7%A5%E5%AE%9A%E5%88%B6%E8%8B%B1%E6%96%87_021.jpg\" alt=\"\" width=\"1200\" height=\"1054\"><img decoding=\"async\" class=\"size-full wp-image-87666 aligncenter\" src=\"https:\/\/xinshengmanufacture.com\/wp-content\/uploads\/2026\/01\/%E8%B6%85%E5%B7%A5%E5%AE%9A%E5%88%B6%E8%8B%B1%E6%96%87_031.jpg\" alt=\"\" width=\"1200\" height=\"1563\"><img loading=\"lazy\" decoding=\"async\" class=\"size-full wp-image-87667 aligncenter\" src=\"https:\/\/xinshengmanufacture.com\/wp-content\/uploads\/2026\/01\/%E8%B6%85%E5%B7%A5%E5%AE%9A%E5%88%B6%E8%8B%B1%E6%96%87_041.jpg\" alt=\"\" width=\"1200\" height=\"1755\"><img loading=\"lazy\" decoding=\"async\" class=\"size-full wp-image-87668 aligncenter\" src=\"https:\/\/xinshengmanufacture.com\/wp-content\/uploads\/2026\/01\/%E8%B6%85%E5%B7%A5%E5%AE%9A%E5%88%B6%E8%8B%B1%E6%96%87_051.jpg\" alt=\"\" width=\"1200\" height=\"2257\"><img loading=\"lazy\" decoding=\"async\" class=\"size-full wp-image-88722 aligncenter\" src=\"https:\/\/xinshengmanufacture.com\/wp-content\/uploads\/2026\/03\/%E5%9B%BD%E5%A4%96-%E6%8B%B7%E8%B4%9D_01.jpg\" alt=\"\" width=\"1200\" height=\"2043\"> <img loading=\"lazy\" decoding=\"async\" class=\"size-full wp-image-88723 aligncenter\" src=\"https:\/\/xinshengmanufacture.com\/wp-content\/uploads\/2026\/03\/%E5%9B%BD%E5%A4%96-%E6%8B%B7%E8%B4%9D_02.jpg\" alt=\"\" width=\"1200\" height=\"2020\"><br \/>\n<img loading=\"lazy\" decoding=\"async\" class=\"size-full wp-image-88725 aligncenter\" src=\"https:\/\/xinshengmanufacture.com\/wp-content\/uploads\/2026\/03\/%E5%9B%BD%E5%A4%96-%E6%8B%B7%E8%B4%9D_04.jpg\" alt=\"\" width=\"1200\" height=\"1836\"> <img loading=\"lazy\" decoding=\"async\" class=\"aligncenter wp-image-88726\" src=\"https:\/\/xinshengmanufacture.com\/wp-content\/uploads\/2026\/03\/%E5%9B%BD%E5%A4%96-%E6%8B%B7%E8%B4%9D_05.jpg\" alt=\"\" width=\"1200\" height=\"3354\"><img loading=\"lazy\" decoding=\"async\" class=\"aligncenter wp-image-88728\" src=\"https:\/\/xinshengmanufacture.com\/wp-content\/uploads\/2026\/03\/%E5%9B%BD%E5%A4%96-%E6%8B%B7%E8%B4%9D_07.jpg\" alt=\"\" width=\"1200\" height=\"2711\"> <img loading=\"lazy\" decoding=\"async\" class=\"size-full wp-image-88729 aligncenter\" src=\"https:\/\/xinshengmanufacture.com\/wp-content\/uploads\/2026\/03\/%E5%9B%BD%E5%A4%96-%E6%8B%B7%E8%B4%9D_08.jpg\" alt=\"\" width=\"1200\" height=\"2085\"> <img loading=\"lazy\" decoding=\"async\" class=\"size-full wp-image-88730 aligncenter\" src=\"https:\/\/xinshengmanufacture.com\/wp-content\/uploads\/2026\/03\/%E5%9B%BD%E5%A4%96-%E6%8B%B7%E8%B4%9D_09.jpg\" alt=\"\" width=\"1200\" height=\"2024\"> <img loading=\"lazy\" decoding=\"async\" class=\"size-full wp-image-88731 aligncenter\" src=\"https:\/\/xinshengmanufacture.com\/wp-content\/uploads\/2026\/03\/%E5%9B%BD%E5%A4%96-%E6%8B%B7%E8%B4%9D_10.jpg\" alt=\"\" width=\"1200\" height=\"2081\"> <img loading=\"lazy\" decoding=\"async\" class=\"size-full wp-image-88732 aligncenter\" src=\"https:\/\/xinshengmanufacture.com\/wp-content\/uploads\/2026\/03\/%E5%9B%BD%E5%A4%96-%E6%8B%B7%E8%B4%9D_11.jpg\" alt=\"\" width=\"1200\" height=\"2531\"> <img loading=\"lazy\" decoding=\"async\" class=\"aligncenter wp-image-88733\" src=\"https:\/\/xinshengmanufacture.com\/wp-content\/uploads\/2026\/03\/%E5%9B%BD%E5%A4%96-%E6%8B%B7%E8%B4%9D_12.jpg\" alt=\"\" width=\"1200\" height=\"2839\"> <img loading=\"lazy\" decoding=\"async\" class=\"size-full wp-image-88734 aligncenter\" src=\"https:\/\/xinshengmanufacture.com\/wp-content\/uploads\/2026\/03\/%E5%9B%BD%E5%A4%96-%E6%8B%B7%E8%B4%9D_13.jpg\" alt=\"\" width=\"1200\" height=\"2434\"><\/p>\n","protected":false},"excerpt":{"rendered":"<p>Gh\u1ebf l\u00e0m m\u00f3ng ch\u00e2n ki\u1ec3u sofa kh\u00f4ng \u0111\u01b0\u1eddng \u1ed1ng n\u00e0y th\u00edch h\u1ee3p s\u1eed d\u1ee5ng trong c\u00e1c ti\u1ec7m l\u00e0m m\u00f3ng, spa, th\u1ea9m m\u1ef9 vi\u1ec7n, trung t\u00e2m massage ch\u00e2n v\u00e0 c\u00e1c c\u01a1 s\u1edf t\u01b0\u01a1ng t\u1ef1. S\u1ea3n ph\u1ea9m h\u1ed7 tr\u1ee3 t\u00f9y ch\u1ecdn m\u00e0u s\u1eafc theo y\u00eau c\u1ea7u, v\u00e0 th\u1eadm ch\u00ed c\u1ea3 \u0111\u01a1n \u0111\u1eb7t h\u00e0ng l\u1ebb c\u0169ng \u0111\u01b0\u1ee3c cung c\u1ea5p v\u1edbi gi\u00e1 tr\u1ef1c ti\u1ebfp t\u1eeb nh\u00e0 m\u00e1y. <\/p>\n","protected":false},"featured_media":88768,"template":"","meta":{"_bst_post_transparent":"","_bst_post_title":"","_bst_post_layout":"","_bst_post_sidebar_id":"","_bst_post_content_style":"","_bst_post_vertical_padding":"","_bst_post_feature":"","_bst_post_feature_position":"","_bst_post_header":false,"_bst_post_footer":false},"product_brand":[],"product_cat":[897],"product_tag":[],"class_list":{"0":"post-88745","1":"product","2":"type-product","3":"status-publish","4":"has-post-thumbnail","6":"product_cat-ghe-ngam-chan-lam-mong-chan","7":"pa_color-mau-sac-tuy-chinh","8":"pa_color-xanh-dam","9":"pa_size-9092124cm","11":"first","12":"instock","13":"sale","14":"shipping-taxable","15":"purchasable","16":"product-type-variable","17":"entry","18":"content-bg","19":"loop-entry"},"_links":{"self":[{"href":"https:\/\/xinshengmanufacture.com\/vi\/wp-json\/wp\/v2\/product\/88745","targetHints":{"allow":["GET"]}}],"collection":[{"href":"https:\/\/xinshengmanufacture.com\/vi\/wp-json\/wp\/v2\/product"}],"about":[{"href":"https:\/\/xinshengmanufacture.com\/vi\/wp-json\/wp\/v2\/types\/product"}],"version-history":[{"count":1,"href":"https:\/\/xinshengmanufacture.com\/vi\/wp-json\/wp\/v2\/product\/88745\/revisions"}],"predecessor-version":[{"id":88971,"href":"https:\/\/xinshengmanufacture.com\/vi\/wp-json\/wp\/v2\/product\/88745\/revisions\/88971"}],"wp:featuredmedia":[{"embeddable":true,"href":"https:\/\/xinshengmanufacture.com\/vi\/wp-json\/wp\/v2\/media\/88768"}],"wp:attachment":[{"href":"https:\/\/xinshengmanufacture.com\/vi\/wp-json\/wp\/v2\/media?parent=88745"}],"wp:term":[{"taxonomy":"product_brand","embeddable":true,"href":"https:\/\/xinshengmanufacture.com\/vi\/wp-json\/wp\/v2\/product_brand?post=88745"},{"taxonomy":"product_cat","embeddable":true,"href":"https:\/\/xinshengmanufacture.com\/vi\/wp-json\/wp\/v2\/product_cat?post=88745"},{"taxonomy":"product_tag","embeddable":true,"href":"https:\/\/xinshengmanufacture.com\/vi\/wp-json\/wp\/v2\/product_tag?post=88745"}],"curies":[{"name":"wp","href":"https:\/\/api.w.org\/{rel}","templated":true}]}}