{"id":88773,"date":"2026-03-27T08:20:21","date_gmt":"2026-03-27T08:20:21","guid":{"rendered":"https:\/\/xinshengmanufacture.com\/product\/ghe-lam-mong-chan-kieu-sofa-khong-can-duong-ong-nuoc-nha-san-xuat-noi-that-salon-ly-tuong-cho-cac-salon-lam-mong-va-spa-ghe-lam-mong-chan-ngam-chan-di-dong-khong-can-ket-noi-duong-ong-nuoc\/"},"modified":"2026-03-27T08:20:21","modified_gmt":"2026-03-27T08:20:21","slug":"ghe-lam-mong-chan-kieu-sofa-khong-can-duong-ong-nuoc-nha-san-xuat-noi-that-salon-ly-tuong-cho-cac-salon-lam-mong-va-spa-ghe-lam-mong-chan-ngam-chan-di-dong-khong-can-ket-noi-duong-ong-nuoc","status":"publish","type":"product","link":"https:\/\/xinshengmanufacture.com\/vi\/product\/ghe-lam-mong-chan-kieu-sofa-khong-can-duong-ong-nuoc-nha-san-xuat-noi-that-salon-ly-tuong-cho-cac-salon-lam-mong-va-spa-ghe-lam-mong-chan-ngam-chan-di-dong-khong-can-ket-noi-duong-ong-nuoc\/","title":{"rendered":"Gh\u1ebf l\u00e0m m\u00f3ng ch\u00e2n ki\u1ec3u sofa kh\u00f4ng c\u1ea7n \u0111\u01b0\u1eddng \u1ed1ng n\u01b0\u1edbc \u2014 Nh\u00e0 s\u1ea3n xu\u1ea5t n\u1ed9i th\u1ea5t salon. L\u00fd t\u01b0\u1edfng cho c\u00e1c salon l\u00e0m m\u00f3ng v\u00e0 spa: Gh\u1ebf l\u00e0m m\u00f3ng ch\u00e2n\/ng\u00e2m ch\u00e2n di \u0111\u1ed9ng kh\u00f4ng c\u1ea7n k\u1ebft n\u1ed1i \u0111\u01b0\u1eddng \u1ed1ng n\u01b0\u1edbc. B\u00e1n h\u00e0ng tr\u1ef1c ti\u1ebfp t\u1eeb nh\u00e0 m\u00e1y v\u1edbi c\u00e1c t\u00f9y ch\u1ecdn m\u00e0u s\u1eafc theo y\u00eau c\u1ea7u."},"content":{"rendered":"<p><img fetchpriority=\"high\" decoding=\"async\" class=\"size-full wp-image-87664 aligncenter\" src=\"https:\/\/xinshengmanufacture.com\/wp-content\/uploads\/2026\/01\/%E8%B6%85%E5%B7%A5%E5%AE%9A%E5%88%B6%E8%8B%B1%E6%96%87_011.jpg\" alt=\"\" width=\"1200\" height=\"1857\"><img decoding=\"async\" class=\"size-full wp-image-87665 aligncenter\" src=\"https:\/\/xinshengmanufacture.com\/wp-content\/uploads\/2026\/01\/%E8%B6%85%E5%B7%A5%E5%AE%9A%E5%88%B6%E8%8B%B1%E6%96%87_021.jpg\" alt=\"\" width=\"1200\" height=\"1054\"><img decoding=\"async\" class=\"size-full wp-image-87666 aligncenter\" src=\"https:\/\/xinshengmanufacture.com\/wp-content\/uploads\/2026\/01\/%E8%B6%85%E5%B7%A5%E5%AE%9A%E5%88%B6%E8%8B%B1%E6%96%87_031.jpg\" alt=\"\" width=\"1200\" height=\"1563\"><img loading=\"lazy\" decoding=\"async\" class=\"size-full wp-image-87667 aligncenter\" src=\"https:\/\/xinshengmanufacture.com\/wp-content\/uploads\/2026\/01\/%E8%B6%85%E5%B7%A5%E5%AE%9A%E5%88%B6%E8%8B%B1%E6%96%87_041.jpg\" alt=\"\" width=\"1200\" height=\"1755\"><img loading=\"lazy\" decoding=\"async\" class=\"size-full wp-image-87668 aligncenter\" src=\"https:\/\/xinshengmanufacture.com\/wp-content\/uploads\/2026\/01\/%E8%B6%85%E5%B7%A5%E5%AE%9A%E5%88%B6%E8%8B%B1%E6%96%87_051.jpg\" alt=\"\" width=\"1200\" height=\"2257\"><img loading=\"lazy\" decoding=\"async\" class=\"aligncenter wp-image-88701\" src=\"https:\/\/xinshengmanufacture.com\/wp-content\/uploads\/2026\/03\/%E8%AF%A6%E6%83%85%E5%9B%BE01-%E6%8B%B7%E8%B4%9D_01.jpg\" alt=\"\" width=\"1200\" height=\"48\"> <img loading=\"lazy\" decoding=\"async\" class=\"aligncenter wp-image-88702\" src=\"https:\/\/xinshengmanufacture.com\/wp-content\/uploads\/2026\/03\/%E8%AF%A6%E6%83%85%E5%9B%BE01-%E6%8B%B7%E8%B4%9D_02.jpg\" alt=\"\" width=\"1200\" height=\"1790\"> <img loading=\"lazy\" decoding=\"async\" class=\"aligncenter wp-image-88703\" src=\"https:\/\/xinshengmanufacture.com\/wp-content\/uploads\/2026\/03\/%E8%AF%A6%E6%83%85%E5%9B%BE01-%E6%8B%B7%E8%B4%9D_03.jpg\" alt=\"\" width=\"1200\" height=\"1584\"> <img loading=\"lazy\" decoding=\"async\" class=\"aligncenter wp-image-88704\" src=\"https:\/\/xinshengmanufacture.com\/wp-content\/uploads\/2026\/03\/%E8%AF%A6%E6%83%85%E5%9B%BE01-%E6%8B%B7%E8%B4%9D_04.jpg\" alt=\"\" width=\"1200\" height=\"2014\"> <img loading=\"lazy\" decoding=\"async\" class=\"aligncenter wp-image-88705\" src=\"https:\/\/xinshengmanufacture.com\/wp-content\/uploads\/2026\/03\/%E8%AF%A6%E6%83%85%E5%9B%BE01-%E6%8B%B7%E8%B4%9D_05.jpg\" alt=\"\" width=\"1200\" height=\"1989\"> <img loading=\"lazy\" decoding=\"async\" class=\"aligncenter wp-image-88706\" src=\"https:\/\/xinshengmanufacture.com\/wp-content\/uploads\/2026\/03\/%E8%AF%A6%E6%83%85%E5%9B%BE01-%E6%8B%B7%E8%B4%9D_06.jpg\" alt=\"\" width=\"1200\" height=\"1870\"> <img loading=\"lazy\" decoding=\"async\" class=\"aligncenter wp-image-88707\" src=\"https:\/\/xinshengmanufacture.com\/wp-content\/uploads\/2026\/03\/%E8%AF%A6%E6%83%85%E5%9B%BE01-%E6%8B%B7%E8%B4%9D_07.jpg\" alt=\"\" width=\"1200\" height=\"4778\"> <img loading=\"lazy\" decoding=\"async\" class=\"aligncenter wp-image-88708\" src=\"https:\/\/xinshengmanufacture.com\/wp-content\/uploads\/2026\/03\/%E8%AF%A6%E6%83%85%E5%9B%BE01-%E6%8B%B7%E8%B4%9D_08.jpg\" alt=\"\" width=\"1200\" height=\"1787\"> <img loading=\"lazy\" decoding=\"async\" class=\"aligncenter wp-image-88709\" src=\"https:\/\/xinshengmanufacture.com\/wp-content\/uploads\/2026\/03\/%E8%AF%A6%E6%83%85%E5%9B%BE01-%E6%8B%B7%E8%B4%9D_09.jpg\" alt=\"\" width=\"1200\" height=\"1813\"> <img loading=\"lazy\" decoding=\"async\" class=\"aligncenter wp-image-88710\" src=\"https:\/\/xinshengmanufacture.com\/wp-content\/uploads\/2026\/03\/%E8%AF%A6%E6%83%85%E5%9B%BE01-%E6%8B%B7%E8%B4%9D_10.jpg\" alt=\"\" width=\"1200\" height=\"2238\"> <img loading=\"lazy\" decoding=\"async\" class=\"aligncenter wp-image-88711\" src=\"https:\/\/xinshengmanufacture.com\/wp-content\/uploads\/2026\/03\/%E8%AF%A6%E6%83%85%E5%9B%BE01-%E6%8B%B7%E8%B4%9D_11.jpg\" alt=\"\" width=\"1200\" height=\"1710\"><\/p>\n","protected":false},"excerpt":{"rendered":"<p>Gh\u1ebf l\u00e0m m\u00f3ng ch\u00e2n ki\u1ec3u sofa kh\u00f4ng \u0111\u01b0\u1eddng \u1ed1ng n\u00e0y th\u00edch h\u1ee3p s\u1eed d\u1ee5ng trong c\u00e1c ti\u1ec7m l\u00e0m m\u00f3ng, spa, th\u1ea9m m\u1ef9 vi\u1ec7n, trung t\u00e2m massage ch\u00e2n v\u00e0 c\u00e1c c\u01a1 s\u1edf t\u01b0\u01a1ng t\u1ef1. S\u1ea3n ph\u1ea9m h\u1ed7 tr\u1ee3 t\u00f9y ch\u1ecdn m\u00e0u s\u1eafc theo y\u00eau c\u1ea7u, v\u00e0 th\u1eadm ch\u00ed c\u1ea3 \u0111\u01a1n \u0111\u1eb7t h\u00e0ng l\u1ebb c\u0169ng \u0111\u01b0\u1ee3c cung c\u1ea5p v\u1edbi gi\u00e1 tr\u1ef1c ti\u1ebfp t\u1eeb nh\u00e0 m\u00e1y. <\/p>\n","protected":false},"featured_media":88780,"template":"","meta":{"_bst_post_transparent":"","_bst_post_title":"","_bst_post_layout":"","_bst_post_sidebar_id":"","_bst_post_content_style":"","_bst_post_vertical_padding":"","_bst_post_feature":"","_bst_post_feature_position":"","_bst_post_header":false,"_bst_post_footer":false},"product_brand":[],"product_cat":[897],"product_tag":[],"class_list":{"0":"post-88773","1":"product","2":"type-product","3":"status-publish","4":"has-post-thumbnail","6":"product_cat-ghe-ngam-chan-lam-mong-chan","7":"pa_color-mau-sac-tuy-chinh","8":"pa_color-qua-mo","9":"pa_size-9092124cm","11":"first","12":"instock","13":"sale","14":"shipping-taxable","15":"purchasable","16":"product-type-variable","17":"entry","18":"content-bg","19":"loop-entry"},"_links":{"self":[{"href":"https:\/\/xinshengmanufacture.com\/vi\/wp-json\/wp\/v2\/product\/88773","targetHints":{"allow":["GET"]}}],"collection":[{"href":"https:\/\/xinshengmanufacture.com\/vi\/wp-json\/wp\/v2\/product"}],"about":[{"href":"https:\/\/xinshengmanufacture.com\/vi\/wp-json\/wp\/v2\/types\/product"}],"version-history":[{"count":0,"href":"https:\/\/xinshengmanufacture.com\/vi\/wp-json\/wp\/v2\/product\/88773\/revisions"}],"wp:featuredmedia":[{"embeddable":true,"href":"https:\/\/xinshengmanufacture.com\/vi\/wp-json\/wp\/v2\/media\/88780"}],"wp:attachment":[{"href":"https:\/\/xinshengmanufacture.com\/vi\/wp-json\/wp\/v2\/media?parent=88773"}],"wp:term":[{"taxonomy":"product_brand","embeddable":true,"href":"https:\/\/xinshengmanufacture.com\/vi\/wp-json\/wp\/v2\/product_brand?post=88773"},{"taxonomy":"product_cat","embeddable":true,"href":"https:\/\/xinshengmanufacture.com\/vi\/wp-json\/wp\/v2\/product_cat?post=88773"},{"taxonomy":"product_tag","embeddable":true,"href":"https:\/\/xinshengmanufacture.com\/vi\/wp-json\/wp\/v2\/product_tag?post=88773"}],"curies":[{"name":"wp","href":"https:\/\/api.w.org\/{rel}","templated":true}]}}